{"id":777,"date":"2017-01-03T10:30:15","date_gmt":"2017-01-03T09:30:15","guid":{"rendered":"https:\/\/stjosefs.wp2.go2people.nl\/fr\/?page_id=777"},"modified":"2021-09-20T11:58:15","modified_gmt":"2021-09-20T09:58:15","slug":"faq","status":"publish","type":"page","link":"https:\/\/stjosefs.wpdev.go2people.nl\/fr\/contact\/faq\/","title":{"rendered":"FAQ"},"content":{"rendered":"<h2>Que signifie SCJ?<\/h2>\n<p>SCJ signifie Sacr\u00e9 C\u0153ur de J\u00e9sus, c\u2019est la congr\u00e9gation \u00e0 laquelle le p\u00e8re Gregory Schill appartient.<\/p>\n<h2>Quelle est la mission de l\u2019\u00c9cole indienne Saint Joseph du Dakota?<\/h2>\n<p>Depuis 1927, l\u2019\u00c9cole indienne St Joseph du Dakota accueille et \u00e9duque des enfants am\u00e9rindiens. Sa mission est de r\u00e9pondre aux besoins \u00e9l\u00e9mentaires de ses petits pensionnaires (les nourrir, les v\u00eatir et leur offrir des soins m\u00e9dicaux) en mettant l\u2019accent sur l\u2019\u00e9panouissement spirituel, psychologique et scolaire de chacun d\u2019entre eux, dans le respect de leur culture et de leur h\u00e9ritage. Actuellement, devant les nouvelles difficult\u00e9s auxquelles sont confront\u00e9s les Am\u00e9rindiens, la vocation et les activit\u00e9s de l\u2019\u00c9cole indienne St Joseph du Dakota s\u2019\u00e9tendent au-del\u00e0 du campus pour se tourner vers d\u2019autres enfants am\u00e9rindiens, ainsi que vers les adultes, sur trois r\u00e9serves.<\/p>\n<h2>L\u2019\u00c9cole indienne St Joseph du Dakota est-elle une organisation accr\u00e9dit\u00e9e?<\/h2>\n<p>Oui. Les accr\u00e9ditations de l&rsquo;\u00e9cole proviennent notamment des organismes ci-dessous :<\/p>\n<ul>\n<li>Council on Accreditation of Services for Families and Children (Conseil d\u2019accr\u00e9ditation des services destin\u00e9s \u00e0 la famille et \u00e0 l\u2019enfance),<\/li>\n<li>South Dakota Department of Education (D\u00e9partement de l\u2019\u00e9ducation du Dakota du Sud),<\/li>\n<li>Coalition for Residential Educators (Coalition d\u2019\u00e9ducateurs r\u00e9sidents), dont l&rsquo;\u00e9cole est membre.<\/li>\n<\/ul>\n<h2>L\u2019\u00c9cole indienne St Joseph du Dakota appartient-elle \u00e0 l\u2019\u00c9glise catholique?<\/h2>\n<p>Oui. L\u2019\u00c9cole indienne St Joseph du Dakota appartient \u00e0 la Congr\u00e9gation des pr\u00eatres du Sacr\u00e9-C\u0153ur de J\u00e9sus, qui en assure la gestion.<\/p>\n<h2>Qui dirige l\u2019\u00c9cole indienne St Joseph du Dakota?<\/h2>\n<p>Depuis 2014, la gestion de l&rsquo;\u00e9cole est assur\u00e9e par le directeur Mike Tyrell, qui est \u00e9galement membre du conseil d&rsquo;administration de l&rsquo;\u00c9cole indienne St Joseph du Dakota.<\/p>\n<h2>Comment s\u2019occupe-t-on des enfants \u00e0 l\u2019\u00c9cole indienne St Joseph du Dakota?<\/h2>\n<p>Au d\u00e9but, l\u2019\u00c9cole indienne St Joseph du Dakota \u00e9tait un pensionnat, comme toutes les autres \u00e9coles pour enfants am\u00e9rindiens. Depuis 1982, les enfants sont log\u00e9s dans des unit\u00e9s de vie familiales qui leur offrent l\u2019environnement d\u2019un foyer stable. Ces 20 unit\u00e9s peuvent accueillir jusqu\u2019\u00e0 12 ou 13 enfants chacune. Des adultes r\u00e9f\u00e9rents, form\u00e9s \u00e0 l\u2019aide \u00e0 l\u2019enfance, veillent \u00e0 l\u2019int\u00e9gration sociale et au d\u00e9veloppement des capacit\u00e9s de chaque pensionnaire, tout en r\u00e9pondant au mieux \u00e0 ses besoins mat\u00e9riels, psychologiques et spirituels. La formation continue du personnel fait partie int\u00e9grante des programmes de l&rsquo;\u00e9cole. Chaque intervenant aupr\u00e8s des enfants est r\u00e9guli\u00e8rement \u00e9valu\u00e9 afin de s\u2019assurer que les enfants b\u00e9n\u00e9ficient des meilleurs soins.<\/p>\n<h2>Combien d\u2019enfants lakota sont h\u00e9berg\u00e9s dans les unit\u00e9s de vie familiale ?<\/h2>\n<p>Environ 200 enfants sont accueillis, soit 12 \u00e0 13 par foyer. Toutes les unit\u00e9s de vie familiales sont situ\u00e9es sur le campus de Chamberlain, dans le Dakota du Sud.<\/p>\n<h2>Comment l\u2019\u00c9cole indienne St Joseph du Dakota pr\u00e9serve-t-elle l\u2019h\u00e9ritage culturel de ces enfants sioux lakota?<\/h2>\n<p>L\u2019h\u00e9ritage de ces enfants am\u00e9rindiens est valoris\u00e9 \u00e0 travers:<\/p>\n<ul>\n<li>un programme d&rsquo;\u00e9tudes am\u00e9rindiennes, qui sont centr\u00e9es sur la langue, la culture et les traditions sioux lakota,<\/li>\n<li>un club de danse traditionnelle, qui enseigne les danses et chants traditionnels am\u00e9rindiens et contribue \u00e0 l\u2019\u00e9panouissement de soi<\/li>\n<li>le Powwow (f\u00eate traditionnelle am\u00e9rindienne) qui est organis\u00e9 chaque ann\u00e9e sur le campus,<\/li>\n<li>le mus\u00e9e et centre culturel Akta Lakota,<\/li>\n<li>la pr\u00e9sence dans l\u2019\u00e9quipe enseignante d\u2019un sp\u00e9cialiste de la culture lakota,<\/li>\n<li>les avis et conseils donn\u00e9s par des a\u00een\u00e9s lakota.<\/li>\n<\/ul>\n<h2>Quels sont les crit\u00e8res d&rsquo;admission \u00e0 l\u2019\u00c9cole indienne St Joseph du Dakota?<\/h2>\n<p>Un conseiller du service aux familles re\u00e7oit en entretien chaque enfant et sa famille afin de d\u00e9terminer son niveau scolaire et ses capacit\u00e9s d\u2019adaptation. Les enfants sont admis sur crit\u00e8res sociaux et en fonction de leur besoin d\u2019une place en internat, en accord avec les parents ou le tuteur l\u00e9gal.<\/p>\n<h2>Y a-t-il des enfants refus\u00e9s \u00e0 l\u2019\u00c9cole indienne St Joseph du Dakota?<\/h2>\n<p>Malheureusement, l&rsquo;\u00e9cole ne peut recevoir les enfants n\u00e9cessitant un accompagnement sup\u00e9rieur \u00e0 ce qu&rsquo;elle est en mesure d\u2019offrir. \u00c0 titre indicatif, le ratio moyen est d\u2019un adulte pour six enfants.<\/p>\n<h2>Existe-t-il une liste d\u2019attente pour l\u2019\u00c9cole indienne St Joseph du Dakota?<\/h2>\n<p>Oui. Elle fonctionne en permanence, afin que chaque place lib\u00e9r\u00e9e soit rapidement attribu\u00e9e. En moyenne, elle comprend en permanence plus de 120 enfants.<\/p>\n<h2>Quel \u00e2ge ont les enfants lors de leur admission?<\/h2>\n<p>Les plus jeunes pensionnaires ont six ans et sont en CP. L&rsquo;\u00e9cole dispense un enseignement aux enfants du primaire et du coll\u00e8ge, sur le campus. Ensuite, les enfants vont au lyc\u00e9e public de Chamberlain.<\/p>\n<h2>Qui sont les responsables l\u00e9gaux de ces enfants?<\/h2>\n<p>La personne qui inscrit l\u2019enfant \u00e0 l&rsquo;\u00e9cole est son responsable l\u00e9gal: les parents, la famille, le tuteur ou l\u2019institution d\u00e9sign\u00e9e par un tribunal. Certains enfants sont plac\u00e9s \u00e0 l\u2019\u00c9cole indienne St Joseph du Dakota par d\u00e9cision de justice.<\/p>\n<h2>Les \u00e9l\u00e8ves ont-ils des correspondants?<\/h2>\n<p>Oui, mais c&rsquo;est une activit\u00e9 qui se d\u00e9roule en classe de mani\u00e8re sp\u00e9cifique. Pour l\u2019instant, les pensionnaires ne peuvent pas assurer une correspondance sur le long terme.<\/p>\n<h2>Quels sont les programmes d\u2019action sociale de l\u2019\u00c9cole indienne St Joseph du Dakota?<\/h2>\n<p>Outre l&rsquo;h\u00e9bergement et l\u2019instruction des enfants sioux lakota d\u00e9favoris\u00e9s, l&rsquo;\u00e9cole a de nombreuses autres missions. Elle :<\/p>\n<ul>\n<li>soutient des projets dans trois r\u00e9serves du Dakota du Sud,<\/li>\n<li>accompagne de jeunes Lakota dans leur formation professionnelle,<\/li>\n<li>tient un foyer d\u2019accueil pour femmes victimes de violences conjugales,<\/li>\n<li>offre des services d\u2019accompagnement social et psychologique,<\/li>\n<li>met \u00e0 disposition des boutiques de v\u00eatements d\u2019occasion,<\/li>\n<li>organise la distribution de livres dans les r\u00e9serves gr\u00e2ce \u00e0 son bibliobus.<\/li>\n<\/ul>\n<h2>Puis-je \u00eatre b\u00e9n\u00e9vole \u00e0 l\u2019\u00c9cole indienne St Joseph du Dakota?<\/h2>\n<p>Non. Les obligations li\u00e9es aux assurances et la n\u00e9cessit\u00e9 de valider avec pr\u00e9cision les qualifications des intervenants ont consid\u00e9rablement r\u00e9duit la place des b\u00e9n\u00e9voles sur le campus. Pour ces raisons, la participation \u00e0 titre b\u00e9n\u00e9vole est devenue de plus en plus complexe. Cela est particuli\u00e8rement vrai pour les organisations telles que l\u2019\u00c9cole indienne St Joseph du Dakota, qui ont des enfants sous leur responsabilit\u00e9 24 h sur 24.<\/p>\n<h2>Comment exp\u00e9dier des colis \u00e0 l\u2019\u00c9cole indienne St Joseph du Dakota?<\/h2>\n<p>L&rsquo;adresse postale de l&rsquo;\u00e9cole est : St. Joseph\u2019s Indian School 1301 N Main St. PO Box 89 Chamberlain SD 57325 USA<\/p>\n<h2>Qu\u2019y a-t-il \u00e0 voir lorsque l\u2019on visite l\u2019\u00c9cole indienne St Joseph du Dakota?<\/h2>\n<p>Le mus\u00e9e et centre culturel Akta Lakota, situ\u00e9 sur le campus, est ouvert toute l\u2019ann\u00e9e.<br \/>\nEn \u00e9t\u00e9, il est ouvert du lundi au samedi de 8h \u00e0 18h, et le dimanche de 9h \u00e0 17h. \u00c0 partir du premier lundi de septembre, le mus\u00e9e est ouvert du lundi au vendredi de 8h \u00e0 17h.<br \/>\nDes visites du campus sont organis\u00e9es au d\u00e9part du mus\u00e9e.<br \/>\nLa chapelle Notre-Dame-des-Sioux, avec ses \u0153uvres d\u2019art am\u00e9rindiennes, ses superbes vitraux et sa tapisserie du Christ indien r\u00e9alis\u00e9e par Oscar Howe, c\u00e9l\u00e8bre artiste sioux de Crow Creek, offre un reflet authentique du riche h\u00e9ritage culturel de la communaut\u00e9 lakota \u00e0 laquelle se consacre l\u2019\u00c9cole indienne St Joseph du Dakota.<br \/>\nDe superbes grandes orgues, don de la paroisse Saint-Aloysius de Milwaukee, dans le Wisconsin, ont \u00e9t\u00e9 ajout\u00e9es en 1997.<\/p>\n<h2>O\u00f9 l\u2019\u00c9cole indienne St Joseph du Dakota est-elle situ\u00e9e exactement?<\/h2>\n<p>L&rsquo;\u00e9cole se trouve au sud du Dakota du Sud, sur le territoire de la commune de Chamberlain. Elle est situ\u00e9e sur l\u2019autoroute 90 qui longe le Missouri. Le campus est install\u00e9 sur la rive Est du Missouri, \u00e0 l\u2019ombre des grands ormes et des peupliers, qui offrent un cadre apaisant aux enfants et aux adolescents.<\/p>\n<h2>D\u2019o\u00f9 viennent les enfants accueillis \u00e0 l\u2019\u00c9cole indienne St Joseph du Dakota?<\/h2>\n<p>La majorit\u00e9 des enfants sont issus des r\u00e9serves am\u00e9rindiennes du Dakota du Sud : Crow Creek, Lower Brule, Cheyenne River, Rosebud et Pine Ridge. L&rsquo;\u00e9cole accueille \u00e9galement des enfants venus d\u2019autres \u00e9tats. Certains sont pupilles de l\u2019\u00c9tat ou confi\u00e9s \u00e0 la garde de leur communaut\u00e9 tribale, ou encore ont \u00e9t\u00e9 plac\u00e9s \u00e0 l&rsquo;\u00e9cole suite \u00e0 une d\u00e9cision de justice.<\/p>\n<h2>En g\u00e9n\u00e9ral, combien de temps un enfant reste-t-il \u00e0 l\u2019\u00c9cole indienne St Joseph du Dakota?<\/h2>\n<p>La dur\u00e9e moyenne du s\u00e9jour d\u2019un \u00e9l\u00e8ve \u00e0 l\u2019\u00e9cole \u00e9l\u00e9mentaire est de trois ans et demie.<\/p>\n<h2>Qui d\u00e9cide qu\u2019un enfant est pr\u00eat \u00e0 quitter l\u2019\u00c9cole indienne St Joseph du Dakota?<\/h2>\n<p>La d\u00e9cision est prise par une \u00e9quipe compos\u00e9e de membres du personnel de l&rsquo;\u00e9cole, les parents ou les responsables l\u00e9gaux de l\u2019enfant, l\u2019organisme de placement le cas \u00e9ch\u00e9ant, et l\u2019enfant lui-m\u00eame. Dans tous les cas, le bien-\u00eatre et la s\u00e9curit\u00e9 de l\u2019enfant sont prioritaires.<\/p>\n<h2>Quelles sont les caract\u00e9ristiques ethniques et religieuses des pensionnaires de l\u2019\u00c9cole indienne St Joseph du Dakota?<\/h2>\n<p>Tous les enfants accueillis \u00e0 l&rsquo;\u00e9cole sont d\u2019origine am\u00e9rindienne, mais de confessions diverses : catholique, \u00e9piscopale, tradition lakota, etc. Environ 50% des enfants sont catholiques, 40% \u00e9piscopaliens et 10% pratiquent une autre religion.<\/p>\n<h2>Tous re\u00e7oivent-ils une instruction religieuse \u00e0 l\u2019\u00c9cole indienne St Joseph du Dakota?<\/h2>\n<p>Oui. Les valeurs chr\u00e9tiennes repr\u00e9sentent un aspect \u00e0 part enti\u00e8re des programmes \u00e9ducatifs. Les enfants ont la possibilit\u00e9 d\u2019assister \u00e0 des c\u00e9l\u00e9brations de leur culte d\u2019origine. Des offices catholiques sont organis\u00e9s sur le campus. Les enfants re\u00e7oivent r\u00e9guli\u00e8rement une instruction religieuse, et un aum\u00f4nier pr\u00e9sent \u00e0 plein temps les accompagne dans leur parcours spirituel.<\/p>\n<h2>Que demande-t-on aux enfants dans leur unit\u00e9 de vie familiale?<\/h2>\n<p>Les enfants participent \u00e0 un certain nombre de t\u00e2ches: nettoyer la maison et pr\u00e9parer les repas, mettre le couvert et faire la vaisselle, faire la lessive et aider \u00e0 tenir le budget. Chaque foyer tient r\u00e9guli\u00e8rement des r\u00e9unions afin de parler de la vie de famille. On enseigne aux enfants \u00e0 respecter leurs camarades et \u00e0 veiller \u00e0 avoir une bonne hygi\u00e8ne et une pr\u00e9sentation soign\u00e9e.<\/p>\n<h2>Que font les enfants lorsqu\u2019ils ne sont pas en classe?<\/h2>\n<p>L&rsquo;\u00e9cole leur propose tout un \u00e9ventail de loisirs en groupe ou en individuel comme la natation, le basket-ball, le volley-ball, le football et la course \u00e0 pied. Le centre de loisirs comprend un gymnase, une salle de jeu et une piscine. Les plus jeunes peuvent profiter d\u2019une piste couverte pour faire du roller. Dans les unit\u00e9s de vie familiale, on trouve de nombreux jeux et jouets tels que des bicyclettes, des rollers, etc.<\/p>\n<h2>O\u00f9 sont soign\u00e9s les enfants en cas de besoin?<\/h2>\n<p>Les enfants sont soign\u00e9s dans le centre m\u00e9dical du campus, o\u00f9 un m\u00e9decin est pr\u00e9sent \u00e0 temps partiel et deux infirmi\u00e8res \u00e0 temps plein. Tous les intervenants aupr\u00e8s des enfants sont form\u00e9s pour g\u00e9rer des probl\u00e8mes de sant\u00e9 mineurs et ont suivi des cours de premiers soins et de r\u00e9animation cardiaque.<\/p>\n<h2>Qu\u2019est-ce que le centre du Cercle sacr\u00e9 Tiyospaye?<\/h2>\n<p>Le centre du Cercle sacr\u00e9 Tiyospaye est un espace o\u00f9 les pensionnaires lakota peuvent passer du temps avec leur famille. Ce centre propose un h\u00e9bergement de courte dur\u00e9e aux familles, un\u00a0 service d\u2019accompagnement social et psychologique, ainsi qu\u2019une association d\u2019anciens \u00e9l\u00e8ves.<\/p>\n<h2>O\u00f9 les enfants vont-ils \u00e0 l\u2019\u00e9cole?<\/h2>\n<p>Les \u00e9l\u00e8ves du primaire et du coll\u00e8ge vont \u00e0 l\u2019\u00e9cole sur le campus. Les plus \u00e2g\u00e9s vont au lyc\u00e9e public de Chamberlain.<\/p>\n<h2>Quelle est la diff\u00e9rence entre Dakota et Lakota?<\/h2>\n<p>On parle de culture Lakota, tant pour la langue que pour la culture. Dakota est l\u2019\u00c9tat.<\/p>\n<h2>De quel accompagnement scolaire les enfants ont-ils besoin?<\/h2>\n<p>Certains des pensionnaires souffrent d\u2019un niveau de langage insuffisant, de difficult\u00e9s d\u2019apprentissage ou de fragilit\u00e9 \u00e9motionnelle. Ils b\u00e9n\u00e9ficient d&rsquo;un accompagnement social et psychologique. Cette aide est apport\u00e9e par des conseillers familiaux, un psychologue pour enfants, un orthophoniste, des \u00e9ducateurs sp\u00e9cialis\u00e9s et un centre de ressources, afin d\u2019aider les enfants \u00e0 r\u00e9soudre leurs difficult\u00e9s scolaires et personnelles.<\/p>\n<h2>O\u00f9 vont les enfants lakota dont on ne peut s\u2019occuper \u00e0 l\u2019\u00c9cole indienne St Joseph du Dakota?<\/h2>\n<p>Ils sont plac\u00e9s dans d\u2019autres structures d\u2019accueil. Des demandes de prise en charge peuvent \u00e9galement \u00eatre effectu\u00e9es aupr\u00e8s des \u00e9tablissements scolaires proches du lieu de r\u00e9sidence de leur tuteur l\u00e9gal.<\/p>\n<h2>L\u2019\u00c9cole indienne St Joseph du Dakota offre-t-elle des bourses \u00e0 ses \u00e9l\u00e8ves dipl\u00f4m\u00e9s?<\/h2>\n<p>Le Fonds d\u2019aide scolaire de l\u2019\u00c9cole indienne St Joseph du Dakota a \u00e9t\u00e9 cr\u00e9\u00e9 par la Congr\u00e9gation des pr\u00eatres du Sacr\u00e9-C\u0153ur de J\u00e9sus pour financer les \u00e9tudes des \u00e9l\u00e8ves inscrits dans des formations professionnelles ou dans l\u2019enseignement sup\u00e9rieur. Ces bourses sont directement vers\u00e9es \u00e0 l\u2019\u00e9tablissement et calcul\u00e9es sur la base des besoins financiers et des r\u00e9sultats scolaires.<\/p>\n<h2>Qui finance les frais de scolarit\u00e9 des enfants accueillis \u00e0 l\u2019\u00c9cole indienne St Joseph du Dakota?<\/h2>\n<p>Aucune participation financi\u00e8re n&rsquo;est demand\u00e9e aux familles. Tous les besoins des enfants \u2013 h\u00e9bergement, repas, soins m\u00e9dicaux et \u00e9ducation \u2013 sont pris en charge par l\u2019\u00e9cole gr\u00e2ce aux dons de personnes telles que vous.<\/p>\n<h2>D\u2019o\u00f9 viennent les ressources de l\u2019\u00c9cole indienne St Joseph du Dakota?<\/h2>\n<p>Ce sont des particuliers et des amis tels que vous qui soutiennent financi\u00e8rement l\u2019accueil des enfants sioux lakota et l\u2019accompagnement qui leur est dispens\u00e9.<\/p>\n<h2>L\u2019\u00c9cole indienne St Joseph du Dakota re\u00e7oit-elle des aides du gouvernement f\u00e9d\u00e9ral am\u00e9ricain?<\/h2>\n<p>L\u2019\u00e9cole re\u00e7oit une aide du gouvernement f\u00e9d\u00e9ral uniquement pour la cantine du midi et les programmes relevant du chapitre 1. Le chapitre 1 concerne l\u2019aide aux devoirs pour les \u00e9l\u00e8ves qui en ont besoin. \u00c0 part cela l\u2019\u00e9cole ne re\u00e7oit pas d\u2019autres subventions r\u00e9guli\u00e8res. Il nous arrive cependant de percevoir des subventions exceptionnelles dans le cadre de projets sp\u00e9cifiques, pour des montants limit\u00e9s, mais les dons priv\u00e9s restent la principale ressource financi\u00e8re.<\/p>\n","protected":false},"excerpt":{"rendered":"<p>Que signifie SCJ? SCJ signifie Sacr\u00e9 C\u0153ur de J\u00e9sus, c\u2019est la congr\u00e9gation \u00e0 laquelle le p\u00e8re Gregory Schill appartient. Quelle est la mission de l\u2019\u00c9cole&#8230;<\/p>\n","protected":false},"author":2,"featured_media":314,"parent":219,"menu_order":0,"comment_status":"closed","ping_status":"closed","template":"","meta":{"_acf_changed":false,"footnotes":""},"class_list":["post-777","page","type-page","status-publish","has-post-thumbnail","hentry"],"acf":[],"yoast_head":"<!-- This site is optimized with the Yoast SEO plugin v27.6 - https:\/\/yoast.com\/product\/yoast-seo-wordpress\/ -->\n<title>FAQ - St. Josefs Indianer Hilfswerk<\/title>\n<meta name=\"robots\" content=\"index, follow, max-snippet:-1, max-image-preview:large, max-video-preview:-1\" \/>\n<link rel=\"canonical\" href=\"https:\/\/stjosefs.wpdev.go2people.nl\/fr\/contact\/faq\/\" \/>\n<meta property=\"og:locale\" content=\"fr_FR\" \/>\n<meta property=\"og:type\" content=\"article\" \/>\n<meta property=\"og:title\" content=\"FAQ - St. Josefs Indianer Hilfswerk\" \/>\n<meta property=\"og:description\" content=\"Que signifie SCJ? SCJ signifie Sacr\u00e9 C\u0153ur de J\u00e9sus, c\u2019est la congr\u00e9gation \u00e0 laquelle le p\u00e8re Gregory Schill appartient. Quelle est la mission de l\u2019\u00c9cole...\" \/>\n<meta property=\"og:url\" content=\"https:\/\/stjosefs.wpdev.go2people.nl\/fr\/contact\/faq\/\" \/>\n<meta property=\"og:site_name\" content=\"St. Josefs Indianer Hilfswerk\" \/>\n<meta property=\"article:modified_time\" content=\"2021-09-20T09:58:15+00:00\" \/>\n<meta property=\"og:image\" content=\"https:\/\/stjosefs.wpdev.go2people.nl\/wp-content\/uploads\/2016\/12\/Geschaftsbericht-st-josefs.jpg\" \/>\n\t<meta property=\"og:image:width\" content=\"2000\" \/>\n\t<meta property=\"og:image:height\" content=\"1338\" \/>\n\t<meta property=\"og:image:type\" content=\"image\/jpeg\" \/>\n<meta name=\"twitter:card\" content=\"summary_large_image\" \/>\n<meta name=\"twitter:label1\" content=\"Dur\u00e9e de lecture estim\u00e9e\" \/>\n\t<meta name=\"twitter:data1\" content=\"10 minutes\" \/>\n<script type=\"application\/ld+json\" class=\"yoast-schema-graph\">{\"@context\":\"https:\\\/\\\/schema.org\",\"@graph\":[{\"@type\":\"WebPage\",\"@id\":\"https:\\\/\\\/stjosefs.wpdev.go2people.nl\\\/fr\\\/contact\\\/faq\\\/\",\"url\":\"https:\\\/\\\/stjosefs.wpdev.go2people.nl\\\/fr\\\/contact\\\/faq\\\/\",\"name\":\"FAQ - St. Josefs Indianer Hilfswerk\",\"isPartOf\":{\"@id\":\"https:\\\/\\\/stjosefs.wpdev.go2people.nl\\\/#website\"},\"primaryImageOfPage\":{\"@id\":\"https:\\\/\\\/stjosefs.wpdev.go2people.nl\\\/fr\\\/contact\\\/faq\\\/#primaryimage\"},\"image\":{\"@id\":\"https:\\\/\\\/stjosefs.wpdev.go2people.nl\\\/fr\\\/contact\\\/faq\\\/#primaryimage\"},\"thumbnailUrl\":\"https:\\\/\\\/stjosefs.wpdev.go2people.nl\\\/wp-content\\\/uploads\\\/2016\\\/12\\\/Geschaftsbericht-st-josefs.jpg\",\"datePublished\":\"2017-01-03T09:30:15+00:00\",\"dateModified\":\"2021-09-20T09:58:15+00:00\",\"breadcrumb\":{\"@id\":\"https:\\\/\\\/stjosefs.wpdev.go2people.nl\\\/fr\\\/contact\\\/faq\\\/#breadcrumb\"},\"inLanguage\":\"fr-FR\",\"potentialAction\":[{\"@type\":\"ReadAction\",\"target\":[\"https:\\\/\\\/stjosefs.wpdev.go2people.nl\\\/fr\\\/contact\\\/faq\\\/\"]}]},{\"@type\":\"ImageObject\",\"inLanguage\":\"fr-FR\",\"@id\":\"https:\\\/\\\/stjosefs.wpdev.go2people.nl\\\/fr\\\/contact\\\/faq\\\/#primaryimage\",\"url\":\"https:\\\/\\\/stjosefs.wpdev.go2people.nl\\\/wp-content\\\/uploads\\\/2016\\\/12\\\/Geschaftsbericht-st-josefs.jpg\",\"contentUrl\":\"https:\\\/\\\/stjosefs.wpdev.go2people.nl\\\/wp-content\\\/uploads\\\/2016\\\/12\\\/Geschaftsbericht-st-josefs.jpg\",\"width\":2000,\"height\":1338,\"caption\":\"St josefs\"},{\"@type\":\"BreadcrumbList\",\"@id\":\"https:\\\/\\\/stjosefs.wpdev.go2people.nl\\\/fr\\\/contact\\\/faq\\\/#breadcrumb\",\"itemListElement\":[{\"@type\":\"ListItem\",\"position\":1,\"name\":\"Home\",\"item\":\"https:\\\/\\\/stjosefs.wpdev.go2people.nl\\\/fr\\\/\"},{\"@type\":\"ListItem\",\"position\":2,\"name\":\"Contact\",\"item\":\"https:\\\/\\\/stjosefs.wpdev.go2people.nl\\\/fr\\\/contact\\\/\"},{\"@type\":\"ListItem\",\"position\":3,\"name\":\"FAQ\"}]},{\"@type\":\"WebSite\",\"@id\":\"https:\\\/\\\/stjosefs.wpdev.go2people.nl\\\/#website\",\"url\":\"https:\\\/\\\/stjosefs.wpdev.go2people.nl\\\/\",\"name\":\"St. Josefs Indianer Hilfswerk\",\"description\":\"F\u00fcr eine bessere Zukunft der Ureinwohnerkinder S\u00fcddakotas\",\"potentialAction\":[{\"@type\":\"SearchAction\",\"target\":{\"@type\":\"EntryPoint\",\"urlTemplate\":\"https:\\\/\\\/stjosefs.wpdev.go2people.nl\\\/?s={search_term_string}\"},\"query-input\":{\"@type\":\"PropertyValueSpecification\",\"valueRequired\":true,\"valueName\":\"search_term_string\"}}],\"inLanguage\":\"fr-FR\"}]}<\/script>\n<!-- \/ Yoast SEO plugin. -->","yoast_head_json":{"title":"FAQ - St. Josefs Indianer Hilfswerk","robots":{"index":"index","follow":"follow","max-snippet":"max-snippet:-1","max-image-preview":"max-image-preview:large","max-video-preview":"max-video-preview:-1"},"canonical":"https:\/\/stjosefs.wpdev.go2people.nl\/fr\/contact\/faq\/","og_locale":"fr_FR","og_type":"article","og_title":"FAQ - St. Josefs Indianer Hilfswerk","og_description":"Que signifie SCJ? SCJ signifie Sacr\u00e9 C\u0153ur de J\u00e9sus, c\u2019est la congr\u00e9gation \u00e0 laquelle le p\u00e8re Gregory Schill appartient. Quelle est la mission de l\u2019\u00c9cole...","og_url":"https:\/\/stjosefs.wpdev.go2people.nl\/fr\/contact\/faq\/","og_site_name":"St. Josefs Indianer Hilfswerk","article_modified_time":"2021-09-20T09:58:15+00:00","og_image":[{"width":2000,"height":1338,"url":"https:\/\/stjosefs.wpdev.go2people.nl\/wp-content\/uploads\/2016\/12\/Geschaftsbericht-st-josefs.jpg","type":"image\/jpeg"}],"twitter_card":"summary_large_image","twitter_misc":{"Dur\u00e9e de lecture estim\u00e9e":"10 minutes"},"schema":{"@context":"https:\/\/schema.org","@graph":[{"@type":"WebPage","@id":"https:\/\/stjosefs.wpdev.go2people.nl\/fr\/contact\/faq\/","url":"https:\/\/stjosefs.wpdev.go2people.nl\/fr\/contact\/faq\/","name":"FAQ - St. Josefs Indianer Hilfswerk","isPartOf":{"@id":"https:\/\/stjosefs.wpdev.go2people.nl\/#website"},"primaryImageOfPage":{"@id":"https:\/\/stjosefs.wpdev.go2people.nl\/fr\/contact\/faq\/#primaryimage"},"image":{"@id":"https:\/\/stjosefs.wpdev.go2people.nl\/fr\/contact\/faq\/#primaryimage"},"thumbnailUrl":"https:\/\/stjosefs.wpdev.go2people.nl\/wp-content\/uploads\/2016\/12\/Geschaftsbericht-st-josefs.jpg","datePublished":"2017-01-03T09:30:15+00:00","dateModified":"2021-09-20T09:58:15+00:00","breadcrumb":{"@id":"https:\/\/stjosefs.wpdev.go2people.nl\/fr\/contact\/faq\/#breadcrumb"},"inLanguage":"fr-FR","potentialAction":[{"@type":"ReadAction","target":["https:\/\/stjosefs.wpdev.go2people.nl\/fr\/contact\/faq\/"]}]},{"@type":"ImageObject","inLanguage":"fr-FR","@id":"https:\/\/stjosefs.wpdev.go2people.nl\/fr\/contact\/faq\/#primaryimage","url":"https:\/\/stjosefs.wpdev.go2people.nl\/wp-content\/uploads\/2016\/12\/Geschaftsbericht-st-josefs.jpg","contentUrl":"https:\/\/stjosefs.wpdev.go2people.nl\/wp-content\/uploads\/2016\/12\/Geschaftsbericht-st-josefs.jpg","width":2000,"height":1338,"caption":"St josefs"},{"@type":"BreadcrumbList","@id":"https:\/\/stjosefs.wpdev.go2people.nl\/fr\/contact\/faq\/#breadcrumb","itemListElement":[{"@type":"ListItem","position":1,"name":"Home","item":"https:\/\/stjosefs.wpdev.go2people.nl\/fr\/"},{"@type":"ListItem","position":2,"name":"Contact","item":"https:\/\/stjosefs.wpdev.go2people.nl\/fr\/contact\/"},{"@type":"ListItem","position":3,"name":"FAQ"}]},{"@type":"WebSite","@id":"https:\/\/stjosefs.wpdev.go2people.nl\/#website","url":"https:\/\/stjosefs.wpdev.go2people.nl\/","name":"St. Josefs Indianer Hilfswerk","description":"F\u00fcr eine bessere Zukunft der Ureinwohnerkinder S\u00fcddakotas","potentialAction":[{"@type":"SearchAction","target":{"@type":"EntryPoint","urlTemplate":"https:\/\/stjosefs.wpdev.go2people.nl\/?s={search_term_string}"},"query-input":{"@type":"PropertyValueSpecification","valueRequired":true,"valueName":"search_term_string"}}],"inLanguage":"fr-FR"}]}},"_links":{"self":[{"href":"https:\/\/stjosefs.wpdev.go2people.nl\/fr\/wp-json\/wp\/v2\/pages\/777","targetHints":{"allow":["GET"]}}],"collection":[{"href":"https:\/\/stjosefs.wpdev.go2people.nl\/fr\/wp-json\/wp\/v2\/pages"}],"about":[{"href":"https:\/\/stjosefs.wpdev.go2people.nl\/fr\/wp-json\/wp\/v2\/types\/page"}],"author":[{"embeddable":true,"href":"https:\/\/stjosefs.wpdev.go2people.nl\/fr\/wp-json\/wp\/v2\/users\/2"}],"replies":[{"embeddable":true,"href":"https:\/\/stjosefs.wpdev.go2people.nl\/fr\/wp-json\/wp\/v2\/comments?post=777"}],"version-history":[{"count":17,"href":"https:\/\/stjosefs.wpdev.go2people.nl\/fr\/wp-json\/wp\/v2\/pages\/777\/revisions"}],"predecessor-version":[{"id":11262,"href":"https:\/\/stjosefs.wpdev.go2people.nl\/fr\/wp-json\/wp\/v2\/pages\/777\/revisions\/11262"}],"up":[{"embeddable":true,"href":"https:\/\/stjosefs.wpdev.go2people.nl\/fr\/wp-json\/wp\/v2\/pages\/219"}],"wp:featuredmedia":[{"embeddable":true,"href":"https:\/\/stjosefs.wpdev.go2people.nl\/fr\/wp-json\/wp\/v2\/media\/314"}],"wp:attachment":[{"href":"https:\/\/stjosefs.wpdev.go2people.nl\/fr\/wp-json\/wp\/v2\/media?parent=777"}],"curies":[{"name":"wp","href":"https:\/\/api.w.org\/{rel}","templated":true}]}}