{"id":769,"date":"2017-01-03T10:21:53","date_gmt":"2017-01-03T09:21:53","guid":{"rendered":"https:\/\/stjosefs.wp2.go2people.nl\/fr\/?page_id=769"},"modified":"2023-09-22T13:21:14","modified_gmt":"2023-09-22T11:21:14","slug":"rapport-annuel-dactivite","status":"publish","type":"page","link":"https:\/\/stjosefs.wpdev.go2people.nl\/fr\/ecole\/rapport-annuel-dactivite\/","title":{"rendered":"Rapport annuel d&rsquo;activit\u00e9"},"content":{"rendered":"<h2>Des visages derri\u00e8re les chiffres<\/h2>\n<p>Le peuple sioux lakota, en particulier ses enfants, est au c\u0153ur des pr\u00e9occupations de l\u2019\u00c9cole indienne St Joseph du Dakota. Celle-ci permet \u00e0 des amis du monde entier de tendre la main aux enfants am\u00e9rindiens et \u00e0 leurs familles, en mettant \u00e0 leur disposition tout ce qui est vital, sur le plan intellectuel, physique, affectif et spirituel. La prise en charge des enfants sioux lakota s\u2019appuie sur des valeurs telles que la foi, la dignit\u00e9, la responsabilit\u00e9, le respect, le travail en commun et la comp\u00e9tence, qui sont la pierre angulaire de l\u2019\u00c9cole indienne St Joseph du Dakota.<\/p>\n<p>Dans notre rapport annuel d\u2019activit\u00e9, vous trouverez des informations concernant les programmes \u00e9ducatifs mis en place et notre bilan financier. Si ces \u00e9l\u00e9ments sont parlants, ils ne vous racontent cependant pas l\u2019histoire compl\u00e8te. Derri\u00e8re les chiffres et les comptes rendus, il y a des enfants qui, gr\u00e2ce \u00e0 votre solidarit\u00e9 et votre g\u00e9n\u00e9rosit\u00e9, verront leur vie se transformer et devenir meilleure! L\u2019\u00c9cole indienne St Joseph du Dakota est financ\u00e9e uniquement \u00a0par des dons priv\u00e9s. Sans votre soutien, rien de tout cela ne serait possible pour ces enfants am\u00e9rindiens d\u00e9favoris\u00e9s.<\/p>\n<p><a href=\"https:\/\/stjosephdudakota.fr\/wp-content\/uploads\/2023\/09\/Activity_report.pdf\">Consultez le rapport annuel d&rsquo;activit\u00e9 2022-2023\u00a0\u00a0<\/a><\/p>\n<p><a href=\"https:\/\/stjosephdudakota.fr\/wp-content\/uploads\/\/2022\/07\/2021-2022-Annual-activity-report_final.pdf\">Consultez le rapport annuel d&rsquo;activit\u00e9 2021-2022<\/a><\/p>\n<p><a href=\"https:\/\/stjosephdudakota.fr\/wp-content\/uploads\/\/2021\/07\/2020-2021-Annual-activity-report.pdf\">Consultez le rapport annuel d&rsquo;activit\u00e9 2020-2021<\/a><\/p>\n<p>&nbsp;<\/p>\n","protected":false},"excerpt":{"rendered":"<p>Des visages derri\u00e8re les chiffres Le peuple sioux lakota, en particulier ses enfants, est au c\u0153ur des pr\u00e9occupations de l\u2019\u00c9cole indienne St Joseph du Dakota&#8230;.<\/p>\n","protected":false},"author":2,"featured_media":10781,"parent":224,"menu_order":7,"comment_status":"closed","ping_status":"closed","template":"","meta":{"_acf_changed":false,"footnotes":""},"class_list":["post-769","page","type-page","status-publish","has-post-thumbnail","hentry"],"acf":[],"yoast_head":"<!-- This site is optimized with the Yoast SEO plugin v27.6 - https:\/\/yoast.com\/product\/yoast-seo-wordpress\/ -->\n<title>Rapport annuel d&#039;activit\u00e9 - St. Josefs Indianer Hilfswerk<\/title>\n<meta name=\"robots\" content=\"index, follow, max-snippet:-1, max-image-preview:large, max-video-preview:-1\" \/>\n<link rel=\"canonical\" href=\"https:\/\/stjosefs.wpdev.go2people.nl\/fr\/ecole\/rapport-annuel-dactivite\/\" \/>\n<meta property=\"og:locale\" content=\"fr_FR\" \/>\n<meta property=\"og:type\" content=\"article\" \/>\n<meta property=\"og:title\" content=\"Rapport annuel d&#039;activit\u00e9 - St. Josefs Indianer Hilfswerk\" \/>\n<meta property=\"og:description\" content=\"Des visages derri\u00e8re les chiffres Le peuple sioux lakota, en particulier ses enfants, est au c\u0153ur des pr\u00e9occupations de l\u2019\u00c9cole indienne St Joseph du Dakota....\" \/>\n<meta property=\"og:url\" content=\"https:\/\/stjosefs.wpdev.go2people.nl\/fr\/ecole\/rapport-annuel-dactivite\/\" \/>\n<meta property=\"og:site_name\" content=\"St. Josefs Indianer Hilfswerk\" \/>\n<meta property=\"article:modified_time\" content=\"2023-09-22T11:21:14+00:00\" \/>\n<meta property=\"og:image\" content=\"https:\/\/stjosefs.wpdev.go2people.nl\/wp-content\/uploads\/2021\/06\/SJF-image-for-website-1980x660-1.jpg\" \/>\n\t<meta property=\"og:image:width\" content=\"1980\" \/>\n\t<meta property=\"og:image:height\" content=\"660\" \/>\n\t<meta property=\"og:image:type\" content=\"image\/jpeg\" \/>\n<meta name=\"twitter:card\" content=\"summary_large_image\" \/>\n<meta name=\"twitter:label1\" content=\"Dur\u00e9e de lecture estim\u00e9e\" \/>\n\t<meta name=\"twitter:data1\" content=\"2 minutes\" \/>\n<script type=\"application\/ld+json\" class=\"yoast-schema-graph\">{\"@context\":\"https:\\\/\\\/schema.org\",\"@graph\":[{\"@type\":\"WebPage\",\"@id\":\"https:\\\/\\\/stjosefs.wpdev.go2people.nl\\\/fr\\\/ecole\\\/rapport-annuel-dactivite\\\/\",\"url\":\"https:\\\/\\\/stjosefs.wpdev.go2people.nl\\\/fr\\\/ecole\\\/rapport-annuel-dactivite\\\/\",\"name\":\"Rapport annuel d'activit\u00e9 - St. Josefs Indianer Hilfswerk\",\"isPartOf\":{\"@id\":\"https:\\\/\\\/stjosefs.wpdev.go2people.nl\\\/#website\"},\"primaryImageOfPage\":{\"@id\":\"https:\\\/\\\/stjosefs.wpdev.go2people.nl\\\/fr\\\/ecole\\\/rapport-annuel-dactivite\\\/#primaryimage\"},\"image\":{\"@id\":\"https:\\\/\\\/stjosefs.wpdev.go2people.nl\\\/fr\\\/ecole\\\/rapport-annuel-dactivite\\\/#primaryimage\"},\"thumbnailUrl\":\"https:\\\/\\\/stjosefs.wpdev.go2people.nl\\\/wp-content\\\/uploads\\\/2021\\\/06\\\/SJF-image-for-website-1980x660-1.jpg\",\"datePublished\":\"2017-01-03T09:21:53+00:00\",\"dateModified\":\"2023-09-22T11:21:14+00:00\",\"breadcrumb\":{\"@id\":\"https:\\\/\\\/stjosefs.wpdev.go2people.nl\\\/fr\\\/ecole\\\/rapport-annuel-dactivite\\\/#breadcrumb\"},\"inLanguage\":\"fr-FR\",\"potentialAction\":[{\"@type\":\"ReadAction\",\"target\":[\"https:\\\/\\\/stjosefs.wpdev.go2people.nl\\\/fr\\\/ecole\\\/rapport-annuel-dactivite\\\/\"]}]},{\"@type\":\"ImageObject\",\"inLanguage\":\"fr-FR\",\"@id\":\"https:\\\/\\\/stjosefs.wpdev.go2people.nl\\\/fr\\\/ecole\\\/rapport-annuel-dactivite\\\/#primaryimage\",\"url\":\"https:\\\/\\\/stjosefs.wpdev.go2people.nl\\\/wp-content\\\/uploads\\\/2021\\\/06\\\/SJF-image-for-website-1980x660-1.jpg\",\"contentUrl\":\"https:\\\/\\\/stjosefs.wpdev.go2people.nl\\\/wp-content\\\/uploads\\\/2021\\\/06\\\/SJF-image-for-website-1980x660-1.jpg\",\"width\":1980,\"height\":660},{\"@type\":\"BreadcrumbList\",\"@id\":\"https:\\\/\\\/stjosefs.wpdev.go2people.nl\\\/fr\\\/ecole\\\/rapport-annuel-dactivite\\\/#breadcrumb\",\"itemListElement\":[{\"@type\":\"ListItem\",\"position\":1,\"name\":\"Home\",\"item\":\"https:\\\/\\\/stjosefs.wpdev.go2people.nl\\\/fr\\\/\"},{\"@type\":\"ListItem\",\"position\":2,\"name\":\"L&rsquo;\u00e9cole\",\"item\":\"https:\\\/\\\/stjosefs.wpdev.go2people.nl\\\/fr\\\/ecole\\\/\"},{\"@type\":\"ListItem\",\"position\":3,\"name\":\"Rapport annuel d&rsquo;activit\u00e9\"}]},{\"@type\":\"WebSite\",\"@id\":\"https:\\\/\\\/stjosefs.wpdev.go2people.nl\\\/#website\",\"url\":\"https:\\\/\\\/stjosefs.wpdev.go2people.nl\\\/\",\"name\":\"St. Josefs Indianer Hilfswerk\",\"description\":\"F\u00fcr eine bessere Zukunft der Ureinwohnerkinder S\u00fcddakotas\",\"potentialAction\":[{\"@type\":\"SearchAction\",\"target\":{\"@type\":\"EntryPoint\",\"urlTemplate\":\"https:\\\/\\\/stjosefs.wpdev.go2people.nl\\\/?s={search_term_string}\"},\"query-input\":{\"@type\":\"PropertyValueSpecification\",\"valueRequired\":true,\"valueName\":\"search_term_string\"}}],\"inLanguage\":\"fr-FR\"}]}<\/script>\n<!-- \/ Yoast SEO plugin. -->","yoast_head_json":{"title":"Rapport annuel d'activit\u00e9 - St. Josefs Indianer Hilfswerk","robots":{"index":"index","follow":"follow","max-snippet":"max-snippet:-1","max-image-preview":"max-image-preview:large","max-video-preview":"max-video-preview:-1"},"canonical":"https:\/\/stjosefs.wpdev.go2people.nl\/fr\/ecole\/rapport-annuel-dactivite\/","og_locale":"fr_FR","og_type":"article","og_title":"Rapport annuel d'activit\u00e9 - St. Josefs Indianer Hilfswerk","og_description":"Des visages derri\u00e8re les chiffres Le peuple sioux lakota, en particulier ses enfants, est au c\u0153ur des pr\u00e9occupations de l\u2019\u00c9cole indienne St Joseph du Dakota....","og_url":"https:\/\/stjosefs.wpdev.go2people.nl\/fr\/ecole\/rapport-annuel-dactivite\/","og_site_name":"St. Josefs Indianer Hilfswerk","article_modified_time":"2023-09-22T11:21:14+00:00","og_image":[{"width":1980,"height":660,"url":"https:\/\/stjosefs.wpdev.go2people.nl\/wp-content\/uploads\/2021\/06\/SJF-image-for-website-1980x660-1.jpg","type":"image\/jpeg"}],"twitter_card":"summary_large_image","twitter_misc":{"Dur\u00e9e de lecture estim\u00e9e":"2 minutes"},"schema":{"@context":"https:\/\/schema.org","@graph":[{"@type":"WebPage","@id":"https:\/\/stjosefs.wpdev.go2people.nl\/fr\/ecole\/rapport-annuel-dactivite\/","url":"https:\/\/stjosefs.wpdev.go2people.nl\/fr\/ecole\/rapport-annuel-dactivite\/","name":"Rapport annuel d'activit\u00e9 - St. Josefs Indianer Hilfswerk","isPartOf":{"@id":"https:\/\/stjosefs.wpdev.go2people.nl\/#website"},"primaryImageOfPage":{"@id":"https:\/\/stjosefs.wpdev.go2people.nl\/fr\/ecole\/rapport-annuel-dactivite\/#primaryimage"},"image":{"@id":"https:\/\/stjosefs.wpdev.go2people.nl\/fr\/ecole\/rapport-annuel-dactivite\/#primaryimage"},"thumbnailUrl":"https:\/\/stjosefs.wpdev.go2people.nl\/wp-content\/uploads\/2021\/06\/SJF-image-for-website-1980x660-1.jpg","datePublished":"2017-01-03T09:21:53+00:00","dateModified":"2023-09-22T11:21:14+00:00","breadcrumb":{"@id":"https:\/\/stjosefs.wpdev.go2people.nl\/fr\/ecole\/rapport-annuel-dactivite\/#breadcrumb"},"inLanguage":"fr-FR","potentialAction":[{"@type":"ReadAction","target":["https:\/\/stjosefs.wpdev.go2people.nl\/fr\/ecole\/rapport-annuel-dactivite\/"]}]},{"@type":"ImageObject","inLanguage":"fr-FR","@id":"https:\/\/stjosefs.wpdev.go2people.nl\/fr\/ecole\/rapport-annuel-dactivite\/#primaryimage","url":"https:\/\/stjosefs.wpdev.go2people.nl\/wp-content\/uploads\/2021\/06\/SJF-image-for-website-1980x660-1.jpg","contentUrl":"https:\/\/stjosefs.wpdev.go2people.nl\/wp-content\/uploads\/2021\/06\/SJF-image-for-website-1980x660-1.jpg","width":1980,"height":660},{"@type":"BreadcrumbList","@id":"https:\/\/stjosefs.wpdev.go2people.nl\/fr\/ecole\/rapport-annuel-dactivite\/#breadcrumb","itemListElement":[{"@type":"ListItem","position":1,"name":"Home","item":"https:\/\/stjosefs.wpdev.go2people.nl\/fr\/"},{"@type":"ListItem","position":2,"name":"L&rsquo;\u00e9cole","item":"https:\/\/stjosefs.wpdev.go2people.nl\/fr\/ecole\/"},{"@type":"ListItem","position":3,"name":"Rapport annuel d&rsquo;activit\u00e9"}]},{"@type":"WebSite","@id":"https:\/\/stjosefs.wpdev.go2people.nl\/#website","url":"https:\/\/stjosefs.wpdev.go2people.nl\/","name":"St. Josefs Indianer Hilfswerk","description":"F\u00fcr eine bessere Zukunft der Ureinwohnerkinder S\u00fcddakotas","potentialAction":[{"@type":"SearchAction","target":{"@type":"EntryPoint","urlTemplate":"https:\/\/stjosefs.wpdev.go2people.nl\/?s={search_term_string}"},"query-input":{"@type":"PropertyValueSpecification","valueRequired":true,"valueName":"search_term_string"}}],"inLanguage":"fr-FR"}]}},"_links":{"self":[{"href":"https:\/\/stjosefs.wpdev.go2people.nl\/fr\/wp-json\/wp\/v2\/pages\/769","targetHints":{"allow":["GET"]}}],"collection":[{"href":"https:\/\/stjosefs.wpdev.go2people.nl\/fr\/wp-json\/wp\/v2\/pages"}],"about":[{"href":"https:\/\/stjosefs.wpdev.go2people.nl\/fr\/wp-json\/wp\/v2\/types\/page"}],"author":[{"embeddable":true,"href":"https:\/\/stjosefs.wpdev.go2people.nl\/fr\/wp-json\/wp\/v2\/users\/2"}],"replies":[{"embeddable":true,"href":"https:\/\/stjosefs.wpdev.go2people.nl\/fr\/wp-json\/wp\/v2\/comments?post=769"}],"version-history":[{"count":23,"href":"https:\/\/stjosefs.wpdev.go2people.nl\/fr\/wp-json\/wp\/v2\/pages\/769\/revisions"}],"predecessor-version":[{"id":15535,"href":"https:\/\/stjosefs.wpdev.go2people.nl\/fr\/wp-json\/wp\/v2\/pages\/769\/revisions\/15535"}],"up":[{"embeddable":true,"href":"https:\/\/stjosefs.wpdev.go2people.nl\/fr\/wp-json\/wp\/v2\/pages\/224"}],"wp:featuredmedia":[{"embeddable":true,"href":"https:\/\/stjosefs.wpdev.go2people.nl\/fr\/wp-json\/wp\/v2\/media\/10781"}],"wp:attachment":[{"href":"https:\/\/stjosefs.wpdev.go2people.nl\/fr\/wp-json\/wp\/v2\/media?parent=769"}],"curies":[{"name":"wp","href":"https:\/\/api.w.org\/{rel}","templated":true}]}}