{"id":762,"date":"2017-01-03T10:06:30","date_gmt":"2017-01-03T09:06:30","guid":{"rendered":"https:\/\/stjosefs.wp2.go2people.nl\/fr\/?page_id=762"},"modified":"2022-05-16T11:20:41","modified_gmt":"2022-05-16T09:20:41","slug":"historique-de-lecole","status":"publish","type":"page","link":"https:\/\/stjosefs.wpdev.go2people.nl\/fr\/ecole\/historique-de-lecole\/","title":{"rendered":"Historique de l&rsquo;\u00e9cole"},"content":{"rendered":"<h2>Les p\u00e8res fondateurs de Saint Joseph<\/h2>\n<p class=\"intro\">Le p\u00e8re L\u00e9on Dehon na\u00eet le 14 mars 1843 \u00e0 La Capelle, dans l\u2019Aisne. Il est le fondateur de la Congr\u00e9gation des pr\u00eatres du Sacr\u00e9-C\u0153ur de J\u00e9sus (SCJ). Il consid\u00e8re que la meilleure fa\u00e7on de r\u00e9pondre \u00e0 l\u2019amour divin est de veiller aux besoins de ceux qui nous entourent. Le 19 d\u00e9cembre 1868, il est ordonn\u00e9 pr\u00eatre. Il est secr\u00e9taire pour le Concile Vatican I. Trois ans plus tard, il est nomm\u00e9 vicaire \u00e0 la basilique de Saint-Quentin.<\/p>\n<p>Lorsqu\u2019il fonde en 1878 la Congr\u00e9gation des pr\u00eatres du Sacr\u00e9-C\u0153ur, le p\u00e8re L\u00e9on Dehon pose les bases de la future \u00e9cole\u00a0pour enfants am\u00e9rindiens Saint Joseph du Dakota.<br \/>\nUn autre pr\u00eatre du Sacr\u00e9-C\u0153ur, le p\u00e8re Heinrich Hogebach, quitte l\u2019Europe pour les Etats-Unis d\u2019Am\u00e9rique et ouvre l\u2019\u00e9cole Saint Joseph en 1927. Malheureusement, le p\u00e8re Dehon ne peut \u00eatre le t\u00e9moin de ce grand \u00e9v\u00e9nement puisqu\u2019il d\u00e9c\u00e8de \u00e0 Bruxelles le 12 ao\u00fbt 1925.<\/p>\n<h3>P\u00e8re Dehon :<\/h3>\n<blockquote><p>\u00ab <em>Le culte du C\u0153ur de J\u00e9sus, commenc\u00e9 dans la vie int\u00e9rieure des \u00e2mes, est destin\u00e9 \u00e0 descendre et \u00e0 p\u00e9n\u00e9trer dans la vie sociale des peuples. Pour nous, ce n\u2019est pas une simple \u201cd\u00e9votion\u201d mais un renouvellement de toute la vie chr\u00e9tienne.<\/em> \u00bb<\/p><\/blockquote>\n<p>Pour plus d\u2019informations sur les Pr\u00eatres du Sacr\u00e9-C\u0153ur, consultez ce site internet : <strong><a title=\"Pretres du Sacre Coeur\" href=\"http:\/\/www.scjef.org\/\" target=\"_blank\" rel=\"noopener\">www.scjef.org<\/a><\/strong><\/p>\n<p>&nbsp;<\/p>\n<p>&nbsp;<\/p>\n","protected":false},"excerpt":{"rendered":"<p>Les p\u00e8res fondateurs de Saint Joseph Le p\u00e8re L\u00e9on Dehon na\u00eet le 14 mars 1843 \u00e0 La Capelle, dans l\u2019Aisne. Il est le fondateur de&#8230;<\/p>\n","protected":false},"author":2,"featured_media":766,"parent":224,"menu_order":2,"comment_status":"closed","ping_status":"closed","template":"","meta":{"_acf_changed":false,"footnotes":""},"class_list":["post-762","page","type-page","status-publish","has-post-thumbnail","hentry"],"acf":[],"yoast_head":"<!-- This site is optimized with the Yoast SEO plugin v27.6 - https:\/\/yoast.com\/product\/yoast-seo-wordpress\/ -->\n<title>Historique de l&#039;\u00e9cole - St. Josefs Indianer Hilfswerk<\/title>\n<meta name=\"robots\" content=\"index, follow, max-snippet:-1, max-image-preview:large, max-video-preview:-1\" \/>\n<link rel=\"canonical\" href=\"https:\/\/stjosefs.wpdev.go2people.nl\/fr\/ecole\/historique-de-lecole\/\" \/>\n<meta property=\"og:locale\" content=\"fr_FR\" \/>\n<meta property=\"og:type\" content=\"article\" \/>\n<meta property=\"og:title\" content=\"Historique de l&#039;\u00e9cole - St. Josefs Indianer Hilfswerk\" \/>\n<meta property=\"og:description\" content=\"Les p\u00e8res fondateurs de Saint Joseph Le p\u00e8re L\u00e9on Dehon na\u00eet le 14 mars 1843 \u00e0 La Capelle, dans l\u2019Aisne. Il est le fondateur de...\" \/>\n<meta property=\"og:url\" content=\"https:\/\/stjosefs.wpdev.go2people.nl\/fr\/ecole\/historique-de-lecole\/\" \/>\n<meta property=\"og:site_name\" content=\"St. Josefs Indianer Hilfswerk\" \/>\n<meta property=\"article:modified_time\" content=\"2022-05-16T09:20:41+00:00\" \/>\n<meta property=\"og:image\" content=\"https:\/\/stjosefs.wpdev.go2people.nl\/wp-content\/uploads\/2017\/01\/Historique-de-lecole-Saint-Joseph-e1485177598825.jpg\" \/>\n\t<meta property=\"og:image:width\" content=\"981\" \/>\n\t<meta property=\"og:image:height\" content=\"461\" \/>\n\t<meta property=\"og:image:type\" content=\"image\/jpeg\" \/>\n<meta name=\"twitter:card\" content=\"summary_large_image\" \/>\n<meta name=\"twitter:label1\" content=\"Dur\u00e9e de lecture estim\u00e9e\" \/>\n\t<meta name=\"twitter:data1\" content=\"1 minute\" \/>\n<script type=\"application\/ld+json\" class=\"yoast-schema-graph\">{\"@context\":\"https:\\\/\\\/schema.org\",\"@graph\":[{\"@type\":\"WebPage\",\"@id\":\"https:\\\/\\\/stjosefs.wpdev.go2people.nl\\\/fr\\\/ecole\\\/historique-de-lecole\\\/\",\"url\":\"https:\\\/\\\/stjosefs.wpdev.go2people.nl\\\/fr\\\/ecole\\\/historique-de-lecole\\\/\",\"name\":\"Historique de l'\u00e9cole - St. Josefs Indianer Hilfswerk\",\"isPartOf\":{\"@id\":\"https:\\\/\\\/stjosefs.wpdev.go2people.nl\\\/#website\"},\"primaryImageOfPage\":{\"@id\":\"https:\\\/\\\/stjosefs.wpdev.go2people.nl\\\/fr\\\/ecole\\\/historique-de-lecole\\\/#primaryimage\"},\"image\":{\"@id\":\"https:\\\/\\\/stjosefs.wpdev.go2people.nl\\\/fr\\\/ecole\\\/historique-de-lecole\\\/#primaryimage\"},\"thumbnailUrl\":\"https:\\\/\\\/stjosefs.wpdev.go2people.nl\\\/wp-content\\\/uploads\\\/2017\\\/01\\\/Historique-de-lecole-Saint-Joseph-e1485177598825.jpg\",\"datePublished\":\"2017-01-03T09:06:30+00:00\",\"dateModified\":\"2022-05-16T09:20:41+00:00\",\"breadcrumb\":{\"@id\":\"https:\\\/\\\/stjosefs.wpdev.go2people.nl\\\/fr\\\/ecole\\\/historique-de-lecole\\\/#breadcrumb\"},\"inLanguage\":\"fr-FR\",\"potentialAction\":[{\"@type\":\"ReadAction\",\"target\":[\"https:\\\/\\\/stjosefs.wpdev.go2people.nl\\\/fr\\\/ecole\\\/historique-de-lecole\\\/\"]}]},{\"@type\":\"ImageObject\",\"inLanguage\":\"fr-FR\",\"@id\":\"https:\\\/\\\/stjosefs.wpdev.go2people.nl\\\/fr\\\/ecole\\\/historique-de-lecole\\\/#primaryimage\",\"url\":\"https:\\\/\\\/stjosefs.wpdev.go2people.nl\\\/wp-content\\\/uploads\\\/2017\\\/01\\\/Historique-de-lecole-Saint-Joseph-e1485177598825.jpg\",\"contentUrl\":\"https:\\\/\\\/stjosefs.wpdev.go2people.nl\\\/wp-content\\\/uploads\\\/2017\\\/01\\\/Historique-de-lecole-Saint-Joseph-e1485177598825.jpg\",\"width\":981,\"height\":461,\"caption\":\"Historique de l'ecole Saint Joseph\"},{\"@type\":\"BreadcrumbList\",\"@id\":\"https:\\\/\\\/stjosefs.wpdev.go2people.nl\\\/fr\\\/ecole\\\/historique-de-lecole\\\/#breadcrumb\",\"itemListElement\":[{\"@type\":\"ListItem\",\"position\":1,\"name\":\"Home\",\"item\":\"https:\\\/\\\/stjosefs.wpdev.go2people.nl\\\/fr\\\/\"},{\"@type\":\"ListItem\",\"position\":2,\"name\":\"L&rsquo;\u00e9cole\",\"item\":\"https:\\\/\\\/stjosefs.wpdev.go2people.nl\\\/fr\\\/ecole\\\/\"},{\"@type\":\"ListItem\",\"position\":3,\"name\":\"Historique de l&#8217;\u00e9cole\"}]},{\"@type\":\"WebSite\",\"@id\":\"https:\\\/\\\/stjosefs.wpdev.go2people.nl\\\/#website\",\"url\":\"https:\\\/\\\/stjosefs.wpdev.go2people.nl\\\/\",\"name\":\"St. Josefs Indianer Hilfswerk\",\"description\":\"F\u00fcr eine bessere Zukunft der Ureinwohnerkinder S\u00fcddakotas\",\"potentialAction\":[{\"@type\":\"SearchAction\",\"target\":{\"@type\":\"EntryPoint\",\"urlTemplate\":\"https:\\\/\\\/stjosefs.wpdev.go2people.nl\\\/?s={search_term_string}\"},\"query-input\":{\"@type\":\"PropertyValueSpecification\",\"valueRequired\":true,\"valueName\":\"search_term_string\"}}],\"inLanguage\":\"fr-FR\"}]}<\/script>\n<!-- \/ Yoast SEO plugin. -->","yoast_head_json":{"title":"Historique de l'\u00e9cole - St. Josefs Indianer Hilfswerk","robots":{"index":"index","follow":"follow","max-snippet":"max-snippet:-1","max-image-preview":"max-image-preview:large","max-video-preview":"max-video-preview:-1"},"canonical":"https:\/\/stjosefs.wpdev.go2people.nl\/fr\/ecole\/historique-de-lecole\/","og_locale":"fr_FR","og_type":"article","og_title":"Historique de l'\u00e9cole - St. Josefs Indianer Hilfswerk","og_description":"Les p\u00e8res fondateurs de Saint Joseph Le p\u00e8re L\u00e9on Dehon na\u00eet le 14 mars 1843 \u00e0 La Capelle, dans l\u2019Aisne. Il est le fondateur de...","og_url":"https:\/\/stjosefs.wpdev.go2people.nl\/fr\/ecole\/historique-de-lecole\/","og_site_name":"St. Josefs Indianer Hilfswerk","article_modified_time":"2022-05-16T09:20:41+00:00","og_image":[{"width":981,"height":461,"url":"https:\/\/stjosefs.wpdev.go2people.nl\/wp-content\/uploads\/2017\/01\/Historique-de-lecole-Saint-Joseph-e1485177598825.jpg","type":"image\/jpeg"}],"twitter_card":"summary_large_image","twitter_misc":{"Dur\u00e9e de lecture estim\u00e9e":"1 minute"},"schema":{"@context":"https:\/\/schema.org","@graph":[{"@type":"WebPage","@id":"https:\/\/stjosefs.wpdev.go2people.nl\/fr\/ecole\/historique-de-lecole\/","url":"https:\/\/stjosefs.wpdev.go2people.nl\/fr\/ecole\/historique-de-lecole\/","name":"Historique de l'\u00e9cole - St. Josefs Indianer Hilfswerk","isPartOf":{"@id":"https:\/\/stjosefs.wpdev.go2people.nl\/#website"},"primaryImageOfPage":{"@id":"https:\/\/stjosefs.wpdev.go2people.nl\/fr\/ecole\/historique-de-lecole\/#primaryimage"},"image":{"@id":"https:\/\/stjosefs.wpdev.go2people.nl\/fr\/ecole\/historique-de-lecole\/#primaryimage"},"thumbnailUrl":"https:\/\/stjosefs.wpdev.go2people.nl\/wp-content\/uploads\/2017\/01\/Historique-de-lecole-Saint-Joseph-e1485177598825.jpg","datePublished":"2017-01-03T09:06:30+00:00","dateModified":"2022-05-16T09:20:41+00:00","breadcrumb":{"@id":"https:\/\/stjosefs.wpdev.go2people.nl\/fr\/ecole\/historique-de-lecole\/#breadcrumb"},"inLanguage":"fr-FR","potentialAction":[{"@type":"ReadAction","target":["https:\/\/stjosefs.wpdev.go2people.nl\/fr\/ecole\/historique-de-lecole\/"]}]},{"@type":"ImageObject","inLanguage":"fr-FR","@id":"https:\/\/stjosefs.wpdev.go2people.nl\/fr\/ecole\/historique-de-lecole\/#primaryimage","url":"https:\/\/stjosefs.wpdev.go2people.nl\/wp-content\/uploads\/2017\/01\/Historique-de-lecole-Saint-Joseph-e1485177598825.jpg","contentUrl":"https:\/\/stjosefs.wpdev.go2people.nl\/wp-content\/uploads\/2017\/01\/Historique-de-lecole-Saint-Joseph-e1485177598825.jpg","width":981,"height":461,"caption":"Historique de l'ecole Saint Joseph"},{"@type":"BreadcrumbList","@id":"https:\/\/stjosefs.wpdev.go2people.nl\/fr\/ecole\/historique-de-lecole\/#breadcrumb","itemListElement":[{"@type":"ListItem","position":1,"name":"Home","item":"https:\/\/stjosefs.wpdev.go2people.nl\/fr\/"},{"@type":"ListItem","position":2,"name":"L&rsquo;\u00e9cole","item":"https:\/\/stjosefs.wpdev.go2people.nl\/fr\/ecole\/"},{"@type":"ListItem","position":3,"name":"Historique de l&#8217;\u00e9cole"}]},{"@type":"WebSite","@id":"https:\/\/stjosefs.wpdev.go2people.nl\/#website","url":"https:\/\/stjosefs.wpdev.go2people.nl\/","name":"St. Josefs Indianer Hilfswerk","description":"F\u00fcr eine bessere Zukunft der Ureinwohnerkinder S\u00fcddakotas","potentialAction":[{"@type":"SearchAction","target":{"@type":"EntryPoint","urlTemplate":"https:\/\/stjosefs.wpdev.go2people.nl\/?s={search_term_string}"},"query-input":{"@type":"PropertyValueSpecification","valueRequired":true,"valueName":"search_term_string"}}],"inLanguage":"fr-FR"}]}},"_links":{"self":[{"href":"https:\/\/stjosefs.wpdev.go2people.nl\/fr\/wp-json\/wp\/v2\/pages\/762","targetHints":{"allow":["GET"]}}],"collection":[{"href":"https:\/\/stjosefs.wpdev.go2people.nl\/fr\/wp-json\/wp\/v2\/pages"}],"about":[{"href":"https:\/\/stjosefs.wpdev.go2people.nl\/fr\/wp-json\/wp\/v2\/types\/page"}],"author":[{"embeddable":true,"href":"https:\/\/stjosefs.wpdev.go2people.nl\/fr\/wp-json\/wp\/v2\/users\/2"}],"replies":[{"embeddable":true,"href":"https:\/\/stjosefs.wpdev.go2people.nl\/fr\/wp-json\/wp\/v2\/comments?post=762"}],"version-history":[{"count":5,"href":"https:\/\/stjosefs.wpdev.go2people.nl\/fr\/wp-json\/wp\/v2\/pages\/762\/revisions"}],"predecessor-version":[{"id":12993,"href":"https:\/\/stjosefs.wpdev.go2people.nl\/fr\/wp-json\/wp\/v2\/pages\/762\/revisions\/12993"}],"up":[{"embeddable":true,"href":"https:\/\/stjosefs.wpdev.go2people.nl\/fr\/wp-json\/wp\/v2\/pages\/224"}],"wp:featuredmedia":[{"embeddable":true,"href":"https:\/\/stjosefs.wpdev.go2people.nl\/fr\/wp-json\/wp\/v2\/media\/766"}],"wp:attachment":[{"href":"https:\/\/stjosefs.wpdev.go2people.nl\/fr\/wp-json\/wp\/v2\/media?parent=762"}],"curies":[{"name":"wp","href":"https:\/\/api.w.org\/{rel}","templated":true}]}}