{"id":4608,"date":"2018-08-13T10:44:59","date_gmt":"2018-08-13T08:44:59","guid":{"rendered":"https:\/\/stjosefs.de\/?page_id=4608"},"modified":"2023-01-10T11:55:53","modified_gmt":"2023-01-10T10:55:53","slug":"testament","status":"publish","type":"page","link":"https:\/\/stjosefs.wpdev.go2people.nl\/fr\/testament\/","title":{"rendered":"Aider par votre testament"},"content":{"rendered":"<p><strong>Aider au-del\u00e0 de votre vie &#8211; un testament peut faire beaucoup<\/strong><\/p>\n<p>Reconnue d&rsquo;int\u00e9r\u00eat g\u00e9n\u00e9ral et financ\u00e9e par des fonds priv\u00e9s, l&rsquo;\u00c9cole indienne St Joseph du Dakota est comme un second foyer pour les enfants sioux lakota issus des r\u00e9serves du Dakota du Sud . Dans la langue lakota, on parle de \u00ab Thiy\u00f3\u0161paye \u00bb ou de \u00ab famille \u00e9largie \u00bb. \u00a0Notre \u00e9cole est une \u00ab Thiy\u00f3\u0161paye \u00bb pour ces \u00e9l\u00e8ves lakota. C&rsquo;est un \u00e9tablissement qui comprend une vingtaine des maisons\u00a0 d&rsquo;accueil et une \u00e9cole du CP \u00e0 la Terminale. Chaque ann\u00e9e, l&rsquo;\u00e9cole accueille plus de 200 enfants sioux lakota. Elle offre un environnement stable au sein duquel r\u00e8gnent tendresse et s\u00e9curit\u00e9. Les dons par testament nous permettent de planifier sur le long terme et d&rsquo;offrir \u00e0 l&rsquo;avenir un foyer protecteur \u00e0 davantage d&rsquo;enfants.<\/p>\n<p>Que reste-t-il de moi et de ce que j&rsquo;estime essentiel dans la vie lorsque je ne suis plus l\u00e0\u00a0? Nombreuses sont les personnes qui souhaitent que leur \u0153uvre d\u00e9ploie son action bienfaisante m\u00eame apr\u00e8s leur mort. C&rsquo;est pourquoi il n&rsquo;est jamais trop t\u00f4t pour faire son testament. Car la personne qui a correctement \u00e9tabli ses derni\u00e8res volont\u00e9s peut \u00eatre s\u00fbre qu&rsquo;elle aura agi comme bon lui semble jusqu&rsquo;\u00e0 sa mort et bien au-del\u00e0.<\/p>\n<p><strong>Votre testament vous permet d&rsquo;offrir un avenir aux enfants<\/strong><\/p>\n<p><img loading=\"lazy\" decoding=\"async\" class=\"alignnone wp-image-4611 size-full\" src=\"https:\/\/stjosephdudakota.fr\/wp-content\/uploads\/\/2018\/08\/wir_helfen.jpg\" alt=\"\" width=\"640\" height=\"427\" srcset=\"https:\/\/stjosefs.wpdev.go2people.nl\/wp-content\/uploads\/2018\/08\/wir_helfen.jpg 640w, https:\/\/stjosefs.wpdev.go2people.nl\/wp-content\/uploads\/2018\/08\/wir_helfen-300x200.jpg 300w\" sizes=\"auto, (max-width: 640px) 100vw, 640px\" \/><\/p>\n<p>Chaque succession, qu\u2019elle soit importante ou de moindre envergure, est pour nous un cadeau exceptionnel et pr\u00e9cieux &#8211; le signe manifeste d&rsquo;une estime particuli\u00e8re de notre travail, et d&rsquo;un amour altruiste de son prochain, qui perdure au-del\u00e0 de la mort. Votre legs vous donne la possibilit\u00e9 d&rsquo;instituer ces enfants h\u00e9ritiers et de leur proposer un brillant avenir.<\/p>\n<p>&nbsp;<\/p>\n<p><img loading=\"lazy\" decoding=\"async\" class=\"alignnone wp-image-4613 size-full\" src=\"https:\/\/stjosephdudakota.fr\/wp-content\/uploads\/\/2018\/08\/spende.jpg\" alt=\"\" width=\"640\" height=\"428\" srcset=\"https:\/\/stjosefs.wpdev.go2people.nl\/wp-content\/uploads\/2018\/08\/spende.jpg 640w, https:\/\/stjosefs.wpdev.go2people.nl\/wp-content\/uploads\/2018\/08\/spende-300x201.jpg 300w\" sizes=\"auto, (max-width: 640px) 100vw, 640px\" \/><\/p>\n<p>Profitez de ce droit de d\u00e9terminer en toute qui\u00e9tude qui doit h\u00e9riter de vous. Vous b\u00e9n\u00e9ficiez alors de plusieurs avantages. Ce n&rsquo;est que par un testament que vous pouvez transmettre votre propre volont\u00e9 et vous assurer que votre succession sera entre de bonnes mains. Un testament vous offre la tranquillit\u00e9 et l&rsquo;assurance que les personnes qui vous sont ch\u00e8res seront \u00e0 l&rsquo;abri du besoin. Enfin, un testament peut vous assurer de la r\u00e9alisation d&rsquo;une bonne action, au sens o\u00f9 vous l&rsquo;estimez, et que l&rsquo;on se souviendra de votre aide. Voici quelques arguments pour r\u00e9fl\u00e9chir \u00e0 l&rsquo;int\u00e9r\u00eat de faire un testament.<\/p>\n<p><strong><a class=\"button\" href=\"https:\/\/stjosephdudakota.fr\/demande-de-brochure\/testament\/\">ENVOYEZ-MOI LA BROCHURE SUR Les legs<\/a><\/strong><\/p>\n","protected":false},"excerpt":{"rendered":"<p>Aider au-del\u00e0 de votre vie &#8211; un testament peut faire beaucoup Reconnue d&rsquo;int\u00e9r\u00eat g\u00e9n\u00e9ral et financ\u00e9e par des fonds priv\u00e9s, l&rsquo;\u00c9cole indienne St Joseph du&#8230;<\/p>\n","protected":false},"author":2,"featured_media":4604,"parent":0,"menu_order":0,"comment_status":"closed","ping_status":"closed","template":"","meta":{"_acf_changed":false,"footnotes":""},"class_list":["post-4608","page","type-page","status-publish","has-post-thumbnail","hentry"],"acf":[],"yoast_head":"<!-- This site is optimized with the Yoast SEO plugin v27.6 - https:\/\/yoast.com\/product\/yoast-seo-wordpress\/ -->\n<title>Aider par votre testament - St. Josefs Indianer Hilfswerk<\/title>\n<meta name=\"description\" content=\"Aider au-del\u00e0 de votre vie - un testament peut faire beaucoup. ENVOYEZ-MOI LA BROCHURE SUR LA SUCCESSION.\" \/>\n<meta name=\"robots\" content=\"index, follow, max-snippet:-1, max-image-preview:large, max-video-preview:-1\" \/>\n<link rel=\"canonical\" href=\"https:\/\/stjosefs.wpdev.go2people.nl\/fr\/testament\/\" \/>\n<meta property=\"og:locale\" content=\"fr_FR\" \/>\n<meta property=\"og:type\" content=\"article\" \/>\n<meta property=\"og:title\" content=\"Aider au-del\u00e0 de votre vie - un testament peut faire beaucoup\" \/>\n<meta property=\"og:description\" content=\"Officiellement reconnu et financ\u00e9 par des fonds priv\u00e9s, notre \u00e9cole r\u00e9sidentielle pour les enfants sioux Lakotas de toutes les sous-tribus du Dakota du Sud est comme un second foyerloin de la maison. Dans la langue lakota, on parle de \u00ab\u00a0tiyospaye\u00a0\u00bb ou de \u00ab\u00a0famille \u00e9largie\u00a0\u00bb.\" \/>\n<meta property=\"og:url\" content=\"https:\/\/stjosefs.wpdev.go2people.nl\/fr\/testament\/\" \/>\n<meta property=\"og:site_name\" content=\"St. Josefs Indianer Hilfswerk\" \/>\n<meta property=\"article:modified_time\" content=\"2023-01-10T10:55:53+00:00\" \/>\n<meta property=\"og:image\" content=\"https:\/\/stjosefs.wpdev.go2people.nl\/wp-content\/uploads\/2018\/08\/26999885097_d5792ddeec_k-1.jpg\" \/>\n\t<meta property=\"og:image:width\" content=\"2048\" \/>\n\t<meta property=\"og:image:height\" content=\"1365\" \/>\n\t<meta property=\"og:image:type\" content=\"image\/jpeg\" \/>\n<meta name=\"twitter:card\" content=\"summary_large_image\" \/>\n<meta name=\"twitter:label1\" content=\"Dur\u00e9e de lecture estim\u00e9e\" \/>\n\t<meta name=\"twitter:data1\" content=\"3 minutes\" \/>\n<script type=\"application\/ld+json\" class=\"yoast-schema-graph\">{\"@context\":\"https:\\\/\\\/schema.org\",\"@graph\":[{\"@type\":\"WebPage\",\"@id\":\"https:\\\/\\\/stjosefs.wpdev.go2people.nl\\\/fr\\\/testament\\\/\",\"url\":\"https:\\\/\\\/stjosefs.wpdev.go2people.nl\\\/fr\\\/testament\\\/\",\"name\":\"Aider par votre testament - St. Josefs Indianer Hilfswerk\",\"isPartOf\":{\"@id\":\"https:\\\/\\\/stjosefs.wpdev.go2people.nl\\\/#website\"},\"primaryImageOfPage\":{\"@id\":\"https:\\\/\\\/stjosefs.wpdev.go2people.nl\\\/fr\\\/testament\\\/#primaryimage\"},\"image\":{\"@id\":\"https:\\\/\\\/stjosefs.wpdev.go2people.nl\\\/fr\\\/testament\\\/#primaryimage\"},\"thumbnailUrl\":\"https:\\\/\\\/stjosefs.wpdev.go2people.nl\\\/wp-content\\\/uploads\\\/2018\\\/08\\\/26999885097_d5792ddeec_k-e1534149308614.jpg\",\"datePublished\":\"2018-08-13T08:44:59+00:00\",\"dateModified\":\"2023-01-10T10:55:53+00:00\",\"description\":\"Aider au-del\u00e0 de votre vie - un testament peut faire beaucoup. ENVOYEZ-MOI LA BROCHURE SUR LA SUCCESSION.\",\"breadcrumb\":{\"@id\":\"https:\\\/\\\/stjosefs.wpdev.go2people.nl\\\/fr\\\/testament\\\/#breadcrumb\"},\"inLanguage\":\"fr-FR\",\"potentialAction\":[{\"@type\":\"ReadAction\",\"target\":[\"https:\\\/\\\/stjosefs.wpdev.go2people.nl\\\/fr\\\/testament\\\/\"]}]},{\"@type\":\"ImageObject\",\"inLanguage\":\"fr-FR\",\"@id\":\"https:\\\/\\\/stjosefs.wpdev.go2people.nl\\\/fr\\\/testament\\\/#primaryimage\",\"url\":\"https:\\\/\\\/stjosefs.wpdev.go2people.nl\\\/wp-content\\\/uploads\\\/2018\\\/08\\\/26999885097_d5792ddeec_k-e1534149308614.jpg\",\"contentUrl\":\"https:\\\/\\\/stjosefs.wpdev.go2people.nl\\\/wp-content\\\/uploads\\\/2018\\\/08\\\/26999885097_d5792ddeec_k-e1534149308614.jpg\",\"width\":2048,\"height\":834},{\"@type\":\"BreadcrumbList\",\"@id\":\"https:\\\/\\\/stjosefs.wpdev.go2people.nl\\\/fr\\\/testament\\\/#breadcrumb\",\"itemListElement\":[{\"@type\":\"ListItem\",\"position\":1,\"name\":\"Home\",\"item\":\"https:\\\/\\\/stjosefs.wpdev.go2people.nl\\\/fr\\\/\"},{\"@type\":\"ListItem\",\"position\":2,\"name\":\"Aider par votre testament\"}]},{\"@type\":\"WebSite\",\"@id\":\"https:\\\/\\\/stjosefs.wpdev.go2people.nl\\\/#website\",\"url\":\"https:\\\/\\\/stjosefs.wpdev.go2people.nl\\\/\",\"name\":\"St. Josefs Indianer Hilfswerk\",\"description\":\"F\u00fcr eine bessere Zukunft der Ureinwohnerkinder S\u00fcddakotas\",\"potentialAction\":[{\"@type\":\"SearchAction\",\"target\":{\"@type\":\"EntryPoint\",\"urlTemplate\":\"https:\\\/\\\/stjosefs.wpdev.go2people.nl\\\/?s={search_term_string}\"},\"query-input\":{\"@type\":\"PropertyValueSpecification\",\"valueRequired\":true,\"valueName\":\"search_term_string\"}}],\"inLanguage\":\"fr-FR\"}]}<\/script>\n<!-- \/ Yoast SEO plugin. -->","yoast_head_json":{"title":"Aider par votre testament - St. Josefs Indianer Hilfswerk","description":"Aider au-del\u00e0 de votre vie - un testament peut faire beaucoup. ENVOYEZ-MOI LA BROCHURE SUR LA SUCCESSION.","robots":{"index":"index","follow":"follow","max-snippet":"max-snippet:-1","max-image-preview":"max-image-preview:large","max-video-preview":"max-video-preview:-1"},"canonical":"https:\/\/stjosefs.wpdev.go2people.nl\/fr\/testament\/","og_locale":"fr_FR","og_type":"article","og_title":"Aider au-del\u00e0 de votre vie - un testament peut faire beaucoup","og_description":"Officiellement reconnu et financ\u00e9 par des fonds priv\u00e9s, notre \u00e9cole r\u00e9sidentielle pour les enfants sioux Lakotas de toutes les sous-tribus du Dakota du Sud est comme un second foyerloin de la maison. Dans la langue lakota, on parle de \u00ab\u00a0tiyospaye\u00a0\u00bb ou de \u00ab\u00a0famille \u00e9largie\u00a0\u00bb.","og_url":"https:\/\/stjosefs.wpdev.go2people.nl\/fr\/testament\/","og_site_name":"St. Josefs Indianer Hilfswerk","article_modified_time":"2023-01-10T10:55:53+00:00","og_image":[{"width":2048,"height":1365,"url":"https:\/\/stjosefs.wpdev.go2people.nl\/wp-content\/uploads\/2018\/08\/26999885097_d5792ddeec_k-1.jpg","type":"image\/jpeg"}],"twitter_card":"summary_large_image","twitter_misc":{"Dur\u00e9e de lecture estim\u00e9e":"3 minutes"},"schema":{"@context":"https:\/\/schema.org","@graph":[{"@type":"WebPage","@id":"https:\/\/stjosefs.wpdev.go2people.nl\/fr\/testament\/","url":"https:\/\/stjosefs.wpdev.go2people.nl\/fr\/testament\/","name":"Aider par votre testament - St. Josefs Indianer Hilfswerk","isPartOf":{"@id":"https:\/\/stjosefs.wpdev.go2people.nl\/#website"},"primaryImageOfPage":{"@id":"https:\/\/stjosefs.wpdev.go2people.nl\/fr\/testament\/#primaryimage"},"image":{"@id":"https:\/\/stjosefs.wpdev.go2people.nl\/fr\/testament\/#primaryimage"},"thumbnailUrl":"https:\/\/stjosefs.wpdev.go2people.nl\/wp-content\/uploads\/2018\/08\/26999885097_d5792ddeec_k-e1534149308614.jpg","datePublished":"2018-08-13T08:44:59+00:00","dateModified":"2023-01-10T10:55:53+00:00","description":"Aider au-del\u00e0 de votre vie - un testament peut faire beaucoup. ENVOYEZ-MOI LA BROCHURE SUR LA SUCCESSION.","breadcrumb":{"@id":"https:\/\/stjosefs.wpdev.go2people.nl\/fr\/testament\/#breadcrumb"},"inLanguage":"fr-FR","potentialAction":[{"@type":"ReadAction","target":["https:\/\/stjosefs.wpdev.go2people.nl\/fr\/testament\/"]}]},{"@type":"ImageObject","inLanguage":"fr-FR","@id":"https:\/\/stjosefs.wpdev.go2people.nl\/fr\/testament\/#primaryimage","url":"https:\/\/stjosefs.wpdev.go2people.nl\/wp-content\/uploads\/2018\/08\/26999885097_d5792ddeec_k-e1534149308614.jpg","contentUrl":"https:\/\/stjosefs.wpdev.go2people.nl\/wp-content\/uploads\/2018\/08\/26999885097_d5792ddeec_k-e1534149308614.jpg","width":2048,"height":834},{"@type":"BreadcrumbList","@id":"https:\/\/stjosefs.wpdev.go2people.nl\/fr\/testament\/#breadcrumb","itemListElement":[{"@type":"ListItem","position":1,"name":"Home","item":"https:\/\/stjosefs.wpdev.go2people.nl\/fr\/"},{"@type":"ListItem","position":2,"name":"Aider par votre testament"}]},{"@type":"WebSite","@id":"https:\/\/stjosefs.wpdev.go2people.nl\/#website","url":"https:\/\/stjosefs.wpdev.go2people.nl\/","name":"St. Josefs Indianer Hilfswerk","description":"F\u00fcr eine bessere Zukunft der Ureinwohnerkinder S\u00fcddakotas","potentialAction":[{"@type":"SearchAction","target":{"@type":"EntryPoint","urlTemplate":"https:\/\/stjosefs.wpdev.go2people.nl\/?s={search_term_string}"},"query-input":{"@type":"PropertyValueSpecification","valueRequired":true,"valueName":"search_term_string"}}],"inLanguage":"fr-FR"}]}},"_links":{"self":[{"href":"https:\/\/stjosefs.wpdev.go2people.nl\/fr\/wp-json\/wp\/v2\/pages\/4608","targetHints":{"allow":["GET"]}}],"collection":[{"href":"https:\/\/stjosefs.wpdev.go2people.nl\/fr\/wp-json\/wp\/v2\/pages"}],"about":[{"href":"https:\/\/stjosefs.wpdev.go2people.nl\/fr\/wp-json\/wp\/v2\/types\/page"}],"author":[{"embeddable":true,"href":"https:\/\/stjosefs.wpdev.go2people.nl\/fr\/wp-json\/wp\/v2\/users\/2"}],"replies":[{"embeddable":true,"href":"https:\/\/stjosefs.wpdev.go2people.nl\/fr\/wp-json\/wp\/v2\/comments?post=4608"}],"version-history":[{"count":14,"href":"https:\/\/stjosefs.wpdev.go2people.nl\/fr\/wp-json\/wp\/v2\/pages\/4608\/revisions"}],"predecessor-version":[{"id":14283,"href":"https:\/\/stjosefs.wpdev.go2people.nl\/fr\/wp-json\/wp\/v2\/pages\/4608\/revisions\/14283"}],"wp:featuredmedia":[{"embeddable":true,"href":"https:\/\/stjosefs.wpdev.go2people.nl\/fr\/wp-json\/wp\/v2\/media\/4604"}],"wp:attachment":[{"href":"https:\/\/stjosefs.wpdev.go2people.nl\/fr\/wp-json\/wp\/v2\/media?parent=4608"}],"curies":[{"name":"wp","href":"https:\/\/api.w.org\/{rel}","templated":true}]}}