{"id":4534,"date":"2018-08-13T09:42:24","date_gmt":"2018-08-13T07:42:24","guid":{"rendered":"https:\/\/stjosefs.de\/?page_id=4534"},"modified":"2023-01-10T11:39:28","modified_gmt":"2023-01-10T10:39:28","slug":"vie-de-la-lakota","status":"publish","type":"page","link":"https:\/\/stjosefs.wpdev.go2people.nl\/fr\/demande-de-brochure\/vie-de-la-lakota\/","title":{"rendered":"Brochure &#8211; La vie des Lakota"},"content":{"rendered":"<h1>Demandez ici la brochure<br \/>\n\u00ab La vie des Indiens lakota \u00bb<\/h1>\n<p>Les Indiens lakota \u00e9taient par tradition des chasseurs nomades qui se d\u00e9pla\u00e7aient en petits groupes dans les vastes plaines. Ces groupes de chasseurs ou \u00ab bandes \u00bb \u00e9taient d\u00e9sign\u00e9s par les Lakota sous le terme de \u00ab Tiyospaye \u00bb.<\/p>\n<p>&nbsp;<\/p>\n<p><img loading=\"lazy\" decoding=\"async\" class=\"alignnone wp-image-8219 size-medium\" src=\"https:\/\/stjosephdudakota.fr\/wp-content\/uploads\/\/2019\/11\/SJF-Packshot_La-vie-des-Lakota_600x400px-300x200.jpg\" alt=\"La vie des Lakota\" width=\"300\" height=\"200\" srcset=\"https:\/\/stjosefs.wpdev.go2people.nl\/wp-content\/uploads\/2019\/11\/SJF-Packshot_La-vie-des-Lakota_600x400px-300x200.jpg 300w, https:\/\/stjosefs.wpdev.go2people.nl\/wp-content\/uploads\/2019\/11\/SJF-Packshot_La-vie-des-Lakota_600x400px.jpg 600w\" sizes=\"auto, (max-width: 300px) 100vw, 300px\" \/><\/p>\n<p>Cette brochure de 11 pages vous expliquera tout sur la vie des Lakota.<\/p>\n<p><strong>Veuillez remplir le formulaire pour obtenir la brochure gratuitement<\/strong><\/p>\n","protected":false},"excerpt":{"rendered":"<p>Demandez ici la brochure \u00ab La vie des Indiens lakota \u00bb Les Indiens lakota \u00e9taient par tradition des chasseurs nomades qui se d\u00e9pla\u00e7aient en petits&#8230;<\/p>\n","protected":false},"author":2,"featured_media":8210,"parent":2600,"menu_order":0,"comment_status":"closed","ping_status":"closed","template":"page-templates\/page-landingspage.php","meta":{"_acf_changed":false,"footnotes":""},"class_list":["post-4534","page","type-page","status-publish","has-post-thumbnail","hentry"],"acf":[],"yoast_head":"<!-- This site is optimized with the Yoast SEO plugin v27.6 - https:\/\/yoast.com\/product\/yoast-seo-wordpress\/ -->\n<title>Brochure - La vie des Lakota - St. Josefs Indianer Hilfswerk<\/title>\n<meta name=\"description\" content=\"Demandez ici la brochure gratuite \u00ab La vie des Indiens lakota\u00a0\u00bb. Les Indiens lakota \u00e9taient par tradition des chasseurs nomades qui se d\u00e9pla\u00e7aient en petits groupes dans les plaines.\" \/>\n<meta name=\"robots\" content=\"index, follow, max-snippet:-1, max-image-preview:large, max-video-preview:-1\" \/>\n<link rel=\"canonical\" href=\"https:\/\/stjosefs.wpdev.go2people.nl\/fr\/demande-de-brochure\/vie-de-la-lakota\/\" \/>\n<meta property=\"og:locale\" content=\"fr_FR\" \/>\n<meta property=\"og:type\" content=\"article\" \/>\n<meta property=\"og:title\" content=\"Demandez ici la brochure gratuite \u00ab La vie des indiens lakotas\u00a0\u00bb\" \/>\n<meta property=\"og:description\" content=\"Cette brochure de 11\u00a0pages, vous expliquera tout sur la vie des Lakotas. Les indiens lakotas \u00e9taient par tradition des chasseurs nomades qui se d\u00e9pla\u00e7aient en petits groupes dans les plaines.\" \/>\n<meta property=\"og:url\" content=\"https:\/\/stjosefs.wpdev.go2people.nl\/fr\/demande-de-brochure\/vie-de-la-lakota\/\" \/>\n<meta property=\"og:site_name\" content=\"St. Josefs Indianer Hilfswerk\" \/>\n<meta property=\"article:modified_time\" content=\"2023-01-10T10:39:28+00:00\" \/>\n<meta property=\"og:image\" content=\"https:\/\/stjosefs.wpdev.go2people.nl\/wp-content\/uploads\/2018\/08\/shutterstock_782789260-1.jpg\" \/>\n\t<meta property=\"og:image:width\" content=\"4896\" \/>\n\t<meta property=\"og:image:height\" content=\"3264\" \/>\n\t<meta property=\"og:image:type\" content=\"image\/jpeg\" \/>\n<meta name=\"twitter:card\" content=\"summary_large_image\" \/>\n<meta name=\"twitter:label1\" content=\"Dur\u00e9e de lecture estim\u00e9e\" \/>\n\t<meta name=\"twitter:data1\" content=\"1 minute\" \/>\n<script type=\"application\/ld+json\" class=\"yoast-schema-graph\">{\"@context\":\"https:\\\/\\\/schema.org\",\"@graph\":[{\"@type\":\"WebPage\",\"@id\":\"https:\\\/\\\/stjosefs.wpdev.go2people.nl\\\/fr\\\/demande-de-brochure\\\/vie-de-la-lakota\\\/\",\"url\":\"https:\\\/\\\/stjosefs.wpdev.go2people.nl\\\/fr\\\/demande-de-brochure\\\/vie-de-la-lakota\\\/\",\"name\":\"Brochure - La vie des Lakota - St. Josefs Indianer Hilfswerk\",\"isPartOf\":{\"@id\":\"https:\\\/\\\/stjosefs.wpdev.go2people.nl\\\/#website\"},\"primaryImageOfPage\":{\"@id\":\"https:\\\/\\\/stjosefs.wpdev.go2people.nl\\\/fr\\\/demande-de-brochure\\\/vie-de-la-lakota\\\/#primaryimage\"},\"image\":{\"@id\":\"https:\\\/\\\/stjosefs.wpdev.go2people.nl\\\/fr\\\/demande-de-brochure\\\/vie-de-la-lakota\\\/#primaryimage\"},\"thumbnailUrl\":\"https:\\\/\\\/stjosefs.wpdev.go2people.nl\\\/wp-content\\\/uploads\\\/2019\\\/11\\\/SJF-Header-visual_La-vie-des-Lakota_1980x660px.jpg\",\"datePublished\":\"2018-08-13T07:42:24+00:00\",\"dateModified\":\"2023-01-10T10:39:28+00:00\",\"description\":\"Demandez ici la brochure gratuite \u00ab La vie des Indiens lakota\u00a0\u00bb. Les Indiens lakota \u00e9taient par tradition des chasseurs nomades qui se d\u00e9pla\u00e7aient en petits groupes dans les plaines.\",\"breadcrumb\":{\"@id\":\"https:\\\/\\\/stjosefs.wpdev.go2people.nl\\\/fr\\\/demande-de-brochure\\\/vie-de-la-lakota\\\/#breadcrumb\"},\"inLanguage\":\"fr-FR\",\"potentialAction\":[{\"@type\":\"ReadAction\",\"target\":[\"https:\\\/\\\/stjosefs.wpdev.go2people.nl\\\/fr\\\/demande-de-brochure\\\/vie-de-la-lakota\\\/\"]}]},{\"@type\":\"ImageObject\",\"inLanguage\":\"fr-FR\",\"@id\":\"https:\\\/\\\/stjosefs.wpdev.go2people.nl\\\/fr\\\/demande-de-brochure\\\/vie-de-la-lakota\\\/#primaryimage\",\"url\":\"https:\\\/\\\/stjosefs.wpdev.go2people.nl\\\/wp-content\\\/uploads\\\/2019\\\/11\\\/SJF-Header-visual_La-vie-des-Lakota_1980x660px.jpg\",\"contentUrl\":\"https:\\\/\\\/stjosefs.wpdev.go2people.nl\\\/wp-content\\\/uploads\\\/2019\\\/11\\\/SJF-Header-visual_La-vie-des-Lakota_1980x660px.jpg\",\"width\":1980,\"height\":660,\"caption\":\"La vie des Lakota\"},{\"@type\":\"BreadcrumbList\",\"@id\":\"https:\\\/\\\/stjosefs.wpdev.go2people.nl\\\/fr\\\/demande-de-brochure\\\/vie-de-la-lakota\\\/#breadcrumb\",\"itemListElement\":[{\"@type\":\"ListItem\",\"position\":1,\"name\":\"Home\",\"item\":\"https:\\\/\\\/stjosefs.wpdev.go2people.nl\\\/fr\\\/\"},{\"@type\":\"ListItem\",\"position\":2,\"name\":\"Demande de brochure\",\"item\":\"https:\\\/\\\/stjosefs.wpdev.go2people.nl\\\/fr\\\/demande-de-brochure\\\/\"},{\"@type\":\"ListItem\",\"position\":3,\"name\":\"Brochure &#8211; La vie des Lakota\"}]},{\"@type\":\"WebSite\",\"@id\":\"https:\\\/\\\/stjosefs.wpdev.go2people.nl\\\/#website\",\"url\":\"https:\\\/\\\/stjosefs.wpdev.go2people.nl\\\/\",\"name\":\"St. Josefs Indianer Hilfswerk\",\"description\":\"F\u00fcr eine bessere Zukunft der Ureinwohnerkinder S\u00fcddakotas\",\"potentialAction\":[{\"@type\":\"SearchAction\",\"target\":{\"@type\":\"EntryPoint\",\"urlTemplate\":\"https:\\\/\\\/stjosefs.wpdev.go2people.nl\\\/?s={search_term_string}\"},\"query-input\":{\"@type\":\"PropertyValueSpecification\",\"valueRequired\":true,\"valueName\":\"search_term_string\"}}],\"inLanguage\":\"fr-FR\"}]}<\/script>\n<!-- \/ Yoast SEO plugin. -->","yoast_head_json":{"title":"Brochure - La vie des Lakota - St. Josefs Indianer Hilfswerk","description":"Demandez ici la brochure gratuite \u00ab La vie des Indiens lakota\u00a0\u00bb. Les Indiens lakota \u00e9taient par tradition des chasseurs nomades qui se d\u00e9pla\u00e7aient en petits groupes dans les plaines.","robots":{"index":"index","follow":"follow","max-snippet":"max-snippet:-1","max-image-preview":"max-image-preview:large","max-video-preview":"max-video-preview:-1"},"canonical":"https:\/\/stjosefs.wpdev.go2people.nl\/fr\/demande-de-brochure\/vie-de-la-lakota\/","og_locale":"fr_FR","og_type":"article","og_title":"Demandez ici la brochure gratuite \u00ab La vie des indiens lakotas\u00a0\u00bb","og_description":"Cette brochure de 11\u00a0pages, vous expliquera tout sur la vie des Lakotas. Les indiens lakotas \u00e9taient par tradition des chasseurs nomades qui se d\u00e9pla\u00e7aient en petits groupes dans les plaines.","og_url":"https:\/\/stjosefs.wpdev.go2people.nl\/fr\/demande-de-brochure\/vie-de-la-lakota\/","og_site_name":"St. Josefs Indianer Hilfswerk","article_modified_time":"2023-01-10T10:39:28+00:00","og_image":[{"width":4896,"height":3264,"url":"https:\/\/stjosefs.wpdev.go2people.nl\/wp-content\/uploads\/2018\/08\/shutterstock_782789260-1.jpg","type":"image\/jpeg"}],"twitter_card":"summary_large_image","twitter_misc":{"Dur\u00e9e de lecture estim\u00e9e":"1 minute"},"schema":{"@context":"https:\/\/schema.org","@graph":[{"@type":"WebPage","@id":"https:\/\/stjosefs.wpdev.go2people.nl\/fr\/demande-de-brochure\/vie-de-la-lakota\/","url":"https:\/\/stjosefs.wpdev.go2people.nl\/fr\/demande-de-brochure\/vie-de-la-lakota\/","name":"Brochure - La vie des Lakota - St. Josefs Indianer Hilfswerk","isPartOf":{"@id":"https:\/\/stjosefs.wpdev.go2people.nl\/#website"},"primaryImageOfPage":{"@id":"https:\/\/stjosefs.wpdev.go2people.nl\/fr\/demande-de-brochure\/vie-de-la-lakota\/#primaryimage"},"image":{"@id":"https:\/\/stjosefs.wpdev.go2people.nl\/fr\/demande-de-brochure\/vie-de-la-lakota\/#primaryimage"},"thumbnailUrl":"https:\/\/stjosefs.wpdev.go2people.nl\/wp-content\/uploads\/2019\/11\/SJF-Header-visual_La-vie-des-Lakota_1980x660px.jpg","datePublished":"2018-08-13T07:42:24+00:00","dateModified":"2023-01-10T10:39:28+00:00","description":"Demandez ici la brochure gratuite \u00ab La vie des Indiens lakota\u00a0\u00bb. Les Indiens lakota \u00e9taient par tradition des chasseurs nomades qui se d\u00e9pla\u00e7aient en petits groupes dans les plaines.","breadcrumb":{"@id":"https:\/\/stjosefs.wpdev.go2people.nl\/fr\/demande-de-brochure\/vie-de-la-lakota\/#breadcrumb"},"inLanguage":"fr-FR","potentialAction":[{"@type":"ReadAction","target":["https:\/\/stjosefs.wpdev.go2people.nl\/fr\/demande-de-brochure\/vie-de-la-lakota\/"]}]},{"@type":"ImageObject","inLanguage":"fr-FR","@id":"https:\/\/stjosefs.wpdev.go2people.nl\/fr\/demande-de-brochure\/vie-de-la-lakota\/#primaryimage","url":"https:\/\/stjosefs.wpdev.go2people.nl\/wp-content\/uploads\/2019\/11\/SJF-Header-visual_La-vie-des-Lakota_1980x660px.jpg","contentUrl":"https:\/\/stjosefs.wpdev.go2people.nl\/wp-content\/uploads\/2019\/11\/SJF-Header-visual_La-vie-des-Lakota_1980x660px.jpg","width":1980,"height":660,"caption":"La vie des Lakota"},{"@type":"BreadcrumbList","@id":"https:\/\/stjosefs.wpdev.go2people.nl\/fr\/demande-de-brochure\/vie-de-la-lakota\/#breadcrumb","itemListElement":[{"@type":"ListItem","position":1,"name":"Home","item":"https:\/\/stjosefs.wpdev.go2people.nl\/fr\/"},{"@type":"ListItem","position":2,"name":"Demande de brochure","item":"https:\/\/stjosefs.wpdev.go2people.nl\/fr\/demande-de-brochure\/"},{"@type":"ListItem","position":3,"name":"Brochure &#8211; La vie des Lakota"}]},{"@type":"WebSite","@id":"https:\/\/stjosefs.wpdev.go2people.nl\/#website","url":"https:\/\/stjosefs.wpdev.go2people.nl\/","name":"St. Josefs Indianer Hilfswerk","description":"F\u00fcr eine bessere Zukunft der Ureinwohnerkinder S\u00fcddakotas","potentialAction":[{"@type":"SearchAction","target":{"@type":"EntryPoint","urlTemplate":"https:\/\/stjosefs.wpdev.go2people.nl\/?s={search_term_string}"},"query-input":{"@type":"PropertyValueSpecification","valueRequired":true,"valueName":"search_term_string"}}],"inLanguage":"fr-FR"}]}},"_links":{"self":[{"href":"https:\/\/stjosefs.wpdev.go2people.nl\/fr\/wp-json\/wp\/v2\/pages\/4534","targetHints":{"allow":["GET"]}}],"collection":[{"href":"https:\/\/stjosefs.wpdev.go2people.nl\/fr\/wp-json\/wp\/v2\/pages"}],"about":[{"href":"https:\/\/stjosefs.wpdev.go2people.nl\/fr\/wp-json\/wp\/v2\/types\/page"}],"author":[{"embeddable":true,"href":"https:\/\/stjosefs.wpdev.go2people.nl\/fr\/wp-json\/wp\/v2\/users\/2"}],"replies":[{"embeddable":true,"href":"https:\/\/stjosefs.wpdev.go2people.nl\/fr\/wp-json\/wp\/v2\/comments?post=4534"}],"version-history":[{"count":7,"href":"https:\/\/stjosefs.wpdev.go2people.nl\/fr\/wp-json\/wp\/v2\/pages\/4534\/revisions"}],"predecessor-version":[{"id":14274,"href":"https:\/\/stjosefs.wpdev.go2people.nl\/fr\/wp-json\/wp\/v2\/pages\/4534\/revisions\/14274"}],"up":[{"embeddable":true,"href":"https:\/\/stjosefs.wpdev.go2people.nl\/fr\/wp-json\/wp\/v2\/pages\/2600"}],"wp:featuredmedia":[{"embeddable":true,"href":"https:\/\/stjosefs.wpdev.go2people.nl\/fr\/wp-json\/wp\/v2\/media\/8210"}],"wp:attachment":[{"href":"https:\/\/stjosefs.wpdev.go2people.nl\/fr\/wp-json\/wp\/v2\/media?parent=4534"}],"curies":[{"name":"wp","href":"https:\/\/api.w.org\/{rel}","templated":true}]}}