{"id":2720,"date":"2017-01-25T12:15:47","date_gmt":"2017-01-25T11:15:47","guid":{"rendered":"https:\/\/stjosefs.de\/?page_id=2720\/"},"modified":"2022-05-16T12:01:27","modified_gmt":"2022-05-16T10:01:27","slug":"reserves","status":"publish","type":"page","link":"https:\/\/stjosefs.wpdev.go2people.nl\/fr\/nos-enfants\/reserves\/","title":{"rendered":"R\u00e9serves"},"content":{"rendered":"<p>L\u2019\u00e9tat du Dakota du Sud abrite plus de 62 000 Am\u00e9rindiens, dont la plupart vivent dans les <strong><a href=\"\/nouvelles\/reserve-sioux-santee-de-flandreau\/\" target=\"_blank\" rel=\"noopener\">neuf r\u00e9serves que compte le Dakota du Sud<\/a>.<\/strong>\u00a0La majorit\u00e9 de la population am\u00e9rindienne de l\u2019\u00e9tat est affili\u00e9e \u00e0 des groupes tribaux comme Oglala, Sicangu, Santee, Br\u00fbl\u00e9s et autres, couramment connus sous le nom de Sioux. Ce peuple fier et honorable est \u00e9galement nomm\u00e9, selon le dialecte de chaque groupe, Dakota, Lakota ou Nakota.<\/p>\n<p style=\"text-align: center;\"><img loading=\"lazy\" decoding=\"async\" class=\"wp-image-2597 size-large alignnone\" src=\"https:\/\/stjosefs.de\/wp-content\/uploads\/2016\/12\/reseravate_in_south_dakota-1024x621.jpg\" alt=\"reservate_in_south_dakota\" width=\"1024\" height=\"621\" srcset=\"https:\/\/stjosefs.wpdev.go2people.nl\/wp-content\/uploads\/2016\/12\/reseravate_in_south_dakota-1024x621.jpg 1024w, https:\/\/stjosefs.wpdev.go2people.nl\/wp-content\/uploads\/2016\/12\/reseravate_in_south_dakota-300x182.jpg 300w, https:\/\/stjosefs.wpdev.go2people.nl\/wp-content\/uploads\/2016\/12\/reseravate_in_south_dakota-768x466.jpg 768w, https:\/\/stjosefs.wpdev.go2people.nl\/wp-content\/uploads\/2016\/12\/reseravate_in_south_dakota.jpg 1080w\" sizes=\"auto, (max-width: 1024px) 100vw, 1024px\" \/><\/p>\n<h2 style=\"text-align: left;\">Les paysages<\/h2>\n<p style=\"text-align: left;\">Les paysages envo\u00fbtants du Dakota du Sud jouent un r\u00f4le important dans la vie des Dakotas, Lakotas et Nakotas. Chaque tribu a une histoire unique qui les diff\u00e9rencie des autres Nations Sioux.<\/p>\n<p>Lisez plus d&rsquo;informations sur les r\u00e9serves dans le Dakota du Sud <strong><a href=\"\/actualites\/\" target=\"_blank\" rel=\"noopener\">sur notre blog<\/a>.<\/strong><\/p>\n<p>&nbsp;<\/p>\n","protected":false},"excerpt":{"rendered":"<p>L\u2019\u00e9tat du Dakota du Sud abrite plus de 62 000 Am\u00e9rindiens, dont la plupart vivent dans les neuf r\u00e9serves que compte le Dakota du Sud.\u00a0La&#8230;<\/p>\n","protected":false},"author":2,"featured_media":2721,"parent":233,"menu_order":4,"comment_status":"closed","ping_status":"closed","template":"","meta":{"_acf_changed":false,"footnotes":""},"class_list":["post-2720","page","type-page","status-publish","has-post-thumbnail","hentry"],"acf":[],"yoast_head":"<!-- This site is optimized with the Yoast SEO plugin v27.6 - https:\/\/yoast.com\/product\/yoast-seo-wordpress\/ -->\n<title>R\u00e9serves - St. Josefs Indianer Hilfswerk<\/title>\n<meta name=\"robots\" content=\"index, follow, max-snippet:-1, max-image-preview:large, max-video-preview:-1\" \/>\n<link rel=\"canonical\" href=\"https:\/\/stjosefs.wpdev.go2people.nl\/fr\/nos-enfants\/reserves\/\" \/>\n<meta property=\"og:locale\" content=\"fr_FR\" \/>\n<meta property=\"og:type\" content=\"article\" \/>\n<meta property=\"og:title\" content=\"R\u00e9serves - St. Josefs Indianer Hilfswerk\" \/>\n<meta property=\"og:description\" content=\"L\u2019\u00e9tat du Dakota du Sud abrite plus de 62 000 Am\u00e9rindiens, dont la plupart vivent dans les neuf r\u00e9serves que compte le Dakota du Sud.\u00a0La...\" \/>\n<meta property=\"og:url\" content=\"https:\/\/stjosefs.wpdev.go2people.nl\/fr\/nos-enfants\/reserves\/\" \/>\n<meta property=\"og:site_name\" content=\"St. Josefs Indianer Hilfswerk\" \/>\n<meta property=\"article:modified_time\" content=\"2022-05-16T10:01:27+00:00\" \/>\n<meta property=\"og:image\" content=\"https:\/\/stjosefs.wpdev.go2people.nl\/wp-content\/uploads\/2017\/01\/Reserve-1-e1485342805161.jpg\" \/>\n\t<meta property=\"og:image:width\" content=\"4256\" \/>\n\t<meta property=\"og:image:height\" content=\"2021\" \/>\n\t<meta property=\"og:image:type\" content=\"image\/jpeg\" \/>\n<meta name=\"twitter:card\" content=\"summary_large_image\" \/>\n<meta name=\"twitter:label1\" content=\"Dur\u00e9e de lecture estim\u00e9e\" \/>\n\t<meta name=\"twitter:data1\" content=\"1 minute\" \/>\n<script type=\"application\/ld+json\" class=\"yoast-schema-graph\">{\"@context\":\"https:\\\/\\\/schema.org\",\"@graph\":[{\"@type\":\"WebPage\",\"@id\":\"https:\\\/\\\/stjosefs.wpdev.go2people.nl\\\/fr\\\/nos-enfants\\\/reserves\\\/\",\"url\":\"https:\\\/\\\/stjosefs.wpdev.go2people.nl\\\/fr\\\/nos-enfants\\\/reserves\\\/\",\"name\":\"R\u00e9serves - St. Josefs Indianer Hilfswerk\",\"isPartOf\":{\"@id\":\"https:\\\/\\\/stjosefs.wpdev.go2people.nl\\\/#website\"},\"primaryImageOfPage\":{\"@id\":\"https:\\\/\\\/stjosefs.wpdev.go2people.nl\\\/fr\\\/nos-enfants\\\/reserves\\\/#primaryimage\"},\"image\":{\"@id\":\"https:\\\/\\\/stjosefs.wpdev.go2people.nl\\\/fr\\\/nos-enfants\\\/reserves\\\/#primaryimage\"},\"thumbnailUrl\":\"https:\\\/\\\/stjosefs.wpdev.go2people.nl\\\/wp-content\\\/uploads\\\/2017\\\/01\\\/Reserve-1-e1485342805161.jpg\",\"datePublished\":\"2017-01-25T11:15:47+00:00\",\"dateModified\":\"2022-05-16T10:01:27+00:00\",\"breadcrumb\":{\"@id\":\"https:\\\/\\\/stjosefs.wpdev.go2people.nl\\\/fr\\\/nos-enfants\\\/reserves\\\/#breadcrumb\"},\"inLanguage\":\"fr-FR\",\"potentialAction\":[{\"@type\":\"ReadAction\",\"target\":[\"https:\\\/\\\/stjosefs.wpdev.go2people.nl\\\/fr\\\/nos-enfants\\\/reserves\\\/\"]}]},{\"@type\":\"ImageObject\",\"inLanguage\":\"fr-FR\",\"@id\":\"https:\\\/\\\/stjosefs.wpdev.go2people.nl\\\/fr\\\/nos-enfants\\\/reserves\\\/#primaryimage\",\"url\":\"https:\\\/\\\/stjosefs.wpdev.go2people.nl\\\/wp-content\\\/uploads\\\/2017\\\/01\\\/Reserve-1-e1485342805161.jpg\",\"contentUrl\":\"https:\\\/\\\/stjosefs.wpdev.go2people.nl\\\/wp-content\\\/uploads\\\/2017\\\/01\\\/Reserve-1-e1485342805161.jpg\",\"width\":4256,\"height\":2021},{\"@type\":\"BreadcrumbList\",\"@id\":\"https:\\\/\\\/stjosefs.wpdev.go2people.nl\\\/fr\\\/nos-enfants\\\/reserves\\\/#breadcrumb\",\"itemListElement\":[{\"@type\":\"ListItem\",\"position\":1,\"name\":\"Home\",\"item\":\"https:\\\/\\\/stjosefs.wpdev.go2people.nl\\\/fr\\\/\"},{\"@type\":\"ListItem\",\"position\":2,\"name\":\"Les enfants\",\"item\":\"https:\\\/\\\/stjosefs.wpdev.go2people.nl\\\/fr\\\/nos-enfants\\\/\"},{\"@type\":\"ListItem\",\"position\":3,\"name\":\"R\u00e9serves\"}]},{\"@type\":\"WebSite\",\"@id\":\"https:\\\/\\\/stjosefs.wpdev.go2people.nl\\\/#website\",\"url\":\"https:\\\/\\\/stjosefs.wpdev.go2people.nl\\\/\",\"name\":\"St. Josefs Indianer Hilfswerk\",\"description\":\"F\u00fcr eine bessere Zukunft der Ureinwohnerkinder S\u00fcddakotas\",\"potentialAction\":[{\"@type\":\"SearchAction\",\"target\":{\"@type\":\"EntryPoint\",\"urlTemplate\":\"https:\\\/\\\/stjosefs.wpdev.go2people.nl\\\/?s={search_term_string}\"},\"query-input\":{\"@type\":\"PropertyValueSpecification\",\"valueRequired\":true,\"valueName\":\"search_term_string\"}}],\"inLanguage\":\"fr-FR\"}]}<\/script>\n<!-- \/ Yoast SEO plugin. -->","yoast_head_json":{"title":"R\u00e9serves - St. Josefs Indianer Hilfswerk","robots":{"index":"index","follow":"follow","max-snippet":"max-snippet:-1","max-image-preview":"max-image-preview:large","max-video-preview":"max-video-preview:-1"},"canonical":"https:\/\/stjosefs.wpdev.go2people.nl\/fr\/nos-enfants\/reserves\/","og_locale":"fr_FR","og_type":"article","og_title":"R\u00e9serves - St. Josefs Indianer Hilfswerk","og_description":"L\u2019\u00e9tat du Dakota du Sud abrite plus de 62 000 Am\u00e9rindiens, dont la plupart vivent dans les neuf r\u00e9serves que compte le Dakota du Sud.\u00a0La...","og_url":"https:\/\/stjosefs.wpdev.go2people.nl\/fr\/nos-enfants\/reserves\/","og_site_name":"St. Josefs Indianer Hilfswerk","article_modified_time":"2022-05-16T10:01:27+00:00","og_image":[{"width":4256,"height":2021,"url":"https:\/\/stjosefs.wpdev.go2people.nl\/wp-content\/uploads\/2017\/01\/Reserve-1-e1485342805161.jpg","type":"image\/jpeg"}],"twitter_card":"summary_large_image","twitter_misc":{"Dur\u00e9e de lecture estim\u00e9e":"1 minute"},"schema":{"@context":"https:\/\/schema.org","@graph":[{"@type":"WebPage","@id":"https:\/\/stjosefs.wpdev.go2people.nl\/fr\/nos-enfants\/reserves\/","url":"https:\/\/stjosefs.wpdev.go2people.nl\/fr\/nos-enfants\/reserves\/","name":"R\u00e9serves - St. Josefs Indianer Hilfswerk","isPartOf":{"@id":"https:\/\/stjosefs.wpdev.go2people.nl\/#website"},"primaryImageOfPage":{"@id":"https:\/\/stjosefs.wpdev.go2people.nl\/fr\/nos-enfants\/reserves\/#primaryimage"},"image":{"@id":"https:\/\/stjosefs.wpdev.go2people.nl\/fr\/nos-enfants\/reserves\/#primaryimage"},"thumbnailUrl":"https:\/\/stjosefs.wpdev.go2people.nl\/wp-content\/uploads\/2017\/01\/Reserve-1-e1485342805161.jpg","datePublished":"2017-01-25T11:15:47+00:00","dateModified":"2022-05-16T10:01:27+00:00","breadcrumb":{"@id":"https:\/\/stjosefs.wpdev.go2people.nl\/fr\/nos-enfants\/reserves\/#breadcrumb"},"inLanguage":"fr-FR","potentialAction":[{"@type":"ReadAction","target":["https:\/\/stjosefs.wpdev.go2people.nl\/fr\/nos-enfants\/reserves\/"]}]},{"@type":"ImageObject","inLanguage":"fr-FR","@id":"https:\/\/stjosefs.wpdev.go2people.nl\/fr\/nos-enfants\/reserves\/#primaryimage","url":"https:\/\/stjosefs.wpdev.go2people.nl\/wp-content\/uploads\/2017\/01\/Reserve-1-e1485342805161.jpg","contentUrl":"https:\/\/stjosefs.wpdev.go2people.nl\/wp-content\/uploads\/2017\/01\/Reserve-1-e1485342805161.jpg","width":4256,"height":2021},{"@type":"BreadcrumbList","@id":"https:\/\/stjosefs.wpdev.go2people.nl\/fr\/nos-enfants\/reserves\/#breadcrumb","itemListElement":[{"@type":"ListItem","position":1,"name":"Home","item":"https:\/\/stjosefs.wpdev.go2people.nl\/fr\/"},{"@type":"ListItem","position":2,"name":"Les enfants","item":"https:\/\/stjosefs.wpdev.go2people.nl\/fr\/nos-enfants\/"},{"@type":"ListItem","position":3,"name":"R\u00e9serves"}]},{"@type":"WebSite","@id":"https:\/\/stjosefs.wpdev.go2people.nl\/#website","url":"https:\/\/stjosefs.wpdev.go2people.nl\/","name":"St. Josefs Indianer Hilfswerk","description":"F\u00fcr eine bessere Zukunft der Ureinwohnerkinder S\u00fcddakotas","potentialAction":[{"@type":"SearchAction","target":{"@type":"EntryPoint","urlTemplate":"https:\/\/stjosefs.wpdev.go2people.nl\/?s={search_term_string}"},"query-input":{"@type":"PropertyValueSpecification","valueRequired":true,"valueName":"search_term_string"}}],"inLanguage":"fr-FR"}]}},"_links":{"self":[{"href":"https:\/\/stjosefs.wpdev.go2people.nl\/fr\/wp-json\/wp\/v2\/pages\/2720","targetHints":{"allow":["GET"]}}],"collection":[{"href":"https:\/\/stjosefs.wpdev.go2people.nl\/fr\/wp-json\/wp\/v2\/pages"}],"about":[{"href":"https:\/\/stjosefs.wpdev.go2people.nl\/fr\/wp-json\/wp\/v2\/types\/page"}],"author":[{"embeddable":true,"href":"https:\/\/stjosefs.wpdev.go2people.nl\/fr\/wp-json\/wp\/v2\/users\/2"}],"replies":[{"embeddable":true,"href":"https:\/\/stjosefs.wpdev.go2people.nl\/fr\/wp-json\/wp\/v2\/comments?post=2720"}],"version-history":[{"count":10,"href":"https:\/\/stjosefs.wpdev.go2people.nl\/fr\/wp-json\/wp\/v2\/pages\/2720\/revisions"}],"predecessor-version":[{"id":13012,"href":"https:\/\/stjosefs.wpdev.go2people.nl\/fr\/wp-json\/wp\/v2\/pages\/2720\/revisions\/13012"}],"up":[{"embeddable":true,"href":"https:\/\/stjosefs.wpdev.go2people.nl\/fr\/wp-json\/wp\/v2\/pages\/233"}],"wp:featuredmedia":[{"embeddable":true,"href":"https:\/\/stjosefs.wpdev.go2people.nl\/fr\/wp-json\/wp\/v2\/media\/2721"}],"wp:attachment":[{"href":"https:\/\/stjosefs.wpdev.go2people.nl\/fr\/wp-json\/wp\/v2\/media?parent=2720"}],"curies":[{"name":"wp","href":"https:\/\/api.w.org\/{rel}","templated":true}]}}