{"id":2707,"date":"2017-01-25T11:08:25","date_gmt":"2017-01-25T10:08:25","guid":{"rendered":"https:\/\/stjosefs.de\/?page_id=2707\/"},"modified":"2021-09-30T11:16:53","modified_gmt":"2021-09-30T09:16:53","slug":"la-lecon-de-la-plume","status":"publish","type":"page","link":"https:\/\/stjosefs.wpdev.go2people.nl\/fr\/demande-de-brochure\/la-lecon-de-la-plume\/","title":{"rendered":"Brochure &#8211; La Le\u00e7on de la plume"},"content":{"rendered":"<h1>La Le\u00e7on de la plume: \u00e0 lire et \u00e0 \u00e9couter<\/h1>\n<p>Une histoire \u00e9crite par Cal Thunder Hawk, auteur lakota originaire de la r\u00e9serve de Rosebud, dans le Dakota du Sud.<\/p>\n<p>Disponible \u00e9galement en version audio, gr\u00e2ce \u00e0 M Pascal Michel, donateur de l&rsquo;association. D\u00e9couvrez ce conte captivant, pour le plus grand plaisir des petits et des grands ! <img loading=\"lazy\" decoding=\"async\" class=\"aligncenter wp-image-11290\" src=\"https:\/\/stjosephdudakota.fr\/wp-content\/uploads\/\/2021\/09\/The-lesson-of-the-feather-213x300.png\" alt=\"\" width=\"300\" height=\"423\" srcset=\"https:\/\/stjosefs.wpdev.go2people.nl\/wp-content\/uploads\/2021\/09\/The-lesson-of-the-feather-213x300.png 213w, https:\/\/stjosefs.wpdev.go2people.nl\/wp-content\/uploads\/2021\/09\/The-lesson-of-the-feather.png 588w\" sizes=\"auto, (max-width: 300px) 100vw, 300px\" \/><\/p>\n<p>&nbsp;<\/p>\n","protected":false},"excerpt":{"rendered":"<p>La Le\u00e7on de la plume: \u00e0 lire et \u00e0 \u00e9couter Une histoire \u00e9crite par Cal Thunder Hawk, auteur lakota originaire de la r\u00e9serve de Rosebud,&#8230;<\/p>\n","protected":false},"author":2,"featured_media":2713,"parent":2600,"menu_order":0,"comment_status":"closed","ping_status":"closed","template":"page-templates\/page-landingspage.php","meta":{"_acf_changed":false,"footnotes":""},"class_list":["post-2707","page","type-page","status-publish","has-post-thumbnail","hentry"],"acf":[],"yoast_head":"<!-- This site is optimized with the Yoast SEO plugin v27.6 - https:\/\/yoast.com\/product\/yoast-seo-wordpress\/ -->\n<title>Brochure - La Le\u00e7on de la plume - St. Josefs Indianer Hilfswerk<\/title>\n<meta name=\"robots\" content=\"index, follow, max-snippet:-1, max-image-preview:large, max-video-preview:-1\" \/>\n<link rel=\"canonical\" href=\"https:\/\/stjosefs.wpdev.go2people.nl\/fr\/demande-de-brochure\/la-lecon-de-la-plume\/\" \/>\n<meta property=\"og:locale\" content=\"fr_FR\" \/>\n<meta property=\"og:type\" content=\"article\" \/>\n<meta property=\"og:title\" content=\"Brochure - La Le\u00e7on de la plume - St. Josefs Indianer Hilfswerk\" \/>\n<meta property=\"og:description\" content=\"La Le\u00e7on de la plume: \u00e0 lire et \u00e0 \u00e9couter Une histoire \u00e9crite par Cal Thunder Hawk, auteur lakota originaire de la r\u00e9serve de Rosebud,...\" \/>\n<meta property=\"og:url\" content=\"https:\/\/stjosefs.wpdev.go2people.nl\/fr\/demande-de-brochure\/la-lecon-de-la-plume\/\" \/>\n<meta property=\"og:site_name\" content=\"St. Josefs Indianer Hilfswerk\" \/>\n<meta property=\"article:modified_time\" content=\"2021-09-30T09:16:53+00:00\" \/>\n<meta property=\"og:image\" content=\"https:\/\/stjosefs.wpdev.go2people.nl\/wp-content\/uploads\/2017\/01\/La-Le\u00e7on-de-la-plume-1024x683.jpg\" \/>\n\t<meta property=\"og:image:width\" content=\"1024\" \/>\n\t<meta property=\"og:image:height\" content=\"683\" \/>\n\t<meta property=\"og:image:type\" content=\"image\/jpeg\" \/>\n<meta name=\"twitter:card\" content=\"summary_large_image\" \/>\n<meta name=\"twitter:label1\" content=\"Dur\u00e9e de lecture estim\u00e9e\" \/>\n\t<meta name=\"twitter:data1\" content=\"1 minute\" \/>\n<script type=\"application\/ld+json\" class=\"yoast-schema-graph\">{\"@context\":\"https:\\\/\\\/schema.org\",\"@graph\":[{\"@type\":\"WebPage\",\"@id\":\"https:\\\/\\\/stjosefs.wpdev.go2people.nl\\\/fr\\\/demande-de-brochure\\\/la-lecon-de-la-plume\\\/\",\"url\":\"https:\\\/\\\/stjosefs.wpdev.go2people.nl\\\/fr\\\/demande-de-brochure\\\/la-lecon-de-la-plume\\\/\",\"name\":\"Brochure - La Le\u00e7on de la plume - St. Josefs Indianer Hilfswerk\",\"isPartOf\":{\"@id\":\"https:\\\/\\\/stjosefs.wpdev.go2people.nl\\\/#website\"},\"primaryImageOfPage\":{\"@id\":\"https:\\\/\\\/stjosefs.wpdev.go2people.nl\\\/fr\\\/demande-de-brochure\\\/la-lecon-de-la-plume\\\/#primaryimage\"},\"image\":{\"@id\":\"https:\\\/\\\/stjosefs.wpdev.go2people.nl\\\/fr\\\/demande-de-brochure\\\/la-lecon-de-la-plume\\\/#primaryimage\"},\"thumbnailUrl\":\"https:\\\/\\\/stjosefs.wpdev.go2people.nl\\\/wp-content\\\/uploads\\\/2017\\\/01\\\/La-Le\u00e7on-de-la-plume.jpg\",\"datePublished\":\"2017-01-25T10:08:25+00:00\",\"dateModified\":\"2021-09-30T09:16:53+00:00\",\"breadcrumb\":{\"@id\":\"https:\\\/\\\/stjosefs.wpdev.go2people.nl\\\/fr\\\/demande-de-brochure\\\/la-lecon-de-la-plume\\\/#breadcrumb\"},\"inLanguage\":\"fr-FR\",\"potentialAction\":[{\"@type\":\"ReadAction\",\"target\":[\"https:\\\/\\\/stjosefs.wpdev.go2people.nl\\\/fr\\\/demande-de-brochure\\\/la-lecon-de-la-plume\\\/\"]}]},{\"@type\":\"ImageObject\",\"inLanguage\":\"fr-FR\",\"@id\":\"https:\\\/\\\/stjosefs.wpdev.go2people.nl\\\/fr\\\/demande-de-brochure\\\/la-lecon-de-la-plume\\\/#primaryimage\",\"url\":\"https:\\\/\\\/stjosefs.wpdev.go2people.nl\\\/wp-content\\\/uploads\\\/2017\\\/01\\\/La-Le\u00e7on-de-la-plume.jpg\",\"contentUrl\":\"https:\\\/\\\/stjosefs.wpdev.go2people.nl\\\/wp-content\\\/uploads\\\/2017\\\/01\\\/La-Le\u00e7on-de-la-plume.jpg\",\"width\":5000,\"height\":3333},{\"@type\":\"BreadcrumbList\",\"@id\":\"https:\\\/\\\/stjosefs.wpdev.go2people.nl\\\/fr\\\/demande-de-brochure\\\/la-lecon-de-la-plume\\\/#breadcrumb\",\"itemListElement\":[{\"@type\":\"ListItem\",\"position\":1,\"name\":\"Home\",\"item\":\"https:\\\/\\\/stjosefs.wpdev.go2people.nl\\\/fr\\\/\"},{\"@type\":\"ListItem\",\"position\":2,\"name\":\"Demande de brochure\",\"item\":\"https:\\\/\\\/stjosefs.wpdev.go2people.nl\\\/fr\\\/demande-de-brochure\\\/\"},{\"@type\":\"ListItem\",\"position\":3,\"name\":\"Brochure &#8211; La Le\u00e7on de la plume\"}]},{\"@type\":\"WebSite\",\"@id\":\"https:\\\/\\\/stjosefs.wpdev.go2people.nl\\\/#website\",\"url\":\"https:\\\/\\\/stjosefs.wpdev.go2people.nl\\\/\",\"name\":\"St. Josefs Indianer Hilfswerk\",\"description\":\"F\u00fcr eine bessere Zukunft der Ureinwohnerkinder S\u00fcddakotas\",\"potentialAction\":[{\"@type\":\"SearchAction\",\"target\":{\"@type\":\"EntryPoint\",\"urlTemplate\":\"https:\\\/\\\/stjosefs.wpdev.go2people.nl\\\/?s={search_term_string}\"},\"query-input\":{\"@type\":\"PropertyValueSpecification\",\"valueRequired\":true,\"valueName\":\"search_term_string\"}}],\"inLanguage\":\"fr-FR\"}]}<\/script>\n<!-- \/ Yoast SEO plugin. -->","yoast_head_json":{"title":"Brochure - La Le\u00e7on de la plume - St. Josefs Indianer Hilfswerk","robots":{"index":"index","follow":"follow","max-snippet":"max-snippet:-1","max-image-preview":"max-image-preview:large","max-video-preview":"max-video-preview:-1"},"canonical":"https:\/\/stjosefs.wpdev.go2people.nl\/fr\/demande-de-brochure\/la-lecon-de-la-plume\/","og_locale":"fr_FR","og_type":"article","og_title":"Brochure - La Le\u00e7on de la plume - St. Josefs Indianer Hilfswerk","og_description":"La Le\u00e7on de la plume: \u00e0 lire et \u00e0 \u00e9couter Une histoire \u00e9crite par Cal Thunder Hawk, auteur lakota originaire de la r\u00e9serve de Rosebud,...","og_url":"https:\/\/stjosefs.wpdev.go2people.nl\/fr\/demande-de-brochure\/la-lecon-de-la-plume\/","og_site_name":"St. Josefs Indianer Hilfswerk","article_modified_time":"2021-09-30T09:16:53+00:00","og_image":[{"width":1024,"height":683,"url":"https:\/\/stjosefs.wpdev.go2people.nl\/wp-content\/uploads\/2017\/01\/La-Le\u00e7on-de-la-plume-1024x683.jpg","type":"image\/jpeg"}],"twitter_card":"summary_large_image","twitter_misc":{"Dur\u00e9e de lecture estim\u00e9e":"1 minute"},"schema":{"@context":"https:\/\/schema.org","@graph":[{"@type":"WebPage","@id":"https:\/\/stjosefs.wpdev.go2people.nl\/fr\/demande-de-brochure\/la-lecon-de-la-plume\/","url":"https:\/\/stjosefs.wpdev.go2people.nl\/fr\/demande-de-brochure\/la-lecon-de-la-plume\/","name":"Brochure - La Le\u00e7on de la plume - St. Josefs Indianer Hilfswerk","isPartOf":{"@id":"https:\/\/stjosefs.wpdev.go2people.nl\/#website"},"primaryImageOfPage":{"@id":"https:\/\/stjosefs.wpdev.go2people.nl\/fr\/demande-de-brochure\/la-lecon-de-la-plume\/#primaryimage"},"image":{"@id":"https:\/\/stjosefs.wpdev.go2people.nl\/fr\/demande-de-brochure\/la-lecon-de-la-plume\/#primaryimage"},"thumbnailUrl":"https:\/\/stjosefs.wpdev.go2people.nl\/wp-content\/uploads\/2017\/01\/La-Le\u00e7on-de-la-plume.jpg","datePublished":"2017-01-25T10:08:25+00:00","dateModified":"2021-09-30T09:16:53+00:00","breadcrumb":{"@id":"https:\/\/stjosefs.wpdev.go2people.nl\/fr\/demande-de-brochure\/la-lecon-de-la-plume\/#breadcrumb"},"inLanguage":"fr-FR","potentialAction":[{"@type":"ReadAction","target":["https:\/\/stjosefs.wpdev.go2people.nl\/fr\/demande-de-brochure\/la-lecon-de-la-plume\/"]}]},{"@type":"ImageObject","inLanguage":"fr-FR","@id":"https:\/\/stjosefs.wpdev.go2people.nl\/fr\/demande-de-brochure\/la-lecon-de-la-plume\/#primaryimage","url":"https:\/\/stjosefs.wpdev.go2people.nl\/wp-content\/uploads\/2017\/01\/La-Le\u00e7on-de-la-plume.jpg","contentUrl":"https:\/\/stjosefs.wpdev.go2people.nl\/wp-content\/uploads\/2017\/01\/La-Le\u00e7on-de-la-plume.jpg","width":5000,"height":3333},{"@type":"BreadcrumbList","@id":"https:\/\/stjosefs.wpdev.go2people.nl\/fr\/demande-de-brochure\/la-lecon-de-la-plume\/#breadcrumb","itemListElement":[{"@type":"ListItem","position":1,"name":"Home","item":"https:\/\/stjosefs.wpdev.go2people.nl\/fr\/"},{"@type":"ListItem","position":2,"name":"Demande de brochure","item":"https:\/\/stjosefs.wpdev.go2people.nl\/fr\/demande-de-brochure\/"},{"@type":"ListItem","position":3,"name":"Brochure &#8211; La Le\u00e7on de la plume"}]},{"@type":"WebSite","@id":"https:\/\/stjosefs.wpdev.go2people.nl\/#website","url":"https:\/\/stjosefs.wpdev.go2people.nl\/","name":"St. Josefs Indianer Hilfswerk","description":"F\u00fcr eine bessere Zukunft der Ureinwohnerkinder S\u00fcddakotas","potentialAction":[{"@type":"SearchAction","target":{"@type":"EntryPoint","urlTemplate":"https:\/\/stjosefs.wpdev.go2people.nl\/?s={search_term_string}"},"query-input":{"@type":"PropertyValueSpecification","valueRequired":true,"valueName":"search_term_string"}}],"inLanguage":"fr-FR"}]}},"_links":{"self":[{"href":"https:\/\/stjosefs.wpdev.go2people.nl\/fr\/wp-json\/wp\/v2\/pages\/2707","targetHints":{"allow":["GET"]}}],"collection":[{"href":"https:\/\/stjosefs.wpdev.go2people.nl\/fr\/wp-json\/wp\/v2\/pages"}],"about":[{"href":"https:\/\/stjosefs.wpdev.go2people.nl\/fr\/wp-json\/wp\/v2\/types\/page"}],"author":[{"embeddable":true,"href":"https:\/\/stjosefs.wpdev.go2people.nl\/fr\/wp-json\/wp\/v2\/users\/2"}],"replies":[{"embeddable":true,"href":"https:\/\/stjosefs.wpdev.go2people.nl\/fr\/wp-json\/wp\/v2\/comments?post=2707"}],"version-history":[{"count":10,"href":"https:\/\/stjosefs.wpdev.go2people.nl\/fr\/wp-json\/wp\/v2\/pages\/2707\/revisions"}],"predecessor-version":[{"id":11294,"href":"https:\/\/stjosefs.wpdev.go2people.nl\/fr\/wp-json\/wp\/v2\/pages\/2707\/revisions\/11294"}],"up":[{"embeddable":true,"href":"https:\/\/stjosefs.wpdev.go2people.nl\/fr\/wp-json\/wp\/v2\/pages\/2600"}],"wp:featuredmedia":[{"embeddable":true,"href":"https:\/\/stjosefs.wpdev.go2people.nl\/fr\/wp-json\/wp\/v2\/media\/2713"}],"wp:attachment":[{"href":"https:\/\/stjosefs.wpdev.go2people.nl\/fr\/wp-json\/wp\/v2\/media?parent=2707"}],"curies":[{"name":"wp","href":"https:\/\/api.w.org\/{rel}","templated":true}]}}