{"id":2695,"date":"2017-01-25T10:21:51","date_gmt":"2017-01-25T09:21:51","guid":{"rendered":"https:\/\/stjosefs.de\/?page_id=2695\/"},"modified":"2023-01-10T11:51:32","modified_gmt":"2023-01-10T10:51:32","slug":"ce-que-nous-avons-realise","status":"publish","type":"page","link":"https:\/\/stjosefs.wpdev.go2people.nl\/fr\/demande-de-brochure\/ce-que-nous-avons-realise\/","title":{"rendered":"Brochure &#8211; Ce que nous avons r\u00e9alis\u00e9"},"content":{"rendered":"<h1>Demande de brochure \u00ab\u00a0<span class=\"blue\">Ce que nous avons r\u00e9alis\u00e9 <\/span> \u00bb<\/h1>\n<p>En 1923, le P\u00e8re Heinrich Hogebach, membre de la congr\u00e9gation fran\u00e7aise du Sacr\u00e9 Coeur de J\u00e9sus, partit aux \u00c9tats-Unis afin de r\u00e9colter des fonds pour sa congr\u00e9gation. Aujourd\u2019hui, gr\u00e2ce \u00e0 vous, le r\u00eave du P\u00e8re Hogebach continue d\u2019exister.<\/p>\n<p><img loading=\"lazy\" decoding=\"async\" class=\"size-medium wp-image-2696 alignleft\" src=\"https:\/\/stjosefs.de\/wp-content\/uploads\/2017\/01\/brochure-nous-avons-realise-300x200.jpg\" alt=\"\" width=\"300\" height=\"200\" \/><\/p>\n","protected":false},"excerpt":{"rendered":"<p>Demande de brochure \u00ab\u00a0Ce que nous avons r\u00e9alis\u00e9 \u00bb En 1923, le P\u00e8re Heinrich Hogebach, membre de la congr\u00e9gation fran\u00e7aise du Sacr\u00e9 Coeur de J\u00e9sus,&#8230;<\/p>\n","protected":false},"author":2,"featured_media":5176,"parent":2600,"menu_order":0,"comment_status":"closed","ping_status":"closed","template":"page-templates\/page-landingspage.php","meta":{"_acf_changed":false,"footnotes":""},"class_list":["post-2695","page","type-page","status-publish","has-post-thumbnail","hentry"],"acf":[],"yoast_head":"<!-- This site is optimized with the Yoast SEO plugin v27.6 - https:\/\/yoast.com\/product\/yoast-seo-wordpress\/ -->\n<title>Brochure - Ce que nous avons r\u00e9alis\u00e9 - St. Josefs Indianer Hilfswerk<\/title>\n<meta name=\"robots\" content=\"index, follow, max-snippet:-1, max-image-preview:large, max-video-preview:-1\" \/>\n<link rel=\"canonical\" href=\"https:\/\/stjosefs.wpdev.go2people.nl\/fr\/demande-de-brochure\/ce-que-nous-avons-realise\/\" \/>\n<meta property=\"og:locale\" content=\"fr_FR\" \/>\n<meta property=\"og:type\" content=\"article\" \/>\n<meta property=\"og:title\" content=\"Brochure - Ce que nous avons r\u00e9alis\u00e9 - St. Josefs Indianer Hilfswerk\" \/>\n<meta property=\"og:description\" content=\"Demande de brochure \u00ab\u00a0Ce que nous avons r\u00e9alis\u00e9 \u00bb En 1923, le P\u00e8re Heinrich Hogebach, membre de la congr\u00e9gation fran\u00e7aise du Sacr\u00e9 Coeur de J\u00e9sus,...\" \/>\n<meta property=\"og:url\" content=\"https:\/\/stjosefs.wpdev.go2people.nl\/fr\/demande-de-brochure\/ce-que-nous-avons-realise\/\" \/>\n<meta property=\"og:site_name\" content=\"St. Josefs Indianer Hilfswerk\" \/>\n<meta property=\"article:modified_time\" content=\"2023-01-10T10:51:32+00:00\" \/>\n<meta property=\"og:image\" content=\"https:\/\/stjosefs.wpdev.go2people.nl\/wp-content\/uploads\/2016\/12\/Nous-avons-realise.jpg\" \/>\n\t<meta property=\"og:image:width\" content=\"858\" \/>\n\t<meta property=\"og:image:height\" content=\"575\" \/>\n\t<meta property=\"og:image:type\" content=\"image\/jpeg\" \/>\n<meta name=\"twitter:card\" content=\"summary_large_image\" \/>\n<meta name=\"twitter:label1\" content=\"Dur\u00e9e de lecture estim\u00e9e\" \/>\n\t<meta name=\"twitter:data1\" content=\"1 minute\" \/>\n<script type=\"application\/ld+json\" class=\"yoast-schema-graph\">{\"@context\":\"https:\\\/\\\/schema.org\",\"@graph\":[{\"@type\":\"WebPage\",\"@id\":\"https:\\\/\\\/stjosefs.wpdev.go2people.nl\\\/fr\\\/demande-de-brochure\\\/ce-que-nous-avons-realise\\\/\",\"url\":\"https:\\\/\\\/stjosefs.wpdev.go2people.nl\\\/fr\\\/demande-de-brochure\\\/ce-que-nous-avons-realise\\\/\",\"name\":\"Brochure - Ce que nous avons r\u00e9alis\u00e9 - St. Josefs Indianer Hilfswerk\",\"isPartOf\":{\"@id\":\"https:\\\/\\\/stjosefs.wpdev.go2people.nl\\\/#website\"},\"primaryImageOfPage\":{\"@id\":\"https:\\\/\\\/stjosefs.wpdev.go2people.nl\\\/fr\\\/demande-de-brochure\\\/ce-que-nous-avons-realise\\\/#primaryimage\"},\"image\":{\"@id\":\"https:\\\/\\\/stjosefs.wpdev.go2people.nl\\\/fr\\\/demande-de-brochure\\\/ce-que-nous-avons-realise\\\/#primaryimage\"},\"thumbnailUrl\":\"https:\\\/\\\/stjosefs.wpdev.go2people.nl\\\/wp-content\\\/uploads\\\/2016\\\/12\\\/Nous-avons-realise.jpg\",\"datePublished\":\"2017-01-25T09:21:51+00:00\",\"dateModified\":\"2023-01-10T10:51:32+00:00\",\"breadcrumb\":{\"@id\":\"https:\\\/\\\/stjosefs.wpdev.go2people.nl\\\/fr\\\/demande-de-brochure\\\/ce-que-nous-avons-realise\\\/#breadcrumb\"},\"inLanguage\":\"fr-FR\",\"potentialAction\":[{\"@type\":\"ReadAction\",\"target\":[\"https:\\\/\\\/stjosefs.wpdev.go2people.nl\\\/fr\\\/demande-de-brochure\\\/ce-que-nous-avons-realise\\\/\"]}]},{\"@type\":\"ImageObject\",\"inLanguage\":\"fr-FR\",\"@id\":\"https:\\\/\\\/stjosefs.wpdev.go2people.nl\\\/fr\\\/demande-de-brochure\\\/ce-que-nous-avons-realise\\\/#primaryimage\",\"url\":\"https:\\\/\\\/stjosefs.wpdev.go2people.nl\\\/wp-content\\\/uploads\\\/2016\\\/12\\\/Nous-avons-realise.jpg\",\"contentUrl\":\"https:\\\/\\\/stjosefs.wpdev.go2people.nl\\\/wp-content\\\/uploads\\\/2016\\\/12\\\/Nous-avons-realise.jpg\",\"width\":858,\"height\":575},{\"@type\":\"BreadcrumbList\",\"@id\":\"https:\\\/\\\/stjosefs.wpdev.go2people.nl\\\/fr\\\/demande-de-brochure\\\/ce-que-nous-avons-realise\\\/#breadcrumb\",\"itemListElement\":[{\"@type\":\"ListItem\",\"position\":1,\"name\":\"Home\",\"item\":\"https:\\\/\\\/stjosefs.wpdev.go2people.nl\\\/fr\\\/\"},{\"@type\":\"ListItem\",\"position\":2,\"name\":\"Demande de brochure\",\"item\":\"https:\\\/\\\/stjosefs.wpdev.go2people.nl\\\/fr\\\/demande-de-brochure\\\/\"},{\"@type\":\"ListItem\",\"position\":3,\"name\":\"Brochure &#8211; Ce que nous avons r\u00e9alis\u00e9\"}]},{\"@type\":\"WebSite\",\"@id\":\"https:\\\/\\\/stjosefs.wpdev.go2people.nl\\\/#website\",\"url\":\"https:\\\/\\\/stjosefs.wpdev.go2people.nl\\\/\",\"name\":\"St. Josefs Indianer Hilfswerk\",\"description\":\"F\u00fcr eine bessere Zukunft der Ureinwohnerkinder S\u00fcddakotas\",\"potentialAction\":[{\"@type\":\"SearchAction\",\"target\":{\"@type\":\"EntryPoint\",\"urlTemplate\":\"https:\\\/\\\/stjosefs.wpdev.go2people.nl\\\/?s={search_term_string}\"},\"query-input\":{\"@type\":\"PropertyValueSpecification\",\"valueRequired\":true,\"valueName\":\"search_term_string\"}}],\"inLanguage\":\"fr-FR\"}]}<\/script>\n<!-- \/ Yoast SEO plugin. -->","yoast_head_json":{"title":"Brochure - Ce que nous avons r\u00e9alis\u00e9 - St. Josefs Indianer Hilfswerk","robots":{"index":"index","follow":"follow","max-snippet":"max-snippet:-1","max-image-preview":"max-image-preview:large","max-video-preview":"max-video-preview:-1"},"canonical":"https:\/\/stjosefs.wpdev.go2people.nl\/fr\/demande-de-brochure\/ce-que-nous-avons-realise\/","og_locale":"fr_FR","og_type":"article","og_title":"Brochure - Ce que nous avons r\u00e9alis\u00e9 - St. Josefs Indianer Hilfswerk","og_description":"Demande de brochure \u00ab\u00a0Ce que nous avons r\u00e9alis\u00e9 \u00bb En 1923, le P\u00e8re Heinrich Hogebach, membre de la congr\u00e9gation fran\u00e7aise du Sacr\u00e9 Coeur de J\u00e9sus,...","og_url":"https:\/\/stjosefs.wpdev.go2people.nl\/fr\/demande-de-brochure\/ce-que-nous-avons-realise\/","og_site_name":"St. Josefs Indianer Hilfswerk","article_modified_time":"2023-01-10T10:51:32+00:00","og_image":[{"width":858,"height":575,"url":"https:\/\/stjosefs.wpdev.go2people.nl\/wp-content\/uploads\/2016\/12\/Nous-avons-realise.jpg","type":"image\/jpeg"}],"twitter_card":"summary_large_image","twitter_misc":{"Dur\u00e9e de lecture estim\u00e9e":"1 minute"},"schema":{"@context":"https:\/\/schema.org","@graph":[{"@type":"WebPage","@id":"https:\/\/stjosefs.wpdev.go2people.nl\/fr\/demande-de-brochure\/ce-que-nous-avons-realise\/","url":"https:\/\/stjosefs.wpdev.go2people.nl\/fr\/demande-de-brochure\/ce-que-nous-avons-realise\/","name":"Brochure - Ce que nous avons r\u00e9alis\u00e9 - St. Josefs Indianer Hilfswerk","isPartOf":{"@id":"https:\/\/stjosefs.wpdev.go2people.nl\/#website"},"primaryImageOfPage":{"@id":"https:\/\/stjosefs.wpdev.go2people.nl\/fr\/demande-de-brochure\/ce-que-nous-avons-realise\/#primaryimage"},"image":{"@id":"https:\/\/stjosefs.wpdev.go2people.nl\/fr\/demande-de-brochure\/ce-que-nous-avons-realise\/#primaryimage"},"thumbnailUrl":"https:\/\/stjosefs.wpdev.go2people.nl\/wp-content\/uploads\/2016\/12\/Nous-avons-realise.jpg","datePublished":"2017-01-25T09:21:51+00:00","dateModified":"2023-01-10T10:51:32+00:00","breadcrumb":{"@id":"https:\/\/stjosefs.wpdev.go2people.nl\/fr\/demande-de-brochure\/ce-que-nous-avons-realise\/#breadcrumb"},"inLanguage":"fr-FR","potentialAction":[{"@type":"ReadAction","target":["https:\/\/stjosefs.wpdev.go2people.nl\/fr\/demande-de-brochure\/ce-que-nous-avons-realise\/"]}]},{"@type":"ImageObject","inLanguage":"fr-FR","@id":"https:\/\/stjosefs.wpdev.go2people.nl\/fr\/demande-de-brochure\/ce-que-nous-avons-realise\/#primaryimage","url":"https:\/\/stjosefs.wpdev.go2people.nl\/wp-content\/uploads\/2016\/12\/Nous-avons-realise.jpg","contentUrl":"https:\/\/stjosefs.wpdev.go2people.nl\/wp-content\/uploads\/2016\/12\/Nous-avons-realise.jpg","width":858,"height":575},{"@type":"BreadcrumbList","@id":"https:\/\/stjosefs.wpdev.go2people.nl\/fr\/demande-de-brochure\/ce-que-nous-avons-realise\/#breadcrumb","itemListElement":[{"@type":"ListItem","position":1,"name":"Home","item":"https:\/\/stjosefs.wpdev.go2people.nl\/fr\/"},{"@type":"ListItem","position":2,"name":"Demande de brochure","item":"https:\/\/stjosefs.wpdev.go2people.nl\/fr\/demande-de-brochure\/"},{"@type":"ListItem","position":3,"name":"Brochure &#8211; Ce que nous avons r\u00e9alis\u00e9"}]},{"@type":"WebSite","@id":"https:\/\/stjosefs.wpdev.go2people.nl\/#website","url":"https:\/\/stjosefs.wpdev.go2people.nl\/","name":"St. Josefs Indianer Hilfswerk","description":"F\u00fcr eine bessere Zukunft der Ureinwohnerkinder S\u00fcddakotas","potentialAction":[{"@type":"SearchAction","target":{"@type":"EntryPoint","urlTemplate":"https:\/\/stjosefs.wpdev.go2people.nl\/?s={search_term_string}"},"query-input":{"@type":"PropertyValueSpecification","valueRequired":true,"valueName":"search_term_string"}}],"inLanguage":"fr-FR"}]}},"_links":{"self":[{"href":"https:\/\/stjosefs.wpdev.go2people.nl\/fr\/wp-json\/wp\/v2\/pages\/2695","targetHints":{"allow":["GET"]}}],"collection":[{"href":"https:\/\/stjosefs.wpdev.go2people.nl\/fr\/wp-json\/wp\/v2\/pages"}],"about":[{"href":"https:\/\/stjosefs.wpdev.go2people.nl\/fr\/wp-json\/wp\/v2\/types\/page"}],"author":[{"embeddable":true,"href":"https:\/\/stjosefs.wpdev.go2people.nl\/fr\/wp-json\/wp\/v2\/users\/2"}],"replies":[{"embeddable":true,"href":"https:\/\/stjosefs.wpdev.go2people.nl\/fr\/wp-json\/wp\/v2\/comments?post=2695"}],"version-history":[{"count":14,"href":"https:\/\/stjosefs.wpdev.go2people.nl\/fr\/wp-json\/wp\/v2\/pages\/2695\/revisions"}],"predecessor-version":[{"id":14282,"href":"https:\/\/stjosefs.wpdev.go2people.nl\/fr\/wp-json\/wp\/v2\/pages\/2695\/revisions\/14282"}],"up":[{"embeddable":true,"href":"https:\/\/stjosefs.wpdev.go2people.nl\/fr\/wp-json\/wp\/v2\/pages\/2600"}],"wp:featuredmedia":[{"embeddable":true,"href":"https:\/\/stjosefs.wpdev.go2people.nl\/fr\/wp-json\/wp\/v2\/media\/5176"}],"wp:attachment":[{"href":"https:\/\/stjosefs.wpdev.go2people.nl\/fr\/wp-json\/wp\/v2\/media?parent=2695"}],"curies":[{"name":"wp","href":"https:\/\/api.w.org\/{rel}","templated":true}]}}