{"id":2682,"date":"2017-01-25T10:02:16","date_gmt":"2017-01-25T09:02:16","guid":{"rendered":"https:\/\/stjosefs.de\/?page_id=2682\/"},"modified":"2023-01-10T11:43:55","modified_gmt":"2023-01-10T10:43:55","slug":"tout-sur-st-joseph-du-dakota","status":"publish","type":"page","link":"https:\/\/stjosefs.wpdev.go2people.nl\/fr\/demande-de-brochure\/tout-sur-st-joseph-du-dakota\/","title":{"rendered":"Brochure &#8211; Tout sur St Joseph du Dakota"},"content":{"rendered":"<h1>Demande de brochure \u00ab\u00a0Tout sur St Joseph du Dakota\u00a0\u00bb<\/h1>\n<p>Nich\u00e9e sur les rives du Missouri, dans le Dakota du Sud, l\u2019\u00e9cole indienne St Joseph du Dakota a vu de nombreux changements depuis sa cr\u00e9ation en 1927 par le p\u00e8re Hogebach. Ce dernier appartenait \u00e0 la congr\u00e9gation des Pr\u00eatres du Sacr\u00e9-C\u0153ur de J\u00e9sus, fond\u00e9e en 1878 par un pr\u00eatre fran\u00e7ais, L\u00e9on Dehon.<\/p>\n<p><img loading=\"lazy\" decoding=\"async\" class=\"size-medium wp-image-2688 alignleft\" src=\"https:\/\/stjosefs.de\/wp-content\/uploads\/2017\/01\/brochure-tout-sur-stjosephdudakota-2-300x200.jpg\" alt=\"\" width=\"300\" height=\"200\" \/><\/p>\n","protected":false},"excerpt":{"rendered":"<p>Demande de brochure \u00ab\u00a0Tout sur St Joseph du Dakota\u00a0\u00bb Nich\u00e9e sur les rives du Missouri, dans le Dakota du Sud, l\u2019\u00e9cole indienne St Joseph du&#8230;<\/p>\n","protected":false},"author":2,"featured_media":7127,"parent":2600,"menu_order":0,"comment_status":"closed","ping_status":"closed","template":"page-templates\/page-landingspage.php","meta":{"_acf_changed":false,"footnotes":""},"class_list":["post-2682","page","type-page","status-publish","has-post-thumbnail","hentry"],"acf":[],"yoast_head":"<!-- This site is optimized with the Yoast SEO plugin v27.6 - https:\/\/yoast.com\/product\/yoast-seo-wordpress\/ -->\n<title>Brochure - Tout sur St Joseph du Dakota - St. Josefs Indianer Hilfswerk<\/title>\n<meta name=\"robots\" content=\"index, follow, max-snippet:-1, max-image-preview:large, max-video-preview:-1\" \/>\n<link rel=\"canonical\" href=\"https:\/\/stjosefs.wpdev.go2people.nl\/fr\/demande-de-brochure\/tout-sur-st-joseph-du-dakota\/\" \/>\n<meta property=\"og:locale\" content=\"fr_FR\" \/>\n<meta property=\"og:type\" content=\"article\" \/>\n<meta property=\"og:title\" content=\"Brochure - Tout sur St Joseph du Dakota - St. Josefs Indianer Hilfswerk\" \/>\n<meta property=\"og:description\" content=\"Demande de brochure \u00ab\u00a0Tout sur St Joseph du Dakota\u00a0\u00bb Nich\u00e9e sur les rives du Missouri, dans le Dakota du Sud, l\u2019\u00e9cole indienne St Joseph du...\" \/>\n<meta property=\"og:url\" content=\"https:\/\/stjosefs.wpdev.go2people.nl\/fr\/demande-de-brochure\/tout-sur-st-joseph-du-dakota\/\" \/>\n<meta property=\"og:site_name\" content=\"St. Josefs Indianer Hilfswerk\" \/>\n<meta property=\"article:modified_time\" content=\"2023-01-10T10:43:55+00:00\" \/>\n<meta property=\"og:image\" content=\"https:\/\/stjosefs.wpdev.go2people.nl\/wp-content\/uploads\/2019\/05\/44914148784_238434e2c7_o.jpg\" \/>\n\t<meta property=\"og:image:width\" content=\"2592\" \/>\n\t<meta property=\"og:image:height\" content=\"1728\" \/>\n\t<meta property=\"og:image:type\" content=\"image\/jpeg\" \/>\n<meta name=\"twitter:card\" content=\"summary_large_image\" \/>\n<meta name=\"twitter:label1\" content=\"Dur\u00e9e de lecture estim\u00e9e\" \/>\n\t<meta name=\"twitter:data1\" content=\"1 minute\" \/>\n<script type=\"application\/ld+json\" class=\"yoast-schema-graph\">{\"@context\":\"https:\\\/\\\/schema.org\",\"@graph\":[{\"@type\":\"WebPage\",\"@id\":\"https:\\\/\\\/stjosefs.wpdev.go2people.nl\\\/fr\\\/demande-de-brochure\\\/tout-sur-st-joseph-du-dakota\\\/\",\"url\":\"https:\\\/\\\/stjosefs.wpdev.go2people.nl\\\/fr\\\/demande-de-brochure\\\/tout-sur-st-joseph-du-dakota\\\/\",\"name\":\"Brochure - Tout sur St Joseph du Dakota - St. Josefs Indianer Hilfswerk\",\"isPartOf\":{\"@id\":\"https:\\\/\\\/stjosefs.wpdev.go2people.nl\\\/#website\"},\"primaryImageOfPage\":{\"@id\":\"https:\\\/\\\/stjosefs.wpdev.go2people.nl\\\/fr\\\/demande-de-brochure\\\/tout-sur-st-joseph-du-dakota\\\/#primaryimage\"},\"image\":{\"@id\":\"https:\\\/\\\/stjosefs.wpdev.go2people.nl\\\/fr\\\/demande-de-brochure\\\/tout-sur-st-joseph-du-dakota\\\/#primaryimage\"},\"thumbnailUrl\":\"https:\\\/\\\/stjosefs.wpdev.go2people.nl\\\/wp-content\\\/uploads\\\/2019\\\/05\\\/44914148784_238434e2c7_o.jpg\",\"datePublished\":\"2017-01-25T09:02:16+00:00\",\"dateModified\":\"2023-01-10T10:43:55+00:00\",\"breadcrumb\":{\"@id\":\"https:\\\/\\\/stjosefs.wpdev.go2people.nl\\\/fr\\\/demande-de-brochure\\\/tout-sur-st-joseph-du-dakota\\\/#breadcrumb\"},\"inLanguage\":\"fr-FR\",\"potentialAction\":[{\"@type\":\"ReadAction\",\"target\":[\"https:\\\/\\\/stjosefs.wpdev.go2people.nl\\\/fr\\\/demande-de-brochure\\\/tout-sur-st-joseph-du-dakota\\\/\"]}]},{\"@type\":\"ImageObject\",\"inLanguage\":\"fr-FR\",\"@id\":\"https:\\\/\\\/stjosefs.wpdev.go2people.nl\\\/fr\\\/demande-de-brochure\\\/tout-sur-st-joseph-du-dakota\\\/#primaryimage\",\"url\":\"https:\\\/\\\/stjosefs.wpdev.go2people.nl\\\/wp-content\\\/uploads\\\/2019\\\/05\\\/44914148784_238434e2c7_o.jpg\",\"contentUrl\":\"https:\\\/\\\/stjosefs.wpdev.go2people.nl\\\/wp-content\\\/uploads\\\/2019\\\/05\\\/44914148784_238434e2c7_o.jpg\",\"width\":2592,\"height\":1728},{\"@type\":\"BreadcrumbList\",\"@id\":\"https:\\\/\\\/stjosefs.wpdev.go2people.nl\\\/fr\\\/demande-de-brochure\\\/tout-sur-st-joseph-du-dakota\\\/#breadcrumb\",\"itemListElement\":[{\"@type\":\"ListItem\",\"position\":1,\"name\":\"Home\",\"item\":\"https:\\\/\\\/stjosefs.wpdev.go2people.nl\\\/fr\\\/\"},{\"@type\":\"ListItem\",\"position\":2,\"name\":\"Demande de brochure\",\"item\":\"https:\\\/\\\/stjosefs.wpdev.go2people.nl\\\/fr\\\/demande-de-brochure\\\/\"},{\"@type\":\"ListItem\",\"position\":3,\"name\":\"Brochure &#8211; Tout sur St Joseph du Dakota\"}]},{\"@type\":\"WebSite\",\"@id\":\"https:\\\/\\\/stjosefs.wpdev.go2people.nl\\\/#website\",\"url\":\"https:\\\/\\\/stjosefs.wpdev.go2people.nl\\\/\",\"name\":\"St. Josefs Indianer Hilfswerk\",\"description\":\"F\u00fcr eine bessere Zukunft der Ureinwohnerkinder S\u00fcddakotas\",\"potentialAction\":[{\"@type\":\"SearchAction\",\"target\":{\"@type\":\"EntryPoint\",\"urlTemplate\":\"https:\\\/\\\/stjosefs.wpdev.go2people.nl\\\/?s={search_term_string}\"},\"query-input\":{\"@type\":\"PropertyValueSpecification\",\"valueRequired\":true,\"valueName\":\"search_term_string\"}}],\"inLanguage\":\"fr-FR\"}]}<\/script>\n<!-- \/ Yoast SEO plugin. -->","yoast_head_json":{"title":"Brochure - Tout sur St Joseph du Dakota - St. Josefs Indianer Hilfswerk","robots":{"index":"index","follow":"follow","max-snippet":"max-snippet:-1","max-image-preview":"max-image-preview:large","max-video-preview":"max-video-preview:-1"},"canonical":"https:\/\/stjosefs.wpdev.go2people.nl\/fr\/demande-de-brochure\/tout-sur-st-joseph-du-dakota\/","og_locale":"fr_FR","og_type":"article","og_title":"Brochure - Tout sur St Joseph du Dakota - St. Josefs Indianer Hilfswerk","og_description":"Demande de brochure \u00ab\u00a0Tout sur St Joseph du Dakota\u00a0\u00bb Nich\u00e9e sur les rives du Missouri, dans le Dakota du Sud, l\u2019\u00e9cole indienne St Joseph du...","og_url":"https:\/\/stjosefs.wpdev.go2people.nl\/fr\/demande-de-brochure\/tout-sur-st-joseph-du-dakota\/","og_site_name":"St. Josefs Indianer Hilfswerk","article_modified_time":"2023-01-10T10:43:55+00:00","og_image":[{"width":2592,"height":1728,"url":"https:\/\/stjosefs.wpdev.go2people.nl\/wp-content\/uploads\/2019\/05\/44914148784_238434e2c7_o.jpg","type":"image\/jpeg"}],"twitter_card":"summary_large_image","twitter_misc":{"Dur\u00e9e de lecture estim\u00e9e":"1 minute"},"schema":{"@context":"https:\/\/schema.org","@graph":[{"@type":"WebPage","@id":"https:\/\/stjosefs.wpdev.go2people.nl\/fr\/demande-de-brochure\/tout-sur-st-joseph-du-dakota\/","url":"https:\/\/stjosefs.wpdev.go2people.nl\/fr\/demande-de-brochure\/tout-sur-st-joseph-du-dakota\/","name":"Brochure - Tout sur St Joseph du Dakota - St. Josefs Indianer Hilfswerk","isPartOf":{"@id":"https:\/\/stjosefs.wpdev.go2people.nl\/#website"},"primaryImageOfPage":{"@id":"https:\/\/stjosefs.wpdev.go2people.nl\/fr\/demande-de-brochure\/tout-sur-st-joseph-du-dakota\/#primaryimage"},"image":{"@id":"https:\/\/stjosefs.wpdev.go2people.nl\/fr\/demande-de-brochure\/tout-sur-st-joseph-du-dakota\/#primaryimage"},"thumbnailUrl":"https:\/\/stjosefs.wpdev.go2people.nl\/wp-content\/uploads\/2019\/05\/44914148784_238434e2c7_o.jpg","datePublished":"2017-01-25T09:02:16+00:00","dateModified":"2023-01-10T10:43:55+00:00","breadcrumb":{"@id":"https:\/\/stjosefs.wpdev.go2people.nl\/fr\/demande-de-brochure\/tout-sur-st-joseph-du-dakota\/#breadcrumb"},"inLanguage":"fr-FR","potentialAction":[{"@type":"ReadAction","target":["https:\/\/stjosefs.wpdev.go2people.nl\/fr\/demande-de-brochure\/tout-sur-st-joseph-du-dakota\/"]}]},{"@type":"ImageObject","inLanguage":"fr-FR","@id":"https:\/\/stjosefs.wpdev.go2people.nl\/fr\/demande-de-brochure\/tout-sur-st-joseph-du-dakota\/#primaryimage","url":"https:\/\/stjosefs.wpdev.go2people.nl\/wp-content\/uploads\/2019\/05\/44914148784_238434e2c7_o.jpg","contentUrl":"https:\/\/stjosefs.wpdev.go2people.nl\/wp-content\/uploads\/2019\/05\/44914148784_238434e2c7_o.jpg","width":2592,"height":1728},{"@type":"BreadcrumbList","@id":"https:\/\/stjosefs.wpdev.go2people.nl\/fr\/demande-de-brochure\/tout-sur-st-joseph-du-dakota\/#breadcrumb","itemListElement":[{"@type":"ListItem","position":1,"name":"Home","item":"https:\/\/stjosefs.wpdev.go2people.nl\/fr\/"},{"@type":"ListItem","position":2,"name":"Demande de brochure","item":"https:\/\/stjosefs.wpdev.go2people.nl\/fr\/demande-de-brochure\/"},{"@type":"ListItem","position":3,"name":"Brochure &#8211; Tout sur St Joseph du Dakota"}]},{"@type":"WebSite","@id":"https:\/\/stjosefs.wpdev.go2people.nl\/#website","url":"https:\/\/stjosefs.wpdev.go2people.nl\/","name":"St. Josefs Indianer Hilfswerk","description":"F\u00fcr eine bessere Zukunft der Ureinwohnerkinder S\u00fcddakotas","potentialAction":[{"@type":"SearchAction","target":{"@type":"EntryPoint","urlTemplate":"https:\/\/stjosefs.wpdev.go2people.nl\/?s={search_term_string}"},"query-input":{"@type":"PropertyValueSpecification","valueRequired":true,"valueName":"search_term_string"}}],"inLanguage":"fr-FR"}]}},"_links":{"self":[{"href":"https:\/\/stjosefs.wpdev.go2people.nl\/fr\/wp-json\/wp\/v2\/pages\/2682","targetHints":{"allow":["GET"]}}],"collection":[{"href":"https:\/\/stjosefs.wpdev.go2people.nl\/fr\/wp-json\/wp\/v2\/pages"}],"about":[{"href":"https:\/\/stjosefs.wpdev.go2people.nl\/fr\/wp-json\/wp\/v2\/types\/page"}],"author":[{"embeddable":true,"href":"https:\/\/stjosefs.wpdev.go2people.nl\/fr\/wp-json\/wp\/v2\/users\/2"}],"replies":[{"embeddable":true,"href":"https:\/\/stjosefs.wpdev.go2people.nl\/fr\/wp-json\/wp\/v2\/comments?post=2682"}],"version-history":[{"count":20,"href":"https:\/\/stjosefs.wpdev.go2people.nl\/fr\/wp-json\/wp\/v2\/pages\/2682\/revisions"}],"predecessor-version":[{"id":14277,"href":"https:\/\/stjosefs.wpdev.go2people.nl\/fr\/wp-json\/wp\/v2\/pages\/2682\/revisions\/14277"}],"up":[{"embeddable":true,"href":"https:\/\/stjosefs.wpdev.go2people.nl\/fr\/wp-json\/wp\/v2\/pages\/2600"}],"wp:featuredmedia":[{"embeddable":true,"href":"https:\/\/stjosefs.wpdev.go2people.nl\/fr\/wp-json\/wp\/v2\/media\/7127"}],"wp:attachment":[{"href":"https:\/\/stjosefs.wpdev.go2people.nl\/fr\/wp-json\/wp\/v2\/media?parent=2682"}],"curies":[{"name":"wp","href":"https:\/\/api.w.org\/{rel}","templated":true}]}}