{"id":2600,"date":"2017-01-20T13:15:18","date_gmt":"2017-01-20T12:15:18","guid":{"rendered":"https:\/\/stjosefs.de\/?page_id=2600\/"},"modified":"2023-01-10T10:52:46","modified_gmt":"2023-01-10T09:52:46","slug":"demande-de-brochure","status":"publish","type":"page","link":"https:\/\/stjosefs.wpdev.go2people.nl\/fr\/demande-de-brochure\/","title":{"rendered":"Demande de brochure"},"content":{"rendered":"<h2><a href=\"https:\/\/stjosephdudakota.fr\/demande-de-brochure\/spiritualite\/\"><img loading=\"lazy\" decoding=\"async\" class=\"alignleft wp-image-8225 size-medium\" src=\"https:\/\/stjosephdudakota.fr\/wp-content\/uploads\/\/2019\/11\/SJF-Packshot_Spiritualite_600x400px-300x200.jpg\" alt=\"Spiritualite\" width=\"300\" height=\"200\" srcset=\"https:\/\/stjosefs.wpdev.go2people.nl\/wp-content\/uploads\/2019\/11\/SJF-Packshot_Spiritualite_600x400px-300x200.jpg 300w, https:\/\/stjosefs.wpdev.go2people.nl\/wp-content\/uploads\/2019\/11\/SJF-Packshot_Spiritualite_600x400px.jpg 600w\" sizes=\"auto, (max-width: 300px) 100vw, 300px\" \/><\/a><a href=\"https:\/\/stjosephdudakota.fr\/demande-de-brochure\/spiritualite\/\"><span class=\"blue\">Spiritualit\u00e9<\/span><\/a><\/h2>\n<p>La spiritualit\u00e9 est une composante essentielle du mode de vie traditionnel des Indiens lakota.<\/p>\n<p><strong>\u00a0<a class=\"button\" href=\"https:\/\/stjosephdudakota.fr\/demande-de-brochure\/spiritualite\/\">T\u00e9l\u00e9charger<\/a><\/strong><\/p>\n<h2><\/h2>\n<p>&nbsp;<\/p>\n<p>&nbsp;<\/p>\n<h2>\u00a0<a href=\"\/demande-de-brochure\/attrape-reves\/\"><img loading=\"lazy\" decoding=\"async\" class=\"alignleft\" src=\"https:\/\/stjosephdudakota.fr\/wp-content\/uploads\/2017\/04\/brochure_capteur-de-reve.jpg\" alt=\"brochure capteur-de-reve\" width=\"300\" height=\"200\" \/><\/a><a href=\"\/demande-de-brochure\/attrape-reves\/\"><strong>L&rsquo;attrape-r\u00eaves<\/strong><\/a><\/h2>\n<p>Les Sioux lakota consid\u00e8rent que l&rsquo;attrape-r\u00eaves d\u00e9tient les clefs de l&rsquo;avenir.<\/p>\n<p><strong>\u00a0<a class=\"button\" href=\"\/demande-de-brochure\/attrape-reves\/\">T\u00e9l\u00e9charger<\/a><\/strong><\/p>\n<p>&nbsp;<\/p>\n<p>&nbsp;<\/p>\n<h2><a href=\"https:\/\/stjosephdudakota.fr\/demande-de-brochure\/guerres-indiennes\/\"><img loading=\"lazy\" decoding=\"async\" class=\"alignleft wp-image-8222 size-medium\" src=\"https:\/\/stjosephdudakota.fr\/wp-content\/uploads\/\/2019\/11\/SJF-Packshot_Les-guerres-indiennes_600x400px-300x200.jpg\" alt=\"Les guerres indiennes\" width=\"300\" height=\"200\" srcset=\"https:\/\/stjosefs.wpdev.go2people.nl\/wp-content\/uploads\/2019\/11\/SJF-Packshot_Les-guerres-indiennes_600x400px-300x200.jpg 300w, https:\/\/stjosefs.wpdev.go2people.nl\/wp-content\/uploads\/2019\/11\/SJF-Packshot_Les-guerres-indiennes_600x400px.jpg 600w\" sizes=\"auto, (max-width: 300px) 100vw, 300px\" \/><\/a><a href=\"https:\/\/stjosephdudakota.fr\/demande-de-brochure\/guerres-indiennes\/\">Les guerres indiennes<\/a><\/h2>\n<p>Les sanglants affrontements entre les Indiens et les colons n\u2019ont pas arr\u00eat\u00e9 l\u2019exode vers l\u2019Ouest.<\/p>\n<p><strong>\u00a0<a class=\"button\" href=\"https:\/\/stjosephdudakota.fr\/demande-de-brochure\/guerres-indiennes\/\">T\u00e9l\u00e9charger<\/a><\/strong><\/p>\n<p>&nbsp;<\/p>\n<p>&nbsp;<\/p>\n<p>&nbsp;<\/p>\n<h2><a href=\"https:\/\/stjosephdudakota.fr\/demande-de-brochure\/vie-de-la-lakota\/\"><img loading=\"lazy\" decoding=\"async\" class=\"alignleft wp-image-8219 size-medium\" src=\"https:\/\/stjosephdudakota.fr\/wp-content\/uploads\/\/2019\/11\/SJF-Packshot_La-vie-des-Lakota_600x400px-300x200.jpg\" alt=\"La vie des Lakota\" width=\"300\" height=\"200\" srcset=\"https:\/\/stjosefs.wpdev.go2people.nl\/wp-content\/uploads\/2019\/11\/SJF-Packshot_La-vie-des-Lakota_600x400px-300x200.jpg 300w, https:\/\/stjosefs.wpdev.go2people.nl\/wp-content\/uploads\/2019\/11\/SJF-Packshot_La-vie-des-Lakota_600x400px.jpg 600w\" sizes=\"auto, (max-width: 300px) 100vw, 300px\" \/><\/a><a href=\"https:\/\/stjosephdudakota.fr\/demande-de-brochure\/vie-de-la-lakota\/\">La vie des Indiens lakota\u00a0<\/a><\/h2>\n<p>Les Indiens lakota \u00e9taient par tradition des chasseurs nomades qui se d\u00e9pla\u00e7aient en petits groupes dans les plaines.<\/p>\n<p><strong>\u00a0<a class=\"button\" href=\"https:\/\/stjosephdudakota.fr\/demande-de-brochure\/vie-de-la-lakota\/\">T\u00e9l\u00e9charger<\/a><\/strong><\/p>\n<p>&nbsp;<\/p>\n<p>&nbsp;<\/p>\n<h2><a href=\"https:\/\/stjosephdudakota.fr\/demande-de-brochure\/tout-sur-st-joseph-du-dakota\/\"><img loading=\"lazy\" decoding=\"async\" class=\"alignleft\" src=\"https:\/\/stjosephdudakota.fr\/wp-content\/uploads\/2017\/04\/brochure-tout-sur-st-joseph.png\" alt=\"brochure-tout-sur-stjosephdudakota\" width=\"300\" height=\"200\" \/><\/a><a href=\"https:\/\/stjosephdudakota.fr\/demande-de-brochure\/tout-sur-st-joseph-du-dakota\/\"><strong>Tout sur St Joseph du Dakota<\/strong><\/a><\/h2>\n<p>L\u2019\u00e9cole indienne St Joseph du Dakota, nich\u00e9e sur les rives du Missouri, dans le Dakota du Sud, a vu de nombreux changements depuis sa fondation en 1927 par le p\u00e8re H. Hogebach.<\/p>\n<p><strong><a class=\"button\" href=\"https:\/\/stjosephdudakota.fr\/demande-de-brochure\/tout-sur-st-joseph-du-dakota\/\">T\u00c9L\u00c9CHARGER<\/a><\/strong><\/p>\n<p>&nbsp;<\/p>\n<h2><a href=\"https:\/\/www.stjosephdudakota.fr\/demande-de-brochure\/vous-faites-la-difference\"><br \/>\n<\/a><a href=\"https:\/\/stjosephdudakota.fr\/demande-de-brochure\/vous-faites-la-difference\/\"><img loading=\"lazy\" decoding=\"async\" class=\"alignleft\" src=\"https:\/\/stjosephdudakota.fr\/wp-content\/uploads\/2017\/04\/brochure-difference.jpg\" alt=\"brochure-difference\" width=\"300\" height=\"200\" \/><\/a><a href=\"https:\/\/stjosephdudakota.fr\/demande-de-brochure\/vous-faites-la-difference\/\"><strong>Vous faites la diff\u00e9rence<\/strong><\/a><\/h2>\n<p>Votre don donnera de l\u2019espoir et fera une grande diff\u00e9rence!<\/p>\n<p><strong><a class=\"button\" href=\"https:\/\/stjosephdudakota.fr\/demande-de-brochure\/vous-faites-la-difference\/\">T\u00c9L\u00c9CHARGER<\/a><\/strong><\/p>\n<p>&nbsp;<\/p>\n<p>&nbsp;<\/p>\n<h2><a href=\"https:\/\/stjosephdudakota.fr\/demande-de-brochure\/ce-que-nous-avons-realise\/\"><img loading=\"lazy\" decoding=\"async\" class=\"alignleft\" src=\"https:\/\/stjosephdudakota.fr\/wp-content\/uploads\/2017\/04\/brochure-nous-avons-realise.jpg\" alt=\"brochure-nous-avons-realise\" width=\"300\" height=\"200\" \/><\/a><a href=\"https:\/\/stjosephdudakota.fr\/demande-de-brochure\/ce-que-nous-avons-realise\/\"><strong>Ce que nous avons r\u00e9alis\u00e9<\/strong><\/a><\/h2>\n<p>En 1923, le P\u00e8re Heinrich Hogebach, membre de la congr\u00e9gation fran\u00e7aise du Sacr\u00e9 Coeur de J\u00e9sus, partit aux \u00c9tats-Unis afin de r\u00e9colter des fonds pour sa congr\u00e9gation. Aujourd\u2019hui, gr\u00e2ce \u00e0 vous, le r\u00eave du P\u00e8re Hogebach continue d\u2019exister.<\/p>\n<p><strong><a class=\"button\" href=\"https:\/\/stjosephdudakota.fr\/demande-de-brochure\/ce-que-nous-avons-realise\/\">T\u00c9L\u00c9CHARGER<\/a><\/strong><\/p>\n<p>&nbsp;<\/p>\n<h2><a href=\"https:\/\/stjosephdudakota.fr\/demande-de-brochure\/notre-dame-des-sioux\/\"><img loading=\"lazy\" decoding=\"async\" class=\"alignleft\" src=\"https:\/\/stjosephdudakota.fr\/wp-content\/uploads\/2017\/04\/brochure-notre-dame-des-sioux.jpg\" alt=\"brochure-notre-dame-des-sioux\" width=\"300\" height=\"200\" \/><\/a><a href=\"https:\/\/stjosephdudakota.fr\/demande-de-brochure\/notre-dame-des-sioux\/\"><strong>Notre-Dame des Sioux<\/strong><\/a><\/h2>\n<p>La chapelle Notre-Dame des Sioux est un lieu sacr\u00e9 du campus de l\u2019\u00e9cole indienne St Joseph du Dakota. Elle r\u00e9unit les traditions du catholicisme et la spiritualit\u00e9 traditionnelle des Lakota.<\/p>\n<p><strong><a class=\"button\" href=\"https:\/\/stjosephdudakota.fr\/demande-de-brochure\/notre-dame-des-sioux\/\">T\u00c9L\u00c9CHARGER<\/a><\/strong><\/p>\n<p>&nbsp;<\/p>\n<h2><a href=\"https:\/\/stjosephdudakota.fr\/demande-de-brochure\/la-lecon-de-la-plume\/\"><img loading=\"lazy\" decoding=\"async\" class=\"alignleft\" src=\"https:\/\/stjosephdudakota.fr\/wp-content\/uploads\/2017\/04\/brochure-lecon-plume.jpg\" alt=\"brochure-lecon-plume\" width=\"300\" height=\"200\" \/><\/a><a href=\"https:\/\/stjosephdudakota.fr\/demande-de-brochure\/la-lecon-de-la-plume\/\"><strong>La Le\u00e7on de la plume<\/strong><\/a><\/h2>\n<p>Une histoire lakota par Cal Thunder Hawk<\/p>\n<p><strong><a class=\"button\" href=\"https:\/\/stjosephdudakota.fr\/demande-de-brochure\/la-lecon-de-la-plume\/\">T\u00c9L\u00c9CHARGER<\/a><\/strong><\/p>\n<p>&nbsp;<\/p>\n<p>&nbsp;<\/p>\n<p>&nbsp;<\/p>\n","protected":false},"excerpt":{"rendered":"<p>Spiritualit\u00e9 La spiritualit\u00e9 est une composante essentielle du mode de vie traditionnel des Indiens lakota. \u00a0T\u00e9l\u00e9charger &nbsp; &nbsp; \u00a0L&rsquo;attrape-r\u00eaves Les Sioux lakota consid\u00e8rent que l&rsquo;attrape-r\u00eaves&#8230;<\/p>\n","protected":false},"author":2,"featured_media":0,"parent":0,"menu_order":0,"comment_status":"closed","ping_status":"closed","template":"","meta":{"_acf_changed":false,"footnotes":""},"class_list":["post-2600","page","type-page","status-publish","hentry"],"acf":[],"yoast_head":"<!-- This site is optimized with the Yoast SEO plugin v27.6 - https:\/\/yoast.com\/product\/yoast-seo-wordpress\/ -->\n<title>Demande de brochure - St. Josefs Indianer Hilfswerk<\/title>\n<meta name=\"robots\" content=\"index, follow, max-snippet:-1, max-image-preview:large, max-video-preview:-1\" \/>\n<link rel=\"canonical\" href=\"https:\/\/stjosefs.wpdev.go2people.nl\/fr\/demande-de-brochure\/\" \/>\n<meta property=\"og:locale\" content=\"fr_FR\" \/>\n<meta property=\"og:type\" content=\"article\" \/>\n<meta property=\"og:title\" content=\"Demande de brochure - St. Josefs Indianer Hilfswerk\" \/>\n<meta property=\"og:description\" content=\"Spiritualit\u00e9 La spiritualit\u00e9 est une composante essentielle du mode de vie traditionnel des Indiens lakota. \u00a0T\u00e9l\u00e9charger &nbsp; &nbsp; \u00a0L&rsquo;attrape-r\u00eaves Les Sioux lakota consid\u00e8rent que l&rsquo;attrape-r\u00eaves...\" \/>\n<meta property=\"og:url\" content=\"https:\/\/stjosefs.wpdev.go2people.nl\/fr\/demande-de-brochure\/\" \/>\n<meta property=\"og:site_name\" content=\"St. Josefs Indianer Hilfswerk\" \/>\n<meta property=\"article:modified_time\" content=\"2023-01-10T09:52:46+00:00\" \/>\n<meta property=\"og:image\" content=\"https:\/\/stjosephdudakota.fr\/wp-content\/uploads\/\/2019\/11\/SJF-Packshot_Spiritualite_600x400px-300x200.jpg\" \/>\n<meta name=\"twitter:card\" content=\"summary_large_image\" \/>\n<meta name=\"twitter:label1\" content=\"Dur\u00e9e de lecture estim\u00e9e\" \/>\n\t<meta name=\"twitter:data1\" content=\"3 minutes\" \/>\n<script type=\"application\/ld+json\" class=\"yoast-schema-graph\">{\"@context\":\"https:\\\/\\\/schema.org\",\"@graph\":[{\"@type\":\"WebPage\",\"@id\":\"https:\\\/\\\/stjosefs.wpdev.go2people.nl\\\/fr\\\/demande-de-brochure\\\/\",\"url\":\"https:\\\/\\\/stjosefs.wpdev.go2people.nl\\\/fr\\\/demande-de-brochure\\\/\",\"name\":\"Demande de brochure - St. Josefs Indianer Hilfswerk\",\"isPartOf\":{\"@id\":\"https:\\\/\\\/stjosefs.wpdev.go2people.nl\\\/#website\"},\"primaryImageOfPage\":{\"@id\":\"https:\\\/\\\/stjosefs.wpdev.go2people.nl\\\/fr\\\/demande-de-brochure\\\/#primaryimage\"},\"image\":{\"@id\":\"https:\\\/\\\/stjosefs.wpdev.go2people.nl\\\/fr\\\/demande-de-brochure\\\/#primaryimage\"},\"thumbnailUrl\":\"https:\\\/\\\/stjosephdudakota.fr\\\/wp-content\\\/uploads\\\/\\\/2019\\\/11\\\/SJF-Packshot_Spiritualite_600x400px-300x200.jpg\",\"datePublished\":\"2017-01-20T12:15:18+00:00\",\"dateModified\":\"2023-01-10T09:52:46+00:00\",\"breadcrumb\":{\"@id\":\"https:\\\/\\\/stjosefs.wpdev.go2people.nl\\\/fr\\\/demande-de-brochure\\\/#breadcrumb\"},\"inLanguage\":\"fr-FR\",\"potentialAction\":[{\"@type\":\"ReadAction\",\"target\":[\"https:\\\/\\\/stjosefs.wpdev.go2people.nl\\\/fr\\\/demande-de-brochure\\\/\"]}]},{\"@type\":\"ImageObject\",\"inLanguage\":\"fr-FR\",\"@id\":\"https:\\\/\\\/stjosefs.wpdev.go2people.nl\\\/fr\\\/demande-de-brochure\\\/#primaryimage\",\"url\":\"https:\\\/\\\/stjosephdudakota.fr\\\/wp-content\\\/uploads\\\/\\\/2019\\\/11\\\/SJF-Packshot_Spiritualite_600x400px-300x200.jpg\",\"contentUrl\":\"https:\\\/\\\/stjosephdudakota.fr\\\/wp-content\\\/uploads\\\/\\\/2019\\\/11\\\/SJF-Packshot_Spiritualite_600x400px-300x200.jpg\"},{\"@type\":\"BreadcrumbList\",\"@id\":\"https:\\\/\\\/stjosefs.wpdev.go2people.nl\\\/fr\\\/demande-de-brochure\\\/#breadcrumb\",\"itemListElement\":[{\"@type\":\"ListItem\",\"position\":1,\"name\":\"Home\",\"item\":\"https:\\\/\\\/stjosefs.wpdev.go2people.nl\\\/fr\\\/\"},{\"@type\":\"ListItem\",\"position\":2,\"name\":\"Demande de brochure\"}]},{\"@type\":\"WebSite\",\"@id\":\"https:\\\/\\\/stjosefs.wpdev.go2people.nl\\\/#website\",\"url\":\"https:\\\/\\\/stjosefs.wpdev.go2people.nl\\\/\",\"name\":\"St. Josefs Indianer Hilfswerk\",\"description\":\"F\u00fcr eine bessere Zukunft der Ureinwohnerkinder S\u00fcddakotas\",\"potentialAction\":[{\"@type\":\"SearchAction\",\"target\":{\"@type\":\"EntryPoint\",\"urlTemplate\":\"https:\\\/\\\/stjosefs.wpdev.go2people.nl\\\/?s={search_term_string}\"},\"query-input\":{\"@type\":\"PropertyValueSpecification\",\"valueRequired\":true,\"valueName\":\"search_term_string\"}}],\"inLanguage\":\"fr-FR\"}]}<\/script>\n<!-- \/ Yoast SEO plugin. -->","yoast_head_json":{"title":"Demande de brochure - St. Josefs Indianer Hilfswerk","robots":{"index":"index","follow":"follow","max-snippet":"max-snippet:-1","max-image-preview":"max-image-preview:large","max-video-preview":"max-video-preview:-1"},"canonical":"https:\/\/stjosefs.wpdev.go2people.nl\/fr\/demande-de-brochure\/","og_locale":"fr_FR","og_type":"article","og_title":"Demande de brochure - St. Josefs Indianer Hilfswerk","og_description":"Spiritualit\u00e9 La spiritualit\u00e9 est une composante essentielle du mode de vie traditionnel des Indiens lakota. \u00a0T\u00e9l\u00e9charger &nbsp; &nbsp; \u00a0L&rsquo;attrape-r\u00eaves Les Sioux lakota consid\u00e8rent que l&rsquo;attrape-r\u00eaves...","og_url":"https:\/\/stjosefs.wpdev.go2people.nl\/fr\/demande-de-brochure\/","og_site_name":"St. Josefs Indianer Hilfswerk","article_modified_time":"2023-01-10T09:52:46+00:00","og_image":[{"url":"https:\/\/stjosephdudakota.fr\/wp-content\/uploads\/\/2019\/11\/SJF-Packshot_Spiritualite_600x400px-300x200.jpg","type":"","width":"","height":""}],"twitter_card":"summary_large_image","twitter_misc":{"Dur\u00e9e de lecture estim\u00e9e":"3 minutes"},"schema":{"@context":"https:\/\/schema.org","@graph":[{"@type":"WebPage","@id":"https:\/\/stjosefs.wpdev.go2people.nl\/fr\/demande-de-brochure\/","url":"https:\/\/stjosefs.wpdev.go2people.nl\/fr\/demande-de-brochure\/","name":"Demande de brochure - St. Josefs Indianer Hilfswerk","isPartOf":{"@id":"https:\/\/stjosefs.wpdev.go2people.nl\/#website"},"primaryImageOfPage":{"@id":"https:\/\/stjosefs.wpdev.go2people.nl\/fr\/demande-de-brochure\/#primaryimage"},"image":{"@id":"https:\/\/stjosefs.wpdev.go2people.nl\/fr\/demande-de-brochure\/#primaryimage"},"thumbnailUrl":"https:\/\/stjosephdudakota.fr\/wp-content\/uploads\/\/2019\/11\/SJF-Packshot_Spiritualite_600x400px-300x200.jpg","datePublished":"2017-01-20T12:15:18+00:00","dateModified":"2023-01-10T09:52:46+00:00","breadcrumb":{"@id":"https:\/\/stjosefs.wpdev.go2people.nl\/fr\/demande-de-brochure\/#breadcrumb"},"inLanguage":"fr-FR","potentialAction":[{"@type":"ReadAction","target":["https:\/\/stjosefs.wpdev.go2people.nl\/fr\/demande-de-brochure\/"]}]},{"@type":"ImageObject","inLanguage":"fr-FR","@id":"https:\/\/stjosefs.wpdev.go2people.nl\/fr\/demande-de-brochure\/#primaryimage","url":"https:\/\/stjosephdudakota.fr\/wp-content\/uploads\/\/2019\/11\/SJF-Packshot_Spiritualite_600x400px-300x200.jpg","contentUrl":"https:\/\/stjosephdudakota.fr\/wp-content\/uploads\/\/2019\/11\/SJF-Packshot_Spiritualite_600x400px-300x200.jpg"},{"@type":"BreadcrumbList","@id":"https:\/\/stjosefs.wpdev.go2people.nl\/fr\/demande-de-brochure\/#breadcrumb","itemListElement":[{"@type":"ListItem","position":1,"name":"Home","item":"https:\/\/stjosefs.wpdev.go2people.nl\/fr\/"},{"@type":"ListItem","position":2,"name":"Demande de brochure"}]},{"@type":"WebSite","@id":"https:\/\/stjosefs.wpdev.go2people.nl\/#website","url":"https:\/\/stjosefs.wpdev.go2people.nl\/","name":"St. Josefs Indianer Hilfswerk","description":"F\u00fcr eine bessere Zukunft der Ureinwohnerkinder S\u00fcddakotas","potentialAction":[{"@type":"SearchAction","target":{"@type":"EntryPoint","urlTemplate":"https:\/\/stjosefs.wpdev.go2people.nl\/?s={search_term_string}"},"query-input":{"@type":"PropertyValueSpecification","valueRequired":true,"valueName":"search_term_string"}}],"inLanguage":"fr-FR"}]}},"_links":{"self":[{"href":"https:\/\/stjosefs.wpdev.go2people.nl\/fr\/wp-json\/wp\/v2\/pages\/2600","targetHints":{"allow":["GET"]}}],"collection":[{"href":"https:\/\/stjosefs.wpdev.go2people.nl\/fr\/wp-json\/wp\/v2\/pages"}],"about":[{"href":"https:\/\/stjosefs.wpdev.go2people.nl\/fr\/wp-json\/wp\/v2\/types\/page"}],"author":[{"embeddable":true,"href":"https:\/\/stjosefs.wpdev.go2people.nl\/fr\/wp-json\/wp\/v2\/users\/2"}],"replies":[{"embeddable":true,"href":"https:\/\/stjosefs.wpdev.go2people.nl\/fr\/wp-json\/wp\/v2\/comments?post=2600"}],"version-history":[{"count":38,"href":"https:\/\/stjosefs.wpdev.go2people.nl\/fr\/wp-json\/wp\/v2\/pages\/2600\/revisions"}],"predecessor-version":[{"id":10611,"href":"https:\/\/stjosefs.wpdev.go2people.nl\/fr\/wp-json\/wp\/v2\/pages\/2600\/revisions\/10611"}],"wp:attachment":[{"href":"https:\/\/stjosefs.wpdev.go2people.nl\/fr\/wp-json\/wp\/v2\/media?parent=2600"}],"curies":[{"name":"wp","href":"https:\/\/api.w.org\/{rel}","templated":true}]}}