{"id":240,"date":"2016-12-22T13:18:57","date_gmt":"2016-12-22T12:18:57","guid":{"rendered":"https:\/\/stjosefs.wp2.go2people.nl\/fr\/?page_id=240"},"modified":"2023-01-10T10:45:43","modified_gmt":"2023-01-10T09:45:43","slug":"attrape-reves","status":"publish","type":"page","link":"https:\/\/stjosefs.wpdev.go2people.nl\/fr\/demande-de-brochure\/attrape-reves\/","title":{"rendered":"Brochure &#8211; L&rsquo;attrape-r\u00eaves"},"content":{"rendered":"<h1>Demande de brochure \u00ab\u00a0<span class=\"blue\">L&rsquo;attrape-r\u00eaves <\/span> \u00bb<\/h1>\n<h2><\/h2>\n<p>Chez les Am\u00e9rindiens, l\u2019attrape-r\u00eaves traditionnel est confectionn\u00e9 de fa\u00e7on artisanale. Dans ce livret de 10 pages, sp\u00e9cialement con\u00e7u pour les donateurs de St Joseph du Dakota, vous trouverez toutes les informations sur l\u2019histoire de l\u2019attrape-r\u00eaves ainsi que les instructions pour en fabriquer un vous-m\u00eame.<\/p>\n<p class=\"intro\"><img loading=\"lazy\" decoding=\"async\" class=\"alignnone size-full wp-image-3369\" src=\"https:\/\/stjosephdudakota.fr\/wp-content\/uploads\/2017\/04\/brochure_capteur-de-reve.jpg\" alt=\"\" width=\"300\" height=\"200\" \/><\/p>\n<p>Demandez la brochure gratuite<\/p>\n","protected":false},"excerpt":{"rendered":"<p>Demande de brochure \u00ab\u00a0L&rsquo;attrape-r\u00eaves \u00bb Chez les Am\u00e9rindiens, l\u2019attrape-r\u00eaves traditionnel est confectionn\u00e9 de fa\u00e7on artisanale. Dans ce livret de 10 pages, sp\u00e9cialement con\u00e7u pour les&#8230;<\/p>\n","protected":false},"author":1,"featured_media":5137,"parent":2600,"menu_order":0,"comment_status":"closed","ping_status":"closed","template":"page-templates\/page-landingspage.php","meta":{"_acf_changed":false,"footnotes":""},"class_list":["post-240","page","type-page","status-publish","has-post-thumbnail","hentry"],"acf":[],"yoast_head":"<!-- This site is optimized with the Yoast SEO plugin v27.6 - https:\/\/yoast.com\/product\/yoast-seo-wordpress\/ -->\n<title>Brochure - L&#039;attrape-r\u00eaves - St. Josefs Indianer Hilfswerk<\/title>\n<meta name=\"robots\" content=\"index, follow, max-snippet:-1, max-image-preview:large, max-video-preview:-1\" \/>\n<link rel=\"canonical\" href=\"https:\/\/stjosefs.wpdev.go2people.nl\/lakota-kultur\/broschueren\/broschure-traumfanger\/\" \/>\n<meta property=\"og:locale\" content=\"fr_FR\" \/>\n<meta property=\"og:type\" content=\"article\" \/>\n<meta property=\"og:title\" content=\"Demande de brochure \u00ab\u00a0L&#039;attrape-r\u00eaves \u00bb\" \/>\n<meta property=\"og:description\" content=\"L\u2019attrape-r\u00eaves am\u00e9rindien est traditionnellement confectionn\u00e9 de fa\u00e7on artisanale...\" \/>\n<meta property=\"og:url\" content=\"https:\/\/stjosefs.wpdev.go2people.nl\/lakota-kultur\/broschueren\/broschure-traumfanger\/\" \/>\n<meta property=\"og:site_name\" content=\"St. Josefs Indianer Hilfswerk\" \/>\n<meta property=\"article:modified_time\" content=\"2023-01-10T09:45:43+00:00\" \/>\n<meta property=\"og:image\" content=\"https:\/\/stjosefs.wpdev.go2people.nl\/wp-content\/uploads\/2022\/07\/SJD_SJF-P1-FB-post-brochure-Dreamcatcher.jpg\" \/>\n\t<meta property=\"og:image:width\" content=\"1080\" \/>\n\t<meta property=\"og:image:height\" content=\"1080\" \/>\n\t<meta property=\"og:image:type\" content=\"image\/jpeg\" \/>\n<meta name=\"twitter:card\" content=\"summary_large_image\" \/>\n<meta name=\"twitter:title\" content=\"Demande de brochure \u00ab\u00a0L&#039;attrape-r\u00eaves \u00bb\" \/>\n<meta name=\"twitter:description\" content=\"L\u2019attrape-r\u00eaves am\u00e9rindien est traditionnellement confectionn\u00e9 de fa\u00e7on artisanale...\" \/>\n<meta name=\"twitter:image\" content=\"https:\/\/stjosefs.wpdev.go2people.nl\/wp-content\/uploads\/2022\/07\/SJD_SJF-P1-FB-post-brochure-Dreamcatcher.jpg\" \/>\n<meta name=\"twitter:label1\" content=\"Dur\u00e9e de lecture estim\u00e9e\" \/>\n\t<meta name=\"twitter:data1\" content=\"1 minute\" \/>\n<script type=\"application\/ld+json\" class=\"yoast-schema-graph\">{\"@context\":\"https:\\\/\\\/schema.org\",\"@graph\":[{\"@type\":\"WebPage\",\"@id\":\"https:\\\/\\\/stjosefs.wpdev.go2people.nl\\\/lakota-kultur\\\/broschueren\\\/broschure-traumfanger\\\/\",\"url\":\"https:\\\/\\\/stjosefs.wpdev.go2people.nl\\\/lakota-kultur\\\/broschueren\\\/broschure-traumfanger\\\/\",\"name\":\"Brochure - L'attrape-r\u00eaves - St. Josefs Indianer Hilfswerk\",\"isPartOf\":{\"@id\":\"https:\\\/\\\/stjosefs.wpdev.go2people.nl\\\/#website\"},\"primaryImageOfPage\":{\"@id\":\"https:\\\/\\\/stjosefs.wpdev.go2people.nl\\\/lakota-kultur\\\/broschueren\\\/broschure-traumfanger\\\/#primaryimage\"},\"image\":{\"@id\":\"https:\\\/\\\/stjosefs.wpdev.go2people.nl\\\/lakota-kultur\\\/broschueren\\\/broschure-traumfanger\\\/#primaryimage\"},\"thumbnailUrl\":\"https:\\\/\\\/stjosefs.wpdev.go2people.nl\\\/wp-content\\\/uploads\\\/2016\\\/12\\\/La_legende_de_lattrape_reves.jpg\",\"datePublished\":\"2016-12-22T12:18:57+00:00\",\"dateModified\":\"2023-01-10T09:45:43+00:00\",\"breadcrumb\":{\"@id\":\"https:\\\/\\\/stjosefs.wpdev.go2people.nl\\\/lakota-kultur\\\/broschueren\\\/broschure-traumfanger\\\/#breadcrumb\"},\"inLanguage\":\"fr-FR\",\"potentialAction\":[{\"@type\":\"ReadAction\",\"target\":[\"https:\\\/\\\/stjosefs.wpdev.go2people.nl\\\/lakota-kultur\\\/broschueren\\\/broschure-traumfanger\\\/\"]}]},{\"@type\":\"ImageObject\",\"inLanguage\":\"fr-FR\",\"@id\":\"https:\\\/\\\/stjosefs.wpdev.go2people.nl\\\/lakota-kultur\\\/broschueren\\\/broschure-traumfanger\\\/#primaryimage\",\"url\":\"https:\\\/\\\/stjosefs.wpdev.go2people.nl\\\/wp-content\\\/uploads\\\/2016\\\/12\\\/La_legende_de_lattrape_reves.jpg\",\"contentUrl\":\"https:\\\/\\\/stjosefs.wpdev.go2people.nl\\\/wp-content\\\/uploads\\\/2016\\\/12\\\/La_legende_de_lattrape_reves.jpg\",\"width\":600,\"height\":318},{\"@type\":\"BreadcrumbList\",\"@id\":\"https:\\\/\\\/stjosefs.wpdev.go2people.nl\\\/lakota-kultur\\\/broschueren\\\/broschure-traumfanger\\\/#breadcrumb\",\"itemListElement\":[{\"@type\":\"ListItem\",\"position\":1,\"name\":\"Home\",\"item\":\"https:\\\/\\\/stjosefs.wpdev.go2people.nl\\\/fr\\\/\"},{\"@type\":\"ListItem\",\"position\":2,\"name\":\"Demande de brochure\",\"item\":\"https:\\\/\\\/stjosefs.wpdev.go2people.nl\\\/fr\\\/demande-de-brochure\\\/\"},{\"@type\":\"ListItem\",\"position\":3,\"name\":\"Brochure &#8211; L&#8217;attrape-r\u00eaves\"}]},{\"@type\":\"WebSite\",\"@id\":\"https:\\\/\\\/stjosefs.wpdev.go2people.nl\\\/#website\",\"url\":\"https:\\\/\\\/stjosefs.wpdev.go2people.nl\\\/\",\"name\":\"St. Josefs Indianer Hilfswerk\",\"description\":\"F\u00fcr eine bessere Zukunft der Ureinwohnerkinder S\u00fcddakotas\",\"potentialAction\":[{\"@type\":\"SearchAction\",\"target\":{\"@type\":\"EntryPoint\",\"urlTemplate\":\"https:\\\/\\\/stjosefs.wpdev.go2people.nl\\\/?s={search_term_string}\"},\"query-input\":{\"@type\":\"PropertyValueSpecification\",\"valueRequired\":true,\"valueName\":\"search_term_string\"}}],\"inLanguage\":\"fr-FR\"}]}<\/script>\n<!-- \/ Yoast SEO plugin. -->","yoast_head_json":{"title":"Brochure - L'attrape-r\u00eaves - St. Josefs Indianer Hilfswerk","robots":{"index":"index","follow":"follow","max-snippet":"max-snippet:-1","max-image-preview":"max-image-preview:large","max-video-preview":"max-video-preview:-1"},"canonical":"https:\/\/stjosefs.wpdev.go2people.nl\/lakota-kultur\/broschueren\/broschure-traumfanger\/","og_locale":"fr_FR","og_type":"article","og_title":"Demande de brochure \u00ab\u00a0L'attrape-r\u00eaves \u00bb","og_description":"L\u2019attrape-r\u00eaves am\u00e9rindien est traditionnellement confectionn\u00e9 de fa\u00e7on artisanale...","og_url":"https:\/\/stjosefs.wpdev.go2people.nl\/lakota-kultur\/broschueren\/broschure-traumfanger\/","og_site_name":"St. Josefs Indianer Hilfswerk","article_modified_time":"2023-01-10T09:45:43+00:00","og_image":[{"width":1080,"height":1080,"url":"https:\/\/stjosefs.wpdev.go2people.nl\/wp-content\/uploads\/2022\/07\/SJD_SJF-P1-FB-post-brochure-Dreamcatcher.jpg","type":"image\/jpeg"}],"twitter_card":"summary_large_image","twitter_title":"Demande de brochure \u00ab\u00a0L'attrape-r\u00eaves \u00bb","twitter_description":"L\u2019attrape-r\u00eaves am\u00e9rindien est traditionnellement confectionn\u00e9 de fa\u00e7on artisanale...","twitter_image":"https:\/\/stjosefs.wpdev.go2people.nl\/wp-content\/uploads\/2022\/07\/SJD_SJF-P1-FB-post-brochure-Dreamcatcher.jpg","twitter_misc":{"Dur\u00e9e de lecture estim\u00e9e":"1 minute"},"schema":{"@context":"https:\/\/schema.org","@graph":[{"@type":"WebPage","@id":"https:\/\/stjosefs.wpdev.go2people.nl\/lakota-kultur\/broschueren\/broschure-traumfanger\/","url":"https:\/\/stjosefs.wpdev.go2people.nl\/lakota-kultur\/broschueren\/broschure-traumfanger\/","name":"Brochure - L'attrape-r\u00eaves - St. Josefs Indianer Hilfswerk","isPartOf":{"@id":"https:\/\/stjosefs.wpdev.go2people.nl\/#website"},"primaryImageOfPage":{"@id":"https:\/\/stjosefs.wpdev.go2people.nl\/lakota-kultur\/broschueren\/broschure-traumfanger\/#primaryimage"},"image":{"@id":"https:\/\/stjosefs.wpdev.go2people.nl\/lakota-kultur\/broschueren\/broschure-traumfanger\/#primaryimage"},"thumbnailUrl":"https:\/\/stjosefs.wpdev.go2people.nl\/wp-content\/uploads\/2016\/12\/La_legende_de_lattrape_reves.jpg","datePublished":"2016-12-22T12:18:57+00:00","dateModified":"2023-01-10T09:45:43+00:00","breadcrumb":{"@id":"https:\/\/stjosefs.wpdev.go2people.nl\/lakota-kultur\/broschueren\/broschure-traumfanger\/#breadcrumb"},"inLanguage":"fr-FR","potentialAction":[{"@type":"ReadAction","target":["https:\/\/stjosefs.wpdev.go2people.nl\/lakota-kultur\/broschueren\/broschure-traumfanger\/"]}]},{"@type":"ImageObject","inLanguage":"fr-FR","@id":"https:\/\/stjosefs.wpdev.go2people.nl\/lakota-kultur\/broschueren\/broschure-traumfanger\/#primaryimage","url":"https:\/\/stjosefs.wpdev.go2people.nl\/wp-content\/uploads\/2016\/12\/La_legende_de_lattrape_reves.jpg","contentUrl":"https:\/\/stjosefs.wpdev.go2people.nl\/wp-content\/uploads\/2016\/12\/La_legende_de_lattrape_reves.jpg","width":600,"height":318},{"@type":"BreadcrumbList","@id":"https:\/\/stjosefs.wpdev.go2people.nl\/lakota-kultur\/broschueren\/broschure-traumfanger\/#breadcrumb","itemListElement":[{"@type":"ListItem","position":1,"name":"Home","item":"https:\/\/stjosefs.wpdev.go2people.nl\/fr\/"},{"@type":"ListItem","position":2,"name":"Demande de brochure","item":"https:\/\/stjosefs.wpdev.go2people.nl\/fr\/demande-de-brochure\/"},{"@type":"ListItem","position":3,"name":"Brochure &#8211; L&#8217;attrape-r\u00eaves"}]},{"@type":"WebSite","@id":"https:\/\/stjosefs.wpdev.go2people.nl\/#website","url":"https:\/\/stjosefs.wpdev.go2people.nl\/","name":"St. Josefs Indianer Hilfswerk","description":"F\u00fcr eine bessere Zukunft der Ureinwohnerkinder S\u00fcddakotas","potentialAction":[{"@type":"SearchAction","target":{"@type":"EntryPoint","urlTemplate":"https:\/\/stjosefs.wpdev.go2people.nl\/?s={search_term_string}"},"query-input":{"@type":"PropertyValueSpecification","valueRequired":true,"valueName":"search_term_string"}}],"inLanguage":"fr-FR"}]}},"_links":{"self":[{"href":"https:\/\/stjosefs.wpdev.go2people.nl\/fr\/wp-json\/wp\/v2\/pages\/240","targetHints":{"allow":["GET"]}}],"collection":[{"href":"https:\/\/stjosefs.wpdev.go2people.nl\/fr\/wp-json\/wp\/v2\/pages"}],"about":[{"href":"https:\/\/stjosefs.wpdev.go2people.nl\/fr\/wp-json\/wp\/v2\/types\/page"}],"author":[{"embeddable":true,"href":"https:\/\/stjosefs.wpdev.go2people.nl\/fr\/wp-json\/wp\/v2\/users\/1"}],"replies":[{"embeddable":true,"href":"https:\/\/stjosefs.wpdev.go2people.nl\/fr\/wp-json\/wp\/v2\/comments?post=240"}],"version-history":[{"count":15,"href":"https:\/\/stjosefs.wpdev.go2people.nl\/fr\/wp-json\/wp\/v2\/pages\/240\/revisions"}],"predecessor-version":[{"id":14262,"href":"https:\/\/stjosefs.wpdev.go2people.nl\/fr\/wp-json\/wp\/v2\/pages\/240\/revisions\/14262"}],"up":[{"embeddable":true,"href":"https:\/\/stjosefs.wpdev.go2people.nl\/fr\/wp-json\/wp\/v2\/pages\/2600"}],"wp:featuredmedia":[{"embeddable":true,"href":"https:\/\/stjosefs.wpdev.go2people.nl\/fr\/wp-json\/wp\/v2\/media\/5137"}],"wp:attachment":[{"href":"https:\/\/stjosefs.wpdev.go2people.nl\/fr\/wp-json\/wp\/v2\/media?parent=240"}],"curies":[{"name":"wp","href":"https:\/\/api.w.org\/{rel}","templated":true}]}}