{"id":235,"date":"2016-12-22T13:16:19","date_gmt":"2016-12-22T12:16:19","guid":{"rendered":"https:\/\/stjosefs.wp2.go2people.nl\/fr\/?page_id=235"},"modified":"2022-05-16T12:04:03","modified_gmt":"2022-05-16T10:04:03","slug":"culture-des-lakota","status":"publish","type":"page","link":"https:\/\/stjosefs.wpdev.go2people.nl\/fr\/culture-des-lakota\/","title":{"rendered":"La culture lakota"},"content":{"rendered":"<p class=\"intro\">Du nord au sud, la vie est rude dans les grandes plaines qui s\u2019\u00e9tendent du Saskatchewan au Texas. En l\u2019absence de v\u00e9ritables cha\u00eenes de montagnes, les hommes ne peuvent gu\u00e8re trouver de refuge et sont livr\u00e9s aux forces parfois d\u00e9cha\u00een\u00e9es de la nature. En hiver, les temp\u00eates de neige balaient ces espaces immenses sans trouver d\u2019obstacles sur leur route et il n\u2019est pas rare que les temp\u00e9ratures descendent jusqu\u2019\u00e0 \u201330 \u00b0C. L\u2019\u00e9t\u00e9, en revanche, ce territoire est r\u00e9guli\u00e8rement frapp\u00e9 par une canicule de plomb qui s\u2019accompagne de temp\u00eates de sable, de violents orages et m\u00eame de tornades.<\/p>\n<h2>Les Sioux lakotas<\/h2>\n<p>Les Sioux lakotas \u00e9taient les dignes repr\u00e9sentants de cette culture des plaines. Au d\u00e9but du XXe si\u00e8cle, ils vivaient dans de vastes campements circulaires, sous des tipis recouverts de peaux de bison. Ils menaient une vie nomade et transportaient tout ce qu\u2019ils poss\u00e9daient sur des travois tir\u00e9s par des chevaux lorsqu\u2019ils partaient s\u2019installer plus loin. Chasser le bison \u00e9tait pour eux le seul moyen de subsister. Ils se nourrissaient de la viande, des abats et de la moelle de l\u2019animal. Avec sa peau, ils fabriquaient des v\u00eatements, des chaussures, des tipis. Ses tendons, d\u2019une solidit\u00e9 \u00e0 toute \u00e9preuve, servaient de fibre pour coudre les v\u00eatements et faire des cordes pour les arcs. Quant aux cornes du bison, les Lakotas en ornaient leur t\u00eate. M\u00eame la bouse s\u00e9ch\u00e9e de ces ruminants \u00e9tait soigneusement collect\u00e9e, afin de servir de combustible dans ces vastes espaces d\u00e9pourvus d\u2019arbres.<\/p>\n<p>En \u00e9t\u00e9, les hommes sioux lakotas portaient un pagne de cuir et des mocassins. En hiver, ils y ajoutaient une chemise en peau, des leggings et un manteau en poil de bison. Les femmes \u00e9taient v\u00eatues de tuniques de peau. Pour v\u00eatir les enfants, on utilisait les peaux des jeunes bisons. Le travail de tannage et la confection des habits et des tipis \u00e9taient g\u00e9n\u00e9ralement l\u2019affaire des femmes. Mais coudre un tipi entier \u00e9tant une t\u00e2che trop importante pour une seule femme, celle-ci invitait alors les autres \u00e0 venir boire une infusion. Accepter l\u2019invitation signifiait que l\u2019on \u00e9tait dispos\u00e9 \u00e0 participer \u00e0 la fabrication en commun du tipi.<\/p>\n<p>&nbsp;<\/p>\n<h2><\/h2>\n","protected":false},"excerpt":{"rendered":"<p>Du nord au sud, la vie est rude dans les grandes plaines qui s\u2019\u00e9tendent du Saskatchewan au Texas. En l\u2019absence de v\u00e9ritables cha\u00eenes de montagnes,&#8230;<\/p>\n","protected":false},"author":1,"featured_media":3619,"parent":0,"menu_order":0,"comment_status":"closed","ping_status":"closed","template":"","meta":{"_acf_changed":false,"footnotes":""},"class_list":["post-235","page","type-page","status-publish","has-post-thumbnail","hentry"],"acf":[],"yoast_head":"<!-- This site is optimized with the Yoast SEO plugin v27.6 - https:\/\/yoast.com\/product\/yoast-seo-wordpress\/ -->\n<title>La culture lakota - St. Josefs Indianer Hilfswerk<\/title>\n<meta name=\"robots\" content=\"index, follow, max-snippet:-1, max-image-preview:large, max-video-preview:-1\" \/>\n<link rel=\"canonical\" href=\"https:\/\/stjosefs.wpdev.go2people.nl\/fr\/culture-des-lakota\/\" \/>\n<meta property=\"og:locale\" content=\"fr_FR\" \/>\n<meta property=\"og:type\" content=\"article\" \/>\n<meta property=\"og:title\" content=\"La culture lakota - St. Josefs Indianer Hilfswerk\" \/>\n<meta property=\"og:description\" content=\"Du nord au sud, la vie est rude dans les grandes plaines qui s\u2019\u00e9tendent du Saskatchewan au Texas. En l\u2019absence de v\u00e9ritables cha\u00eenes de montagnes,...\" \/>\n<meta property=\"og:url\" content=\"https:\/\/stjosefs.wpdev.go2people.nl\/fr\/culture-des-lakota\/\" \/>\n<meta property=\"og:site_name\" content=\"St. Josefs Indianer Hilfswerk\" \/>\n<meta property=\"article:modified_time\" content=\"2022-05-16T10:04:03+00:00\" \/>\n<meta property=\"og:image\" content=\"https:\/\/stjosefs.wpdev.go2people.nl\/wp-content\/uploads\/2016\/12\/shutterstock_139168562.jpg\" \/>\n\t<meta property=\"og:image:width\" content=\"3500\" \/>\n\t<meta property=\"og:image:height\" content=\"2334\" \/>\n\t<meta property=\"og:image:type\" content=\"image\/jpeg\" \/>\n<meta name=\"twitter:card\" content=\"summary_large_image\" \/>\n<meta name=\"twitter:label1\" content=\"Dur\u00e9e de lecture estim\u00e9e\" \/>\n\t<meta name=\"twitter:data1\" content=\"2 minutes\" \/>\n<script type=\"application\/ld+json\" class=\"yoast-schema-graph\">{\"@context\":\"https:\\\/\\\/schema.org\",\"@graph\":[{\"@type\":\"WebPage\",\"@id\":\"https:\\\/\\\/stjosefs.wpdev.go2people.nl\\\/fr\\\/culture-des-lakota\\\/\",\"url\":\"https:\\\/\\\/stjosefs.wpdev.go2people.nl\\\/fr\\\/culture-des-lakota\\\/\",\"name\":\"La culture lakota - St. Josefs Indianer Hilfswerk\",\"isPartOf\":{\"@id\":\"https:\\\/\\\/stjosefs.wpdev.go2people.nl\\\/#website\"},\"primaryImageOfPage\":{\"@id\":\"https:\\\/\\\/stjosefs.wpdev.go2people.nl\\\/fr\\\/culture-des-lakota\\\/#primaryimage\"},\"image\":{\"@id\":\"https:\\\/\\\/stjosefs.wpdev.go2people.nl\\\/fr\\\/culture-des-lakota\\\/#primaryimage\"},\"thumbnailUrl\":\"https:\\\/\\\/stjosefs.wpdev.go2people.nl\\\/wp-content\\\/uploads\\\/2016\\\/12\\\/shutterstock_139168562.jpg\",\"datePublished\":\"2016-12-22T12:16:19+00:00\",\"dateModified\":\"2022-05-16T10:04:03+00:00\",\"breadcrumb\":{\"@id\":\"https:\\\/\\\/stjosefs.wpdev.go2people.nl\\\/fr\\\/culture-des-lakota\\\/#breadcrumb\"},\"inLanguage\":\"fr-FR\",\"potentialAction\":[{\"@type\":\"ReadAction\",\"target\":[\"https:\\\/\\\/stjosefs.wpdev.go2people.nl\\\/fr\\\/culture-des-lakota\\\/\"]}]},{\"@type\":\"ImageObject\",\"inLanguage\":\"fr-FR\",\"@id\":\"https:\\\/\\\/stjosefs.wpdev.go2people.nl\\\/fr\\\/culture-des-lakota\\\/#primaryimage\",\"url\":\"https:\\\/\\\/stjosefs.wpdev.go2people.nl\\\/wp-content\\\/uploads\\\/2016\\\/12\\\/shutterstock_139168562.jpg\",\"contentUrl\":\"https:\\\/\\\/stjosefs.wpdev.go2people.nl\\\/wp-content\\\/uploads\\\/2016\\\/12\\\/shutterstock_139168562.jpg\",\"width\":\"3500\",\"height\":\"2334\"},{\"@type\":\"BreadcrumbList\",\"@id\":\"https:\\\/\\\/stjosefs.wpdev.go2people.nl\\\/fr\\\/culture-des-lakota\\\/#breadcrumb\",\"itemListElement\":[{\"@type\":\"ListItem\",\"position\":1,\"name\":\"Home\",\"item\":\"https:\\\/\\\/stjosefs.wpdev.go2people.nl\\\/fr\\\/\"},{\"@type\":\"ListItem\",\"position\":2,\"name\":\"La culture lakota\"}]},{\"@type\":\"WebSite\",\"@id\":\"https:\\\/\\\/stjosefs.wpdev.go2people.nl\\\/#website\",\"url\":\"https:\\\/\\\/stjosefs.wpdev.go2people.nl\\\/\",\"name\":\"St. Josefs Indianer Hilfswerk\",\"description\":\"F\u00fcr eine bessere Zukunft der Ureinwohnerkinder S\u00fcddakotas\",\"potentialAction\":[{\"@type\":\"SearchAction\",\"target\":{\"@type\":\"EntryPoint\",\"urlTemplate\":\"https:\\\/\\\/stjosefs.wpdev.go2people.nl\\\/?s={search_term_string}\"},\"query-input\":{\"@type\":\"PropertyValueSpecification\",\"valueRequired\":true,\"valueName\":\"search_term_string\"}}],\"inLanguage\":\"fr-FR\"}]}<\/script>\n<!-- \/ Yoast SEO plugin. -->","yoast_head_json":{"title":"La culture lakota - St. Josefs Indianer Hilfswerk","robots":{"index":"index","follow":"follow","max-snippet":"max-snippet:-1","max-image-preview":"max-image-preview:large","max-video-preview":"max-video-preview:-1"},"canonical":"https:\/\/stjosefs.wpdev.go2people.nl\/fr\/culture-des-lakota\/","og_locale":"fr_FR","og_type":"article","og_title":"La culture lakota - St. Josefs Indianer Hilfswerk","og_description":"Du nord au sud, la vie est rude dans les grandes plaines qui s\u2019\u00e9tendent du Saskatchewan au Texas. En l\u2019absence de v\u00e9ritables cha\u00eenes de montagnes,...","og_url":"https:\/\/stjosefs.wpdev.go2people.nl\/fr\/culture-des-lakota\/","og_site_name":"St. Josefs Indianer Hilfswerk","article_modified_time":"2022-05-16T10:04:03+00:00","og_image":[{"width":3500,"height":2334,"url":"https:\/\/stjosefs.wpdev.go2people.nl\/wp-content\/uploads\/2016\/12\/shutterstock_139168562.jpg","type":"image\/jpeg"}],"twitter_card":"summary_large_image","twitter_misc":{"Dur\u00e9e de lecture estim\u00e9e":"2 minutes"},"schema":{"@context":"https:\/\/schema.org","@graph":[{"@type":"WebPage","@id":"https:\/\/stjosefs.wpdev.go2people.nl\/fr\/culture-des-lakota\/","url":"https:\/\/stjosefs.wpdev.go2people.nl\/fr\/culture-des-lakota\/","name":"La culture lakota - St. Josefs Indianer Hilfswerk","isPartOf":{"@id":"https:\/\/stjosefs.wpdev.go2people.nl\/#website"},"primaryImageOfPage":{"@id":"https:\/\/stjosefs.wpdev.go2people.nl\/fr\/culture-des-lakota\/#primaryimage"},"image":{"@id":"https:\/\/stjosefs.wpdev.go2people.nl\/fr\/culture-des-lakota\/#primaryimage"},"thumbnailUrl":"https:\/\/stjosefs.wpdev.go2people.nl\/wp-content\/uploads\/2016\/12\/shutterstock_139168562.jpg","datePublished":"2016-12-22T12:16:19+00:00","dateModified":"2022-05-16T10:04:03+00:00","breadcrumb":{"@id":"https:\/\/stjosefs.wpdev.go2people.nl\/fr\/culture-des-lakota\/#breadcrumb"},"inLanguage":"fr-FR","potentialAction":[{"@type":"ReadAction","target":["https:\/\/stjosefs.wpdev.go2people.nl\/fr\/culture-des-lakota\/"]}]},{"@type":"ImageObject","inLanguage":"fr-FR","@id":"https:\/\/stjosefs.wpdev.go2people.nl\/fr\/culture-des-lakota\/#primaryimage","url":"https:\/\/stjosefs.wpdev.go2people.nl\/wp-content\/uploads\/2016\/12\/shutterstock_139168562.jpg","contentUrl":"https:\/\/stjosefs.wpdev.go2people.nl\/wp-content\/uploads\/2016\/12\/shutterstock_139168562.jpg","width":"3500","height":"2334"},{"@type":"BreadcrumbList","@id":"https:\/\/stjosefs.wpdev.go2people.nl\/fr\/culture-des-lakota\/#breadcrumb","itemListElement":[{"@type":"ListItem","position":1,"name":"Home","item":"https:\/\/stjosefs.wpdev.go2people.nl\/fr\/"},{"@type":"ListItem","position":2,"name":"La culture lakota"}]},{"@type":"WebSite","@id":"https:\/\/stjosefs.wpdev.go2people.nl\/#website","url":"https:\/\/stjosefs.wpdev.go2people.nl\/","name":"St. Josefs Indianer Hilfswerk","description":"F\u00fcr eine bessere Zukunft der Ureinwohnerkinder S\u00fcddakotas","potentialAction":[{"@type":"SearchAction","target":{"@type":"EntryPoint","urlTemplate":"https:\/\/stjosefs.wpdev.go2people.nl\/?s={search_term_string}"},"query-input":{"@type":"PropertyValueSpecification","valueRequired":true,"valueName":"search_term_string"}}],"inLanguage":"fr-FR"}]}},"_links":{"self":[{"href":"https:\/\/stjosefs.wpdev.go2people.nl\/fr\/wp-json\/wp\/v2\/pages\/235","targetHints":{"allow":["GET"]}}],"collection":[{"href":"https:\/\/stjosefs.wpdev.go2people.nl\/fr\/wp-json\/wp\/v2\/pages"}],"about":[{"href":"https:\/\/stjosefs.wpdev.go2people.nl\/fr\/wp-json\/wp\/v2\/types\/page"}],"author":[{"embeddable":true,"href":"https:\/\/stjosefs.wpdev.go2people.nl\/fr\/wp-json\/wp\/v2\/users\/1"}],"replies":[{"embeddable":true,"href":"https:\/\/stjosefs.wpdev.go2people.nl\/fr\/wp-json\/wp\/v2\/comments?post=235"}],"version-history":[{"count":10,"href":"https:\/\/stjosefs.wpdev.go2people.nl\/fr\/wp-json\/wp\/v2\/pages\/235\/revisions"}],"predecessor-version":[{"id":13013,"href":"https:\/\/stjosefs.wpdev.go2people.nl\/fr\/wp-json\/wp\/v2\/pages\/235\/revisions\/13013"}],"wp:featuredmedia":[{"embeddable":true,"href":"https:\/\/stjosefs.wpdev.go2people.nl\/fr\/wp-json\/wp\/v2\/media\/3619"}],"wp:attachment":[{"href":"https:\/\/stjosefs.wpdev.go2people.nl\/fr\/wp-json\/wp\/v2\/media?parent=235"}],"curies":[{"name":"wp","href":"https:\/\/api.w.org\/{rel}","templated":true}]}}