{"id":233,"date":"2016-12-22T13:13:47","date_gmt":"2016-12-22T12:13:47","guid":{"rendered":"https:\/\/stjosefs.wp2.go2people.nl\/fr\/?page_id=233"},"modified":"2023-10-02T10:59:25","modified_gmt":"2023-10-02T08:59:25","slug":"nos-enfants","status":"publish","type":"page","link":"https:\/\/stjosefs.wpdev.go2people.nl\/fr\/nos-enfants\/","title":{"rendered":"Les enfants"},"content":{"rendered":"<p>Depuis 1927, l&rsquo;\u00c9cole indienne St Joseph du Dakota oeuvre aupr\u00e8s d\u2019enfants sioux lakota d\u00e9favoris\u00e9s pour leur apporter une solide \u00e9ducation, des soins attentifs et l\u2019espoir dont ils ont besoin pour \u00e9chapper \u00e0 la mis\u00e8re qui les entoure.<\/p>\n<h2><span style=\"color: #000080;\">Un refuge loin du foyer<\/span><\/h2>\n<p>La philosophie d\u2019accueil et l&rsquo;h\u00e9bergement des enfants au sein d&rsquo;unit\u00e9s familiales font de l&rsquo;\u00e9cole un lieu unique dans le Dakota du Sud. L&rsquo;\u00c9cole indienne St Joseph repr\u00e9sente un refuge loin du foyer, une chance exceptionnelle de s\u2019en sortir pour environ 200 enfants am\u00e9rindiens.<\/p>\n<h2>Protection de la culture Indienne<\/h2>\n<p>Outre les disciplines scolaires de base, l&rsquo;\u00e9cole dispense des cours de langue lakota et de culture am\u00e9rindienne.<\/p>\n<p>Depuis plus de 90 ans, l\u2019\u00c9cole indienne St Joseph s\u2019occupe d\u2019enfants am\u00e9rindiens. Voici quelques raisons pour lesquelles la soutenir :<br \/>\n\u2022 Elle offre aux enfants sioux lakota un acc\u00e8s gratuit \u00e0 l\u2019enseignement.<br \/>\n\u2022 Elle leur offre un foyer s\u00fbr et stable.<br \/>\n\u2022 Elle promeut l\u2019\u00e9ducation, la culture et l\u2019\u00e9panouissement spirituel.<\/p>\n<p>&nbsp;<\/p>\n","protected":false},"excerpt":{"rendered":"<p>Depuis 1927, l&rsquo;\u00c9cole indienne St Joseph du Dakota oeuvre aupr\u00e8s d\u2019enfants sioux lakota d\u00e9favoris\u00e9s pour leur apporter une solide \u00e9ducation, des soins attentifs et l\u2019espoir&#8230;<\/p>\n","protected":false},"author":1,"featured_media":13532,"parent":0,"menu_order":0,"comment_status":"closed","ping_status":"closed","template":"","meta":{"_acf_changed":false,"footnotes":""},"class_list":["post-233","page","type-page","status-publish","has-post-thumbnail","hentry"],"acf":[],"yoast_head":"<!-- This site is optimized with the Yoast SEO plugin v27.6 - https:\/\/yoast.com\/product\/yoast-seo-wordpress\/ -->\n<title>Les enfants - St. Josefs Indianer Hilfswerk<\/title>\n<meta name=\"robots\" content=\"index, follow, max-snippet:-1, max-image-preview:large, max-video-preview:-1\" \/>\n<link rel=\"canonical\" href=\"https:\/\/stjosefs.wpdev.go2people.nl\/fr\/nos-enfants\/\" \/>\n<meta property=\"og:locale\" content=\"fr_FR\" \/>\n<meta property=\"og:type\" content=\"article\" \/>\n<meta property=\"og:title\" content=\"Les enfants - St. Josefs Indianer Hilfswerk\" \/>\n<meta property=\"og:description\" content=\"Depuis 1927, l&rsquo;\u00c9cole indienne St Joseph du Dakota oeuvre aupr\u00e8s d\u2019enfants sioux lakota d\u00e9favoris\u00e9s pour leur apporter une solide \u00e9ducation, des soins attentifs et l\u2019espoir...\" \/>\n<meta property=\"og:url\" content=\"https:\/\/stjosefs.wpdev.go2people.nl\/fr\/nos-enfants\/\" \/>\n<meta property=\"og:site_name\" content=\"St. Josefs Indianer Hilfswerk\" \/>\n<meta property=\"article:modified_time\" content=\"2023-10-02T08:59:25+00:00\" \/>\n<meta property=\"og:image\" content=\"https:\/\/stjosefs.wpdev.go2people.nl\/wp-content\/uploads\/2022\/09\/E2233SJD_SJF-D1-Donation-page-next-school-year-1.jpg\" \/>\n\t<meta property=\"og:image:width\" content=\"2000\" \/>\n\t<meta property=\"og:image:height\" content=\"900\" \/>\n\t<meta property=\"og:image:type\" content=\"image\/jpeg\" \/>\n<meta name=\"twitter:card\" content=\"summary_large_image\" \/>\n<meta name=\"twitter:label1\" content=\"Dur\u00e9e de lecture estim\u00e9e\" \/>\n\t<meta name=\"twitter:data1\" content=\"1 minute\" \/>\n<script type=\"application\/ld+json\" class=\"yoast-schema-graph\">{\"@context\":\"https:\\\/\\\/schema.org\",\"@graph\":[{\"@type\":\"WebPage\",\"@id\":\"https:\\\/\\\/stjosefs.wpdev.go2people.nl\\\/fr\\\/nos-enfants\\\/\",\"url\":\"https:\\\/\\\/stjosefs.wpdev.go2people.nl\\\/fr\\\/nos-enfants\\\/\",\"name\":\"Les enfants - St. Josefs Indianer Hilfswerk\",\"isPartOf\":{\"@id\":\"https:\\\/\\\/stjosefs.wpdev.go2people.nl\\\/#website\"},\"primaryImageOfPage\":{\"@id\":\"https:\\\/\\\/stjosefs.wpdev.go2people.nl\\\/fr\\\/nos-enfants\\\/#primaryimage\"},\"image\":{\"@id\":\"https:\\\/\\\/stjosefs.wpdev.go2people.nl\\\/fr\\\/nos-enfants\\\/#primaryimage\"},\"thumbnailUrl\":\"https:\\\/\\\/stjosefs.wpdev.go2people.nl\\\/wp-content\\\/uploads\\\/2022\\\/09\\\/E2233SJD_SJF-D1-Donation-page-next-school-year-1.jpg\",\"datePublished\":\"2016-12-22T12:13:47+00:00\",\"dateModified\":\"2023-10-02T08:59:25+00:00\",\"breadcrumb\":{\"@id\":\"https:\\\/\\\/stjosefs.wpdev.go2people.nl\\\/fr\\\/nos-enfants\\\/#breadcrumb\"},\"inLanguage\":\"fr-FR\",\"potentialAction\":[{\"@type\":\"ReadAction\",\"target\":[\"https:\\\/\\\/stjosefs.wpdev.go2people.nl\\\/fr\\\/nos-enfants\\\/\"]}]},{\"@type\":\"ImageObject\",\"inLanguage\":\"fr-FR\",\"@id\":\"https:\\\/\\\/stjosefs.wpdev.go2people.nl\\\/fr\\\/nos-enfants\\\/#primaryimage\",\"url\":\"https:\\\/\\\/stjosefs.wpdev.go2people.nl\\\/wp-content\\\/uploads\\\/2022\\\/09\\\/E2233SJD_SJF-D1-Donation-page-next-school-year-1.jpg\",\"contentUrl\":\"https:\\\/\\\/stjosefs.wpdev.go2people.nl\\\/wp-content\\\/uploads\\\/2022\\\/09\\\/E2233SJD_SJF-D1-Donation-page-next-school-year-1.jpg\",\"width\":2000,\"height\":900},{\"@type\":\"BreadcrumbList\",\"@id\":\"https:\\\/\\\/stjosefs.wpdev.go2people.nl\\\/fr\\\/nos-enfants\\\/#breadcrumb\",\"itemListElement\":[{\"@type\":\"ListItem\",\"position\":1,\"name\":\"Home\",\"item\":\"https:\\\/\\\/stjosefs.wpdev.go2people.nl\\\/fr\\\/\"},{\"@type\":\"ListItem\",\"position\":2,\"name\":\"Les enfants\"}]},{\"@type\":\"WebSite\",\"@id\":\"https:\\\/\\\/stjosefs.wpdev.go2people.nl\\\/#website\",\"url\":\"https:\\\/\\\/stjosefs.wpdev.go2people.nl\\\/\",\"name\":\"St. Josefs Indianer Hilfswerk\",\"description\":\"F\u00fcr eine bessere Zukunft der Ureinwohnerkinder S\u00fcddakotas\",\"potentialAction\":[{\"@type\":\"SearchAction\",\"target\":{\"@type\":\"EntryPoint\",\"urlTemplate\":\"https:\\\/\\\/stjosefs.wpdev.go2people.nl\\\/?s={search_term_string}\"},\"query-input\":{\"@type\":\"PropertyValueSpecification\",\"valueRequired\":true,\"valueName\":\"search_term_string\"}}],\"inLanguage\":\"fr-FR\"}]}<\/script>\n<!-- \/ Yoast SEO plugin. -->","yoast_head_json":{"title":"Les enfants - St. Josefs Indianer Hilfswerk","robots":{"index":"index","follow":"follow","max-snippet":"max-snippet:-1","max-image-preview":"max-image-preview:large","max-video-preview":"max-video-preview:-1"},"canonical":"https:\/\/stjosefs.wpdev.go2people.nl\/fr\/nos-enfants\/","og_locale":"fr_FR","og_type":"article","og_title":"Les enfants - St. Josefs Indianer Hilfswerk","og_description":"Depuis 1927, l&rsquo;\u00c9cole indienne St Joseph du Dakota oeuvre aupr\u00e8s d\u2019enfants sioux lakota d\u00e9favoris\u00e9s pour leur apporter une solide \u00e9ducation, des soins attentifs et l\u2019espoir...","og_url":"https:\/\/stjosefs.wpdev.go2people.nl\/fr\/nos-enfants\/","og_site_name":"St. Josefs Indianer Hilfswerk","article_modified_time":"2023-10-02T08:59:25+00:00","og_image":[{"width":2000,"height":900,"url":"https:\/\/stjosefs.wpdev.go2people.nl\/wp-content\/uploads\/2022\/09\/E2233SJD_SJF-D1-Donation-page-next-school-year-1.jpg","type":"image\/jpeg"}],"twitter_card":"summary_large_image","twitter_misc":{"Dur\u00e9e de lecture estim\u00e9e":"1 minute"},"schema":{"@context":"https:\/\/schema.org","@graph":[{"@type":"WebPage","@id":"https:\/\/stjosefs.wpdev.go2people.nl\/fr\/nos-enfants\/","url":"https:\/\/stjosefs.wpdev.go2people.nl\/fr\/nos-enfants\/","name":"Les enfants - St. Josefs Indianer Hilfswerk","isPartOf":{"@id":"https:\/\/stjosefs.wpdev.go2people.nl\/#website"},"primaryImageOfPage":{"@id":"https:\/\/stjosefs.wpdev.go2people.nl\/fr\/nos-enfants\/#primaryimage"},"image":{"@id":"https:\/\/stjosefs.wpdev.go2people.nl\/fr\/nos-enfants\/#primaryimage"},"thumbnailUrl":"https:\/\/stjosefs.wpdev.go2people.nl\/wp-content\/uploads\/2022\/09\/E2233SJD_SJF-D1-Donation-page-next-school-year-1.jpg","datePublished":"2016-12-22T12:13:47+00:00","dateModified":"2023-10-02T08:59:25+00:00","breadcrumb":{"@id":"https:\/\/stjosefs.wpdev.go2people.nl\/fr\/nos-enfants\/#breadcrumb"},"inLanguage":"fr-FR","potentialAction":[{"@type":"ReadAction","target":["https:\/\/stjosefs.wpdev.go2people.nl\/fr\/nos-enfants\/"]}]},{"@type":"ImageObject","inLanguage":"fr-FR","@id":"https:\/\/stjosefs.wpdev.go2people.nl\/fr\/nos-enfants\/#primaryimage","url":"https:\/\/stjosefs.wpdev.go2people.nl\/wp-content\/uploads\/2022\/09\/E2233SJD_SJF-D1-Donation-page-next-school-year-1.jpg","contentUrl":"https:\/\/stjosefs.wpdev.go2people.nl\/wp-content\/uploads\/2022\/09\/E2233SJD_SJF-D1-Donation-page-next-school-year-1.jpg","width":2000,"height":900},{"@type":"BreadcrumbList","@id":"https:\/\/stjosefs.wpdev.go2people.nl\/fr\/nos-enfants\/#breadcrumb","itemListElement":[{"@type":"ListItem","position":1,"name":"Home","item":"https:\/\/stjosefs.wpdev.go2people.nl\/fr\/"},{"@type":"ListItem","position":2,"name":"Les enfants"}]},{"@type":"WebSite","@id":"https:\/\/stjosefs.wpdev.go2people.nl\/#website","url":"https:\/\/stjosefs.wpdev.go2people.nl\/","name":"St. Josefs Indianer Hilfswerk","description":"F\u00fcr eine bessere Zukunft der Ureinwohnerkinder S\u00fcddakotas","potentialAction":[{"@type":"SearchAction","target":{"@type":"EntryPoint","urlTemplate":"https:\/\/stjosefs.wpdev.go2people.nl\/?s={search_term_string}"},"query-input":{"@type":"PropertyValueSpecification","valueRequired":true,"valueName":"search_term_string"}}],"inLanguage":"fr-FR"}]}},"_links":{"self":[{"href":"https:\/\/stjosefs.wpdev.go2people.nl\/fr\/wp-json\/wp\/v2\/pages\/233","targetHints":{"allow":["GET"]}}],"collection":[{"href":"https:\/\/stjosefs.wpdev.go2people.nl\/fr\/wp-json\/wp\/v2\/pages"}],"about":[{"href":"https:\/\/stjosefs.wpdev.go2people.nl\/fr\/wp-json\/wp\/v2\/types\/page"}],"author":[{"embeddable":true,"href":"https:\/\/stjosefs.wpdev.go2people.nl\/fr\/wp-json\/wp\/v2\/users\/1"}],"replies":[{"embeddable":true,"href":"https:\/\/stjosefs.wpdev.go2people.nl\/fr\/wp-json\/wp\/v2\/comments?post=233"}],"version-history":[{"count":17,"href":"https:\/\/stjosefs.wpdev.go2people.nl\/fr\/wp-json\/wp\/v2\/pages\/233\/revisions"}],"predecessor-version":[{"id":15556,"href":"https:\/\/stjosefs.wpdev.go2people.nl\/fr\/wp-json\/wp\/v2\/pages\/233\/revisions\/15556"}],"wp:featuredmedia":[{"embeddable":true,"href":"https:\/\/stjosefs.wpdev.go2people.nl\/fr\/wp-json\/wp\/v2\/media\/13532"}],"wp:attachment":[{"href":"https:\/\/stjosefs.wpdev.go2people.nl\/fr\/wp-json\/wp\/v2\/media?parent=233"}],"curies":[{"name":"wp","href":"https:\/\/api.w.org\/{rel}","templated":true}]}}