{"id":2323,"date":"2017-01-18T15:34:14","date_gmt":"2017-01-18T14:34:14","guid":{"rendered":"https:\/\/stjosefs.wp2.go2people.nl\/fr\/?page_id=2323"},"modified":"2022-05-16T11:17:47","modified_gmt":"2022-05-16T09:17:47","slug":"a-propos","status":"publish","type":"page","link":"https:\/\/stjosefs.wpdev.go2people.nl\/fr\/ecole\/a-propos\/","title":{"rendered":"A propos"},"content":{"rendered":"<p class=\"intro\">Depuis 1927, l\u2019\u00c9cole indienne St Joseph du Dakota accueille et \u00e9duque des enfants sioux lakota. Sa mission est de r\u00e9pondre aux besoins \u00e9l\u00e9mentaires de ses pensionnaires, en mettant l\u2019accent sur l\u2019\u00e9panouissement spirituel, psychologique et scolaire de chacun d\u2019entre eux, dans le respect de leur culture et de leur h\u00e9ritage.<\/p>\n<h2>Prendre en charge les besoins vitaux des enfants<\/h2>\n<p>La vocation de <strong><a href=\"https:\/\/www.stjo.org\/\" target=\"_blank\" rel=\"noopener\">l&rsquo;\u00c9cole indienne St Joseph in Chamberlain, Dakota du Sud<\/a> <\/strong>est de r\u00e9pondre aux besoins essentiels des enfants sioux lakota en leur fournissant des repas, des v\u00eatements et des soins m\u00e9dicaux. La priorit\u00e9 est donn\u00e9e au d\u00e9veloppement intellectuel, affectif et spirituel de chacun des \u00e9l\u00e8ves, tout en pr\u00e9servant la transmission de leur culture et de leurs traditions.<\/p>\n<p>Nous sommes profond\u00e9ment sensibles \u00e0 la g\u00e9n\u00e9rosit\u00e9 de tous les donateurs qui, de par le monde, soutiennent l&rsquo;association St Joseph du Dakota. En nous envoyant des dons, ils contribuent \u00e0 apporter une aide aux jeunes sioux lakota et \u00e0 leurs familles dans les r\u00e9serves du Dakota du Sud, et \u00e0 p\u00e9renniser l&rsquo;action \u00e9ducative de l&rsquo;\u00c9cole indienne St Joseph du Dakota aupr\u00e8s d\u2019eux. Notre rapport annuel d\u2019activit\u00e9 rend compte de l\u2019affectation des dons et permet de mesurer l\u2019utilit\u00e9 des actions de l&rsquo;Ecole indienne St Joseph du Dakota envers les enfants sioux lakotas.<\/p>\n<p><strong><a href=\"https:\/\/stjosephdudakota.fr\/contact\/faq\/\">Dans la rubrique FAQ<\/a><\/strong>, vous trouverez des r\u00e9ponses aux questions qui nous sont pos\u00e9es le plus fr\u00e9quemment. Si vous avez d\u2019autres questions, vous pouvez bien entendu nous contacter\u00a0directement.<\/p>\n","protected":false},"excerpt":{"rendered":"<p>Depuis 1927, l\u2019\u00c9cole indienne St Joseph du Dakota accueille et \u00e9duque des enfants sioux lakota. Sa mission est de r\u00e9pondre aux besoins \u00e9l\u00e9mentaires de ses&#8230;<\/p>\n","protected":false},"author":2,"featured_media":2280,"parent":224,"menu_order":1,"comment_status":"closed","ping_status":"closed","template":"","meta":{"_acf_changed":false,"footnotes":""},"class_list":["post-2323","page","type-page","status-publish","has-post-thumbnail","hentry"],"acf":[],"yoast_head":"<!-- This site is optimized with the Yoast SEO plugin v27.6 - https:\/\/yoast.com\/product\/yoast-seo-wordpress\/ -->\n<title>A propos - St. Josefs Indianer Hilfswerk<\/title>\n<meta name=\"robots\" content=\"index, follow, max-snippet:-1, max-image-preview:large, max-video-preview:-1\" \/>\n<link rel=\"canonical\" href=\"https:\/\/stjosefs.wpdev.go2people.nl\/fr\/ecole\/a-propos\/\" \/>\n<meta property=\"og:locale\" content=\"fr_FR\" \/>\n<meta property=\"og:type\" content=\"article\" \/>\n<meta property=\"og:title\" content=\"A propos - St. Josefs Indianer Hilfswerk\" \/>\n<meta property=\"og:description\" content=\"Depuis 1927, l\u2019\u00c9cole indienne St Joseph du Dakota accueille et \u00e9duque des enfants sioux lakota. Sa mission est de r\u00e9pondre aux besoins \u00e9l\u00e9mentaires de ses...\" \/>\n<meta property=\"og:url\" content=\"https:\/\/stjosefs.wpdev.go2people.nl\/fr\/ecole\/a-propos\/\" \/>\n<meta property=\"og:site_name\" content=\"St. Josefs Indianer Hilfswerk\" \/>\n<meta property=\"article:modified_time\" content=\"2022-05-16T09:17:47+00:00\" \/>\n<meta property=\"og:image\" content=\"https:\/\/stjosefs.wpdev.go2people.nl\/wp-content\/uploads\/2016\/11\/unsere-schule.jpg\" \/>\n\t<meta property=\"og:image:width\" content=\"5184\" \/>\n\t<meta property=\"og:image:height\" content=\"3456\" \/>\n\t<meta property=\"og:image:type\" content=\"image\/jpeg\" \/>\n<meta name=\"twitter:card\" content=\"summary_large_image\" \/>\n<meta name=\"twitter:label1\" content=\"Dur\u00e9e de lecture estim\u00e9e\" \/>\n\t<meta name=\"twitter:data1\" content=\"2 minutes\" \/>\n<script type=\"application\/ld+json\" class=\"yoast-schema-graph\">{\"@context\":\"https:\\\/\\\/schema.org\",\"@graph\":[{\"@type\":\"WebPage\",\"@id\":\"https:\\\/\\\/stjosefs.wpdev.go2people.nl\\\/fr\\\/ecole\\\/a-propos\\\/\",\"url\":\"https:\\\/\\\/stjosefs.wpdev.go2people.nl\\\/fr\\\/ecole\\\/a-propos\\\/\",\"name\":\"A propos - St. Josefs Indianer Hilfswerk\",\"isPartOf\":{\"@id\":\"https:\\\/\\\/stjosefs.wpdev.go2people.nl\\\/#website\"},\"primaryImageOfPage\":{\"@id\":\"https:\\\/\\\/stjosefs.wpdev.go2people.nl\\\/fr\\\/ecole\\\/a-propos\\\/#primaryimage\"},\"image\":{\"@id\":\"https:\\\/\\\/stjosefs.wpdev.go2people.nl\\\/fr\\\/ecole\\\/a-propos\\\/#primaryimage\"},\"thumbnailUrl\":\"https:\\\/\\\/stjosefs.wpdev.go2people.nl\\\/wp-content\\\/uploads\\\/2016\\\/11\\\/unsere-schule.jpg\",\"datePublished\":\"2017-01-18T14:34:14+00:00\",\"dateModified\":\"2022-05-16T09:17:47+00:00\",\"breadcrumb\":{\"@id\":\"https:\\\/\\\/stjosefs.wpdev.go2people.nl\\\/fr\\\/ecole\\\/a-propos\\\/#breadcrumb\"},\"inLanguage\":\"fr-FR\",\"potentialAction\":[{\"@type\":\"ReadAction\",\"target\":[\"https:\\\/\\\/stjosefs.wpdev.go2people.nl\\\/fr\\\/ecole\\\/a-propos\\\/\"]}]},{\"@type\":\"ImageObject\",\"inLanguage\":\"fr-FR\",\"@id\":\"https:\\\/\\\/stjosefs.wpdev.go2people.nl\\\/fr\\\/ecole\\\/a-propos\\\/#primaryimage\",\"url\":\"https:\\\/\\\/stjosefs.wpdev.go2people.nl\\\/wp-content\\\/uploads\\\/2016\\\/11\\\/unsere-schule.jpg\",\"contentUrl\":\"https:\\\/\\\/stjosefs.wpdev.go2people.nl\\\/wp-content\\\/uploads\\\/2016\\\/11\\\/unsere-schule.jpg\",\"width\":5184,\"height\":3456},{\"@type\":\"BreadcrumbList\",\"@id\":\"https:\\\/\\\/stjosefs.wpdev.go2people.nl\\\/fr\\\/ecole\\\/a-propos\\\/#breadcrumb\",\"itemListElement\":[{\"@type\":\"ListItem\",\"position\":1,\"name\":\"Home\",\"item\":\"https:\\\/\\\/stjosefs.wpdev.go2people.nl\\\/fr\\\/\"},{\"@type\":\"ListItem\",\"position\":2,\"name\":\"L&rsquo;\u00e9cole\",\"item\":\"https:\\\/\\\/stjosefs.wpdev.go2people.nl\\\/fr\\\/ecole\\\/\"},{\"@type\":\"ListItem\",\"position\":3,\"name\":\"A propos\"}]},{\"@type\":\"WebSite\",\"@id\":\"https:\\\/\\\/stjosefs.wpdev.go2people.nl\\\/#website\",\"url\":\"https:\\\/\\\/stjosefs.wpdev.go2people.nl\\\/\",\"name\":\"St. Josefs Indianer Hilfswerk\",\"description\":\"F\u00fcr eine bessere Zukunft der Ureinwohnerkinder S\u00fcddakotas\",\"potentialAction\":[{\"@type\":\"SearchAction\",\"target\":{\"@type\":\"EntryPoint\",\"urlTemplate\":\"https:\\\/\\\/stjosefs.wpdev.go2people.nl\\\/?s={search_term_string}\"},\"query-input\":{\"@type\":\"PropertyValueSpecification\",\"valueRequired\":true,\"valueName\":\"search_term_string\"}}],\"inLanguage\":\"fr-FR\"}]}<\/script>\n<!-- \/ Yoast SEO plugin. -->","yoast_head_json":{"title":"A propos - St. Josefs Indianer Hilfswerk","robots":{"index":"index","follow":"follow","max-snippet":"max-snippet:-1","max-image-preview":"max-image-preview:large","max-video-preview":"max-video-preview:-1"},"canonical":"https:\/\/stjosefs.wpdev.go2people.nl\/fr\/ecole\/a-propos\/","og_locale":"fr_FR","og_type":"article","og_title":"A propos - St. Josefs Indianer Hilfswerk","og_description":"Depuis 1927, l\u2019\u00c9cole indienne St Joseph du Dakota accueille et \u00e9duque des enfants sioux lakota. Sa mission est de r\u00e9pondre aux besoins \u00e9l\u00e9mentaires de ses...","og_url":"https:\/\/stjosefs.wpdev.go2people.nl\/fr\/ecole\/a-propos\/","og_site_name":"St. Josefs Indianer Hilfswerk","article_modified_time":"2022-05-16T09:17:47+00:00","og_image":[{"width":5184,"height":3456,"url":"https:\/\/stjosefs.wpdev.go2people.nl\/wp-content\/uploads\/2016\/11\/unsere-schule.jpg","type":"image\/jpeg"}],"twitter_card":"summary_large_image","twitter_misc":{"Dur\u00e9e de lecture estim\u00e9e":"2 minutes"},"schema":{"@context":"https:\/\/schema.org","@graph":[{"@type":"WebPage","@id":"https:\/\/stjosefs.wpdev.go2people.nl\/fr\/ecole\/a-propos\/","url":"https:\/\/stjosefs.wpdev.go2people.nl\/fr\/ecole\/a-propos\/","name":"A propos - St. Josefs Indianer Hilfswerk","isPartOf":{"@id":"https:\/\/stjosefs.wpdev.go2people.nl\/#website"},"primaryImageOfPage":{"@id":"https:\/\/stjosefs.wpdev.go2people.nl\/fr\/ecole\/a-propos\/#primaryimage"},"image":{"@id":"https:\/\/stjosefs.wpdev.go2people.nl\/fr\/ecole\/a-propos\/#primaryimage"},"thumbnailUrl":"https:\/\/stjosefs.wpdev.go2people.nl\/wp-content\/uploads\/2016\/11\/unsere-schule.jpg","datePublished":"2017-01-18T14:34:14+00:00","dateModified":"2022-05-16T09:17:47+00:00","breadcrumb":{"@id":"https:\/\/stjosefs.wpdev.go2people.nl\/fr\/ecole\/a-propos\/#breadcrumb"},"inLanguage":"fr-FR","potentialAction":[{"@type":"ReadAction","target":["https:\/\/stjosefs.wpdev.go2people.nl\/fr\/ecole\/a-propos\/"]}]},{"@type":"ImageObject","inLanguage":"fr-FR","@id":"https:\/\/stjosefs.wpdev.go2people.nl\/fr\/ecole\/a-propos\/#primaryimage","url":"https:\/\/stjosefs.wpdev.go2people.nl\/wp-content\/uploads\/2016\/11\/unsere-schule.jpg","contentUrl":"https:\/\/stjosefs.wpdev.go2people.nl\/wp-content\/uploads\/2016\/11\/unsere-schule.jpg","width":5184,"height":3456},{"@type":"BreadcrumbList","@id":"https:\/\/stjosefs.wpdev.go2people.nl\/fr\/ecole\/a-propos\/#breadcrumb","itemListElement":[{"@type":"ListItem","position":1,"name":"Home","item":"https:\/\/stjosefs.wpdev.go2people.nl\/fr\/"},{"@type":"ListItem","position":2,"name":"L&rsquo;\u00e9cole","item":"https:\/\/stjosefs.wpdev.go2people.nl\/fr\/ecole\/"},{"@type":"ListItem","position":3,"name":"A propos"}]},{"@type":"WebSite","@id":"https:\/\/stjosefs.wpdev.go2people.nl\/#website","url":"https:\/\/stjosefs.wpdev.go2people.nl\/","name":"St. Josefs Indianer Hilfswerk","description":"F\u00fcr eine bessere Zukunft der Ureinwohnerkinder S\u00fcddakotas","potentialAction":[{"@type":"SearchAction","target":{"@type":"EntryPoint","urlTemplate":"https:\/\/stjosefs.wpdev.go2people.nl\/?s={search_term_string}"},"query-input":{"@type":"PropertyValueSpecification","valueRequired":true,"valueName":"search_term_string"}}],"inLanguage":"fr-FR"}]}},"_links":{"self":[{"href":"https:\/\/stjosefs.wpdev.go2people.nl\/fr\/wp-json\/wp\/v2\/pages\/2323","targetHints":{"allow":["GET"]}}],"collection":[{"href":"https:\/\/stjosefs.wpdev.go2people.nl\/fr\/wp-json\/wp\/v2\/pages"}],"about":[{"href":"https:\/\/stjosefs.wpdev.go2people.nl\/fr\/wp-json\/wp\/v2\/types\/page"}],"author":[{"embeddable":true,"href":"https:\/\/stjosefs.wpdev.go2people.nl\/fr\/wp-json\/wp\/v2\/users\/2"}],"replies":[{"embeddable":true,"href":"https:\/\/stjosefs.wpdev.go2people.nl\/fr\/wp-json\/wp\/v2\/comments?post=2323"}],"version-history":[{"count":18,"href":"https:\/\/stjosefs.wpdev.go2people.nl\/fr\/wp-json\/wp\/v2\/pages\/2323\/revisions"}],"predecessor-version":[{"id":12992,"href":"https:\/\/stjosefs.wpdev.go2people.nl\/fr\/wp-json\/wp\/v2\/pages\/2323\/revisions\/12992"}],"up":[{"embeddable":true,"href":"https:\/\/stjosefs.wpdev.go2people.nl\/fr\/wp-json\/wp\/v2\/pages\/224"}],"wp:featuredmedia":[{"embeddable":true,"href":"https:\/\/stjosefs.wpdev.go2people.nl\/fr\/wp-json\/wp\/v2\/media\/2280"}],"wp:attachment":[{"href":"https:\/\/stjosefs.wpdev.go2people.nl\/fr\/wp-json\/wp\/v2\/media?parent=2323"}],"curies":[{"name":"wp","href":"https:\/\/api.w.org\/{rel}","templated":true}]}}