{"id":213,"date":"2016-12-22T12:23:26","date_gmt":"2016-12-22T11:23:26","guid":{"rendered":"https:\/\/stjosefs.wp2.go2people.nl\/?page_id=213&#038;lang=fr"},"modified":"2023-10-02T10:34:27","modified_gmt":"2023-10-02T08:34:27","slug":"home-3","status":"publish","type":"page","link":"https:\/\/stjosefs.wpdev.go2people.nl\/fr\/","title":{"rendered":"Home"},"content":{"rendered":"<p class=\"intro\" style=\"text-align: center;\">Notre association soutient l\u2019\u00c9cole indienne St Joseph du Dakota<br \/>\ndont la mission est de r\u00e9pondre aux besoins fondamentaux des enfants lakota, en favorisant l\u2019\u00e9panouissement spirituel, psychologique et scolaire de chacun d\u2019entre eux, dans le respect de leur culture et de leurs traditions.<\/p>\n<p>&nbsp;<\/p>\n<h6><\/h6>\n","protected":false},"excerpt":{"rendered":"<p>Notre association soutient l\u2019\u00c9cole indienne St Joseph du Dakota dont la mission est de r\u00e9pondre aux besoins fondamentaux des enfants lakota, en favorisant l\u2019\u00e9panouissement spirituel,&#8230;<\/p>\n","protected":false},"author":1,"featured_media":15424,"parent":0,"menu_order":0,"comment_status":"closed","ping_status":"open","template":"page-templates\/page-home.php","meta":{"_acf_changed":false,"footnotes":""},"class_list":["post-213","page","type-page","status-publish","has-post-thumbnail","hentry"],"acf":[],"yoast_head":"<!-- This site is optimized with the Yoast SEO plugin v27.6 - https:\/\/yoast.com\/product\/yoast-seo-wordpress\/ -->\n<title>St Joseph du Dakota - Aidez les enfants sioux lakotas d\u00e9favoris\u00e9s !<\/title>\n<meta name=\"description\" content=\"La vision St Joseph du Dakota: une extr\u00eame pauvret\u00e9 touche les r\u00e9serves am\u00e9rindiennes, en particulier dans le Dakota du Sud.\" \/>\n<meta name=\"robots\" content=\"index, follow, max-snippet:-1, max-image-preview:large, max-video-preview:-1\" \/>\n<link rel=\"canonical\" href=\"https:\/\/stjosefs.wpdev.go2people.nl\/fr\/\" \/>\n<meta property=\"og:locale\" content=\"fr_FR\" \/>\n<meta property=\"og:type\" content=\"article\" \/>\n<meta property=\"og:title\" content=\"St Joseph du Dakota - Aidez les enfants sioux lakotas d\u00e9favoris\u00e9s !\" \/>\n<meta property=\"og:description\" content=\"La vision St Joseph du Dakota: une extr\u00eame pauvret\u00e9 touche les r\u00e9serves am\u00e9rindiennes, en particulier dans le Dakota du Sud.\" \/>\n<meta property=\"og:url\" content=\"https:\/\/stjosefs.wpdev.go2people.nl\/fr\/\" \/>\n<meta property=\"og:site_name\" content=\"St. Josefs Indianer Hilfswerk\" \/>\n<meta property=\"article:modified_time\" content=\"2023-10-02T08:34:27+00:00\" \/>\n<meta property=\"og:image\" content=\"https:\/\/stjosefs.wpdev.go2people.nl\/wp-content\/uploads\/2023\/08\/E2311SJF_Fase-2-4-1024x512.jpg\" \/>\n\t<meta property=\"og:image:width\" content=\"1024\" \/>\n\t<meta property=\"og:image:height\" content=\"512\" \/>\n\t<meta property=\"og:image:type\" content=\"image\/jpeg\" \/>\n<meta name=\"twitter:card\" content=\"summary_large_image\" \/>\n<meta name=\"twitter:label1\" content=\"Dur\u00e9e de lecture estim\u00e9e\" \/>\n\t<meta name=\"twitter:data1\" content=\"1 minute\" \/>\n<script type=\"application\/ld+json\" class=\"yoast-schema-graph\">{\"@context\":\"https:\\\/\\\/schema.org\",\"@graph\":[{\"@type\":\"WebPage\",\"@id\":\"https:\\\/\\\/stjosefs.wpdev.go2people.nl\\\/fr\\\/\",\"url\":\"https:\\\/\\\/stjosefs.wpdev.go2people.nl\\\/fr\\\/\",\"name\":\"St Joseph du Dakota - Aidez les enfants sioux lakotas d\u00e9favoris\u00e9s !\",\"isPartOf\":{\"@id\":\"https:\\\/\\\/stjosefs.wpdev.go2people.nl\\\/#website\"},\"primaryImageOfPage\":{\"@id\":\"https:\\\/\\\/stjosefs.wpdev.go2people.nl\\\/fr\\\/#primaryimage\"},\"image\":{\"@id\":\"https:\\\/\\\/stjosefs.wpdev.go2people.nl\\\/fr\\\/#primaryimage\"},\"thumbnailUrl\":\"https:\\\/\\\/stjosefs.wpdev.go2people.nl\\\/wp-content\\\/uploads\\\/2023\\\/08\\\/E2311SJF_Fase-2-4-scaled.jpg\",\"datePublished\":\"2016-12-22T11:23:26+00:00\",\"dateModified\":\"2023-10-02T08:34:27+00:00\",\"description\":\"La vision St Joseph du Dakota: une extr\u00eame pauvret\u00e9 touche les r\u00e9serves am\u00e9rindiennes, en particulier dans le Dakota du Sud.\",\"breadcrumb\":{\"@id\":\"https:\\\/\\\/stjosefs.wpdev.go2people.nl\\\/fr\\\/#breadcrumb\"},\"inLanguage\":\"fr-FR\",\"potentialAction\":[{\"@type\":\"ReadAction\",\"target\":[\"https:\\\/\\\/stjosefs.wpdev.go2people.nl\\\/fr\\\/\"]}]},{\"@type\":\"ImageObject\",\"inLanguage\":\"fr-FR\",\"@id\":\"https:\\\/\\\/stjosefs.wpdev.go2people.nl\\\/fr\\\/#primaryimage\",\"url\":\"https:\\\/\\\/stjosefs.wpdev.go2people.nl\\\/wp-content\\\/uploads\\\/2023\\\/08\\\/E2311SJF_Fase-2-4-scaled.jpg\",\"contentUrl\":\"https:\\\/\\\/stjosefs.wpdev.go2people.nl\\\/wp-content\\\/uploads\\\/2023\\\/08\\\/E2311SJF_Fase-2-4-scaled.jpg\",\"width\":2560,\"height\":1280},{\"@type\":\"BreadcrumbList\",\"@id\":\"https:\\\/\\\/stjosefs.wpdev.go2people.nl\\\/fr\\\/#breadcrumb\",\"itemListElement\":[{\"@type\":\"ListItem\",\"position\":1,\"name\":\"Home\",\"item\":\"https:\\\/\\\/stjosefs.wpdev.go2people.nl\\\/fr\\\/\"},{\"@type\":\"ListItem\",\"position\":2,\"name\":\"Home\"}]},{\"@type\":\"WebSite\",\"@id\":\"https:\\\/\\\/stjosefs.wpdev.go2people.nl\\\/#website\",\"url\":\"https:\\\/\\\/stjosefs.wpdev.go2people.nl\\\/\",\"name\":\"St. Josefs Indianer Hilfswerk\",\"description\":\"F\u00fcr eine bessere Zukunft der Ureinwohnerkinder S\u00fcddakotas\",\"potentialAction\":[{\"@type\":\"SearchAction\",\"target\":{\"@type\":\"EntryPoint\",\"urlTemplate\":\"https:\\\/\\\/stjosefs.wpdev.go2people.nl\\\/?s={search_term_string}\"},\"query-input\":{\"@type\":\"PropertyValueSpecification\",\"valueRequired\":true,\"valueName\":\"search_term_string\"}}],\"inLanguage\":\"fr-FR\"}]}<\/script>\n<!-- \/ Yoast SEO plugin. -->","yoast_head_json":{"title":"St Joseph du Dakota - Aidez les enfants sioux lakotas d\u00e9favoris\u00e9s !","description":"La vision St Joseph du Dakota: une extr\u00eame pauvret\u00e9 touche les r\u00e9serves am\u00e9rindiennes, en particulier dans le Dakota du Sud.","robots":{"index":"index","follow":"follow","max-snippet":"max-snippet:-1","max-image-preview":"max-image-preview:large","max-video-preview":"max-video-preview:-1"},"canonical":"https:\/\/stjosefs.wpdev.go2people.nl\/fr\/","og_locale":"fr_FR","og_type":"article","og_title":"St Joseph du Dakota - Aidez les enfants sioux lakotas d\u00e9favoris\u00e9s !","og_description":"La vision St Joseph du Dakota: une extr\u00eame pauvret\u00e9 touche les r\u00e9serves am\u00e9rindiennes, en particulier dans le Dakota du Sud.","og_url":"https:\/\/stjosefs.wpdev.go2people.nl\/fr\/","og_site_name":"St. Josefs Indianer Hilfswerk","article_modified_time":"2023-10-02T08:34:27+00:00","og_image":[{"width":1024,"height":512,"url":"https:\/\/stjosefs.wpdev.go2people.nl\/wp-content\/uploads\/2023\/08\/E2311SJF_Fase-2-4-1024x512.jpg","type":"image\/jpeg"}],"twitter_card":"summary_large_image","twitter_misc":{"Dur\u00e9e de lecture estim\u00e9e":"1 minute"},"schema":{"@context":"https:\/\/schema.org","@graph":[{"@type":"WebPage","@id":"https:\/\/stjosefs.wpdev.go2people.nl\/fr\/","url":"https:\/\/stjosefs.wpdev.go2people.nl\/fr\/","name":"St Joseph du Dakota - Aidez les enfants sioux lakotas d\u00e9favoris\u00e9s !","isPartOf":{"@id":"https:\/\/stjosefs.wpdev.go2people.nl\/#website"},"primaryImageOfPage":{"@id":"https:\/\/stjosefs.wpdev.go2people.nl\/fr\/#primaryimage"},"image":{"@id":"https:\/\/stjosefs.wpdev.go2people.nl\/fr\/#primaryimage"},"thumbnailUrl":"https:\/\/stjosefs.wpdev.go2people.nl\/wp-content\/uploads\/2023\/08\/E2311SJF_Fase-2-4-scaled.jpg","datePublished":"2016-12-22T11:23:26+00:00","dateModified":"2023-10-02T08:34:27+00:00","description":"La vision St Joseph du Dakota: une extr\u00eame pauvret\u00e9 touche les r\u00e9serves am\u00e9rindiennes, en particulier dans le Dakota du Sud.","breadcrumb":{"@id":"https:\/\/stjosefs.wpdev.go2people.nl\/fr\/#breadcrumb"},"inLanguage":"fr-FR","potentialAction":[{"@type":"ReadAction","target":["https:\/\/stjosefs.wpdev.go2people.nl\/fr\/"]}]},{"@type":"ImageObject","inLanguage":"fr-FR","@id":"https:\/\/stjosefs.wpdev.go2people.nl\/fr\/#primaryimage","url":"https:\/\/stjosefs.wpdev.go2people.nl\/wp-content\/uploads\/2023\/08\/E2311SJF_Fase-2-4-scaled.jpg","contentUrl":"https:\/\/stjosefs.wpdev.go2people.nl\/wp-content\/uploads\/2023\/08\/E2311SJF_Fase-2-4-scaled.jpg","width":2560,"height":1280},{"@type":"BreadcrumbList","@id":"https:\/\/stjosefs.wpdev.go2people.nl\/fr\/#breadcrumb","itemListElement":[{"@type":"ListItem","position":1,"name":"Home","item":"https:\/\/stjosefs.wpdev.go2people.nl\/fr\/"},{"@type":"ListItem","position":2,"name":"Home"}]},{"@type":"WebSite","@id":"https:\/\/stjosefs.wpdev.go2people.nl\/#website","url":"https:\/\/stjosefs.wpdev.go2people.nl\/","name":"St. Josefs Indianer Hilfswerk","description":"F\u00fcr eine bessere Zukunft der Ureinwohnerkinder S\u00fcddakotas","potentialAction":[{"@type":"SearchAction","target":{"@type":"EntryPoint","urlTemplate":"https:\/\/stjosefs.wpdev.go2people.nl\/?s={search_term_string}"},"query-input":{"@type":"PropertyValueSpecification","valueRequired":true,"valueName":"search_term_string"}}],"inLanguage":"fr-FR"}]}},"_links":{"self":[{"href":"https:\/\/stjosefs.wpdev.go2people.nl\/fr\/wp-json\/wp\/v2\/pages\/213","targetHints":{"allow":["GET"]}}],"collection":[{"href":"https:\/\/stjosefs.wpdev.go2people.nl\/fr\/wp-json\/wp\/v2\/pages"}],"about":[{"href":"https:\/\/stjosefs.wpdev.go2people.nl\/fr\/wp-json\/wp\/v2\/types\/page"}],"author":[{"embeddable":true,"href":"https:\/\/stjosefs.wpdev.go2people.nl\/fr\/wp-json\/wp\/v2\/users\/1"}],"replies":[{"embeddable":true,"href":"https:\/\/stjosefs.wpdev.go2people.nl\/fr\/wp-json\/wp\/v2\/comments?post=213"}],"version-history":[{"count":198,"href":"https:\/\/stjosefs.wpdev.go2people.nl\/fr\/wp-json\/wp\/v2\/pages\/213\/revisions"}],"predecessor-version":[{"id":15552,"href":"https:\/\/stjosefs.wpdev.go2people.nl\/fr\/wp-json\/wp\/v2\/pages\/213\/revisions\/15552"}],"wp:featuredmedia":[{"embeddable":true,"href":"https:\/\/stjosefs.wpdev.go2people.nl\/fr\/wp-json\/wp\/v2\/media\/15424"}],"wp:attachment":[{"href":"https:\/\/stjosefs.wpdev.go2people.nl\/fr\/wp-json\/wp\/v2\/media?parent=213"}],"curies":[{"name":"wp","href":"https:\/\/api.w.org\/{rel}","templated":true}]}}