{"id":1882,"date":"2017-01-12T10:39:05","date_gmt":"2017-01-12T09:39:05","guid":{"rendered":"https:\/\/stjosefs.wp2.go2people.nl\/fr\/?page_id=1882"},"modified":"2022-05-16T12:19:25","modified_gmt":"2022-05-16T10:19:25","slug":"les-indiens","status":"publish","type":"page","link":"https:\/\/stjosefs.wpdev.go2people.nl\/fr\/culture-des-lakota\/les-indiens\/","title":{"rendered":"Les Indiens"},"content":{"rendered":"<p>Les Indiens lakotas vivaient d\u00e9j\u00e0 \u2013 bien avant l\u2019arriv\u00e9e des hommes blancs \u2013 dans l\u2019\u00e9tat du Wyoming. A la fin du 19e si\u00e8cle, les colons arriv\u00e9s sur la c\u00f4te Est avaient d\u00e9j\u00e0 atteint cette partie des Etats-Unis. L\u2019arm\u00e9e construisit un grand fort pour prot\u00e9ger les colons : le Fort Laramie. La r\u00e9gion \u00e9tait connue pour son commerce de la fourrure et attira ainsi de plus en plus de colons. Le troc fut remplac\u00e9 par les dollars, le bison disparut des plaines et les Indiens furent progressivement forc\u00e9s \u00e0 abandonner leur style de vie traditionnel. Dans les Black Hills, l\u2019ancien territoire des Indiens lakotas, de l\u2019or fut d\u00e9couvert en 1874 par les colons. Le gouvernement essaya alors d\u2019acheter les Blacks Hills aux Lakotas et for\u00e7a les Indiens \u00e0 se rassembler autour du Fort Robinson, dans l\u2019\u00e9tat du Nebraska. Les Indiens refus\u00e8rent et l\u2019arm\u00e9e fut d\u00e9ploy\u00e9e pour chasser les Lakotas de la r\u00e9gion.<\/p>\n<h2>Bataille de Little Big Horn<\/h2>\n<h2><img loading=\"lazy\" decoding=\"async\" class=\"alignnone size-full wp-image-2956\" src=\"https:\/\/stjosephdudakota.fr\/wp-content\/uploads\/2017\/01\/Bataille-de-Little-Big-Horn.jpg\" alt=\"Bataille de Little Big Horn\" width=\"600\" height=\"366\" srcset=\"https:\/\/stjosefs.wpdev.go2people.nl\/wp-content\/uploads\/2017\/01\/Bataille-de-Little-Big-Horn.jpg 600w, https:\/\/stjosefs.wpdev.go2people.nl\/wp-content\/uploads\/2017\/01\/Bataille-de-Little-Big-Horn-300x183.jpg 300w\" sizes=\"auto, (max-width: 600px) 100vw, 600px\" \/><\/h2>\n<p>&nbsp;<\/p>\n<p>En 1876, les Indiens lakotas obtinrent une victoire sur le G\u00e9n\u00e9ral Custer \u00e0 Little Big Horn. Malgr\u00e9 cette victoire sanglante, les Indiens lakotas furent dans l\u2019obligation d\u2019abandonner leur r\u00e9sistance arm\u00e9e un an plus tard et de renoncer aux Black Hills. Les Lakotas et autres Indiens sioux furent forc\u00e9s de continuer \u00e0 vivre dans les r\u00e9serves de la r\u00e9gion. La r\u00e9serve de Pine Ridge dans le Dakota du Sud devint la deuxi\u00e8me plus grande r\u00e9serve des Etats-Unis. Aujourd\u2019hui, 19 000 Indiens lakotas vivent aux Etats-Unis, la majorit\u00e9 dans la pauvret\u00e9.<\/p>\n<p>&nbsp;<\/p>\n","protected":false},"excerpt":{"rendered":"<p>Les Indiens lakotas vivaient d\u00e9j\u00e0 \u2013 bien avant l\u2019arriv\u00e9e des hommes blancs \u2013 dans l\u2019\u00e9tat du Wyoming. A la fin du 19e si\u00e8cle, les colons&#8230;<\/p>\n","protected":false},"author":2,"featured_media":2630,"parent":235,"menu_order":0,"comment_status":"closed","ping_status":"closed","template":"","meta":{"_acf_changed":false,"footnotes":""},"class_list":["post-1882","page","type-page","status-publish","has-post-thumbnail","hentry"],"acf":[],"yoast_head":"<!-- This site is optimized with the Yoast SEO plugin v27.6 - https:\/\/yoast.com\/product\/yoast-seo-wordpress\/ -->\n<title>Les Indiens - St. Josefs Indianer Hilfswerk<\/title>\n<meta name=\"robots\" content=\"index, follow, max-snippet:-1, max-image-preview:large, max-video-preview:-1\" \/>\n<link rel=\"canonical\" href=\"https:\/\/stjosefs.wpdev.go2people.nl\/fr\/culture-des-lakota\/les-indiens\/\" \/>\n<meta property=\"og:locale\" content=\"fr_FR\" \/>\n<meta property=\"og:type\" content=\"article\" \/>\n<meta property=\"og:title\" content=\"Les Indiens - St. Josefs Indianer Hilfswerk\" \/>\n<meta property=\"og:description\" content=\"Les Indiens lakotas vivaient d\u00e9j\u00e0 \u2013 bien avant l\u2019arriv\u00e9e des hommes blancs \u2013 dans l\u2019\u00e9tat du Wyoming. A la fin du 19e si\u00e8cle, les colons...\" \/>\n<meta property=\"og:url\" content=\"https:\/\/stjosefs.wpdev.go2people.nl\/fr\/culture-des-lakota\/les-indiens\/\" \/>\n<meta property=\"og:site_name\" content=\"St. Josefs Indianer Hilfswerk\" \/>\n<meta property=\"article:modified_time\" content=\"2022-05-16T10:19:25+00:00\" \/>\n<meta property=\"og:image\" content=\"https:\/\/stjosefs.wpdev.go2people.nl\/wp-content\/uploads\/2017\/01\/La-Bataille-de-Little-Bighorn.jpg\" \/>\n\t<meta property=\"og:image:width\" content=\"3300\" \/>\n\t<meta property=\"og:image:height\" content=\"1905\" \/>\n\t<meta property=\"og:image:type\" content=\"image\/jpeg\" \/>\n<meta name=\"twitter:card\" content=\"summary_large_image\" \/>\n<meta name=\"twitter:label1\" content=\"Dur\u00e9e de lecture estim\u00e9e\" \/>\n\t<meta name=\"twitter:data1\" content=\"2 minutes\" \/>\n<script type=\"application\/ld+json\" class=\"yoast-schema-graph\">{\"@context\":\"https:\\\/\\\/schema.org\",\"@graph\":[{\"@type\":\"WebPage\",\"@id\":\"https:\\\/\\\/stjosefs.wpdev.go2people.nl\\\/fr\\\/culture-des-lakota\\\/les-indiens\\\/\",\"url\":\"https:\\\/\\\/stjosefs.wpdev.go2people.nl\\\/fr\\\/culture-des-lakota\\\/les-indiens\\\/\",\"name\":\"Les Indiens - St. Josefs Indianer Hilfswerk\",\"isPartOf\":{\"@id\":\"https:\\\/\\\/stjosefs.wpdev.go2people.nl\\\/#website\"},\"primaryImageOfPage\":{\"@id\":\"https:\\\/\\\/stjosefs.wpdev.go2people.nl\\\/fr\\\/culture-des-lakota\\\/les-indiens\\\/#primaryimage\"},\"image\":{\"@id\":\"https:\\\/\\\/stjosefs.wpdev.go2people.nl\\\/fr\\\/culture-des-lakota\\\/les-indiens\\\/#primaryimage\"},\"thumbnailUrl\":\"https:\\\/\\\/stjosefs.wpdev.go2people.nl\\\/wp-content\\\/uploads\\\/2017\\\/01\\\/La-Bataille-de-Little-Bighorn.jpg\",\"datePublished\":\"2017-01-12T09:39:05+00:00\",\"dateModified\":\"2022-05-16T10:19:25+00:00\",\"breadcrumb\":{\"@id\":\"https:\\\/\\\/stjosefs.wpdev.go2people.nl\\\/fr\\\/culture-des-lakota\\\/les-indiens\\\/#breadcrumb\"},\"inLanguage\":\"fr-FR\",\"potentialAction\":[{\"@type\":\"ReadAction\",\"target\":[\"https:\\\/\\\/stjosefs.wpdev.go2people.nl\\\/fr\\\/culture-des-lakota\\\/les-indiens\\\/\"]}]},{\"@type\":\"ImageObject\",\"inLanguage\":\"fr-FR\",\"@id\":\"https:\\\/\\\/stjosefs.wpdev.go2people.nl\\\/fr\\\/culture-des-lakota\\\/les-indiens\\\/#primaryimage\",\"url\":\"https:\\\/\\\/stjosefs.wpdev.go2people.nl\\\/wp-content\\\/uploads\\\/2017\\\/01\\\/La-Bataille-de-Little-Bighorn.jpg\",\"contentUrl\":\"https:\\\/\\\/stjosefs.wpdev.go2people.nl\\\/wp-content\\\/uploads\\\/2017\\\/01\\\/La-Bataille-de-Little-Bighorn.jpg\",\"width\":3300,\"height\":1905,\"caption\":\"La Bataille de Little Bighorn\"},{\"@type\":\"BreadcrumbList\",\"@id\":\"https:\\\/\\\/stjosefs.wpdev.go2people.nl\\\/fr\\\/culture-des-lakota\\\/les-indiens\\\/#breadcrumb\",\"itemListElement\":[{\"@type\":\"ListItem\",\"position\":1,\"name\":\"Home\",\"item\":\"https:\\\/\\\/stjosefs.wpdev.go2people.nl\\\/fr\\\/\"},{\"@type\":\"ListItem\",\"position\":2,\"name\":\"La culture lakota\",\"item\":\"https:\\\/\\\/stjosefs.wpdev.go2people.nl\\\/fr\\\/culture-des-lakota\\\/\"},{\"@type\":\"ListItem\",\"position\":3,\"name\":\"Les Indiens\"}]},{\"@type\":\"WebSite\",\"@id\":\"https:\\\/\\\/stjosefs.wpdev.go2people.nl\\\/#website\",\"url\":\"https:\\\/\\\/stjosefs.wpdev.go2people.nl\\\/\",\"name\":\"St. Josefs Indianer Hilfswerk\",\"description\":\"F\u00fcr eine bessere Zukunft der Ureinwohnerkinder S\u00fcddakotas\",\"potentialAction\":[{\"@type\":\"SearchAction\",\"target\":{\"@type\":\"EntryPoint\",\"urlTemplate\":\"https:\\\/\\\/stjosefs.wpdev.go2people.nl\\\/?s={search_term_string}\"},\"query-input\":{\"@type\":\"PropertyValueSpecification\",\"valueRequired\":true,\"valueName\":\"search_term_string\"}}],\"inLanguage\":\"fr-FR\"}]}<\/script>\n<!-- \/ Yoast SEO plugin. -->","yoast_head_json":{"title":"Les Indiens - St. Josefs Indianer Hilfswerk","robots":{"index":"index","follow":"follow","max-snippet":"max-snippet:-1","max-image-preview":"max-image-preview:large","max-video-preview":"max-video-preview:-1"},"canonical":"https:\/\/stjosefs.wpdev.go2people.nl\/fr\/culture-des-lakota\/les-indiens\/","og_locale":"fr_FR","og_type":"article","og_title":"Les Indiens - St. Josefs Indianer Hilfswerk","og_description":"Les Indiens lakotas vivaient d\u00e9j\u00e0 \u2013 bien avant l\u2019arriv\u00e9e des hommes blancs \u2013 dans l\u2019\u00e9tat du Wyoming. A la fin du 19e si\u00e8cle, les colons...","og_url":"https:\/\/stjosefs.wpdev.go2people.nl\/fr\/culture-des-lakota\/les-indiens\/","og_site_name":"St. Josefs Indianer Hilfswerk","article_modified_time":"2022-05-16T10:19:25+00:00","og_image":[{"width":3300,"height":1905,"url":"https:\/\/stjosefs.wpdev.go2people.nl\/wp-content\/uploads\/2017\/01\/La-Bataille-de-Little-Bighorn.jpg","type":"image\/jpeg"}],"twitter_card":"summary_large_image","twitter_misc":{"Dur\u00e9e de lecture estim\u00e9e":"2 minutes"},"schema":{"@context":"https:\/\/schema.org","@graph":[{"@type":"WebPage","@id":"https:\/\/stjosefs.wpdev.go2people.nl\/fr\/culture-des-lakota\/les-indiens\/","url":"https:\/\/stjosefs.wpdev.go2people.nl\/fr\/culture-des-lakota\/les-indiens\/","name":"Les Indiens - St. Josefs Indianer Hilfswerk","isPartOf":{"@id":"https:\/\/stjosefs.wpdev.go2people.nl\/#website"},"primaryImageOfPage":{"@id":"https:\/\/stjosefs.wpdev.go2people.nl\/fr\/culture-des-lakota\/les-indiens\/#primaryimage"},"image":{"@id":"https:\/\/stjosefs.wpdev.go2people.nl\/fr\/culture-des-lakota\/les-indiens\/#primaryimage"},"thumbnailUrl":"https:\/\/stjosefs.wpdev.go2people.nl\/wp-content\/uploads\/2017\/01\/La-Bataille-de-Little-Bighorn.jpg","datePublished":"2017-01-12T09:39:05+00:00","dateModified":"2022-05-16T10:19:25+00:00","breadcrumb":{"@id":"https:\/\/stjosefs.wpdev.go2people.nl\/fr\/culture-des-lakota\/les-indiens\/#breadcrumb"},"inLanguage":"fr-FR","potentialAction":[{"@type":"ReadAction","target":["https:\/\/stjosefs.wpdev.go2people.nl\/fr\/culture-des-lakota\/les-indiens\/"]}]},{"@type":"ImageObject","inLanguage":"fr-FR","@id":"https:\/\/stjosefs.wpdev.go2people.nl\/fr\/culture-des-lakota\/les-indiens\/#primaryimage","url":"https:\/\/stjosefs.wpdev.go2people.nl\/wp-content\/uploads\/2017\/01\/La-Bataille-de-Little-Bighorn.jpg","contentUrl":"https:\/\/stjosefs.wpdev.go2people.nl\/wp-content\/uploads\/2017\/01\/La-Bataille-de-Little-Bighorn.jpg","width":3300,"height":1905,"caption":"La Bataille de Little Bighorn"},{"@type":"BreadcrumbList","@id":"https:\/\/stjosefs.wpdev.go2people.nl\/fr\/culture-des-lakota\/les-indiens\/#breadcrumb","itemListElement":[{"@type":"ListItem","position":1,"name":"Home","item":"https:\/\/stjosefs.wpdev.go2people.nl\/fr\/"},{"@type":"ListItem","position":2,"name":"La culture lakota","item":"https:\/\/stjosefs.wpdev.go2people.nl\/fr\/culture-des-lakota\/"},{"@type":"ListItem","position":3,"name":"Les Indiens"}]},{"@type":"WebSite","@id":"https:\/\/stjosefs.wpdev.go2people.nl\/#website","url":"https:\/\/stjosefs.wpdev.go2people.nl\/","name":"St. Josefs Indianer Hilfswerk","description":"F\u00fcr eine bessere Zukunft der Ureinwohnerkinder S\u00fcddakotas","potentialAction":[{"@type":"SearchAction","target":{"@type":"EntryPoint","urlTemplate":"https:\/\/stjosefs.wpdev.go2people.nl\/?s={search_term_string}"},"query-input":{"@type":"PropertyValueSpecification","valueRequired":true,"valueName":"search_term_string"}}],"inLanguage":"fr-FR"}]}},"_links":{"self":[{"href":"https:\/\/stjosefs.wpdev.go2people.nl\/fr\/wp-json\/wp\/v2\/pages\/1882","targetHints":{"allow":["GET"]}}],"collection":[{"href":"https:\/\/stjosefs.wpdev.go2people.nl\/fr\/wp-json\/wp\/v2\/pages"}],"about":[{"href":"https:\/\/stjosefs.wpdev.go2people.nl\/fr\/wp-json\/wp\/v2\/types\/page"}],"author":[{"embeddable":true,"href":"https:\/\/stjosefs.wpdev.go2people.nl\/fr\/wp-json\/wp\/v2\/users\/2"}],"replies":[{"embeddable":true,"href":"https:\/\/stjosefs.wpdev.go2people.nl\/fr\/wp-json\/wp\/v2\/comments?post=1882"}],"version-history":[{"count":8,"href":"https:\/\/stjosefs.wpdev.go2people.nl\/fr\/wp-json\/wp\/v2\/pages\/1882\/revisions"}],"predecessor-version":[{"id":13023,"href":"https:\/\/stjosefs.wpdev.go2people.nl\/fr\/wp-json\/wp\/v2\/pages\/1882\/revisions\/13023"}],"up":[{"embeddable":true,"href":"https:\/\/stjosefs.wpdev.go2people.nl\/fr\/wp-json\/wp\/v2\/pages\/235"}],"wp:featuredmedia":[{"embeddable":true,"href":"https:\/\/stjosefs.wpdev.go2people.nl\/fr\/wp-json\/wp\/v2\/media\/2630"}],"wp:attachment":[{"href":"https:\/\/stjosefs.wpdev.go2people.nl\/fr\/wp-json\/wp\/v2\/media?parent=1882"}],"curies":[{"name":"wp","href":"https:\/\/api.w.org\/{rel}","templated":true}]}}