{"id":1880,"date":"2017-01-12T10:32:55","date_gmt":"2017-01-12T09:32:55","guid":{"rendered":"https:\/\/stjosefs.wp2.go2people.nl\/fr\/?page_id=1880"},"modified":"2022-05-16T12:28:20","modified_gmt":"2022-05-16T10:28:20","slug":"lhistoire-de-wounded-knee","status":"publish","type":"page","link":"https:\/\/stjosefs.wpdev.go2people.nl\/fr\/culture-des-lakota\/lhistoire-de-wounded-knee\/","title":{"rendered":"L\u00b4histoire de Wounded Knee"},"content":{"rendered":"<p class=\"intro\">Le massacre de Wounded Knee en 1890 est connu comme l\u2019\u00e9v\u00e8nement qui mit fin \u00e0 la derni\u00e8re des guerres indiennes aux Etats-Unis.<\/p>\n<h2>Pine Ridge<\/h2>\n<p>Alors que l\u2019ann\u00e9e touchait \u00e0 sa fin, la Septi\u00e8me Cavalerie de l\u2019arm\u00e9e des Etats-Unis mit fin de mani\u00e8re horrible \u00e0 un si\u00e8cle de conflits arm\u00e9s opposant le gouvernement am\u00e9ricain aux tribus indiennes.<br \/>\nDans la matin\u00e9e glaciale du 29 d\u00e9cembre, les adeptes de la Danse des Esprits, une religion nouvellement cr\u00e9\u00e9e, entam\u00e8rent une longue marche jusqu\u2019\u00e0 la r\u00e9serve Pine Ridge dans le Sud-Ouest du Dakota du Sud pour se prot\u00e9ger d\u2019une \u00e9ventuelle arrestation militaire. Les membres de la tribu Miniconjou Sioux (Lakota), men\u00e9e par le chef Big Foot, tent\u00e8rent d\u2019\u00e9chapper \u00e0 une arrestation en prenant la fuite vers le sud \u00e0 travers le terrain accident\u00e9 des Badlands. C\u2019est l\u00e0, sur les rives enneig\u00e9es de Wounded Knee Creek (Cankpe Opi Wakpala), que pr\u00e8s de 300 hommes, femmes et enfants lakotas furent massacr\u00e9s lors d\u2019une rencontre particuli\u00e8rement violente avec les soldats am\u00e9ricains.<\/p>\n<h2>Le chef Sitting Bull<\/h2>\n<p>Un agent d\u00e9sesp\u00e9r\u00e9 de Pine Ridge contacta ses sup\u00e9rieurs \u00e0 Washington : \u00ab Les Indiens dansent dans la neige et ils semblent fous et sauvages&#8230; Nous avons besoin de protection et nous en avons besoin maintenant. Les chefs devraient \u00eatre arr\u00eat\u00e9s et confin\u00e9s \u00e0 un poste militaire jusqu\u2019\u00e0 ce que la situation se soit calm\u00e9e, et ceci devrait \u00eatre fait tout de suite. \u00bb L\u2019ordre fut alors donn\u00e9 d\u2019arr\u00eater le chef Sitting Bull et de le d\u00e9tenir dans la r\u00e9serve Standing Rock. Sitting Bull fut tu\u00e9 le 15 d\u00e9cembre lorsque les soldats tent\u00e8rent de l\u2019arr\u00eater. Le chef Big Foot \u00e9tait le prochain sur la liste.<\/p>\n<p>Big Foot apprit la mort de Sitting Bull et mena son peuple vers la r\u00e9serve de Pine Ridge plus au sud en qu\u00eate de protection. L\u2019arm\u00e9e saisit le groupe le 28 d\u00e9cembre et le mena sur les rives de Wounded Knee Creek pour y camper. Les Indiens n\u2019oppos\u00e8rent aucune r\u00e9sistance. Le colonel James Forsyth arriva pour prendre le commandement et ordonna \u00e0 ses gardes de placer quatre canons Hotchkiss autour du campement. Les soldats \u00e9taient alors au nombre de 500 ; les Indiens de 350, en majorit\u00e9 des femmes et des enfants puisqu\u2019il n\u2019y avait que 120 hommes parmi eux.<\/p>\n<h2>L\u2019atmosph\u00e8re explosa<\/h2>\n<p>Le lendemain matin, le 29 d\u00e9cembre 1890, les soldats p\u00e9n\u00e9tr\u00e8rent dans le camp exigeant des Indiens de renoncer \u00e0 toutes leurs armes \u00e0 feu. Le chef Big Foot, qui souffrait d\u2019une pneumonie et \u00e9tait mourant, s\u2019assit avec ses guerriers et essaya de raisonner les officiers de l\u2019arm\u00e9e. Un chaman nomm\u00e9 Yellow Bird pr\u00e9conisa la r\u00e9sistance, affirmant que les habits des esprits le prot\u00e8geraient. L\u2019un des soldats tenta de d\u00e9sarmer un Indien sourd nomm\u00e9 Black Coyote. Une bagarre s\u2019en suivit et un coup partit. En quelques secondes \u00e0 peine, l\u2019atmosph\u00e8re explosa alors que les Indiens se pr\u00e9cipit\u00e8rent pour r\u00e9cup\u00e9rer leurs fusils et les soldats ouvrirent le feu sur le camp sioux. Le camp fut ensuite bombard\u00e9 par les canons. Des nuages de fum\u00e9e issus des armes et des canons envahirent l\u2019air alors que des hommes, des femmes et des enfants tentaient de s\u2019enfuir et d\u2019\u00e9chapper \u00e0 la mort. Beaucoup d\u2019entre eux s\u2019enfuirent en courant vers un ravin proche du camp pour \u00eatre finalement abattus par des tirs crois\u00e9s.<\/p>\n<h2>300 Sioux morts<\/h2>\n<p>Lorsque la fum\u00e9e se dissipa et que les tirs cess\u00e8rent, pr\u00e8s de 300 Sioux \u00e9taient morts, dont Big Foot. Vingt-cinq soldats avaient trouv\u00e9 la mort. Alors que les soldats qui avaient surv\u00e9cu entam\u00e8rent l\u2019horrible t\u00e2che de ramasser les morts, une temp\u00eate de neige balaya la r\u00e9gion. Quelques jours plus tard, ils revinrent pour finir le travail. Par la suite, Forsyth fut accus\u00e9 d\u2019avoir tu\u00e9 des innocents, mais fut acquitt\u00e9.<\/p>\n<p><em>Sources: McGregory, James H., The Wounded Knee Massacre; Fenwyn Press Books, 1940. Utter, Jack, Wounded Knee &amp; The Ghost Dance Tragedy, National Woodlands Publishing Company, Lake Ann, Michigan, 1991.<\/em><\/p>\n<p>&nbsp;<\/p>\n","protected":false},"excerpt":{"rendered":"<p>Le massacre de Wounded Knee en 1890 est connu comme l\u2019\u00e9v\u00e8nement qui mit fin \u00e0 la derni\u00e8re des guerres indiennes aux Etats-Unis. Pine Ridge Alors&#8230;<\/p>\n","protected":false},"author":2,"featured_media":508,"parent":235,"menu_order":0,"comment_status":"closed","ping_status":"closed","template":"","meta":{"_acf_changed":false,"footnotes":""},"class_list":["post-1880","page","type-page","status-publish","has-post-thumbnail","hentry"],"acf":[],"yoast_head":"<!-- This site is optimized with the Yoast SEO plugin v27.6 - https:\/\/yoast.com\/product\/yoast-seo-wordpress\/ -->\n<title>L\u00b4histoire de Wounded Knee - St. Josefs Indianer Hilfswerk<\/title>\n<meta name=\"robots\" content=\"index, follow, max-snippet:-1, max-image-preview:large, max-video-preview:-1\" \/>\n<link rel=\"canonical\" href=\"https:\/\/stjosefs.wpdev.go2people.nl\/fr\/culture-des-lakota\/lhistoire-de-wounded-knee\/\" \/>\n<meta property=\"og:locale\" content=\"fr_FR\" \/>\n<meta property=\"og:type\" content=\"article\" \/>\n<meta property=\"og:title\" content=\"L\u00b4histoire de Wounded Knee - St. Josefs Indianer Hilfswerk\" \/>\n<meta property=\"og:description\" content=\"Le massacre de Wounded Knee en 1890 est connu comme l\u2019\u00e9v\u00e8nement qui mit fin \u00e0 la derni\u00e8re des guerres indiennes aux Etats-Unis. Pine Ridge Alors...\" \/>\n<meta property=\"og:url\" content=\"https:\/\/stjosefs.wpdev.go2people.nl\/fr\/culture-des-lakota\/lhistoire-de-wounded-knee\/\" \/>\n<meta property=\"og:site_name\" content=\"St. Josefs Indianer Hilfswerk\" \/>\n<meta property=\"article:modified_time\" content=\"2022-05-16T10:28:20+00:00\" \/>\n<meta property=\"og:image\" content=\"https:\/\/stjosefs.wpdev.go2people.nl\/wp-content\/uploads\/2016\/12\/Geschichte_von_Wounded_Knee.jpg\" \/>\n\t<meta property=\"og:image:width\" content=\"964\" \/>\n\t<meta property=\"og:image:height\" content=\"713\" \/>\n\t<meta property=\"og:image:type\" content=\"image\/jpeg\" \/>\n<meta name=\"twitter:card\" content=\"summary_large_image\" \/>\n<meta name=\"twitter:label1\" content=\"Dur\u00e9e de lecture estim\u00e9e\" \/>\n\t<meta name=\"twitter:data1\" content=\"4 minutes\" \/>\n<script type=\"application\/ld+json\" class=\"yoast-schema-graph\">{\"@context\":\"https:\\\/\\\/schema.org\",\"@graph\":[{\"@type\":\"WebPage\",\"@id\":\"https:\\\/\\\/stjosefs.wpdev.go2people.nl\\\/fr\\\/culture-des-lakota\\\/lhistoire-de-wounded-knee\\\/\",\"url\":\"https:\\\/\\\/stjosefs.wpdev.go2people.nl\\\/fr\\\/culture-des-lakota\\\/lhistoire-de-wounded-knee\\\/\",\"name\":\"L\u00b4histoire de Wounded Knee - St. Josefs Indianer Hilfswerk\",\"isPartOf\":{\"@id\":\"https:\\\/\\\/stjosefs.wpdev.go2people.nl\\\/#website\"},\"primaryImageOfPage\":{\"@id\":\"https:\\\/\\\/stjosefs.wpdev.go2people.nl\\\/fr\\\/culture-des-lakota\\\/lhistoire-de-wounded-knee\\\/#primaryimage\"},\"image\":{\"@id\":\"https:\\\/\\\/stjosefs.wpdev.go2people.nl\\\/fr\\\/culture-des-lakota\\\/lhistoire-de-wounded-knee\\\/#primaryimage\"},\"thumbnailUrl\":\"https:\\\/\\\/stjosefs.wpdev.go2people.nl\\\/wp-content\\\/uploads\\\/2016\\\/12\\\/Geschichte_von_Wounded_Knee.jpg\",\"datePublished\":\"2017-01-12T09:32:55+00:00\",\"dateModified\":\"2022-05-16T10:28:20+00:00\",\"breadcrumb\":{\"@id\":\"https:\\\/\\\/stjosefs.wpdev.go2people.nl\\\/fr\\\/culture-des-lakota\\\/lhistoire-de-wounded-knee\\\/#breadcrumb\"},\"inLanguage\":\"fr-FR\",\"potentialAction\":[{\"@type\":\"ReadAction\",\"target\":[\"https:\\\/\\\/stjosefs.wpdev.go2people.nl\\\/fr\\\/culture-des-lakota\\\/lhistoire-de-wounded-knee\\\/\"]}]},{\"@type\":\"ImageObject\",\"inLanguage\":\"fr-FR\",\"@id\":\"https:\\\/\\\/stjosefs.wpdev.go2people.nl\\\/fr\\\/culture-des-lakota\\\/lhistoire-de-wounded-knee\\\/#primaryimage\",\"url\":\"https:\\\/\\\/stjosefs.wpdev.go2people.nl\\\/wp-content\\\/uploads\\\/2016\\\/12\\\/Geschichte_von_Wounded_Knee.jpg\",\"contentUrl\":\"https:\\\/\\\/stjosefs.wpdev.go2people.nl\\\/wp-content\\\/uploads\\\/2016\\\/12\\\/Geschichte_von_Wounded_Knee.jpg\",\"width\":964,\"height\":713,\"caption\":\"Geschichte_von_Wounded_Knee\"},{\"@type\":\"BreadcrumbList\",\"@id\":\"https:\\\/\\\/stjosefs.wpdev.go2people.nl\\\/fr\\\/culture-des-lakota\\\/lhistoire-de-wounded-knee\\\/#breadcrumb\",\"itemListElement\":[{\"@type\":\"ListItem\",\"position\":1,\"name\":\"Home\",\"item\":\"https:\\\/\\\/stjosefs.wpdev.go2people.nl\\\/fr\\\/\"},{\"@type\":\"ListItem\",\"position\":2,\"name\":\"La culture lakota\",\"item\":\"https:\\\/\\\/stjosefs.wpdev.go2people.nl\\\/fr\\\/culture-des-lakota\\\/\"},{\"@type\":\"ListItem\",\"position\":3,\"name\":\"L\u00b4histoire de Wounded Knee\"}]},{\"@type\":\"WebSite\",\"@id\":\"https:\\\/\\\/stjosefs.wpdev.go2people.nl\\\/#website\",\"url\":\"https:\\\/\\\/stjosefs.wpdev.go2people.nl\\\/\",\"name\":\"St. Josefs Indianer Hilfswerk\",\"description\":\"F\u00fcr eine bessere Zukunft der Ureinwohnerkinder S\u00fcddakotas\",\"potentialAction\":[{\"@type\":\"SearchAction\",\"target\":{\"@type\":\"EntryPoint\",\"urlTemplate\":\"https:\\\/\\\/stjosefs.wpdev.go2people.nl\\\/?s={search_term_string}\"},\"query-input\":{\"@type\":\"PropertyValueSpecification\",\"valueRequired\":true,\"valueName\":\"search_term_string\"}}],\"inLanguage\":\"fr-FR\"}]}<\/script>\n<!-- \/ Yoast SEO plugin. -->","yoast_head_json":{"title":"L\u00b4histoire de Wounded Knee - St. Josefs Indianer Hilfswerk","robots":{"index":"index","follow":"follow","max-snippet":"max-snippet:-1","max-image-preview":"max-image-preview:large","max-video-preview":"max-video-preview:-1"},"canonical":"https:\/\/stjosefs.wpdev.go2people.nl\/fr\/culture-des-lakota\/lhistoire-de-wounded-knee\/","og_locale":"fr_FR","og_type":"article","og_title":"L\u00b4histoire de Wounded Knee - St. Josefs Indianer Hilfswerk","og_description":"Le massacre de Wounded Knee en 1890 est connu comme l\u2019\u00e9v\u00e8nement qui mit fin \u00e0 la derni\u00e8re des guerres indiennes aux Etats-Unis. Pine Ridge Alors...","og_url":"https:\/\/stjosefs.wpdev.go2people.nl\/fr\/culture-des-lakota\/lhistoire-de-wounded-knee\/","og_site_name":"St. Josefs Indianer Hilfswerk","article_modified_time":"2022-05-16T10:28:20+00:00","og_image":[{"width":964,"height":713,"url":"https:\/\/stjosefs.wpdev.go2people.nl\/wp-content\/uploads\/2016\/12\/Geschichte_von_Wounded_Knee.jpg","type":"image\/jpeg"}],"twitter_card":"summary_large_image","twitter_misc":{"Dur\u00e9e de lecture estim\u00e9e":"4 minutes"},"schema":{"@context":"https:\/\/schema.org","@graph":[{"@type":"WebPage","@id":"https:\/\/stjosefs.wpdev.go2people.nl\/fr\/culture-des-lakota\/lhistoire-de-wounded-knee\/","url":"https:\/\/stjosefs.wpdev.go2people.nl\/fr\/culture-des-lakota\/lhistoire-de-wounded-knee\/","name":"L\u00b4histoire de Wounded Knee - St. Josefs Indianer Hilfswerk","isPartOf":{"@id":"https:\/\/stjosefs.wpdev.go2people.nl\/#website"},"primaryImageOfPage":{"@id":"https:\/\/stjosefs.wpdev.go2people.nl\/fr\/culture-des-lakota\/lhistoire-de-wounded-knee\/#primaryimage"},"image":{"@id":"https:\/\/stjosefs.wpdev.go2people.nl\/fr\/culture-des-lakota\/lhistoire-de-wounded-knee\/#primaryimage"},"thumbnailUrl":"https:\/\/stjosefs.wpdev.go2people.nl\/wp-content\/uploads\/2016\/12\/Geschichte_von_Wounded_Knee.jpg","datePublished":"2017-01-12T09:32:55+00:00","dateModified":"2022-05-16T10:28:20+00:00","breadcrumb":{"@id":"https:\/\/stjosefs.wpdev.go2people.nl\/fr\/culture-des-lakota\/lhistoire-de-wounded-knee\/#breadcrumb"},"inLanguage":"fr-FR","potentialAction":[{"@type":"ReadAction","target":["https:\/\/stjosefs.wpdev.go2people.nl\/fr\/culture-des-lakota\/lhistoire-de-wounded-knee\/"]}]},{"@type":"ImageObject","inLanguage":"fr-FR","@id":"https:\/\/stjosefs.wpdev.go2people.nl\/fr\/culture-des-lakota\/lhistoire-de-wounded-knee\/#primaryimage","url":"https:\/\/stjosefs.wpdev.go2people.nl\/wp-content\/uploads\/2016\/12\/Geschichte_von_Wounded_Knee.jpg","contentUrl":"https:\/\/stjosefs.wpdev.go2people.nl\/wp-content\/uploads\/2016\/12\/Geschichte_von_Wounded_Knee.jpg","width":964,"height":713,"caption":"Geschichte_von_Wounded_Knee"},{"@type":"BreadcrumbList","@id":"https:\/\/stjosefs.wpdev.go2people.nl\/fr\/culture-des-lakota\/lhistoire-de-wounded-knee\/#breadcrumb","itemListElement":[{"@type":"ListItem","position":1,"name":"Home","item":"https:\/\/stjosefs.wpdev.go2people.nl\/fr\/"},{"@type":"ListItem","position":2,"name":"La culture lakota","item":"https:\/\/stjosefs.wpdev.go2people.nl\/fr\/culture-des-lakota\/"},{"@type":"ListItem","position":3,"name":"L\u00b4histoire de Wounded Knee"}]},{"@type":"WebSite","@id":"https:\/\/stjosefs.wpdev.go2people.nl\/#website","url":"https:\/\/stjosefs.wpdev.go2people.nl\/","name":"St. Josefs Indianer Hilfswerk","description":"F\u00fcr eine bessere Zukunft der Ureinwohnerkinder S\u00fcddakotas","potentialAction":[{"@type":"SearchAction","target":{"@type":"EntryPoint","urlTemplate":"https:\/\/stjosefs.wpdev.go2people.nl\/?s={search_term_string}"},"query-input":{"@type":"PropertyValueSpecification","valueRequired":true,"valueName":"search_term_string"}}],"inLanguage":"fr-FR"}]}},"_links":{"self":[{"href":"https:\/\/stjosefs.wpdev.go2people.nl\/fr\/wp-json\/wp\/v2\/pages\/1880","targetHints":{"allow":["GET"]}}],"collection":[{"href":"https:\/\/stjosefs.wpdev.go2people.nl\/fr\/wp-json\/wp\/v2\/pages"}],"about":[{"href":"https:\/\/stjosefs.wpdev.go2people.nl\/fr\/wp-json\/wp\/v2\/types\/page"}],"author":[{"embeddable":true,"href":"https:\/\/stjosefs.wpdev.go2people.nl\/fr\/wp-json\/wp\/v2\/users\/2"}],"replies":[{"embeddable":true,"href":"https:\/\/stjosefs.wpdev.go2people.nl\/fr\/wp-json\/wp\/v2\/comments?post=1880"}],"version-history":[{"count":7,"href":"https:\/\/stjosefs.wpdev.go2people.nl\/fr\/wp-json\/wp\/v2\/pages\/1880\/revisions"}],"predecessor-version":[{"id":13026,"href":"https:\/\/stjosefs.wpdev.go2people.nl\/fr\/wp-json\/wp\/v2\/pages\/1880\/revisions\/13026"}],"up":[{"embeddable":true,"href":"https:\/\/stjosefs.wpdev.go2people.nl\/fr\/wp-json\/wp\/v2\/pages\/235"}],"wp:featuredmedia":[{"embeddable":true,"href":"https:\/\/stjosefs.wpdev.go2people.nl\/fr\/wp-json\/wp\/v2\/media\/508"}],"wp:attachment":[{"href":"https:\/\/stjosefs.wpdev.go2people.nl\/fr\/wp-json\/wp\/v2\/media?parent=1880"}],"curies":[{"name":"wp","href":"https:\/\/api.w.org\/{rel}","templated":true}]}}