{"id":1872,"date":"2017-01-12T10:25:04","date_gmt":"2017-01-12T09:25:04","guid":{"rendered":"https:\/\/stjosefs.wp2.go2people.nl\/fr\/?page_id=1872"},"modified":"2019-11-01T13:50:17","modified_gmt":"2019-11-01T12:50:17","slug":"avant-christophe-colomb","status":"publish","type":"page","link":"https:\/\/stjosefs.wpdev.go2people.nl\/fr\/culture-des-lakota\/avant-christophe-colomb\/","title":{"rendered":"Avant Christophe Colomb"},"content":{"rendered":"<div class=\"large r\">\n<div class=\"content\">\n<h2>Les premiers Am\u00e9ricains : Entre 30 000 et 5000 ans avant notre \u00e8re<\/h2>\n<p>Au cours de l\u2019Age de Glace le plus r\u00e9cent, ayant dur\u00e9 de 30 000 \u00e0 10 000 ans avant notre \u00e8re, un pont sous-marin entre la Sib\u00e9rie et l\u2019Alaska \u00e9merge des eaux. Connu sous le nom de B\u00e9ringie, ce pont terrestre se trouve en partie au sud du cap polaire. Il d\u00e9veloppe une \u00e9cologie de prairies comparable \u00e0 la steppe, offrant un lieu de p\u00e2turage aux grands animaux comme les chevaux, les rennes, ou m\u00eame les mammouths.<br \/>\n<img loading=\"lazy\" decoding=\"async\" class=\"alignnone size-full wp-image-3377\" src=\"https:\/\/stjosephdudakota.fr\/wp-content\/uploads\/2017\/01\/Les_premiers_Am\u00e9ricains.jpg\" alt=\"Les premiers Am\u00e9ricains\" width=\"800\" height=\"499\" srcset=\"https:\/\/stjosefs.wpdev.go2people.nl\/wp-content\/uploads\/2017\/01\/Les_premiers_Am\u00e9ricains.jpg 800w, https:\/\/stjosefs.wpdev.go2people.nl\/wp-content\/uploads\/2017\/01\/Les_premiers_Am\u00e9ricains-300x187.jpg 300w, https:\/\/stjosefs.wpdev.go2people.nl\/wp-content\/uploads\/2017\/01\/Les_premiers_Am\u00e9ricains-768x479.jpg 768w\" sizes=\"auto, (max-width: 800px) 100vw, 800px\" \/><\/p>\n<p>Progressivement, \u00e0 l\u2019occasion de nombreuses incursions s\u00e9par\u00e9es, les chasseurs-cueilleurs des steppes de Sib\u00e9rie suivent leurs proies jusque sur ce pont terrestre et se retrouvent ainsi sur le continent am\u00e9ricain. Lorsque la fonte des glaces engendre la submersion du pont par les eaux, il y a environ 10 000 ans,\u00a0 ces peuples du nord-est de l\u2019Asie se retrouvent isol\u00e9s et deviennent alors les Am\u00e9ricains aborig\u00e8nes.<br \/>\nLes chasseurs-cueilleurs de Sib\u00e9rie avancent probablement le long de la c\u00f4te nord de l\u2019Alaska et \u00e0 travers la vall\u00e9e de la rivi\u00e8re Mackenzie. Des preuves arch\u00e9ologiques montrent qu\u2019il y a environ 15000 ans, les plaines centrales d\u2019Am\u00e9rique \u00e9taient largement habit\u00e9es. Des traces d\u2019activit\u00e9 humaine de l\u2019\u00e9poque sont conserv\u00e9es dans le superbe gisement de fossiles de La Brea Tar Pit \u00e0 Los Angeles. Les conditions glaciaires plus au nord signifient que les plaines centrales sont froides et humides \u00e0 cette \u00e9poque.<\/p>\n<h2>Les premiers fermiers am\u00e9ricains : 5000 &#8211; 2500 av. J.C.<\/h2>\n<p>La culture de v\u00e9g\u00e9taux en Am\u00e9rique d\u00e9bute dans la vall\u00e9e de Tehuacan, au sud-est de la ville actuelle de Mexico. Le potiron et le chili sont les premi\u00e8res plantes \u00e0 \u00eatre cultiv\u00e9es, rapidement suivies par le ma\u00efs, puis les haricots et les courges.\u00a0Il s\u2019agit d\u2019esp\u00e8ces devant \u00eatre plant\u00e9es individuellement. Leurs graines n\u2019ont pas besoin d\u2019\u00eatre dispers\u00e9es ou sem\u00e9es\u00a0sur un terrain labour\u00e9. C\u2019est une distinction importante dans l\u2019histoire am\u00e9ricaine, car \u00e0 l\u2019\u00e9poque, il n\u2019y a aucun animal assez fort pour tirer une charrue.<\/p>\n<p>Au d\u00e9but, ces cultures ne font que compl\u00e9ter la nourriture provenant de la chasse et de la cueillette. Mais \u00e0 partir de 3000 avant J.C., les peuples de cette r\u00e9gion deviennent des agriculteurs s\u00e9dentaires. Ils sont suivis dans ce d\u00e9veloppement par les chasseurs-cueilleurs d\u2019Am\u00e9rique du sud, puis, bien plus tard, par certains dans le nord du continent.<\/p>\n<h2>Les peuples d\u2019Am\u00e9rique du nord : 1500 av. J.C. &#8211; 1500 apr\u00e8s J.C.<\/h2>\n<p>Les peuples aborig\u00e8nes d\u2019Am\u00e9rique du Nord vivent dans des environnements tr\u00e8s divers. La partie est du continent comprend des for\u00eats dans lesquelles ils chassent le wapiti et le cerf. Sur les plaines herbeuses du Mid-Ouest, ils chassent plusieurs esp\u00e8ces animales am\u00e9ricaines jusqu\u2019\u00e0 leur disparition, dont le chameau, le mammouth et le cheval. Dans les r\u00e9gions d\u00e9sertiques du sud-ouest, la survie humaine d\u00e9pend d\u2019animaux plus petits et des semences recueillies. Dans le nord arctique, o\u00f9 la chasse est bien plus importante que la cueillette, les poissons et les phoques sont nombreux. Les premi\u00e8res traces d\u2019une vie de village s\u00e9dentaire ont \u00e9t\u00e9 retrouv\u00e9es dans le sud-ouest, o\u00f9 au 2e mill\u00e9naire avant J.C. la courge, le potiron et le ma\u00efs sont cultiv\u00e9s.<\/p>\n<p><img loading=\"lazy\" decoding=\"async\" class=\"alignnone size-full wp-image-3379\" src=\"https:\/\/stjosephdudakota.fr\/wp-content\/uploads\/2017\/01\/Larriv-de-Christophe-Colomb.jpg\" alt=\"Larriv de Christophe Colomb\" width=\"1200\" height=\"907\" srcset=\"https:\/\/stjosefs.wpdev.go2people.nl\/wp-content\/uploads\/2017\/01\/Larriv-de-Christophe-Colomb.jpg 1200w, https:\/\/stjosefs.wpdev.go2people.nl\/wp-content\/uploads\/2017\/01\/Larriv-de-Christophe-Colomb-300x227.jpg 300w, https:\/\/stjosefs.wpdev.go2people.nl\/wp-content\/uploads\/2017\/01\/Larriv-de-Christophe-Colomb-768x580.jpg 768w, https:\/\/stjosefs.wpdev.go2people.nl\/wp-content\/uploads\/2017\/01\/Larriv-de-Christophe-Colomb-1024x774.jpg 1024w, https:\/\/stjosefs.wpdev.go2people.nl\/wp-content\/uploads\/2017\/01\/Larriv-de-Christophe-Colomb-1170x884.jpg 1170w\" sizes=\"auto, (max-width: 1200px) 100vw, 1200px\" \/><\/p>\n<h2>L\u2019arriv\u00e9 de Christophe Colomb en 1492<\/h2>\n<p>L\u2019arriv\u00e9e de Christophe Colomb en 1492 est un v\u00e9ritable d\u00e9sastre pour les habitants aborig\u00e8nes du continent am\u00e9ricain. La maladie est la raison principale de leur d\u00e9clin. Leur syst\u00e8me immunitaire ne pouvant faire face aux nouveaux germes, les tribus succombent rapidement \u00e0 ces maladies inconnues d\u00e8s leurs premiers contacts brefs avec les Europ\u00e9ens \u2013 dans de nombreux cas r\u00e9duisant ainsi consid\u00e9rablement le nombre d\u2019Am\u00e9ricains sans m\u00eame que quelqu\u2019un ne tire un seul coup de feu.<br \/>\nL\u00e0 o\u00f9 les tribus d\u00e9veloppent une relation plus \u00e9troite avec les nouveaux arrivants, leurs membres sont souvent tromp\u00e9s, tortur\u00e9s et massacr\u00e9s par leurs visiteurs. Deux \u00e9l\u00e9ments rendent les Europ\u00e9ens \u00e0 la fois forts et impitoyables : leur possession d\u2019armes \u00e0 feu et la conviction in\u00e9branlable que leur cause chr\u00e9tienne est juste.<\/p>\n<\/div>\n<\/div>\n<div class=\"clear\"><\/div>\n","protected":false},"excerpt":{"rendered":"<p>Les premiers Am\u00e9ricains : Entre 30 000 et 5000 ans avant notre \u00e8re Au cours de l\u2019Age de Glace le plus r\u00e9cent, ayant dur\u00e9 de&#8230;<\/p>\n","protected":false},"author":2,"featured_media":0,"parent":235,"menu_order":0,"comment_status":"closed","ping_status":"closed","template":"","meta":{"_acf_changed":false,"footnotes":""},"class_list":["post-1872","page","type-page","status-publish","hentry"],"acf":[],"yoast_head":"<!-- This site is optimized with the Yoast SEO plugin v27.6 - https:\/\/yoast.com\/product\/yoast-seo-wordpress\/ -->\n<title>Avant Christophe Colomb - St. Josefs Indianer Hilfswerk<\/title>\n<meta name=\"robots\" content=\"index, follow, max-snippet:-1, max-image-preview:large, max-video-preview:-1\" \/>\n<link rel=\"canonical\" href=\"https:\/\/stjosefs.wpdev.go2people.nl\/fr\/culture-des-lakota\/avant-christophe-colomb\/\" \/>\n<meta property=\"og:locale\" content=\"fr_FR\" \/>\n<meta property=\"og:type\" content=\"article\" \/>\n<meta property=\"og:title\" content=\"Avant Christophe Colomb - St. Josefs Indianer Hilfswerk\" \/>\n<meta property=\"og:description\" content=\"Les premiers Am\u00e9ricains : Entre 30 000 et 5000 ans avant notre \u00e8re Au cours de l\u2019Age de Glace le plus r\u00e9cent, ayant dur\u00e9 de...\" \/>\n<meta property=\"og:url\" content=\"https:\/\/stjosefs.wpdev.go2people.nl\/fr\/culture-des-lakota\/avant-christophe-colomb\/\" \/>\n<meta property=\"og:site_name\" content=\"St. Josefs Indianer Hilfswerk\" \/>\n<meta property=\"article:modified_time\" content=\"2019-11-01T12:50:17+00:00\" \/>\n<meta property=\"og:image\" content=\"https:\/\/stjosephdudakota.fr\/wp-content\/uploads\/2017\/01\/Larriv-de-Christophe-Colomb.jpg\" \/>\n<meta name=\"twitter:card\" content=\"summary_large_image\" \/>\n<meta name=\"twitter:label1\" content=\"Dur\u00e9e de lecture estim\u00e9e\" \/>\n\t<meta name=\"twitter:data1\" content=\"4 minutes\" \/>\n<script type=\"application\/ld+json\" class=\"yoast-schema-graph\">{\"@context\":\"https:\\\/\\\/schema.org\",\"@graph\":[{\"@type\":\"WebPage\",\"@id\":\"https:\\\/\\\/stjosefs.wpdev.go2people.nl\\\/fr\\\/culture-des-lakota\\\/avant-christophe-colomb\\\/\",\"url\":\"https:\\\/\\\/stjosefs.wpdev.go2people.nl\\\/fr\\\/culture-des-lakota\\\/avant-christophe-colomb\\\/\",\"name\":\"Avant Christophe Colomb - St. Josefs Indianer Hilfswerk\",\"isPartOf\":{\"@id\":\"https:\\\/\\\/stjosefs.wpdev.go2people.nl\\\/#website\"},\"primaryImageOfPage\":{\"@id\":\"https:\\\/\\\/stjosefs.wpdev.go2people.nl\\\/fr\\\/culture-des-lakota\\\/avant-christophe-colomb\\\/#primaryimage\"},\"image\":{\"@id\":\"https:\\\/\\\/stjosefs.wpdev.go2people.nl\\\/fr\\\/culture-des-lakota\\\/avant-christophe-colomb\\\/#primaryimage\"},\"thumbnailUrl\":\"https:\\\/\\\/stjosephdudakota.fr\\\/wp-content\\\/uploads\\\/2017\\\/01\\\/Larriv-de-Christophe-Colomb.jpg\",\"datePublished\":\"2017-01-12T09:25:04+00:00\",\"dateModified\":\"2019-11-01T12:50:17+00:00\",\"breadcrumb\":{\"@id\":\"https:\\\/\\\/stjosefs.wpdev.go2people.nl\\\/fr\\\/culture-des-lakota\\\/avant-christophe-colomb\\\/#breadcrumb\"},\"inLanguage\":\"fr-FR\",\"potentialAction\":[{\"@type\":\"ReadAction\",\"target\":[\"https:\\\/\\\/stjosefs.wpdev.go2people.nl\\\/fr\\\/culture-des-lakota\\\/avant-christophe-colomb\\\/\"]}]},{\"@type\":\"ImageObject\",\"inLanguage\":\"fr-FR\",\"@id\":\"https:\\\/\\\/stjosefs.wpdev.go2people.nl\\\/fr\\\/culture-des-lakota\\\/avant-christophe-colomb\\\/#primaryimage\",\"url\":\"https:\\\/\\\/stjosephdudakota.fr\\\/wp-content\\\/uploads\\\/2017\\\/01\\\/Larriv-de-Christophe-Colomb.jpg\",\"contentUrl\":\"https:\\\/\\\/stjosephdudakota.fr\\\/wp-content\\\/uploads\\\/2017\\\/01\\\/Larriv-de-Christophe-Colomb.jpg\"},{\"@type\":\"BreadcrumbList\",\"@id\":\"https:\\\/\\\/stjosefs.wpdev.go2people.nl\\\/fr\\\/culture-des-lakota\\\/avant-christophe-colomb\\\/#breadcrumb\",\"itemListElement\":[{\"@type\":\"ListItem\",\"position\":1,\"name\":\"Home\",\"item\":\"https:\\\/\\\/stjosefs.wpdev.go2people.nl\\\/fr\\\/\"},{\"@type\":\"ListItem\",\"position\":2,\"name\":\"La culture lakota\",\"item\":\"https:\\\/\\\/stjosefs.wpdev.go2people.nl\\\/fr\\\/culture-des-lakota\\\/\"},{\"@type\":\"ListItem\",\"position\":3,\"name\":\"Avant Christophe Colomb\"}]},{\"@type\":\"WebSite\",\"@id\":\"https:\\\/\\\/stjosefs.wpdev.go2people.nl\\\/#website\",\"url\":\"https:\\\/\\\/stjosefs.wpdev.go2people.nl\\\/\",\"name\":\"St. Josefs Indianer Hilfswerk\",\"description\":\"F\u00fcr eine bessere Zukunft der Ureinwohnerkinder S\u00fcddakotas\",\"potentialAction\":[{\"@type\":\"SearchAction\",\"target\":{\"@type\":\"EntryPoint\",\"urlTemplate\":\"https:\\\/\\\/stjosefs.wpdev.go2people.nl\\\/?s={search_term_string}\"},\"query-input\":{\"@type\":\"PropertyValueSpecification\",\"valueRequired\":true,\"valueName\":\"search_term_string\"}}],\"inLanguage\":\"fr-FR\"}]}<\/script>\n<!-- \/ Yoast SEO plugin. -->","yoast_head_json":{"title":"Avant Christophe Colomb - St. Josefs Indianer Hilfswerk","robots":{"index":"index","follow":"follow","max-snippet":"max-snippet:-1","max-image-preview":"max-image-preview:large","max-video-preview":"max-video-preview:-1"},"canonical":"https:\/\/stjosefs.wpdev.go2people.nl\/fr\/culture-des-lakota\/avant-christophe-colomb\/","og_locale":"fr_FR","og_type":"article","og_title":"Avant Christophe Colomb - St. Josefs Indianer Hilfswerk","og_description":"Les premiers Am\u00e9ricains : Entre 30 000 et 5000 ans avant notre \u00e8re Au cours de l\u2019Age de Glace le plus r\u00e9cent, ayant dur\u00e9 de...","og_url":"https:\/\/stjosefs.wpdev.go2people.nl\/fr\/culture-des-lakota\/avant-christophe-colomb\/","og_site_name":"St. Josefs Indianer Hilfswerk","article_modified_time":"2019-11-01T12:50:17+00:00","og_image":[{"url":"https:\/\/stjosephdudakota.fr\/wp-content\/uploads\/2017\/01\/Larriv-de-Christophe-Colomb.jpg","type":"","width":"","height":""}],"twitter_card":"summary_large_image","twitter_misc":{"Dur\u00e9e de lecture estim\u00e9e":"4 minutes"},"schema":{"@context":"https:\/\/schema.org","@graph":[{"@type":"WebPage","@id":"https:\/\/stjosefs.wpdev.go2people.nl\/fr\/culture-des-lakota\/avant-christophe-colomb\/","url":"https:\/\/stjosefs.wpdev.go2people.nl\/fr\/culture-des-lakota\/avant-christophe-colomb\/","name":"Avant Christophe Colomb - St. Josefs Indianer Hilfswerk","isPartOf":{"@id":"https:\/\/stjosefs.wpdev.go2people.nl\/#website"},"primaryImageOfPage":{"@id":"https:\/\/stjosefs.wpdev.go2people.nl\/fr\/culture-des-lakota\/avant-christophe-colomb\/#primaryimage"},"image":{"@id":"https:\/\/stjosefs.wpdev.go2people.nl\/fr\/culture-des-lakota\/avant-christophe-colomb\/#primaryimage"},"thumbnailUrl":"https:\/\/stjosephdudakota.fr\/wp-content\/uploads\/2017\/01\/Larriv-de-Christophe-Colomb.jpg","datePublished":"2017-01-12T09:25:04+00:00","dateModified":"2019-11-01T12:50:17+00:00","breadcrumb":{"@id":"https:\/\/stjosefs.wpdev.go2people.nl\/fr\/culture-des-lakota\/avant-christophe-colomb\/#breadcrumb"},"inLanguage":"fr-FR","potentialAction":[{"@type":"ReadAction","target":["https:\/\/stjosefs.wpdev.go2people.nl\/fr\/culture-des-lakota\/avant-christophe-colomb\/"]}]},{"@type":"ImageObject","inLanguage":"fr-FR","@id":"https:\/\/stjosefs.wpdev.go2people.nl\/fr\/culture-des-lakota\/avant-christophe-colomb\/#primaryimage","url":"https:\/\/stjosephdudakota.fr\/wp-content\/uploads\/2017\/01\/Larriv-de-Christophe-Colomb.jpg","contentUrl":"https:\/\/stjosephdudakota.fr\/wp-content\/uploads\/2017\/01\/Larriv-de-Christophe-Colomb.jpg"},{"@type":"BreadcrumbList","@id":"https:\/\/stjosefs.wpdev.go2people.nl\/fr\/culture-des-lakota\/avant-christophe-colomb\/#breadcrumb","itemListElement":[{"@type":"ListItem","position":1,"name":"Home","item":"https:\/\/stjosefs.wpdev.go2people.nl\/fr\/"},{"@type":"ListItem","position":2,"name":"La culture lakota","item":"https:\/\/stjosefs.wpdev.go2people.nl\/fr\/culture-des-lakota\/"},{"@type":"ListItem","position":3,"name":"Avant Christophe Colomb"}]},{"@type":"WebSite","@id":"https:\/\/stjosefs.wpdev.go2people.nl\/#website","url":"https:\/\/stjosefs.wpdev.go2people.nl\/","name":"St. Josefs Indianer Hilfswerk","description":"F\u00fcr eine bessere Zukunft der Ureinwohnerkinder S\u00fcddakotas","potentialAction":[{"@type":"SearchAction","target":{"@type":"EntryPoint","urlTemplate":"https:\/\/stjosefs.wpdev.go2people.nl\/?s={search_term_string}"},"query-input":{"@type":"PropertyValueSpecification","valueRequired":true,"valueName":"search_term_string"}}],"inLanguage":"fr-FR"}]}},"_links":{"self":[{"href":"https:\/\/stjosefs.wpdev.go2people.nl\/fr\/wp-json\/wp\/v2\/pages\/1872","targetHints":{"allow":["GET"]}}],"collection":[{"href":"https:\/\/stjosefs.wpdev.go2people.nl\/fr\/wp-json\/wp\/v2\/pages"}],"about":[{"href":"https:\/\/stjosefs.wpdev.go2people.nl\/fr\/wp-json\/wp\/v2\/types\/page"}],"author":[{"embeddable":true,"href":"https:\/\/stjosefs.wpdev.go2people.nl\/fr\/wp-json\/wp\/v2\/users\/2"}],"replies":[{"embeddable":true,"href":"https:\/\/stjosefs.wpdev.go2people.nl\/fr\/wp-json\/wp\/v2\/comments?post=1872"}],"version-history":[{"count":8,"href":"https:\/\/stjosefs.wpdev.go2people.nl\/fr\/wp-json\/wp\/v2\/pages\/1872\/revisions"}],"predecessor-version":[{"id":8208,"href":"https:\/\/stjosefs.wpdev.go2people.nl\/fr\/wp-json\/wp\/v2\/pages\/1872\/revisions\/8208"}],"up":[{"embeddable":true,"href":"https:\/\/stjosefs.wpdev.go2people.nl\/fr\/wp-json\/wp\/v2\/pages\/235"}],"wp:attachment":[{"href":"https:\/\/stjosefs.wpdev.go2people.nl\/fr\/wp-json\/wp\/v2\/media?parent=1872"}],"curies":[{"name":"wp","href":"https:\/\/api.w.org\/{rel}","templated":true}]}}