{"id":1862,"date":"2017-01-12T09:53:12","date_gmt":"2017-01-12T08:53:12","guid":{"rendered":"https:\/\/stjosefs.wp2.go2people.nl\/fr\/?page_id=1862"},"modified":"2022-05-16T12:08:56","modified_gmt":"2022-05-16T10:08:56","slug":"la-bataille-de-little-bighorn","status":"publish","type":"page","link":"https:\/\/stjosefs.wpdev.go2people.nl\/fr\/culture-des-lakota\/la-bataille-de-little-bighorn\/","title":{"rendered":"La Bataille de Little Bighorn"},"content":{"rendered":"<p class=\"intro\">Sitting Bull et Crazy Horse (environ 1840-77), des chefs des Sioux des Grandes Plaines, r\u00e9sist\u00e8rent de toutes leurs forces aux efforts mis en \u0153uvre par le gouvernement am\u00e9ricain pour confiner leur peuple dans des r\u00e9serves. En 1875, apr\u00e8s que de l\u2019or avait \u00e9te d\u00e9couvert dans les Blacks Hills du Dakota du Sud, l\u2019arm\u00e9e am\u00e9ricaine ignora les accords conventionnels et envahit la r\u00e9gion. Cette trahison conduit de nombreux membres des tribus Sioux et Cheyenne \u00e0 quitter leurs r\u00e9serves et \u00e0 rejoindre Sitting Bull et Crazy Horse dans le Montana.<\/p>\n<h2>Tensions croissantes<\/h2>\n<p>A la fin du printemps 1876, plus de 10 000 Am\u00e9rindiens s\u2019\u00e9taient r\u00e9unis dans un camp sur les rives de la rivi\u00e8re Little Bighorn \u2013qu\u2019ils surnommaient l\u2019Herbe Grasse \u2013d\u00e9fiant ainsi l\u2019ordre qui leur avait \u00e9t\u00e9 donn\u00e9 par le Minist\u00e8re de la Guerre am\u00e9ricain de retourner dans leurs r\u00e9serves au risque d\u2019\u00eatre attaqu\u00e9s.<br \/>\nA la mi-juin, trois colonnes de soldats am\u00e9ricains s\u2019align\u00e8rent face au camp et s\u2019appr\u00eat\u00e8rent \u00e0 avancer. Une force de 1 200 Am\u00e9rindiens for\u00e7a la premi\u00e8re colonne \u00e0 se retirer le 17 juin. Cinq jours plus tard, le g\u00e9n\u00e9ral Alfred Terry donna l\u2019ordre \u00e0 la 7e de cavalerie de George Custer de partir en \u00e9claireur. Dans la matin\u00e9e du 25 juin, Custer s\u2019approcha du camp et d\u00e9cida de continuer son avanc\u00e9e plut\u00f4t que d\u2019attendre des renforts.<\/p>\n<h2><img loading=\"lazy\" decoding=\"async\" class=\"alignnone size-full wp-image-3381\" src=\"https:\/\/stjosephdudakota.fr\/wp-content\/uploads\/2017\/01\/Bataille-de-Little-Big-Horn-1.jpg\" alt=\"Bataille de Little Big Horn\" width=\"600\" height=\"366\" srcset=\"https:\/\/stjosefs.wpdev.go2people.nl\/wp-content\/uploads\/2017\/01\/Bataille-de-Little-Big-Horn-1.jpg 600w, https:\/\/stjosefs.wpdev.go2people.nl\/wp-content\/uploads\/2017\/01\/Bataille-de-Little-Big-Horn-1-300x183.jpg 300w\" sizes=\"auto, (max-width: 600px) 100vw, 600px\" \/><\/h2>\n<p>&nbsp;<\/p>\n<h2>L\u2019ultime r\u00e9sistance de Custer<\/h2>\n<p>Toujours le 25 juin, \u00e0 la mi-journ\u00e9e, les 600 hommes de Custer entr\u00e8rent dans la vall\u00e9e de Little Bighorn. Parmi les Am\u00e9rindiens, la nouvelle d\u2019une attaque imminente se r\u00e9pandit rapidement. Le sage Sitting Bull rallia les guerriers et vit \u00e0 la s\u00e9curit\u00e9 des femmes et des enfants, alors que Crazy Horse partit au front avec une grande force pour faire face aux attaquants. Malgr\u00e9 les tentatives d\u00e9sesp\u00e9r\u00e9es de Custer de regrouper ses hommes, ils furent rapidement d\u00e9pass\u00e9s. Custer et quelques 200 hommes de son bataiilon furent attaqu\u00e9s par pas moins de 3000 Am\u00e9rindiens. En l\u2019espace d\u2019une heure, Custer et tous ses soldats avaient trouv\u00e9 la mort.<\/p>\n<p>La Bataille de Little Bighorn, \u00e9galement appel\u00e9e \u00ab Custer&rsquo;s Last Stand \u00bb (l\u2019ultime r\u00e9sistance de Custer), fut la victoire am\u00e9rindienne la plus d\u00e9cisive et la pire d\u00e9faite de l\u2019arm\u00e9e am\u00e9ricaine au cours de la longue guerre indienne des plaines. La mort de Custer et de ses hommes scandalisa de nombreux Am\u00e9ricains blancs et confirma l\u2019image de sauvages et de sanguinaires qu\u2019ils avaient d\u00e9j\u00e0 des Indiens. Pendant ce temps, le gouvernement am\u00e9ricain intensifia ses efforts pour soumettre les tribus \u00e0 sa domination. En l\u2019espace de cinq ans, presque tous les Sioux et Cheyenne furent plac\u00e9s et confin\u00e9s dans des r\u00e9serves.<\/p>\n<p>&nbsp;<\/p>\n","protected":false},"excerpt":{"rendered":"<p>Sitting Bull et Crazy Horse (environ 1840-77), des chefs des Sioux des Grandes Plaines, r\u00e9sist\u00e8rent de toutes leurs forces aux efforts mis en \u0153uvre par&#8230;<\/p>\n","protected":false},"author":2,"featured_media":704,"parent":235,"menu_order":0,"comment_status":"closed","ping_status":"closed","template":"","meta":{"_acf_changed":false,"footnotes":""},"class_list":["post-1862","page","type-page","status-publish","has-post-thumbnail","hentry"],"acf":[],"yoast_head":"<!-- This site is optimized with the Yoast SEO plugin v27.6 - https:\/\/yoast.com\/product\/yoast-seo-wordpress\/ -->\n<title>La Bataille de Little Bighorn - St. Josefs Indianer Hilfswerk<\/title>\n<meta name=\"robots\" content=\"index, follow, max-snippet:-1, max-image-preview:large, max-video-preview:-1\" \/>\n<link rel=\"canonical\" href=\"https:\/\/stjosefs.wpdev.go2people.nl\/fr\/culture-des-lakota\/la-bataille-de-little-bighorn\/\" \/>\n<meta property=\"og:locale\" content=\"fr_FR\" \/>\n<meta property=\"og:type\" content=\"article\" \/>\n<meta property=\"og:title\" content=\"La Bataille de Little Bighorn - St. Josefs Indianer Hilfswerk\" \/>\n<meta property=\"og:description\" content=\"Sitting Bull et Crazy Horse (environ 1840-77), des chefs des Sioux des Grandes Plaines, r\u00e9sist\u00e8rent de toutes leurs forces aux efforts mis en \u0153uvre par...\" \/>\n<meta property=\"og:url\" content=\"https:\/\/stjosefs.wpdev.go2people.nl\/fr\/culture-des-lakota\/la-bataille-de-little-bighorn\/\" \/>\n<meta property=\"og:site_name\" content=\"St. Josefs Indianer Hilfswerk\" \/>\n<meta property=\"article:modified_time\" content=\"2022-05-16T10:08:56+00:00\" \/>\n<meta property=\"og:image\" content=\"https:\/\/stjosefs.wpdev.go2people.nl\/wp-content\/uploads\/2016\/12\/Die-Schlacht-am-Little-Bighorn-e1483363321929.jpg\" \/>\n\t<meta property=\"og:image:width\" content=\"2969\" \/>\n\t<meta property=\"og:image:height\" content=\"1637\" \/>\n\t<meta property=\"og:image:type\" content=\"image\/jpeg\" \/>\n<meta name=\"twitter:card\" content=\"summary_large_image\" \/>\n<meta name=\"twitter:label1\" content=\"Dur\u00e9e de lecture estim\u00e9e\" \/>\n\t<meta name=\"twitter:data1\" content=\"3 minutes\" \/>\n<script type=\"application\/ld+json\" class=\"yoast-schema-graph\">{\"@context\":\"https:\\\/\\\/schema.org\",\"@graph\":[{\"@type\":\"WebPage\",\"@id\":\"https:\\\/\\\/stjosefs.wpdev.go2people.nl\\\/fr\\\/culture-des-lakota\\\/la-bataille-de-little-bighorn\\\/\",\"url\":\"https:\\\/\\\/stjosefs.wpdev.go2people.nl\\\/fr\\\/culture-des-lakota\\\/la-bataille-de-little-bighorn\\\/\",\"name\":\"La Bataille de Little Bighorn - St. Josefs Indianer Hilfswerk\",\"isPartOf\":{\"@id\":\"https:\\\/\\\/stjosefs.wpdev.go2people.nl\\\/#website\"},\"primaryImageOfPage\":{\"@id\":\"https:\\\/\\\/stjosefs.wpdev.go2people.nl\\\/fr\\\/culture-des-lakota\\\/la-bataille-de-little-bighorn\\\/#primaryimage\"},\"image\":{\"@id\":\"https:\\\/\\\/stjosefs.wpdev.go2people.nl\\\/fr\\\/culture-des-lakota\\\/la-bataille-de-little-bighorn\\\/#primaryimage\"},\"thumbnailUrl\":\"https:\\\/\\\/stjosefs.wpdev.go2people.nl\\\/wp-content\\\/uploads\\\/2016\\\/12\\\/Die-Schlacht-am-Little-Bighorn-e1483363321929.jpg\",\"datePublished\":\"2017-01-12T08:53:12+00:00\",\"dateModified\":\"2022-05-16T10:08:56+00:00\",\"breadcrumb\":{\"@id\":\"https:\\\/\\\/stjosefs.wpdev.go2people.nl\\\/fr\\\/culture-des-lakota\\\/la-bataille-de-little-bighorn\\\/#breadcrumb\"},\"inLanguage\":\"fr-FR\",\"potentialAction\":[{\"@type\":\"ReadAction\",\"target\":[\"https:\\\/\\\/stjosefs.wpdev.go2people.nl\\\/fr\\\/culture-des-lakota\\\/la-bataille-de-little-bighorn\\\/\"]}]},{\"@type\":\"ImageObject\",\"inLanguage\":\"fr-FR\",\"@id\":\"https:\\\/\\\/stjosefs.wpdev.go2people.nl\\\/fr\\\/culture-des-lakota\\\/la-bataille-de-little-bighorn\\\/#primaryimage\",\"url\":\"https:\\\/\\\/stjosefs.wpdev.go2people.nl\\\/wp-content\\\/uploads\\\/2016\\\/12\\\/Die-Schlacht-am-Little-Bighorn-e1483363321929.jpg\",\"contentUrl\":\"https:\\\/\\\/stjosefs.wpdev.go2people.nl\\\/wp-content\\\/uploads\\\/2016\\\/12\\\/Die-Schlacht-am-Little-Bighorn-e1483363321929.jpg\",\"width\":2969,\"height\":1637,\"caption\":\"Die Schlacht am Little Bighorn\"},{\"@type\":\"BreadcrumbList\",\"@id\":\"https:\\\/\\\/stjosefs.wpdev.go2people.nl\\\/fr\\\/culture-des-lakota\\\/la-bataille-de-little-bighorn\\\/#breadcrumb\",\"itemListElement\":[{\"@type\":\"ListItem\",\"position\":1,\"name\":\"Home\",\"item\":\"https:\\\/\\\/stjosefs.wpdev.go2people.nl\\\/fr\\\/\"},{\"@type\":\"ListItem\",\"position\":2,\"name\":\"La culture lakota\",\"item\":\"https:\\\/\\\/stjosefs.wpdev.go2people.nl\\\/fr\\\/culture-des-lakota\\\/\"},{\"@type\":\"ListItem\",\"position\":3,\"name\":\"La Bataille de Little Bighorn\"}]},{\"@type\":\"WebSite\",\"@id\":\"https:\\\/\\\/stjosefs.wpdev.go2people.nl\\\/#website\",\"url\":\"https:\\\/\\\/stjosefs.wpdev.go2people.nl\\\/\",\"name\":\"St. Josefs Indianer Hilfswerk\",\"description\":\"F\u00fcr eine bessere Zukunft der Ureinwohnerkinder S\u00fcddakotas\",\"potentialAction\":[{\"@type\":\"SearchAction\",\"target\":{\"@type\":\"EntryPoint\",\"urlTemplate\":\"https:\\\/\\\/stjosefs.wpdev.go2people.nl\\\/?s={search_term_string}\"},\"query-input\":{\"@type\":\"PropertyValueSpecification\",\"valueRequired\":true,\"valueName\":\"search_term_string\"}}],\"inLanguage\":\"fr-FR\"}]}<\/script>\n<!-- \/ Yoast SEO plugin. -->","yoast_head_json":{"title":"La Bataille de Little Bighorn - St. Josefs Indianer Hilfswerk","robots":{"index":"index","follow":"follow","max-snippet":"max-snippet:-1","max-image-preview":"max-image-preview:large","max-video-preview":"max-video-preview:-1"},"canonical":"https:\/\/stjosefs.wpdev.go2people.nl\/fr\/culture-des-lakota\/la-bataille-de-little-bighorn\/","og_locale":"fr_FR","og_type":"article","og_title":"La Bataille de Little Bighorn - St. Josefs Indianer Hilfswerk","og_description":"Sitting Bull et Crazy Horse (environ 1840-77), des chefs des Sioux des Grandes Plaines, r\u00e9sist\u00e8rent de toutes leurs forces aux efforts mis en \u0153uvre par...","og_url":"https:\/\/stjosefs.wpdev.go2people.nl\/fr\/culture-des-lakota\/la-bataille-de-little-bighorn\/","og_site_name":"St. Josefs Indianer Hilfswerk","article_modified_time":"2022-05-16T10:08:56+00:00","og_image":[{"width":2969,"height":1637,"url":"https:\/\/stjosefs.wpdev.go2people.nl\/wp-content\/uploads\/2016\/12\/Die-Schlacht-am-Little-Bighorn-e1483363321929.jpg","type":"image\/jpeg"}],"twitter_card":"summary_large_image","twitter_misc":{"Dur\u00e9e de lecture estim\u00e9e":"3 minutes"},"schema":{"@context":"https:\/\/schema.org","@graph":[{"@type":"WebPage","@id":"https:\/\/stjosefs.wpdev.go2people.nl\/fr\/culture-des-lakota\/la-bataille-de-little-bighorn\/","url":"https:\/\/stjosefs.wpdev.go2people.nl\/fr\/culture-des-lakota\/la-bataille-de-little-bighorn\/","name":"La Bataille de Little Bighorn - St. Josefs Indianer Hilfswerk","isPartOf":{"@id":"https:\/\/stjosefs.wpdev.go2people.nl\/#website"},"primaryImageOfPage":{"@id":"https:\/\/stjosefs.wpdev.go2people.nl\/fr\/culture-des-lakota\/la-bataille-de-little-bighorn\/#primaryimage"},"image":{"@id":"https:\/\/stjosefs.wpdev.go2people.nl\/fr\/culture-des-lakota\/la-bataille-de-little-bighorn\/#primaryimage"},"thumbnailUrl":"https:\/\/stjosefs.wpdev.go2people.nl\/wp-content\/uploads\/2016\/12\/Die-Schlacht-am-Little-Bighorn-e1483363321929.jpg","datePublished":"2017-01-12T08:53:12+00:00","dateModified":"2022-05-16T10:08:56+00:00","breadcrumb":{"@id":"https:\/\/stjosefs.wpdev.go2people.nl\/fr\/culture-des-lakota\/la-bataille-de-little-bighorn\/#breadcrumb"},"inLanguage":"fr-FR","potentialAction":[{"@type":"ReadAction","target":["https:\/\/stjosefs.wpdev.go2people.nl\/fr\/culture-des-lakota\/la-bataille-de-little-bighorn\/"]}]},{"@type":"ImageObject","inLanguage":"fr-FR","@id":"https:\/\/stjosefs.wpdev.go2people.nl\/fr\/culture-des-lakota\/la-bataille-de-little-bighorn\/#primaryimage","url":"https:\/\/stjosefs.wpdev.go2people.nl\/wp-content\/uploads\/2016\/12\/Die-Schlacht-am-Little-Bighorn-e1483363321929.jpg","contentUrl":"https:\/\/stjosefs.wpdev.go2people.nl\/wp-content\/uploads\/2016\/12\/Die-Schlacht-am-Little-Bighorn-e1483363321929.jpg","width":2969,"height":1637,"caption":"Die Schlacht am Little Bighorn"},{"@type":"BreadcrumbList","@id":"https:\/\/stjosefs.wpdev.go2people.nl\/fr\/culture-des-lakota\/la-bataille-de-little-bighorn\/#breadcrumb","itemListElement":[{"@type":"ListItem","position":1,"name":"Home","item":"https:\/\/stjosefs.wpdev.go2people.nl\/fr\/"},{"@type":"ListItem","position":2,"name":"La culture lakota","item":"https:\/\/stjosefs.wpdev.go2people.nl\/fr\/culture-des-lakota\/"},{"@type":"ListItem","position":3,"name":"La Bataille de Little Bighorn"}]},{"@type":"WebSite","@id":"https:\/\/stjosefs.wpdev.go2people.nl\/#website","url":"https:\/\/stjosefs.wpdev.go2people.nl\/","name":"St. Josefs Indianer Hilfswerk","description":"F\u00fcr eine bessere Zukunft der Ureinwohnerkinder S\u00fcddakotas","potentialAction":[{"@type":"SearchAction","target":{"@type":"EntryPoint","urlTemplate":"https:\/\/stjosefs.wpdev.go2people.nl\/?s={search_term_string}"},"query-input":{"@type":"PropertyValueSpecification","valueRequired":true,"valueName":"search_term_string"}}],"inLanguage":"fr-FR"}]}},"_links":{"self":[{"href":"https:\/\/stjosefs.wpdev.go2people.nl\/fr\/wp-json\/wp\/v2\/pages\/1862","targetHints":{"allow":["GET"]}}],"collection":[{"href":"https:\/\/stjosefs.wpdev.go2people.nl\/fr\/wp-json\/wp\/v2\/pages"}],"about":[{"href":"https:\/\/stjosefs.wpdev.go2people.nl\/fr\/wp-json\/wp\/v2\/types\/page"}],"author":[{"embeddable":true,"href":"https:\/\/stjosefs.wpdev.go2people.nl\/fr\/wp-json\/wp\/v2\/users\/2"}],"replies":[{"embeddable":true,"href":"https:\/\/stjosefs.wpdev.go2people.nl\/fr\/wp-json\/wp\/v2\/comments?post=1862"}],"version-history":[{"count":8,"href":"https:\/\/stjosefs.wpdev.go2people.nl\/fr\/wp-json\/wp\/v2\/pages\/1862\/revisions"}],"predecessor-version":[{"id":13017,"href":"https:\/\/stjosefs.wpdev.go2people.nl\/fr\/wp-json\/wp\/v2\/pages\/1862\/revisions\/13017"}],"up":[{"embeddable":true,"href":"https:\/\/stjosefs.wpdev.go2people.nl\/fr\/wp-json\/wp\/v2\/pages\/235"}],"wp:featuredmedia":[{"embeddable":true,"href":"https:\/\/stjosefs.wpdev.go2people.nl\/fr\/wp-json\/wp\/v2\/media\/704"}],"wp:attachment":[{"href":"https:\/\/stjosefs.wpdev.go2people.nl\/fr\/wp-json\/wp\/v2\/media?parent=1862"}],"curies":[{"name":"wp","href":"https:\/\/api.w.org\/{rel}","templated":true}]}}