{"id":1860,"date":"2017-01-12T09:48:43","date_gmt":"2017-01-12T08:48:43","guid":{"rendered":"https:\/\/stjosefs.wp2.go2people.nl\/fr\/?page_id=1860"},"modified":"2017-04-10T11:01:45","modified_gmt":"2017-04-10T09:01:45","slug":"les-indiens-aux-18e-et-19e-siecles","status":"publish","type":"page","link":"https:\/\/stjosefs.wpdev.go2people.nl\/fr\/culture-des-lakota\/les-indiens-aux-18e-et-19e-siecles\/","title":{"rendered":"Les Indiens aux 18e et 19e si\u00e8cles"},"content":{"rendered":"<p>En 1783, les Etats-Unis \u00e9taient une nouvelle nation comptant environ 3 millions d\u2019habitants vivant, en grande majorit\u00e9, le long de la c\u00f4te atlantique. Les Am\u00e9rindiens, estim\u00e9s au nombre de 600 000, contr\u00f4laient la plupart des territoires \u00e0 l\u2019Ouest des montagnes Appalaches. Vers 1890, un peu plus d\u2019un si\u00e8cle plus tard, les Etats-Unis s\u2019\u00e9tendaient de la c\u00f4te Est \u00e0 la c\u00f4te Ouest et comptaient d\u00e9sormais plus de 66 millions d\u2019habitants. Il ne restait alors plus que 250 000 Indiens, vivant en grande partie dans des r\u00e9serves, comprenant une simple fraction du territoire qu\u2019ils contr\u00f4laient autrefois.<\/p>\n<p><img loading=\"lazy\" decoding=\"async\" class=\"alignnone wp-image-3383 size-full\" src=\"https:\/\/stjosephdudakota.fr\/wp-content\/uploads\/2017\/01\/entreprises_de_chemin_de_fer.jpg\" alt=\"Entreprises de chemin de fer\" width=\"1547\" height=\"1000\" srcset=\"https:\/\/stjosefs.wpdev.go2people.nl\/wp-content\/uploads\/2017\/01\/entreprises_de_chemin_de_fer.jpg 1547w, https:\/\/stjosefs.wpdev.go2people.nl\/wp-content\/uploads\/2017\/01\/entreprises_de_chemin_de_fer-300x194.jpg 300w, https:\/\/stjosefs.wpdev.go2people.nl\/wp-content\/uploads\/2017\/01\/entreprises_de_chemin_de_fer-768x496.jpg 768w, https:\/\/stjosefs.wpdev.go2people.nl\/wp-content\/uploads\/2017\/01\/entreprises_de_chemin_de_fer-1024x662.jpg 1024w, https:\/\/stjosefs.wpdev.go2people.nl\/wp-content\/uploads\/2017\/01\/entreprises_de_chemin_de_fer-1170x756.jpg 1170w\" sizes=\"auto, (max-width: 1547px) 100vw, 1547px\" \/><\/p>\n<h2>Les droits des Indiens<\/h2>\n<p>Au cours de ce si\u00e8cle transitoire, des vagues de colons occidentaux se heurt\u00e8rent aux limites des territoires indiens. Cependant, la succession des \u00e9v\u00e8nements menant \u00e0 ce r\u00e9cit de conqu\u00eate n\u2019\u00e9tait pas sans \u00eatre in\u00e9vitable. Le premier pr\u00e9sident des Etats-Unis, George Washington, et son secr\u00e9taire \u00e0 la Guerre, Henry Knox, d\u00e9clar\u00e8rent respecter les droits des Indiens et promirent\u00a0 de n\u2019obtenir les terres indiennes pour la colonisation blanche que par trait\u00e9 et achat. Par la suite, des politiciens et philanthropes s\u2019oppos\u00e8rent \u00e9galement \u00e0 la politique de d\u00e9portation d\u2019Andrew Jackson pendant les ann\u00e9es 1830. Pourtant, en 1840, la grande majorit\u00e9 des Indiens de l\u2019est avait \u00e9t\u00e9 d\u00e9port\u00e9e vers des terres \u00e0 l\u2019Ouest du fleuve Mississippi. Et lors de la seconde moiti\u00e9 du 19e si\u00e8cle, des fermiers, mineurs et soci\u00e9t\u00e9s de chemin de fer, assist\u00e9s par l\u2019arm\u00e9e des Etats-Unis, empi\u00e9t\u00e8rent sur les territoires qui avaient \u00e9t\u00e9 soi-disant r\u00e9serv\u00e9s \u00e0 perp\u00e9tuit\u00e9 aux Indiens.<\/p>\n<p>Les Am\u00e9rindiens \u00e9taient sur tous les fronts gr\u00e2ce aux ressources financi\u00e8res et militaires des Anglo-Am\u00e9ricains. Leurs r\u00e9ponses aux \u00e9v\u00e8nements ne furentt ni unidimensionnelles, ni d\u00e9faitistes. Certains essay\u00e8rent la diplomatie. D\u2019autres se tourn\u00e8rent vers la religion. D\u2019autres encore tent\u00e8rent de d\u00e9gonfler l\u2019antagonisme blanc en adoptant les valeurs \u00e9conomiques et culturelles de leurs ennemis. Certains s\u2019attaqu\u00e8rent habilement au syst\u00e8me l\u00e9gal. D\u2019autres opt\u00e8rent avec succ\u00e8s pour la guerre. D\u2019autres m\u00eame firent des plans philanthropes bien intentionn\u00e9s, mais ethnocentriques, pour leur assimilation dans une organisation politique de base.<br \/>\nLes Am\u00e9rindiens subirent une trag\u00e9die collective au cours du 19e si\u00e8cle. A la fin de ce si\u00e8cle, la \u00ab\u00a0menace\u00a0\u00bb indienne sur la fronti\u00e8re am\u00e9ricaine avait \u00e9t\u00e9 \u00e9limin\u00e9e, en grande partie par la violence. Vaincues par la guerre et confin\u00e9es dans des r\u00e9serves, les nations indiennes qui occupaient autrefois l\u2019ensemble du continent, avaient \u00e9t\u00e9 r\u00e9duites \u00e0 seulement 250 000<\/p>\n<p>&nbsp;<\/p>\n<p>&nbsp;<\/p>\n","protected":false},"excerpt":{"rendered":"<p>En 1783, les Etats-Unis \u00e9taient une nouvelle nation comptant environ 3 millions d\u2019habitants vivant, en grande majorit\u00e9, le long de la c\u00f4te atlantique. Les Am\u00e9rindiens,&#8230;<\/p>\n","protected":false},"author":2,"featured_media":0,"parent":235,"menu_order":0,"comment_status":"closed","ping_status":"closed","template":"","meta":{"_acf_changed":false,"footnotes":""},"class_list":["post-1860","page","type-page","status-publish","hentry"],"acf":[],"yoast_head":"<!-- This site is optimized with the Yoast SEO plugin v27.6 - https:\/\/yoast.com\/product\/yoast-seo-wordpress\/ -->\n<title>Les Indiens aux 18e et 19e si\u00e8cles - St. Josefs Indianer Hilfswerk<\/title>\n<meta name=\"robots\" content=\"index, follow, max-snippet:-1, max-image-preview:large, max-video-preview:-1\" \/>\n<link rel=\"canonical\" href=\"https:\/\/stjosefs.wpdev.go2people.nl\/fr\/culture-des-lakota\/les-indiens-aux-18e-et-19e-siecles\/\" \/>\n<meta property=\"og:locale\" content=\"fr_FR\" \/>\n<meta property=\"og:type\" content=\"article\" \/>\n<meta property=\"og:title\" content=\"Les Indiens aux 18e et 19e si\u00e8cles - St. Josefs Indianer Hilfswerk\" \/>\n<meta property=\"og:description\" content=\"En 1783, les Etats-Unis \u00e9taient une nouvelle nation comptant environ 3 millions d\u2019habitants vivant, en grande majorit\u00e9, le long de la c\u00f4te atlantique. Les Am\u00e9rindiens,...\" \/>\n<meta property=\"og:url\" content=\"https:\/\/stjosefs.wpdev.go2people.nl\/fr\/culture-des-lakota\/les-indiens-aux-18e-et-19e-siecles\/\" \/>\n<meta property=\"og:site_name\" content=\"St. Josefs Indianer Hilfswerk\" \/>\n<meta property=\"article:modified_time\" content=\"2017-04-10T09:01:45+00:00\" \/>\n<meta property=\"og:image\" content=\"https:\/\/stjosephdudakota.fr\/wp-content\/uploads\/2017\/01\/entreprises_de_chemin_de_fer.jpg\" \/>\n<meta name=\"twitter:card\" content=\"summary_large_image\" \/>\n<meta name=\"twitter:label1\" content=\"Dur\u00e9e de lecture estim\u00e9e\" \/>\n\t<meta name=\"twitter:data1\" content=\"2 minutes\" \/>\n<script type=\"application\/ld+json\" class=\"yoast-schema-graph\">{\"@context\":\"https:\\\/\\\/schema.org\",\"@graph\":[{\"@type\":\"WebPage\",\"@id\":\"https:\\\/\\\/stjosefs.wpdev.go2people.nl\\\/fr\\\/culture-des-lakota\\\/les-indiens-aux-18e-et-19e-siecles\\\/\",\"url\":\"https:\\\/\\\/stjosefs.wpdev.go2people.nl\\\/fr\\\/culture-des-lakota\\\/les-indiens-aux-18e-et-19e-siecles\\\/\",\"name\":\"Les Indiens aux 18e et 19e si\u00e8cles - St. Josefs Indianer Hilfswerk\",\"isPartOf\":{\"@id\":\"https:\\\/\\\/stjosefs.wpdev.go2people.nl\\\/#website\"},\"primaryImageOfPage\":{\"@id\":\"https:\\\/\\\/stjosefs.wpdev.go2people.nl\\\/fr\\\/culture-des-lakota\\\/les-indiens-aux-18e-et-19e-siecles\\\/#primaryimage\"},\"image\":{\"@id\":\"https:\\\/\\\/stjosefs.wpdev.go2people.nl\\\/fr\\\/culture-des-lakota\\\/les-indiens-aux-18e-et-19e-siecles\\\/#primaryimage\"},\"thumbnailUrl\":\"https:\\\/\\\/stjosephdudakota.fr\\\/wp-content\\\/uploads\\\/2017\\\/01\\\/entreprises_de_chemin_de_fer.jpg\",\"datePublished\":\"2017-01-12T08:48:43+00:00\",\"dateModified\":\"2017-04-10T09:01:45+00:00\",\"breadcrumb\":{\"@id\":\"https:\\\/\\\/stjosefs.wpdev.go2people.nl\\\/fr\\\/culture-des-lakota\\\/les-indiens-aux-18e-et-19e-siecles\\\/#breadcrumb\"},\"inLanguage\":\"fr-FR\",\"potentialAction\":[{\"@type\":\"ReadAction\",\"target\":[\"https:\\\/\\\/stjosefs.wpdev.go2people.nl\\\/fr\\\/culture-des-lakota\\\/les-indiens-aux-18e-et-19e-siecles\\\/\"]}]},{\"@type\":\"ImageObject\",\"inLanguage\":\"fr-FR\",\"@id\":\"https:\\\/\\\/stjosefs.wpdev.go2people.nl\\\/fr\\\/culture-des-lakota\\\/les-indiens-aux-18e-et-19e-siecles\\\/#primaryimage\",\"url\":\"https:\\\/\\\/stjosephdudakota.fr\\\/wp-content\\\/uploads\\\/2017\\\/01\\\/entreprises_de_chemin_de_fer.jpg\",\"contentUrl\":\"https:\\\/\\\/stjosephdudakota.fr\\\/wp-content\\\/uploads\\\/2017\\\/01\\\/entreprises_de_chemin_de_fer.jpg\"},{\"@type\":\"BreadcrumbList\",\"@id\":\"https:\\\/\\\/stjosefs.wpdev.go2people.nl\\\/fr\\\/culture-des-lakota\\\/les-indiens-aux-18e-et-19e-siecles\\\/#breadcrumb\",\"itemListElement\":[{\"@type\":\"ListItem\",\"position\":1,\"name\":\"Home\",\"item\":\"https:\\\/\\\/stjosefs.wpdev.go2people.nl\\\/fr\\\/\"},{\"@type\":\"ListItem\",\"position\":2,\"name\":\"La culture lakota\",\"item\":\"https:\\\/\\\/stjosefs.wpdev.go2people.nl\\\/fr\\\/culture-des-lakota\\\/\"},{\"@type\":\"ListItem\",\"position\":3,\"name\":\"Les Indiens aux 18e et 19e si\u00e8cles\"}]},{\"@type\":\"WebSite\",\"@id\":\"https:\\\/\\\/stjosefs.wpdev.go2people.nl\\\/#website\",\"url\":\"https:\\\/\\\/stjosefs.wpdev.go2people.nl\\\/\",\"name\":\"St. Josefs Indianer Hilfswerk\",\"description\":\"F\u00fcr eine bessere Zukunft der Ureinwohnerkinder S\u00fcddakotas\",\"potentialAction\":[{\"@type\":\"SearchAction\",\"target\":{\"@type\":\"EntryPoint\",\"urlTemplate\":\"https:\\\/\\\/stjosefs.wpdev.go2people.nl\\\/?s={search_term_string}\"},\"query-input\":{\"@type\":\"PropertyValueSpecification\",\"valueRequired\":true,\"valueName\":\"search_term_string\"}}],\"inLanguage\":\"fr-FR\"}]}<\/script>\n<!-- \/ Yoast SEO plugin. -->","yoast_head_json":{"title":"Les Indiens aux 18e et 19e si\u00e8cles - St. Josefs Indianer Hilfswerk","robots":{"index":"index","follow":"follow","max-snippet":"max-snippet:-1","max-image-preview":"max-image-preview:large","max-video-preview":"max-video-preview:-1"},"canonical":"https:\/\/stjosefs.wpdev.go2people.nl\/fr\/culture-des-lakota\/les-indiens-aux-18e-et-19e-siecles\/","og_locale":"fr_FR","og_type":"article","og_title":"Les Indiens aux 18e et 19e si\u00e8cles - St. Josefs Indianer Hilfswerk","og_description":"En 1783, les Etats-Unis \u00e9taient une nouvelle nation comptant environ 3 millions d\u2019habitants vivant, en grande majorit\u00e9, le long de la c\u00f4te atlantique. Les Am\u00e9rindiens,...","og_url":"https:\/\/stjosefs.wpdev.go2people.nl\/fr\/culture-des-lakota\/les-indiens-aux-18e-et-19e-siecles\/","og_site_name":"St. Josefs Indianer Hilfswerk","article_modified_time":"2017-04-10T09:01:45+00:00","og_image":[{"url":"https:\/\/stjosephdudakota.fr\/wp-content\/uploads\/2017\/01\/entreprises_de_chemin_de_fer.jpg","type":"","width":"","height":""}],"twitter_card":"summary_large_image","twitter_misc":{"Dur\u00e9e de lecture estim\u00e9e":"2 minutes"},"schema":{"@context":"https:\/\/schema.org","@graph":[{"@type":"WebPage","@id":"https:\/\/stjosefs.wpdev.go2people.nl\/fr\/culture-des-lakota\/les-indiens-aux-18e-et-19e-siecles\/","url":"https:\/\/stjosefs.wpdev.go2people.nl\/fr\/culture-des-lakota\/les-indiens-aux-18e-et-19e-siecles\/","name":"Les Indiens aux 18e et 19e si\u00e8cles - St. Josefs Indianer Hilfswerk","isPartOf":{"@id":"https:\/\/stjosefs.wpdev.go2people.nl\/#website"},"primaryImageOfPage":{"@id":"https:\/\/stjosefs.wpdev.go2people.nl\/fr\/culture-des-lakota\/les-indiens-aux-18e-et-19e-siecles\/#primaryimage"},"image":{"@id":"https:\/\/stjosefs.wpdev.go2people.nl\/fr\/culture-des-lakota\/les-indiens-aux-18e-et-19e-siecles\/#primaryimage"},"thumbnailUrl":"https:\/\/stjosephdudakota.fr\/wp-content\/uploads\/2017\/01\/entreprises_de_chemin_de_fer.jpg","datePublished":"2017-01-12T08:48:43+00:00","dateModified":"2017-04-10T09:01:45+00:00","breadcrumb":{"@id":"https:\/\/stjosefs.wpdev.go2people.nl\/fr\/culture-des-lakota\/les-indiens-aux-18e-et-19e-siecles\/#breadcrumb"},"inLanguage":"fr-FR","potentialAction":[{"@type":"ReadAction","target":["https:\/\/stjosefs.wpdev.go2people.nl\/fr\/culture-des-lakota\/les-indiens-aux-18e-et-19e-siecles\/"]}]},{"@type":"ImageObject","inLanguage":"fr-FR","@id":"https:\/\/stjosefs.wpdev.go2people.nl\/fr\/culture-des-lakota\/les-indiens-aux-18e-et-19e-siecles\/#primaryimage","url":"https:\/\/stjosephdudakota.fr\/wp-content\/uploads\/2017\/01\/entreprises_de_chemin_de_fer.jpg","contentUrl":"https:\/\/stjosephdudakota.fr\/wp-content\/uploads\/2017\/01\/entreprises_de_chemin_de_fer.jpg"},{"@type":"BreadcrumbList","@id":"https:\/\/stjosefs.wpdev.go2people.nl\/fr\/culture-des-lakota\/les-indiens-aux-18e-et-19e-siecles\/#breadcrumb","itemListElement":[{"@type":"ListItem","position":1,"name":"Home","item":"https:\/\/stjosefs.wpdev.go2people.nl\/fr\/"},{"@type":"ListItem","position":2,"name":"La culture lakota","item":"https:\/\/stjosefs.wpdev.go2people.nl\/fr\/culture-des-lakota\/"},{"@type":"ListItem","position":3,"name":"Les Indiens aux 18e et 19e si\u00e8cles"}]},{"@type":"WebSite","@id":"https:\/\/stjosefs.wpdev.go2people.nl\/#website","url":"https:\/\/stjosefs.wpdev.go2people.nl\/","name":"St. Josefs Indianer Hilfswerk","description":"F\u00fcr eine bessere Zukunft der Ureinwohnerkinder S\u00fcddakotas","potentialAction":[{"@type":"SearchAction","target":{"@type":"EntryPoint","urlTemplate":"https:\/\/stjosefs.wpdev.go2people.nl\/?s={search_term_string}"},"query-input":{"@type":"PropertyValueSpecification","valueRequired":true,"valueName":"search_term_string"}}],"inLanguage":"fr-FR"}]}},"_links":{"self":[{"href":"https:\/\/stjosefs.wpdev.go2people.nl\/fr\/wp-json\/wp\/v2\/pages\/1860","targetHints":{"allow":["GET"]}}],"collection":[{"href":"https:\/\/stjosefs.wpdev.go2people.nl\/fr\/wp-json\/wp\/v2\/pages"}],"about":[{"href":"https:\/\/stjosefs.wpdev.go2people.nl\/fr\/wp-json\/wp\/v2\/types\/page"}],"author":[{"embeddable":true,"href":"https:\/\/stjosefs.wpdev.go2people.nl\/fr\/wp-json\/wp\/v2\/users\/2"}],"replies":[{"embeddable":true,"href":"https:\/\/stjosefs.wpdev.go2people.nl\/fr\/wp-json\/wp\/v2\/comments?post=1860"}],"version-history":[{"count":6,"href":"https:\/\/stjosefs.wpdev.go2people.nl\/fr\/wp-json\/wp\/v2\/pages\/1860\/revisions"}],"predecessor-version":[{"id":3384,"href":"https:\/\/stjosefs.wpdev.go2people.nl\/fr\/wp-json\/wp\/v2\/pages\/1860\/revisions\/3384"}],"up":[{"embeddable":true,"href":"https:\/\/stjosefs.wpdev.go2people.nl\/fr\/wp-json\/wp\/v2\/pages\/235"}],"wp:attachment":[{"href":"https:\/\/stjosefs.wpdev.go2people.nl\/fr\/wp-json\/wp\/v2\/media?parent=1860"}],"curies":[{"name":"wp","href":"https:\/\/api.w.org\/{rel}","templated":true}]}}