{"id":1857,"date":"2017-01-12T09:47:03","date_gmt":"2017-01-12T08:47:03","guid":{"rendered":"https:\/\/stjosefs.wp2.go2people.nl\/fr\/?page_id=1857"},"modified":"2023-05-03T12:47:10","modified_gmt":"2023-05-03T10:47:10","slug":"chefs-lakotas","status":"publish","type":"page","link":"https:\/\/stjosefs.wpdev.go2people.nl\/fr\/culture-des-lakota\/chefs-lakotas\/","title":{"rendered":"Chefs Lakotas"},"content":{"rendered":"<div class=\"large r\">\n<div class=\"content\">\n<p class=\"intro\">A travers leur courage et leur qualit\u00e9s de leader, les chefs am\u00e9rindiens donn\u00e8rent une voix \u00e0 leur peuple et r\u00e9sist\u00e8rent \u00e0 l\u2019expansion des hommes blancs. <a href=\"https:\/\/www.stjosephdudakota.fr\/blog\/chefs-lakotas\" target=\"_blank\" rel=\"noopener\">Sur notre Blog<\/a> vous pouvez faire plus ample connaissance avec quelques-uns des plus c\u00e9l\u00e8bres chefs am\u00e9rindiens des Grandes Plaines.<\/p>\n<\/div>\n<div id=\"attachment_1436\" style=\"width: 160px\" class=\"wp-caption alignleft\"><a href=\"\/nouvelles\/chefs-lakotas\/american-horse-fr\/\"><img loading=\"lazy\" decoding=\"async\" aria-describedby=\"caption-attachment-1436\" class=\"wp-image-1436 size-thumbnail\" src=\"https:\/\/stjosephdudakota.fr\/wp-content\/uploads\/2017\/01\/Chefs_Lakota_American_Horse-haubtlinge-1-150x150.jpg\" alt=\"American Horse\" width=\"150\" height=\"150\" srcset=\"https:\/\/stjosefs.wpdev.go2people.nl\/wp-content\/uploads\/2017\/01\/Chefs_Lakota_American_Horse-haubtlinge-1-150x150.jpg 150w, https:\/\/stjosefs.wpdev.go2people.nl\/wp-content\/uploads\/2017\/01\/Chefs_Lakota_American_Horse-haubtlinge-1-768x768.jpg 768w\" sizes=\"auto, (max-width: 150px) 100vw, 150px\" \/><\/a><p id=\"caption-attachment-1436\" class=\"wp-caption-text\">American Horse<\/p><\/div>\n<div id=\"attachment_834\" style=\"width: 160px\" class=\"wp-caption alignleft\"><a href=\"\/nouvelles\/chefs-lakotas\/chef-gall\/\"><img loading=\"lazy\" decoding=\"async\" aria-describedby=\"caption-attachment-834\" class=\"wp-image-834 size-thumbnail\" src=\"https:\/\/stjosephdudakota.fr\/wp-content\/uploads\/2017\/01\/chef_gall-indianer-150x150.jpg\" alt=\"Chief H\u00e4uptling Gall\" width=\"150\" height=\"150\" srcset=\"https:\/\/stjosefs.wpdev.go2people.nl\/wp-content\/uploads\/2017\/01\/chef_gall-indianer-150x150.jpg 150w, https:\/\/stjosefs.wpdev.go2people.nl\/wp-content\/uploads\/2017\/01\/chef_gall-indianer-768x768.jpg 768w\" sizes=\"auto, (max-width: 150px) 100vw, 150px\" \/><\/a><p id=\"caption-attachment-834\" class=\"wp-caption-text\">Chef Gall<\/p><\/div>\n<div id=\"attachment_839\" style=\"width: 160px\" class=\"wp-caption alignleft\"><a href=\"\/nouvelles\/chefs-lakotas\/big-foot-fr\/\"><img loading=\"lazy\" decoding=\"async\" aria-describedby=\"caption-attachment-839\" class=\"wp-image-839 size-thumbnail\" src=\"https:\/\/stjosephdudakota.fr\/wp-content\/uploads\/2017\/01\/chief_bigfoot-150x150.jpg\" width=\"150\" height=\"150\" srcset=\"https:\/\/stjosefs.wpdev.go2people.nl\/wp-content\/uploads\/2017\/01\/chief_bigfoot-150x150.jpg 150w, https:\/\/stjosefs.wpdev.go2people.nl\/wp-content\/uploads\/2017\/01\/chief_bigfoot-768x768.jpg 768w\" sizes=\"auto, (max-width: 150px) 100vw, 150px\" \/><\/a><p id=\"caption-attachment-839\" class=\"wp-caption-text\">Big foot<\/p><\/div>\n<div id=\"attachment_1422\" style=\"width: 160px\" class=\"wp-caption alignleft\"><a href=\"\/nouvelles\/chefs-lakotas\/red-cloud-fr\/\"><img loading=\"lazy\" decoding=\"async\" aria-describedby=\"caption-attachment-1422\" class=\"wp-image-1422 size-thumbnail\" src=\"https:\/\/stjosephdudakota.fr\/wp-content\/uploads\/2017\/01\/chef_red_cloud-e1483953107545-150x150.jpg\" alt=\"red cloud\" width=\"150\" height=\"150\" srcset=\"https:\/\/stjosefs.wpdev.go2people.nl\/wp-content\/uploads\/2017\/01\/chef_red_cloud-e1483953107545-150x150.jpg 150w, https:\/\/stjosefs.wpdev.go2people.nl\/wp-content\/uploads\/2017\/01\/chef_red_cloud-e1483953107545-768x768.jpg 768w\" sizes=\"auto, (max-width: 150px) 100vw, 150px\" \/><\/a><p id=\"caption-attachment-1422\" class=\"wp-caption-text\">Red Cloud<\/p><\/div>\n<div id=\"attachment_5733\" style=\"width: 160px\" class=\"wp-caption alignleft\"><img loading=\"lazy\" decoding=\"async\" aria-describedby=\"caption-attachment-5733\" class=\"wp-image-5733 size-thumbnail\" src=\"https:\/\/stjosephdudakota.fr\/wp-content\/uploads\/2018\/09\/SR-6-150x150.jpg\" alt=\"\" width=\"150\" height=\"150\" srcset=\"https:\/\/stjosefs.wpdev.go2people.nl\/wp-content\/uploads\/2018\/09\/SR-6-150x150.jpg 150w, https:\/\/stjosefs.wpdev.go2people.nl\/wp-content\/uploads\/2018\/09\/SR-6-768x768.jpg 768w\" sizes=\"auto, (max-width: 150px) 100vw, 150px\" \/><p id=\"caption-attachment-5733\" class=\"wp-caption-text\">\u00a0Crazy Horse<\/p><\/div>\n<div id=\"attachment_1414\" style=\"width: 160px\" class=\"wp-caption alignleft\"><a href=\"\/nouvelles\/chefs-lakotas\/sitting-bull-fr\/\"><img loading=\"lazy\" decoding=\"async\" aria-describedby=\"caption-attachment-1414\" class=\"wp-image-1414 size-thumbnail\" src=\"https:\/\/stjosephdudakota.fr\/wp-content\/uploads\/2017\/01\/chef_sitting-bull-e1483952807454-150x150.jpg\" alt=\"Sitting Bull\" width=\"150\" height=\"150\" srcset=\"https:\/\/stjosefs.wpdev.go2people.nl\/wp-content\/uploads\/2017\/01\/chef_sitting-bull-e1483952807454-150x150.jpg 150w, https:\/\/stjosefs.wpdev.go2people.nl\/wp-content\/uploads\/2017\/01\/chef_sitting-bull-e1483952807454-768x768.jpg 768w\" sizes=\"auto, (max-width: 150px) 100vw, 150px\" \/><\/a><p id=\"caption-attachment-1414\" class=\"wp-caption-text\">Sitting Bull<\/p><\/div>\n<\/div>\n","protected":false},"excerpt":{"rendered":"<p>A travers leur courage et leur qualit\u00e9s de leader, les chefs am\u00e9rindiens donn\u00e8rent une voix \u00e0 leur peuple et r\u00e9sist\u00e8rent \u00e0 l\u2019expansion des hommes blancs&#8230;.<\/p>\n","protected":false},"author":2,"featured_media":1865,"parent":235,"menu_order":0,"comment_status":"closed","ping_status":"closed","template":"","meta":{"_acf_changed":false,"footnotes":""},"class_list":["post-1857","page","type-page","status-publish","has-post-thumbnail","hentry"],"acf":[],"yoast_head":"<!-- This site is optimized with the Yoast SEO plugin v27.6 - https:\/\/yoast.com\/product\/yoast-seo-wordpress\/ -->\n<title>Chefs Lakotas - St. Josefs Indianer Hilfswerk<\/title>\n<meta name=\"robots\" content=\"index, follow, max-snippet:-1, max-image-preview:large, max-video-preview:-1\" \/>\n<link rel=\"canonical\" href=\"https:\/\/stjosefs.wpdev.go2people.nl\/fr\/culture-des-lakota\/chefs-lakotas\/\" \/>\n<meta property=\"og:locale\" content=\"fr_FR\" \/>\n<meta property=\"og:type\" content=\"article\" \/>\n<meta property=\"og:title\" content=\"Chefs Lakotas - St. Josefs Indianer Hilfswerk\" \/>\n<meta property=\"og:description\" content=\"A travers leur courage et leur qualit\u00e9s de leader, les chefs am\u00e9rindiens donn\u00e8rent une voix \u00e0 leur peuple et r\u00e9sist\u00e8rent \u00e0 l\u2019expansion des hommes blancs....\" \/>\n<meta property=\"og:url\" content=\"https:\/\/stjosefs.wpdev.go2people.nl\/fr\/culture-des-lakota\/chefs-lakotas\/\" \/>\n<meta property=\"og:site_name\" content=\"St. Josefs Indianer Hilfswerk\" \/>\n<meta property=\"article:modified_time\" content=\"2023-05-03T10:47:10+00:00\" \/>\n<meta property=\"og:image\" content=\"https:\/\/stjosefs.wpdev.go2people.nl\/wp-content\/uploads\/2017\/01\/chefs_lakotas.jpg\" \/>\n\t<meta property=\"og:image:width\" content=\"700\" \/>\n\t<meta property=\"og:image:height\" content=\"552\" \/>\n\t<meta property=\"og:image:type\" content=\"image\/jpeg\" \/>\n<meta name=\"twitter:card\" content=\"summary_large_image\" \/>\n<meta name=\"twitter:label1\" content=\"Dur\u00e9e de lecture estim\u00e9e\" \/>\n\t<meta name=\"twitter:data1\" content=\"2 minutes\" \/>\n<script type=\"application\/ld+json\" class=\"yoast-schema-graph\">{\"@context\":\"https:\\\/\\\/schema.org\",\"@graph\":[{\"@type\":\"WebPage\",\"@id\":\"https:\\\/\\\/stjosefs.wpdev.go2people.nl\\\/fr\\\/culture-des-lakota\\\/chefs-lakotas\\\/\",\"url\":\"https:\\\/\\\/stjosefs.wpdev.go2people.nl\\\/fr\\\/culture-des-lakota\\\/chefs-lakotas\\\/\",\"name\":\"Chefs Lakotas - St. Josefs Indianer Hilfswerk\",\"isPartOf\":{\"@id\":\"https:\\\/\\\/stjosefs.wpdev.go2people.nl\\\/#website\"},\"primaryImageOfPage\":{\"@id\":\"https:\\\/\\\/stjosefs.wpdev.go2people.nl\\\/fr\\\/culture-des-lakota\\\/chefs-lakotas\\\/#primaryimage\"},\"image\":{\"@id\":\"https:\\\/\\\/stjosefs.wpdev.go2people.nl\\\/fr\\\/culture-des-lakota\\\/chefs-lakotas\\\/#primaryimage\"},\"thumbnailUrl\":\"https:\\\/\\\/stjosefs.wpdev.go2people.nl\\\/wp-content\\\/uploads\\\/2017\\\/01\\\/chefs_lakotas.jpg\",\"datePublished\":\"2017-01-12T08:47:03+00:00\",\"dateModified\":\"2023-05-03T10:47:10+00:00\",\"breadcrumb\":{\"@id\":\"https:\\\/\\\/stjosefs.wpdev.go2people.nl\\\/fr\\\/culture-des-lakota\\\/chefs-lakotas\\\/#breadcrumb\"},\"inLanguage\":\"fr-FR\",\"potentialAction\":[{\"@type\":\"ReadAction\",\"target\":[\"https:\\\/\\\/stjosefs.wpdev.go2people.nl\\\/fr\\\/culture-des-lakota\\\/chefs-lakotas\\\/\"]}]},{\"@type\":\"ImageObject\",\"inLanguage\":\"fr-FR\",\"@id\":\"https:\\\/\\\/stjosefs.wpdev.go2people.nl\\\/fr\\\/culture-des-lakota\\\/chefs-lakotas\\\/#primaryimage\",\"url\":\"https:\\\/\\\/stjosefs.wpdev.go2people.nl\\\/wp-content\\\/uploads\\\/2017\\\/01\\\/chefs_lakotas.jpg\",\"contentUrl\":\"https:\\\/\\\/stjosefs.wpdev.go2people.nl\\\/wp-content\\\/uploads\\\/2017\\\/01\\\/chefs_lakotas.jpg\",\"width\":700,\"height\":552},{\"@type\":\"BreadcrumbList\",\"@id\":\"https:\\\/\\\/stjosefs.wpdev.go2people.nl\\\/fr\\\/culture-des-lakota\\\/chefs-lakotas\\\/#breadcrumb\",\"itemListElement\":[{\"@type\":\"ListItem\",\"position\":1,\"name\":\"Home\",\"item\":\"https:\\\/\\\/stjosefs.wpdev.go2people.nl\\\/fr\\\/\"},{\"@type\":\"ListItem\",\"position\":2,\"name\":\"La culture lakota\",\"item\":\"https:\\\/\\\/stjosefs.wpdev.go2people.nl\\\/fr\\\/culture-des-lakota\\\/\"},{\"@type\":\"ListItem\",\"position\":3,\"name\":\"Chefs Lakotas\"}]},{\"@type\":\"WebSite\",\"@id\":\"https:\\\/\\\/stjosefs.wpdev.go2people.nl\\\/#website\",\"url\":\"https:\\\/\\\/stjosefs.wpdev.go2people.nl\\\/\",\"name\":\"St. Josefs Indianer Hilfswerk\",\"description\":\"F\u00fcr eine bessere Zukunft der Ureinwohnerkinder S\u00fcddakotas\",\"potentialAction\":[{\"@type\":\"SearchAction\",\"target\":{\"@type\":\"EntryPoint\",\"urlTemplate\":\"https:\\\/\\\/stjosefs.wpdev.go2people.nl\\\/?s={search_term_string}\"},\"query-input\":{\"@type\":\"PropertyValueSpecification\",\"valueRequired\":true,\"valueName\":\"search_term_string\"}}],\"inLanguage\":\"fr-FR\"}]}<\/script>\n<!-- \/ Yoast SEO plugin. -->","yoast_head_json":{"title":"Chefs Lakotas - St. Josefs Indianer Hilfswerk","robots":{"index":"index","follow":"follow","max-snippet":"max-snippet:-1","max-image-preview":"max-image-preview:large","max-video-preview":"max-video-preview:-1"},"canonical":"https:\/\/stjosefs.wpdev.go2people.nl\/fr\/culture-des-lakota\/chefs-lakotas\/","og_locale":"fr_FR","og_type":"article","og_title":"Chefs Lakotas - St. Josefs Indianer Hilfswerk","og_description":"A travers leur courage et leur qualit\u00e9s de leader, les chefs am\u00e9rindiens donn\u00e8rent une voix \u00e0 leur peuple et r\u00e9sist\u00e8rent \u00e0 l\u2019expansion des hommes blancs....","og_url":"https:\/\/stjosefs.wpdev.go2people.nl\/fr\/culture-des-lakota\/chefs-lakotas\/","og_site_name":"St. Josefs Indianer Hilfswerk","article_modified_time":"2023-05-03T10:47:10+00:00","og_image":[{"width":700,"height":552,"url":"https:\/\/stjosefs.wpdev.go2people.nl\/wp-content\/uploads\/2017\/01\/chefs_lakotas.jpg","type":"image\/jpeg"}],"twitter_card":"summary_large_image","twitter_misc":{"Dur\u00e9e de lecture estim\u00e9e":"2 minutes"},"schema":{"@context":"https:\/\/schema.org","@graph":[{"@type":"WebPage","@id":"https:\/\/stjosefs.wpdev.go2people.nl\/fr\/culture-des-lakota\/chefs-lakotas\/","url":"https:\/\/stjosefs.wpdev.go2people.nl\/fr\/culture-des-lakota\/chefs-lakotas\/","name":"Chefs Lakotas - St. Josefs Indianer Hilfswerk","isPartOf":{"@id":"https:\/\/stjosefs.wpdev.go2people.nl\/#website"},"primaryImageOfPage":{"@id":"https:\/\/stjosefs.wpdev.go2people.nl\/fr\/culture-des-lakota\/chefs-lakotas\/#primaryimage"},"image":{"@id":"https:\/\/stjosefs.wpdev.go2people.nl\/fr\/culture-des-lakota\/chefs-lakotas\/#primaryimage"},"thumbnailUrl":"https:\/\/stjosefs.wpdev.go2people.nl\/wp-content\/uploads\/2017\/01\/chefs_lakotas.jpg","datePublished":"2017-01-12T08:47:03+00:00","dateModified":"2023-05-03T10:47:10+00:00","breadcrumb":{"@id":"https:\/\/stjosefs.wpdev.go2people.nl\/fr\/culture-des-lakota\/chefs-lakotas\/#breadcrumb"},"inLanguage":"fr-FR","potentialAction":[{"@type":"ReadAction","target":["https:\/\/stjosefs.wpdev.go2people.nl\/fr\/culture-des-lakota\/chefs-lakotas\/"]}]},{"@type":"ImageObject","inLanguage":"fr-FR","@id":"https:\/\/stjosefs.wpdev.go2people.nl\/fr\/culture-des-lakota\/chefs-lakotas\/#primaryimage","url":"https:\/\/stjosefs.wpdev.go2people.nl\/wp-content\/uploads\/2017\/01\/chefs_lakotas.jpg","contentUrl":"https:\/\/stjosefs.wpdev.go2people.nl\/wp-content\/uploads\/2017\/01\/chefs_lakotas.jpg","width":700,"height":552},{"@type":"BreadcrumbList","@id":"https:\/\/stjosefs.wpdev.go2people.nl\/fr\/culture-des-lakota\/chefs-lakotas\/#breadcrumb","itemListElement":[{"@type":"ListItem","position":1,"name":"Home","item":"https:\/\/stjosefs.wpdev.go2people.nl\/fr\/"},{"@type":"ListItem","position":2,"name":"La culture lakota","item":"https:\/\/stjosefs.wpdev.go2people.nl\/fr\/culture-des-lakota\/"},{"@type":"ListItem","position":3,"name":"Chefs Lakotas"}]},{"@type":"WebSite","@id":"https:\/\/stjosefs.wpdev.go2people.nl\/#website","url":"https:\/\/stjosefs.wpdev.go2people.nl\/","name":"St. Josefs Indianer Hilfswerk","description":"F\u00fcr eine bessere Zukunft der Ureinwohnerkinder S\u00fcddakotas","potentialAction":[{"@type":"SearchAction","target":{"@type":"EntryPoint","urlTemplate":"https:\/\/stjosefs.wpdev.go2people.nl\/?s={search_term_string}"},"query-input":{"@type":"PropertyValueSpecification","valueRequired":true,"valueName":"search_term_string"}}],"inLanguage":"fr-FR"}]}},"_links":{"self":[{"href":"https:\/\/stjosefs.wpdev.go2people.nl\/fr\/wp-json\/wp\/v2\/pages\/1857","targetHints":{"allow":["GET"]}}],"collection":[{"href":"https:\/\/stjosefs.wpdev.go2people.nl\/fr\/wp-json\/wp\/v2\/pages"}],"about":[{"href":"https:\/\/stjosefs.wpdev.go2people.nl\/fr\/wp-json\/wp\/v2\/types\/page"}],"author":[{"embeddable":true,"href":"https:\/\/stjosefs.wpdev.go2people.nl\/fr\/wp-json\/wp\/v2\/users\/2"}],"replies":[{"embeddable":true,"href":"https:\/\/stjosefs.wpdev.go2people.nl\/fr\/wp-json\/wp\/v2\/comments?post=1857"}],"version-history":[{"count":21,"href":"https:\/\/stjosefs.wpdev.go2people.nl\/fr\/wp-json\/wp\/v2\/pages\/1857\/revisions"}],"predecessor-version":[{"id":14570,"href":"https:\/\/stjosefs.wpdev.go2people.nl\/fr\/wp-json\/wp\/v2\/pages\/1857\/revisions\/14570"}],"up":[{"embeddable":true,"href":"https:\/\/stjosefs.wpdev.go2people.nl\/fr\/wp-json\/wp\/v2\/pages\/235"}],"wp:featuredmedia":[{"embeddable":true,"href":"https:\/\/stjosefs.wpdev.go2people.nl\/fr\/wp-json\/wp\/v2\/media\/1865"}],"wp:attachment":[{"href":"https:\/\/stjosefs.wpdev.go2people.nl\/fr\/wp-json\/wp\/v2\/media?parent=1857"}],"curies":[{"name":"wp","href":"https:\/\/api.w.org\/{rel}","templated":true}]}}