{"id":1855,"date":"2017-01-12T09:45:48","date_gmt":"2017-01-12T08:45:48","guid":{"rendered":"https:\/\/stjosefs.wp2.go2people.nl\/fr\/?page_id=1855"},"modified":"2022-09-29T16:50:49","modified_gmt":"2022-09-29T14:50:49","slug":"problemes-actuels","status":"publish","type":"page","link":"https:\/\/stjosefs.wpdev.go2people.nl\/fr\/nos-enfants\/problemes-actuels\/","title":{"rendered":"Probl\u00e8mes actuels"},"content":{"rendered":"<p class=\"intro\">Il y a actuellement environ 2,8 millions d\u2019Am\u00e9rindiens aux \u00c9tats-Unis. Pr\u00e8s de la moiti\u00e9 des Am\u00e9rindiens vit dans des grandes villes ou dans des zones rurales, alors que l\u2019autre moiti\u00e9 vit dans des r\u00e9serves f\u00e9d\u00e9rales. La majorit\u00e9 des r\u00e9serves sont situ\u00e9es \u00e0 l\u2019Ouest du fleuve Mississippi, et les Indiens continuent d\u2019y vivre pour maintenir leurs traditions.<\/p>\n<p>La population am\u00e9rindienne conna\u00eet aujourd\u00b4hui une prise de conscience croissante. Les Am\u00e9rindiens sont de plus en plus conscients et fiers de leurs valeurs, leurs traditions et leur culture. N\u00e9anmoins, de nombreuses r\u00e9serves doivent faire face \u00e0 de s\u00e9rieux probl\u00e8mes sociaux, comme le ch\u00f4mage, la pauvret\u00e9, l\u2019alcoolisme et la toxicomanie.<\/p>\n<p><img loading=\"lazy\" decoding=\"async\" class=\"alignnone size-full wp-image-3038\" src=\"https:\/\/stjosephdudakota.fr\/wp-content\/uploads\/2017\/01\/Probl\u00e8mes-actuels.jpg\" alt=\"Probl\u00e8mes actuels\" width=\"615\" height=\"412\" srcset=\"https:\/\/stjosefs.wpdev.go2people.nl\/wp-content\/uploads\/2017\/01\/Probl\u00e8mes-actuels.jpg 615w, https:\/\/stjosefs.wpdev.go2people.nl\/wp-content\/uploads\/2017\/01\/Probl\u00e8mes-actuels-300x201.jpg 300w\" sizes=\"auto, (max-width: 615px) 100vw, 615px\" \/><\/p>\n<h2>De mauvaises conditions de travail<\/h2>\n<p>Aujourd\u2019hui, il ne reste qu\u2019environ 21 millions d\u2019hectares des terres am\u00e9rindiennes d\u2019origine parmi les 2,5 milliards d\u2019hectares formant l\u2019Am\u00e9rique du Nord. Ces terres sont en grande partie de qualit\u00e9 inf\u00e9rieure. Donc pour beaucoup d\u2019Am\u00e9rindiens, il est impossible de gagner sa vie avec l\u2019agriculture sans l\u2019utilisation de produits chimiques\u00a0; par ailleurs dans certaines r\u00e9serves, la chasse et la p\u00eache commerciales sont interdites. Compte tenu de ces circonstances, il n\u2019est pas surprenant de constater que les taux de ch\u00f4mage dans les r\u00e9serves\u00a0sont compris entre 50 et 70%. Les Am\u00e9rindiens ont les revenus moyens les plus bas des \u00c9tats-Unis.<\/p>\n<h2>Manque d&rsquo;\u00e9ducation et pauvret\u00e9<\/h2>\n<p>Le pourcentage d\u00b4Am\u00e9rindiens ayant un niveau inf\u00e9rieur au baccalaur\u00e9at est estim\u00e9 \u00e0 40% pour les habitants des r\u00e9serves. En outre,\u00a025% des\u00a0Am\u00e9rindiens vivent sous le seuil de pauvret\u00e9. La pauvret\u00e9 touchant les enfants est un sujet particuli\u00e8rement inqui\u00e9tant et un probl\u00e8me \u00e0 r\u00e9gler d\u2019urgence. Dans la r\u00e9serve de Pine Ridge (Dakota du Sud), 46% des enfants am\u00e9rindiens sont consid\u00e9r\u00e9s comme pauvres.<\/p>\n<h2>D\u00e9fis sociaux<\/h2>\n<p>De tous les groupes ethniques des \u00c9tats-Unis, les Am\u00e9rindiens ont les taux les plus \u00e9lev\u00e9s d\u2019abandons d\u2019\u00e9cole (environ 54%), de mortalit\u00e9 infantile, de suicides, notamment d\u2019adolescents (18,5 pour 100 000) et de grossesses chez les adolescentes, ainsi que la plus faible esp\u00e9rance de vie.<\/p>\n<div class='videoWrapper'><a href=''><img src='' class='fallback-image' \/><\/a><iframe loading=\"lazy\" title=\"La vie dans les r\u00e9serves\" width=\"500\" height=\"281\" data-src=\"https:\/\/www.youtube.com\/embed\/abAFAaoqmpw?feature=oembed\" data-cookie-name=\"cookieconsent\" data-cookie-value=\"accept\" \/ frameborder=\"0\" allow=\"accelerometer; autoplay; clipboard-write; encrypted-media; gyroscope; picture-in-picture; web-share\" referrerpolicy=\"strict-origin-when-cross-origin\" allowfullscreen><\/iframe><\/div>\n<h2>P\u00e9nurie de logements et probl\u00e8mes de sant\u00e9<\/h2>\n<p>Il est estim\u00e9 qu\u2019il y a \u00ab 90 000 familles am\u00e9rindiennes sans domicile ou mal-log\u00e9es \u00bb, tout particuli\u00e8rement dans les r\u00e9serves o\u00f9 la p\u00e9nurie et la d\u00e9gradation des logements forment un d\u00e9fi omnipr\u00e9sent. Les conditions de sant\u00e9 dans les r\u00e9serves sont d\u00e9plorables. Les Am\u00e9rindiens souffrent de diab\u00e8te, d\u2019alcoolisme, de tuberculose et d\u2019autres probl\u00e8mes de sant\u00e9 et les taux de mortalit\u00e9 sont choquants. Les cas d\u2019asthme, d\u2019insuffisance cardiaque, de cancers et de Sida s\u2019accumulent \u00e9galement de mani\u00e8re perceptible au sein des communaut\u00e9s am\u00e9rindiennes.<\/p>\n<h2>Sant\u00e9 mentale<\/h2>\n<p>Dans de nombreux livres et films sur l\u2019histoire des am\u00e9ricains natifs, nous voyons\u00a0les crimes commis par les immigrants europ\u00e9ens<span style=\"text-decoration: line-through;\">.<\/span>\u00a0Par cons\u00e9quent, il semblerait que la g\u00e9n\u00e9ration actuelle d\u2019Am\u00e9rindiens ressente encore beaucoup de tristesse \u00e0 l\u2019\u00e9gard du pass\u00e9<span style=\"text-decoration: line-through;\">.<\/span>\u00a0Les taux \u00e9lev\u00e9s de maladies mentales, d\u2019alcoolisme et de suicide sont \u00e9galement un signe des mauvaises conditions mentales des Am\u00e9rindiens.<\/p>\n<p>L\u2019indiff\u00e9rence \u00e0 l\u2019\u00e9gard des Am\u00e9rindiens est encore un obstacle\u00a0important \u00e0 la r\u00e9solution de leurs probl\u00e8mes.<\/p>\n<p>L\u2019indiff\u00e9rence des autres peuples, comme leurs concitoyens qui n\u2019ont qu\u2019une vague id\u00e9e des probl\u00e8mes auxquels les Am\u00e9rindiens doivent aujourd\u00b4hui faire face, est un obstacle encore plus important \u00e0 la r\u00e9solution des probl\u00e8mes am\u00e9rindiens.<\/p>\n","protected":false},"excerpt":{"rendered":"<p>Il y a actuellement environ 2,8 millions d\u2019Am\u00e9rindiens aux \u00c9tats-Unis. Pr\u00e8s de la moiti\u00e9 des Am\u00e9rindiens vit dans des grandes villes ou dans des zones&#8230;<\/p>\n","protected":false},"author":2,"featured_media":104,"parent":233,"menu_order":3,"comment_status":"closed","ping_status":"closed","template":"","meta":{"_acf_changed":false,"footnotes":""},"class_list":["post-1855","page","type-page","status-publish","has-post-thumbnail","hentry"],"acf":[],"yoast_head":"<!-- This site is optimized with the Yoast SEO plugin v27.6 - https:\/\/yoast.com\/product\/yoast-seo-wordpress\/ -->\n<title>Probl\u00e8mes actuels - St. Josefs Indianer Hilfswerk<\/title>\n<meta name=\"robots\" content=\"index, follow, max-snippet:-1, max-image-preview:large, max-video-preview:-1\" \/>\n<link rel=\"canonical\" href=\"https:\/\/stjosefs.wpdev.go2people.nl\/fr\/nos-enfants\/problemes-actuels\/\" \/>\n<meta property=\"og:locale\" content=\"fr_FR\" \/>\n<meta property=\"og:type\" content=\"article\" \/>\n<meta property=\"og:title\" content=\"Probl\u00e8mes actuels - St. Josefs Indianer Hilfswerk\" \/>\n<meta property=\"og:description\" content=\"Il y a actuellement environ 2,8 millions d\u2019Am\u00e9rindiens aux \u00c9tats-Unis. Pr\u00e8s de la moiti\u00e9 des Am\u00e9rindiens vit dans des grandes villes ou dans des zones...\" \/>\n<meta property=\"og:url\" content=\"https:\/\/stjosefs.wpdev.go2people.nl\/fr\/nos-enfants\/problemes-actuels\/\" \/>\n<meta property=\"og:site_name\" content=\"St. Josefs Indianer Hilfswerk\" \/>\n<meta property=\"article:modified_time\" content=\"2022-09-29T14:50:49+00:00\" \/>\n<meta property=\"og:image\" content=\"https:\/\/stjosefs.wpdev.go2people.nl\/wp-content\/uploads\/2016\/11\/e-road.jpg\" \/>\n\t<meta property=\"og:image:width\" content=\"1282\" \/>\n\t<meta property=\"og:image:height\" content=\"915\" \/>\n\t<meta property=\"og:image:type\" content=\"image\/jpeg\" \/>\n<meta name=\"twitter:card\" content=\"summary_large_image\" \/>\n<meta name=\"twitter:label1\" content=\"Dur\u00e9e de lecture estim\u00e9e\" \/>\n\t<meta name=\"twitter:data1\" content=\"3 minutes\" \/>\n<script type=\"application\/ld+json\" class=\"yoast-schema-graph\">{\"@context\":\"https:\\\/\\\/schema.org\",\"@graph\":[{\"@type\":\"WebPage\",\"@id\":\"https:\\\/\\\/stjosefs.wpdev.go2people.nl\\\/fr\\\/nos-enfants\\\/problemes-actuels\\\/\",\"url\":\"https:\\\/\\\/stjosefs.wpdev.go2people.nl\\\/fr\\\/nos-enfants\\\/problemes-actuels\\\/\",\"name\":\"Probl\u00e8mes actuels - St. Josefs Indianer Hilfswerk\",\"isPartOf\":{\"@id\":\"https:\\\/\\\/stjosefs.wpdev.go2people.nl\\\/#website\"},\"primaryImageOfPage\":{\"@id\":\"https:\\\/\\\/stjosefs.wpdev.go2people.nl\\\/fr\\\/nos-enfants\\\/problemes-actuels\\\/#primaryimage\"},\"image\":{\"@id\":\"https:\\\/\\\/stjosefs.wpdev.go2people.nl\\\/fr\\\/nos-enfants\\\/problemes-actuels\\\/#primaryimage\"},\"thumbnailUrl\":\"https:\\\/\\\/stjosefs.wpdev.go2people.nl\\\/wp-content\\\/uploads\\\/2016\\\/11\\\/e-road.jpg\",\"datePublished\":\"2017-01-12T08:45:48+00:00\",\"dateModified\":\"2022-09-29T14:50:49+00:00\",\"breadcrumb\":{\"@id\":\"https:\\\/\\\/stjosefs.wpdev.go2people.nl\\\/fr\\\/nos-enfants\\\/problemes-actuels\\\/#breadcrumb\"},\"inLanguage\":\"fr-FR\",\"potentialAction\":[{\"@type\":\"ReadAction\",\"target\":[\"https:\\\/\\\/stjosefs.wpdev.go2people.nl\\\/fr\\\/nos-enfants\\\/problemes-actuels\\\/\"]}]},{\"@type\":\"ImageObject\",\"inLanguage\":\"fr-FR\",\"@id\":\"https:\\\/\\\/stjosefs.wpdev.go2people.nl\\\/fr\\\/nos-enfants\\\/problemes-actuels\\\/#primaryimage\",\"url\":\"https:\\\/\\\/stjosefs.wpdev.go2people.nl\\\/wp-content\\\/uploads\\\/2016\\\/11\\\/e-road.jpg\",\"contentUrl\":\"https:\\\/\\\/stjosefs.wpdev.go2people.nl\\\/wp-content\\\/uploads\\\/2016\\\/11\\\/e-road.jpg\",\"width\":1282,\"height\":915},{\"@type\":\"BreadcrumbList\",\"@id\":\"https:\\\/\\\/stjosefs.wpdev.go2people.nl\\\/fr\\\/nos-enfants\\\/problemes-actuels\\\/#breadcrumb\",\"itemListElement\":[{\"@type\":\"ListItem\",\"position\":1,\"name\":\"Home\",\"item\":\"https:\\\/\\\/stjosefs.wpdev.go2people.nl\\\/fr\\\/\"},{\"@type\":\"ListItem\",\"position\":2,\"name\":\"Les enfants\",\"item\":\"https:\\\/\\\/stjosefs.wpdev.go2people.nl\\\/fr\\\/nos-enfants\\\/\"},{\"@type\":\"ListItem\",\"position\":3,\"name\":\"Probl\u00e8mes actuels\"}]},{\"@type\":\"WebSite\",\"@id\":\"https:\\\/\\\/stjosefs.wpdev.go2people.nl\\\/#website\",\"url\":\"https:\\\/\\\/stjosefs.wpdev.go2people.nl\\\/\",\"name\":\"St. Josefs Indianer Hilfswerk\",\"description\":\"F\u00fcr eine bessere Zukunft der Ureinwohnerkinder S\u00fcddakotas\",\"potentialAction\":[{\"@type\":\"SearchAction\",\"target\":{\"@type\":\"EntryPoint\",\"urlTemplate\":\"https:\\\/\\\/stjosefs.wpdev.go2people.nl\\\/?s={search_term_string}\"},\"query-input\":{\"@type\":\"PropertyValueSpecification\",\"valueRequired\":true,\"valueName\":\"search_term_string\"}}],\"inLanguage\":\"fr-FR\"}]}<\/script>\n<!-- \/ Yoast SEO plugin. -->","yoast_head_json":{"title":"Probl\u00e8mes actuels - St. Josefs Indianer Hilfswerk","robots":{"index":"index","follow":"follow","max-snippet":"max-snippet:-1","max-image-preview":"max-image-preview:large","max-video-preview":"max-video-preview:-1"},"canonical":"https:\/\/stjosefs.wpdev.go2people.nl\/fr\/nos-enfants\/problemes-actuels\/","og_locale":"fr_FR","og_type":"article","og_title":"Probl\u00e8mes actuels - St. Josefs Indianer Hilfswerk","og_description":"Il y a actuellement environ 2,8 millions d\u2019Am\u00e9rindiens aux \u00c9tats-Unis. Pr\u00e8s de la moiti\u00e9 des Am\u00e9rindiens vit dans des grandes villes ou dans des zones...","og_url":"https:\/\/stjosefs.wpdev.go2people.nl\/fr\/nos-enfants\/problemes-actuels\/","og_site_name":"St. Josefs Indianer Hilfswerk","article_modified_time":"2022-09-29T14:50:49+00:00","og_image":[{"width":1282,"height":915,"url":"https:\/\/stjosefs.wpdev.go2people.nl\/wp-content\/uploads\/2016\/11\/e-road.jpg","type":"image\/jpeg"}],"twitter_card":"summary_large_image","twitter_misc":{"Dur\u00e9e de lecture estim\u00e9e":"3 minutes"},"schema":{"@context":"https:\/\/schema.org","@graph":[{"@type":"WebPage","@id":"https:\/\/stjosefs.wpdev.go2people.nl\/fr\/nos-enfants\/problemes-actuels\/","url":"https:\/\/stjosefs.wpdev.go2people.nl\/fr\/nos-enfants\/problemes-actuels\/","name":"Probl\u00e8mes actuels - St. Josefs Indianer Hilfswerk","isPartOf":{"@id":"https:\/\/stjosefs.wpdev.go2people.nl\/#website"},"primaryImageOfPage":{"@id":"https:\/\/stjosefs.wpdev.go2people.nl\/fr\/nos-enfants\/problemes-actuels\/#primaryimage"},"image":{"@id":"https:\/\/stjosefs.wpdev.go2people.nl\/fr\/nos-enfants\/problemes-actuels\/#primaryimage"},"thumbnailUrl":"https:\/\/stjosefs.wpdev.go2people.nl\/wp-content\/uploads\/2016\/11\/e-road.jpg","datePublished":"2017-01-12T08:45:48+00:00","dateModified":"2022-09-29T14:50:49+00:00","breadcrumb":{"@id":"https:\/\/stjosefs.wpdev.go2people.nl\/fr\/nos-enfants\/problemes-actuels\/#breadcrumb"},"inLanguage":"fr-FR","potentialAction":[{"@type":"ReadAction","target":["https:\/\/stjosefs.wpdev.go2people.nl\/fr\/nos-enfants\/problemes-actuels\/"]}]},{"@type":"ImageObject","inLanguage":"fr-FR","@id":"https:\/\/stjosefs.wpdev.go2people.nl\/fr\/nos-enfants\/problemes-actuels\/#primaryimage","url":"https:\/\/stjosefs.wpdev.go2people.nl\/wp-content\/uploads\/2016\/11\/e-road.jpg","contentUrl":"https:\/\/stjosefs.wpdev.go2people.nl\/wp-content\/uploads\/2016\/11\/e-road.jpg","width":1282,"height":915},{"@type":"BreadcrumbList","@id":"https:\/\/stjosefs.wpdev.go2people.nl\/fr\/nos-enfants\/problemes-actuels\/#breadcrumb","itemListElement":[{"@type":"ListItem","position":1,"name":"Home","item":"https:\/\/stjosefs.wpdev.go2people.nl\/fr\/"},{"@type":"ListItem","position":2,"name":"Les enfants","item":"https:\/\/stjosefs.wpdev.go2people.nl\/fr\/nos-enfants\/"},{"@type":"ListItem","position":3,"name":"Probl\u00e8mes actuels"}]},{"@type":"WebSite","@id":"https:\/\/stjosefs.wpdev.go2people.nl\/#website","url":"https:\/\/stjosefs.wpdev.go2people.nl\/","name":"St. Josefs Indianer Hilfswerk","description":"F\u00fcr eine bessere Zukunft der Ureinwohnerkinder S\u00fcddakotas","potentialAction":[{"@type":"SearchAction","target":{"@type":"EntryPoint","urlTemplate":"https:\/\/stjosefs.wpdev.go2people.nl\/?s={search_term_string}"},"query-input":{"@type":"PropertyValueSpecification","valueRequired":true,"valueName":"search_term_string"}}],"inLanguage":"fr-FR"}]}},"_links":{"self":[{"href":"https:\/\/stjosefs.wpdev.go2people.nl\/fr\/wp-json\/wp\/v2\/pages\/1855","targetHints":{"allow":["GET"]}}],"collection":[{"href":"https:\/\/stjosefs.wpdev.go2people.nl\/fr\/wp-json\/wp\/v2\/pages"}],"about":[{"href":"https:\/\/stjosefs.wpdev.go2people.nl\/fr\/wp-json\/wp\/v2\/types\/page"}],"author":[{"embeddable":true,"href":"https:\/\/stjosefs.wpdev.go2people.nl\/fr\/wp-json\/wp\/v2\/users\/2"}],"replies":[{"embeddable":true,"href":"https:\/\/stjosefs.wpdev.go2people.nl\/fr\/wp-json\/wp\/v2\/comments?post=1855"}],"version-history":[{"count":11,"href":"https:\/\/stjosefs.wpdev.go2people.nl\/fr\/wp-json\/wp\/v2\/pages\/1855\/revisions"}],"predecessor-version":[{"id":13693,"href":"https:\/\/stjosefs.wpdev.go2people.nl\/fr\/wp-json\/wp\/v2\/pages\/1855\/revisions\/13693"}],"up":[{"embeddable":true,"href":"https:\/\/stjosefs.wpdev.go2people.nl\/fr\/wp-json\/wp\/v2\/pages\/233"}],"wp:featuredmedia":[{"embeddable":true,"href":"https:\/\/stjosefs.wpdev.go2people.nl\/fr\/wp-json\/wp\/v2\/media\/104"}],"wp:attachment":[{"href":"https:\/\/stjosefs.wpdev.go2people.nl\/fr\/wp-json\/wp\/v2\/media?parent=1855"}],"curies":[{"name":"wp","href":"https:\/\/api.w.org\/{rel}","templated":true}]}}