{"id":1760,"date":"2017-01-10T14:40:31","date_gmt":"2017-01-10T13:40:31","guid":{"rendered":"https:\/\/stjosefs.wp2.go2people.nl\/fr\/?page_id=1760"},"modified":"2017-01-27T14:33:20","modified_gmt":"2017-01-27T13:33:20","slug":"videos","status":"publish","type":"page","link":"https:\/\/stjosefs.wpdev.go2people.nl\/fr\/nos-enfants\/videos\/","title":{"rendered":"Vid\u00e9os"},"content":{"rendered":"<p><a href=\"https:\/\/stjosefs.de\/fr\/nouvelles\/video-le-40e-powwow-annuel-de-lecole-indienne-st-joseph\/\">Vid\u00e9o Le 40\u00e8 Powwow annuel de l\u2019\u00c9cole indienne St Joseph<\/a><\/p>\n<p><a href=\"https:\/\/stjosefs.de\/fr\/nouvelles\/ceremonie-de-remise-des-diplomes-2016\/\">C\u00e9r\u00e9monie de remise des dipl\u00f4mes 2016<\/a><\/p>\n<p><a href=\"https:\/\/stjosefs.de\/fr\/nouvelles\/video-le-pow-wow-de-lecole-st-joseph-2\/\">Vid\u00e9o Le Pow-Wow de l\u2019\u00e9cole St Joseph<\/a><\/p>\n<p><a href=\"https:\/\/stjosefs.de\/fr\/nouvelles\/video-merci-beaucoup\/\">Video merci beaucoup<\/a><\/p>\n<p><a href=\"https:\/\/stjosefs.de\/fr\/nouvelles\/video-rising-eagle-day-camp\/\">Video Rising Eagle Day Camp<\/a><\/p>\n<p><a href=\"https:\/\/stjosefs.de\/fr\/nouvelles\/video-une-journee-avec-caden\/\">Video Une journ\u00e9e avec Caden<\/a><\/p>\n<p><a href=\"https:\/\/stjosefs.de\/fr\/nouvelles\/video-la-vision-de-lecole-st-joseph\/\">Video La vision de l&rsquo;\u00e9cole St Joseph<\/a><\/p>\n<p><a href=\"https:\/\/stjosefs.de\/fr\/nouvelles\/video-la-vie-dans-les-reserves\/\">Video La vie dans les r\u00e9serves<\/a>.<\/p>\n<p><a href=\"https:\/\/stjosefs.de\/fr\/nouvelles\/video-apprendre-connaitre-pearl\/\">Video Apprendre \u00e0 conna\u00eetre Pearl<\/a><\/p>\n","protected":false},"excerpt":{"rendered":"<p>Vid\u00e9o Le 40\u00e8 Powwow annuel de l\u2019\u00c9cole indienne St Joseph C\u00e9r\u00e9monie de remise des dipl\u00f4mes 2016 Vid\u00e9o Le Pow-Wow de l\u2019\u00e9cole St Joseph Video merci&#8230;<\/p>\n","protected":false},"author":2,"featured_media":2623,"parent":233,"menu_order":6,"comment_status":"closed","ping_status":"closed","template":"","meta":{"_acf_changed":false,"footnotes":""},"class_list":["post-1760","page","type-page","status-publish","has-post-thumbnail","hentry"],"acf":[],"yoast_head":"<!-- This site is optimized with the Yoast SEO plugin v27.6 - https:\/\/yoast.com\/product\/yoast-seo-wordpress\/ -->\n<title>Vid\u00e9os - St. Josefs Indianer Hilfswerk<\/title>\n<meta name=\"robots\" content=\"index, follow, max-snippet:-1, max-image-preview:large, max-video-preview:-1\" \/>\n<link rel=\"canonical\" href=\"https:\/\/stjosefs.wpdev.go2people.nl\/fr\/nos-enfants\/videos\/\" \/>\n<meta property=\"og:locale\" content=\"fr_FR\" \/>\n<meta property=\"og:type\" content=\"article\" \/>\n<meta property=\"og:title\" content=\"Vid\u00e9os - St. Josefs Indianer Hilfswerk\" \/>\n<meta property=\"og:description\" content=\"Vid\u00e9o Le 40\u00e8 Powwow annuel de l\u2019\u00c9cole indienne St Joseph C\u00e9r\u00e9monie de remise des dipl\u00f4mes 2016 Vid\u00e9o Le Pow-Wow de l\u2019\u00e9cole St Joseph Video merci...\" \/>\n<meta property=\"og:url\" content=\"https:\/\/stjosefs.wpdev.go2people.nl\/fr\/nos-enfants\/videos\/\" \/>\n<meta property=\"og:site_name\" content=\"St. Josefs Indianer Hilfswerk\" \/>\n<meta property=\"article:modified_time\" content=\"2017-01-27T13:33:20+00:00\" \/>\n<meta property=\"og:image\" content=\"https:\/\/stjosefs.wpdev.go2people.nl\/wp-content\/uploads\/2017\/01\/Wiwanke-Wachipi-La-danse-du-soleil-1-e1485173484750.jpg\" \/>\n\t<meta property=\"og:image:width\" content=\"5616\" \/>\n\t<meta property=\"og:image:height\" content=\"2442\" \/>\n\t<meta property=\"og:image:type\" content=\"image\/jpeg\" \/>\n<meta name=\"twitter:card\" content=\"summary_large_image\" \/>\n<script type=\"application\/ld+json\" class=\"yoast-schema-graph\">{\"@context\":\"https:\\\/\\\/schema.org\",\"@graph\":[{\"@type\":\"WebPage\",\"@id\":\"https:\\\/\\\/stjosefs.wpdev.go2people.nl\\\/fr\\\/nos-enfants\\\/videos\\\/\",\"url\":\"https:\\\/\\\/stjosefs.wpdev.go2people.nl\\\/fr\\\/nos-enfants\\\/videos\\\/\",\"name\":\"Vid\u00e9os - St. Josefs Indianer Hilfswerk\",\"isPartOf\":{\"@id\":\"https:\\\/\\\/stjosefs.wpdev.go2people.nl\\\/#website\"},\"primaryImageOfPage\":{\"@id\":\"https:\\\/\\\/stjosefs.wpdev.go2people.nl\\\/fr\\\/nos-enfants\\\/videos\\\/#primaryimage\"},\"image\":{\"@id\":\"https:\\\/\\\/stjosefs.wpdev.go2people.nl\\\/fr\\\/nos-enfants\\\/videos\\\/#primaryimage\"},\"thumbnailUrl\":\"https:\\\/\\\/stjosefs.wpdev.go2people.nl\\\/wp-content\\\/uploads\\\/2017\\\/01\\\/Wiwanke-Wachipi-La-danse-du-soleil-1-e1485173484750.jpg\",\"datePublished\":\"2017-01-10T13:40:31+00:00\",\"dateModified\":\"2017-01-27T13:33:20+00:00\",\"breadcrumb\":{\"@id\":\"https:\\\/\\\/stjosefs.wpdev.go2people.nl\\\/fr\\\/nos-enfants\\\/videos\\\/#breadcrumb\"},\"inLanguage\":\"fr-FR\",\"potentialAction\":[{\"@type\":\"ReadAction\",\"target\":[\"https:\\\/\\\/stjosefs.wpdev.go2people.nl\\\/fr\\\/nos-enfants\\\/videos\\\/\"]}]},{\"@type\":\"ImageObject\",\"inLanguage\":\"fr-FR\",\"@id\":\"https:\\\/\\\/stjosefs.wpdev.go2people.nl\\\/fr\\\/nos-enfants\\\/videos\\\/#primaryimage\",\"url\":\"https:\\\/\\\/stjosefs.wpdev.go2people.nl\\\/wp-content\\\/uploads\\\/2017\\\/01\\\/Wiwanke-Wachipi-La-danse-du-soleil-1-e1485173484750.jpg\",\"contentUrl\":\"https:\\\/\\\/stjosefs.wpdev.go2people.nl\\\/wp-content\\\/uploads\\\/2017\\\/01\\\/Wiwanke-Wachipi-La-danse-du-soleil-1-e1485173484750.jpg\",\"width\":5616,\"height\":2442,\"caption\":\"Videos\"},{\"@type\":\"BreadcrumbList\",\"@id\":\"https:\\\/\\\/stjosefs.wpdev.go2people.nl\\\/fr\\\/nos-enfants\\\/videos\\\/#breadcrumb\",\"itemListElement\":[{\"@type\":\"ListItem\",\"position\":1,\"name\":\"Home\",\"item\":\"https:\\\/\\\/stjosefs.wpdev.go2people.nl\\\/fr\\\/\"},{\"@type\":\"ListItem\",\"position\":2,\"name\":\"Les enfants\",\"item\":\"https:\\\/\\\/stjosefs.wpdev.go2people.nl\\\/fr\\\/nos-enfants\\\/\"},{\"@type\":\"ListItem\",\"position\":3,\"name\":\"Vid\u00e9os\"}]},{\"@type\":\"WebSite\",\"@id\":\"https:\\\/\\\/stjosefs.wpdev.go2people.nl\\\/#website\",\"url\":\"https:\\\/\\\/stjosefs.wpdev.go2people.nl\\\/\",\"name\":\"St. Josefs Indianer Hilfswerk\",\"description\":\"F\u00fcr eine bessere Zukunft der Ureinwohnerkinder S\u00fcddakotas\",\"potentialAction\":[{\"@type\":\"SearchAction\",\"target\":{\"@type\":\"EntryPoint\",\"urlTemplate\":\"https:\\\/\\\/stjosefs.wpdev.go2people.nl\\\/?s={search_term_string}\"},\"query-input\":{\"@type\":\"PropertyValueSpecification\",\"valueRequired\":true,\"valueName\":\"search_term_string\"}}],\"inLanguage\":\"fr-FR\"}]}<\/script>\n<!-- \/ Yoast SEO plugin. -->","yoast_head_json":{"title":"Vid\u00e9os - St. Josefs Indianer Hilfswerk","robots":{"index":"index","follow":"follow","max-snippet":"max-snippet:-1","max-image-preview":"max-image-preview:large","max-video-preview":"max-video-preview:-1"},"canonical":"https:\/\/stjosefs.wpdev.go2people.nl\/fr\/nos-enfants\/videos\/","og_locale":"fr_FR","og_type":"article","og_title":"Vid\u00e9os - St. Josefs Indianer Hilfswerk","og_description":"Vid\u00e9o Le 40\u00e8 Powwow annuel de l\u2019\u00c9cole indienne St Joseph C\u00e9r\u00e9monie de remise des dipl\u00f4mes 2016 Vid\u00e9o Le Pow-Wow de l\u2019\u00e9cole St Joseph Video merci...","og_url":"https:\/\/stjosefs.wpdev.go2people.nl\/fr\/nos-enfants\/videos\/","og_site_name":"St. Josefs Indianer Hilfswerk","article_modified_time":"2017-01-27T13:33:20+00:00","og_image":[{"width":5616,"height":2442,"url":"https:\/\/stjosefs.wpdev.go2people.nl\/wp-content\/uploads\/2017\/01\/Wiwanke-Wachipi-La-danse-du-soleil-1-e1485173484750.jpg","type":"image\/jpeg"}],"twitter_card":"summary_large_image","schema":{"@context":"https:\/\/schema.org","@graph":[{"@type":"WebPage","@id":"https:\/\/stjosefs.wpdev.go2people.nl\/fr\/nos-enfants\/videos\/","url":"https:\/\/stjosefs.wpdev.go2people.nl\/fr\/nos-enfants\/videos\/","name":"Vid\u00e9os - St. Josefs Indianer Hilfswerk","isPartOf":{"@id":"https:\/\/stjosefs.wpdev.go2people.nl\/#website"},"primaryImageOfPage":{"@id":"https:\/\/stjosefs.wpdev.go2people.nl\/fr\/nos-enfants\/videos\/#primaryimage"},"image":{"@id":"https:\/\/stjosefs.wpdev.go2people.nl\/fr\/nos-enfants\/videos\/#primaryimage"},"thumbnailUrl":"https:\/\/stjosefs.wpdev.go2people.nl\/wp-content\/uploads\/2017\/01\/Wiwanke-Wachipi-La-danse-du-soleil-1-e1485173484750.jpg","datePublished":"2017-01-10T13:40:31+00:00","dateModified":"2017-01-27T13:33:20+00:00","breadcrumb":{"@id":"https:\/\/stjosefs.wpdev.go2people.nl\/fr\/nos-enfants\/videos\/#breadcrumb"},"inLanguage":"fr-FR","potentialAction":[{"@type":"ReadAction","target":["https:\/\/stjosefs.wpdev.go2people.nl\/fr\/nos-enfants\/videos\/"]}]},{"@type":"ImageObject","inLanguage":"fr-FR","@id":"https:\/\/stjosefs.wpdev.go2people.nl\/fr\/nos-enfants\/videos\/#primaryimage","url":"https:\/\/stjosefs.wpdev.go2people.nl\/wp-content\/uploads\/2017\/01\/Wiwanke-Wachipi-La-danse-du-soleil-1-e1485173484750.jpg","contentUrl":"https:\/\/stjosefs.wpdev.go2people.nl\/wp-content\/uploads\/2017\/01\/Wiwanke-Wachipi-La-danse-du-soleil-1-e1485173484750.jpg","width":5616,"height":2442,"caption":"Videos"},{"@type":"BreadcrumbList","@id":"https:\/\/stjosefs.wpdev.go2people.nl\/fr\/nos-enfants\/videos\/#breadcrumb","itemListElement":[{"@type":"ListItem","position":1,"name":"Home","item":"https:\/\/stjosefs.wpdev.go2people.nl\/fr\/"},{"@type":"ListItem","position":2,"name":"Les enfants","item":"https:\/\/stjosefs.wpdev.go2people.nl\/fr\/nos-enfants\/"},{"@type":"ListItem","position":3,"name":"Vid\u00e9os"}]},{"@type":"WebSite","@id":"https:\/\/stjosefs.wpdev.go2people.nl\/#website","url":"https:\/\/stjosefs.wpdev.go2people.nl\/","name":"St. Josefs Indianer Hilfswerk","description":"F\u00fcr eine bessere Zukunft der Ureinwohnerkinder S\u00fcddakotas","potentialAction":[{"@type":"SearchAction","target":{"@type":"EntryPoint","urlTemplate":"https:\/\/stjosefs.wpdev.go2people.nl\/?s={search_term_string}"},"query-input":{"@type":"PropertyValueSpecification","valueRequired":true,"valueName":"search_term_string"}}],"inLanguage":"fr-FR"}]}},"_links":{"self":[{"href":"https:\/\/stjosefs.wpdev.go2people.nl\/fr\/wp-json\/wp\/v2\/pages\/1760","targetHints":{"allow":["GET"]}}],"collection":[{"href":"https:\/\/stjosefs.wpdev.go2people.nl\/fr\/wp-json\/wp\/v2\/pages"}],"about":[{"href":"https:\/\/stjosefs.wpdev.go2people.nl\/fr\/wp-json\/wp\/v2\/types\/page"}],"author":[{"embeddable":true,"href":"https:\/\/stjosefs.wpdev.go2people.nl\/fr\/wp-json\/wp\/v2\/users\/2"}],"replies":[{"embeddable":true,"href":"https:\/\/stjosefs.wpdev.go2people.nl\/fr\/wp-json\/wp\/v2\/comments?post=1760"}],"version-history":[{"count":3,"href":"https:\/\/stjosefs.wpdev.go2people.nl\/fr\/wp-json\/wp\/v2\/pages\/1760\/revisions"}],"predecessor-version":[{"id":1762,"href":"https:\/\/stjosefs.wpdev.go2people.nl\/fr\/wp-json\/wp\/v2\/pages\/1760\/revisions\/1762"}],"up":[{"embeddable":true,"href":"https:\/\/stjosefs.wpdev.go2people.nl\/fr\/wp-json\/wp\/v2\/pages\/233"}],"wp:featuredmedia":[{"embeddable":true,"href":"https:\/\/stjosefs.wpdev.go2people.nl\/fr\/wp-json\/wp\/v2\/media\/2623"}],"wp:attachment":[{"href":"https:\/\/stjosefs.wpdev.go2people.nl\/fr\/wp-json\/wp\/v2\/media?parent=1760"}],"curies":[{"name":"wp","href":"https:\/\/api.w.org\/{rel}","templated":true}]}}