{"id":1728,"date":"2017-01-10T13:39:50","date_gmt":"2017-01-10T12:39:50","guid":{"rendered":"https:\/\/stjosefs.wp2.go2people.nl\/fr\/?page_id=1728"},"modified":"2022-05-16T11:28:50","modified_gmt":"2022-05-16T09:28:50","slug":"conseils-et-soins-medicaux","status":"publish","type":"page","link":"https:\/\/stjosefs.wpdev.go2people.nl\/fr\/ecole\/conseils-et-soins-medicaux\/","title":{"rendered":"Conseils et soins m\u00e9dicaux"},"content":{"rendered":"<p>Lorsqu\u2019ils arrivent chez nous, les enfants issus de familles parfois tr\u00e8s \u00e9prouv\u00e9es par\u00a0des probl\u00e8mes d\u2019addiction, sont pris en charge par notre \u00e9quipe d\u2019encadrement et notre directeur de conscience . Cette \u00e9quipe, responsable des soins m\u00e9dicaux dispens\u00e9s aux \u00e9l\u00e8ves de St Joseph ainsi qu\u2019\u00e0 leurs familles, s\u2019occupe de tous leurs probl\u00e8mes de sant\u00e9 physique que psychologique, depuis le coup de blues caus\u00e9 par l\u2019\u00e9loignement de leur foyer familial jusqu\u2019aux probl\u00e8mes de drogue.<\/p>\n<h2>Soutien psychologique<\/h2>\n<p>Les actions de soutien psychologique mises en place \u00e0 l\u2019\u00e9cole St Joseph comportent \u00e9galement un programme de tutorat pour les adolescents de notre campus. Pour donner toutes ses chances au processus de gu\u00e9rison, nous associons la famille de l\u2019enfant \u00e0 la th\u00e9rapie, en la rencontrant r\u00e9guli\u00e8rement et en la tenant inform\u00e9e par t\u00e9l\u00e9phone. Nombre des enfants qui nous sont confi\u00e9s ont d\u00e9j\u00e0 \u00e9t\u00e9 confront\u00e9s d\u2019une mani\u00e8re ou d\u2019une autre \u00e0 l\u2019alcoolisme ou \u00e0 la drogue. Ces petits ont parfois d\u00e9j\u00e0 fait la terrible exp\u00e9rience de perdre un \u00eatre cher qui a mis fin \u00e0 ses jours suite \u00e0 une d\u00e9pression. Ils ont aussi tr\u00e8s souvent \u00e9t\u00e9 expos\u00e9s \u00e0 une violence urbaine sans cesse croissante.<\/p>\n<p>L\u2019\u00e9quipe m\u00e9dicale et th\u00e9rapeutique de l\u2019\u00e9cole St Joseph accompagne alors ces jeunes en les aidant \u00e0 mettre des mots sur ces \u00e9preuves, afin qu\u2019ils puissent les surmonter.<\/p>\n<h2>Soins M\u00e9dicaux<\/h2>\n<p>\u00c0 St Joseph, nous sommes conscients de l\u2019importance que rev\u00eat une prise en charge m\u00e9dicale de qualit\u00e9 proposant des soins de m\u00e9decine g\u00e9n\u00e9rale, dentaires, ophtalmologiques et ORL. Gr\u00e2ce aux dons que nous recevons, tous nos \u00e9l\u00e8ves peuvent b\u00e9n\u00e9ficier de soins de qualit\u00e9 au centre m\u00e9dico-social Freeman situ\u00e9 directement sur le campus. Celui-ci emploie deux infirmi\u00e8res \u00e0 temps plein et un m\u00e9decin \u00e0 temps partiel. S\u2019il s\u2019av\u00e8re n\u00e9cessaire de consulter un sp\u00e9cialiste en ville, nous nous chargeons de l\u2019y accompagner. De cette mani\u00e8re, nous sommes assur\u00e9s que les enfants sioux lakotas qui nous sont confi\u00e9s re\u00e7oivent les soins et l\u2019attention indispensables \u00e0 leur bonne sant\u00e9 physique et psychologique.<\/p>\n<p>D\u2019une mani\u00e8re g\u00e9n\u00e9rale, tous les membres de l\u2019\u00e9quipe p\u00e9dagogique de St Joseph savent g\u00e9rer les \u00abpetits bobos\u00bb du quotidien, de plus ils ont re\u00e7u une formation de secouriste et savent pratiquer les gestes de premiers secours et de r\u00e9animation. Tous nos professionnels, enseignants, \u00e9ducateurs, personnels soignants, travaillent en \u00e9troite collaboration, de sorte qu\u2019ils sont toujours pr\u00eats \u00e0 intervenir lorsque nos jeunes et leurs familles en ont besoin.<\/p>\n<p>&nbsp;<\/p>\n<p>&nbsp;<\/p>\n","protected":false},"excerpt":{"rendered":"<p>Lorsqu\u2019ils arrivent chez nous, les enfants issus de familles parfois tr\u00e8s \u00e9prouv\u00e9es par\u00a0des probl\u00e8mes d\u2019addiction, sont pris en charge par notre \u00e9quipe d\u2019encadrement et notre&#8230;<\/p>\n","protected":false},"author":2,"featured_media":2640,"parent":224,"menu_order":6,"comment_status":"closed","ping_status":"closed","template":"","meta":{"_acf_changed":false,"footnotes":""},"class_list":["post-1728","page","type-page","status-publish","has-post-thumbnail","hentry"],"acf":[],"yoast_head":"<!-- This site is optimized with the Yoast SEO plugin v27.6 - https:\/\/yoast.com\/product\/yoast-seo-wordpress\/ -->\n<title>Conseils et soins m\u00e9dicaux - St. Josefs Indianer Hilfswerk<\/title>\n<meta name=\"robots\" content=\"index, follow, max-snippet:-1, max-image-preview:large, max-video-preview:-1\" \/>\n<link rel=\"canonical\" href=\"https:\/\/stjosefs.wpdev.go2people.nl\/fr\/ecole\/conseils-et-soins-medicaux\/\" \/>\n<meta property=\"og:locale\" content=\"fr_FR\" \/>\n<meta property=\"og:type\" content=\"article\" \/>\n<meta property=\"og:title\" content=\"Conseils et soins m\u00e9dicaux - St. Josefs Indianer Hilfswerk\" \/>\n<meta property=\"og:description\" content=\"Lorsqu\u2019ils arrivent chez nous, les enfants issus de familles parfois tr\u00e8s \u00e9prouv\u00e9es par\u00a0des probl\u00e8mes d\u2019addiction, sont pris en charge par notre \u00e9quipe d\u2019encadrement et notre...\" \/>\n<meta property=\"og:url\" content=\"https:\/\/stjosefs.wpdev.go2people.nl\/fr\/ecole\/conseils-et-soins-medicaux\/\" \/>\n<meta property=\"og:site_name\" content=\"St. Josefs Indianer Hilfswerk\" \/>\n<meta property=\"article:modified_time\" content=\"2022-05-16T09:28:50+00:00\" \/>\n<meta property=\"og:image\" content=\"https:\/\/stjosefs.wpdev.go2people.nl\/wp-content\/uploads\/2017\/01\/Conseils-et-soins-m\u00e9dicaux.jpg\" \/>\n\t<meta property=\"og:image:width\" content=\"5616\" \/>\n\t<meta property=\"og:image:height\" content=\"3744\" \/>\n\t<meta property=\"og:image:type\" content=\"image\/jpeg\" \/>\n<meta name=\"twitter:card\" content=\"summary_large_image\" \/>\n<meta name=\"twitter:label1\" content=\"Dur\u00e9e de lecture estim\u00e9e\" \/>\n\t<meta name=\"twitter:data1\" content=\"2 minutes\" \/>\n<script type=\"application\/ld+json\" class=\"yoast-schema-graph\">{\"@context\":\"https:\\\/\\\/schema.org\",\"@graph\":[{\"@type\":\"WebPage\",\"@id\":\"https:\\\/\\\/stjosefs.wpdev.go2people.nl\\\/fr\\\/ecole\\\/conseils-et-soins-medicaux\\\/\",\"url\":\"https:\\\/\\\/stjosefs.wpdev.go2people.nl\\\/fr\\\/ecole\\\/conseils-et-soins-medicaux\\\/\",\"name\":\"Conseils et soins m\u00e9dicaux - St. Josefs Indianer Hilfswerk\",\"isPartOf\":{\"@id\":\"https:\\\/\\\/stjosefs.wpdev.go2people.nl\\\/#website\"},\"primaryImageOfPage\":{\"@id\":\"https:\\\/\\\/stjosefs.wpdev.go2people.nl\\\/fr\\\/ecole\\\/conseils-et-soins-medicaux\\\/#primaryimage\"},\"image\":{\"@id\":\"https:\\\/\\\/stjosefs.wpdev.go2people.nl\\\/fr\\\/ecole\\\/conseils-et-soins-medicaux\\\/#primaryimage\"},\"thumbnailUrl\":\"https:\\\/\\\/stjosefs.wpdev.go2people.nl\\\/wp-content\\\/uploads\\\/2017\\\/01\\\/Conseils-et-soins-m\u00e9dicaux.jpg\",\"datePublished\":\"2017-01-10T12:39:50+00:00\",\"dateModified\":\"2022-05-16T09:28:50+00:00\",\"breadcrumb\":{\"@id\":\"https:\\\/\\\/stjosefs.wpdev.go2people.nl\\\/fr\\\/ecole\\\/conseils-et-soins-medicaux\\\/#breadcrumb\"},\"inLanguage\":\"fr-FR\",\"potentialAction\":[{\"@type\":\"ReadAction\",\"target\":[\"https:\\\/\\\/stjosefs.wpdev.go2people.nl\\\/fr\\\/ecole\\\/conseils-et-soins-medicaux\\\/\"]}]},{\"@type\":\"ImageObject\",\"inLanguage\":\"fr-FR\",\"@id\":\"https:\\\/\\\/stjosefs.wpdev.go2people.nl\\\/fr\\\/ecole\\\/conseils-et-soins-medicaux\\\/#primaryimage\",\"url\":\"https:\\\/\\\/stjosefs.wpdev.go2people.nl\\\/wp-content\\\/uploads\\\/2017\\\/01\\\/Conseils-et-soins-m\u00e9dicaux.jpg\",\"contentUrl\":\"https:\\\/\\\/stjosefs.wpdev.go2people.nl\\\/wp-content\\\/uploads\\\/2017\\\/01\\\/Conseils-et-soins-m\u00e9dicaux.jpg\",\"width\":5616,\"height\":3744,\"caption\":\"Conseils et soins m\u00e9dicaux\"},{\"@type\":\"BreadcrumbList\",\"@id\":\"https:\\\/\\\/stjosefs.wpdev.go2people.nl\\\/fr\\\/ecole\\\/conseils-et-soins-medicaux\\\/#breadcrumb\",\"itemListElement\":[{\"@type\":\"ListItem\",\"position\":1,\"name\":\"Home\",\"item\":\"https:\\\/\\\/stjosefs.wpdev.go2people.nl\\\/fr\\\/\"},{\"@type\":\"ListItem\",\"position\":2,\"name\":\"L&rsquo;\u00e9cole\",\"item\":\"https:\\\/\\\/stjosefs.wpdev.go2people.nl\\\/fr\\\/ecole\\\/\"},{\"@type\":\"ListItem\",\"position\":3,\"name\":\"Conseils et soins m\u00e9dicaux\"}]},{\"@type\":\"WebSite\",\"@id\":\"https:\\\/\\\/stjosefs.wpdev.go2people.nl\\\/#website\",\"url\":\"https:\\\/\\\/stjosefs.wpdev.go2people.nl\\\/\",\"name\":\"St. Josefs Indianer Hilfswerk\",\"description\":\"F\u00fcr eine bessere Zukunft der Ureinwohnerkinder S\u00fcddakotas\",\"potentialAction\":[{\"@type\":\"SearchAction\",\"target\":{\"@type\":\"EntryPoint\",\"urlTemplate\":\"https:\\\/\\\/stjosefs.wpdev.go2people.nl\\\/?s={search_term_string}\"},\"query-input\":{\"@type\":\"PropertyValueSpecification\",\"valueRequired\":true,\"valueName\":\"search_term_string\"}}],\"inLanguage\":\"fr-FR\"}]}<\/script>\n<!-- \/ Yoast SEO plugin. -->","yoast_head_json":{"title":"Conseils et soins m\u00e9dicaux - St. Josefs Indianer Hilfswerk","robots":{"index":"index","follow":"follow","max-snippet":"max-snippet:-1","max-image-preview":"max-image-preview:large","max-video-preview":"max-video-preview:-1"},"canonical":"https:\/\/stjosefs.wpdev.go2people.nl\/fr\/ecole\/conseils-et-soins-medicaux\/","og_locale":"fr_FR","og_type":"article","og_title":"Conseils et soins m\u00e9dicaux - St. Josefs Indianer Hilfswerk","og_description":"Lorsqu\u2019ils arrivent chez nous, les enfants issus de familles parfois tr\u00e8s \u00e9prouv\u00e9es par\u00a0des probl\u00e8mes d\u2019addiction, sont pris en charge par notre \u00e9quipe d\u2019encadrement et notre...","og_url":"https:\/\/stjosefs.wpdev.go2people.nl\/fr\/ecole\/conseils-et-soins-medicaux\/","og_site_name":"St. Josefs Indianer Hilfswerk","article_modified_time":"2022-05-16T09:28:50+00:00","og_image":[{"width":5616,"height":3744,"url":"https:\/\/stjosefs.wpdev.go2people.nl\/wp-content\/uploads\/2017\/01\/Conseils-et-soins-m\u00e9dicaux.jpg","type":"image\/jpeg"}],"twitter_card":"summary_large_image","twitter_misc":{"Dur\u00e9e de lecture estim\u00e9e":"2 minutes"},"schema":{"@context":"https:\/\/schema.org","@graph":[{"@type":"WebPage","@id":"https:\/\/stjosefs.wpdev.go2people.nl\/fr\/ecole\/conseils-et-soins-medicaux\/","url":"https:\/\/stjosefs.wpdev.go2people.nl\/fr\/ecole\/conseils-et-soins-medicaux\/","name":"Conseils et soins m\u00e9dicaux - St. Josefs Indianer Hilfswerk","isPartOf":{"@id":"https:\/\/stjosefs.wpdev.go2people.nl\/#website"},"primaryImageOfPage":{"@id":"https:\/\/stjosefs.wpdev.go2people.nl\/fr\/ecole\/conseils-et-soins-medicaux\/#primaryimage"},"image":{"@id":"https:\/\/stjosefs.wpdev.go2people.nl\/fr\/ecole\/conseils-et-soins-medicaux\/#primaryimage"},"thumbnailUrl":"https:\/\/stjosefs.wpdev.go2people.nl\/wp-content\/uploads\/2017\/01\/Conseils-et-soins-m\u00e9dicaux.jpg","datePublished":"2017-01-10T12:39:50+00:00","dateModified":"2022-05-16T09:28:50+00:00","breadcrumb":{"@id":"https:\/\/stjosefs.wpdev.go2people.nl\/fr\/ecole\/conseils-et-soins-medicaux\/#breadcrumb"},"inLanguage":"fr-FR","potentialAction":[{"@type":"ReadAction","target":["https:\/\/stjosefs.wpdev.go2people.nl\/fr\/ecole\/conseils-et-soins-medicaux\/"]}]},{"@type":"ImageObject","inLanguage":"fr-FR","@id":"https:\/\/stjosefs.wpdev.go2people.nl\/fr\/ecole\/conseils-et-soins-medicaux\/#primaryimage","url":"https:\/\/stjosefs.wpdev.go2people.nl\/wp-content\/uploads\/2017\/01\/Conseils-et-soins-m\u00e9dicaux.jpg","contentUrl":"https:\/\/stjosefs.wpdev.go2people.nl\/wp-content\/uploads\/2017\/01\/Conseils-et-soins-m\u00e9dicaux.jpg","width":5616,"height":3744,"caption":"Conseils et soins m\u00e9dicaux"},{"@type":"BreadcrumbList","@id":"https:\/\/stjosefs.wpdev.go2people.nl\/fr\/ecole\/conseils-et-soins-medicaux\/#breadcrumb","itemListElement":[{"@type":"ListItem","position":1,"name":"Home","item":"https:\/\/stjosefs.wpdev.go2people.nl\/fr\/"},{"@type":"ListItem","position":2,"name":"L&rsquo;\u00e9cole","item":"https:\/\/stjosefs.wpdev.go2people.nl\/fr\/ecole\/"},{"@type":"ListItem","position":3,"name":"Conseils et soins m\u00e9dicaux"}]},{"@type":"WebSite","@id":"https:\/\/stjosefs.wpdev.go2people.nl\/#website","url":"https:\/\/stjosefs.wpdev.go2people.nl\/","name":"St. Josefs Indianer Hilfswerk","description":"F\u00fcr eine bessere Zukunft der Ureinwohnerkinder S\u00fcddakotas","potentialAction":[{"@type":"SearchAction","target":{"@type":"EntryPoint","urlTemplate":"https:\/\/stjosefs.wpdev.go2people.nl\/?s={search_term_string}"},"query-input":{"@type":"PropertyValueSpecification","valueRequired":true,"valueName":"search_term_string"}}],"inLanguage":"fr-FR"}]}},"_links":{"self":[{"href":"https:\/\/stjosefs.wpdev.go2people.nl\/fr\/wp-json\/wp\/v2\/pages\/1728","targetHints":{"allow":["GET"]}}],"collection":[{"href":"https:\/\/stjosefs.wpdev.go2people.nl\/fr\/wp-json\/wp\/v2\/pages"}],"about":[{"href":"https:\/\/stjosefs.wpdev.go2people.nl\/fr\/wp-json\/wp\/v2\/types\/page"}],"author":[{"embeddable":true,"href":"https:\/\/stjosefs.wpdev.go2people.nl\/fr\/wp-json\/wp\/v2\/users\/2"}],"replies":[{"embeddable":true,"href":"https:\/\/stjosefs.wpdev.go2people.nl\/fr\/wp-json\/wp\/v2\/comments?post=1728"}],"version-history":[{"count":11,"href":"https:\/\/stjosefs.wpdev.go2people.nl\/fr\/wp-json\/wp\/v2\/pages\/1728\/revisions"}],"predecessor-version":[{"id":12997,"href":"https:\/\/stjosefs.wpdev.go2people.nl\/fr\/wp-json\/wp\/v2\/pages\/1728\/revisions\/12997"}],"up":[{"embeddable":true,"href":"https:\/\/stjosefs.wpdev.go2people.nl\/fr\/wp-json\/wp\/v2\/pages\/224"}],"wp:featuredmedia":[{"embeddable":true,"href":"https:\/\/stjosefs.wpdev.go2people.nl\/fr\/wp-json\/wp\/v2\/media\/2640"}],"wp:attachment":[{"href":"https:\/\/stjosefs.wpdev.go2people.nl\/fr\/wp-json\/wp\/v2\/media?parent=1728"}],"curies":[{"name":"wp","href":"https:\/\/api.w.org\/{rel}","templated":true}]}}