{"id":1725,"date":"2017-01-10T13:31:17","date_gmt":"2017-01-10T12:31:17","guid":{"rendered":"https:\/\/stjosefs.wp2.go2people.nl\/fr\/?page_id=1725"},"modified":"2022-05-16T11:34:41","modified_gmt":"2022-05-16T09:34:41","slug":"detente","status":"publish","type":"page","link":"https:\/\/stjosefs.wpdev.go2people.nl\/fr\/ecole\/detente\/","title":{"rendered":"D\u00e9tente"},"content":{"rendered":"<p>Si la culture et la formation sont au c\u0153ur des programmes p\u00e9dagogiques de l\u2019\u00c9cole indienne St Joseph du Dakota, nous nous attachons n\u00e9anmoins \u00e0 satisfaire tous les besoins des enfants qui nous sont confi\u00e9s. Nous leur donnons donc autant de temps pour les activit\u00e9s ludiques et r\u00e9cr\u00e9atives que pour les \u00e9tudes. Un sport comme la course, par exemple, est aussi important pour le bien-\u00eatre qu\u2019une activit\u00e9 intellectuelle telle que la lecture. Nous savons que des enfants en bonne sant\u00e9 sont des enfants heureux. Voil\u00e0 pourquoi nous proposons un grand choix d\u2019activit\u00e9s de plein air \u00e0 nos pensionnaires, afin de leur offrir un d\u00e9veloppement en tout point \u00e9panouissant.<\/p>\n<h2>Sport<\/h2>\n<p>Apr\u00e8s les cours, les \u00e9l\u00e8ves pratiquent des activit\u00e9s sportives qui vont du football au tir \u00e0 l\u2019arc, en passant par la lutte et le basket. Lors des rencontres sportives que nous organisons, chaque enfant a la chance de sentir qu\u2019il fait partie d\u2019une \u00e9quipe, qu\u2019il soit le meilleur buteur ou celui qui affiche le score avec le plus d\u2019exactitude.<\/p>\n<h2>Activit\u00e9s artistiques<\/h2>\n<p>Tous les enfants ne sont pas \u00e0 l\u2019aise sur un court de tennis ; nombreux sont ceux qui pr\u00e9f\u00e8rent les activit\u00e9s artistiques. Pour eux, participer \u00e0 l\u2019\u00e9laboration d\u2019un spectacle ou jouer dans une pi\u00e8ce de th\u00e9\u00e2tre est le moyen id\u00e9al pour se sentir plus en harmonie avec les autres et avec eux-m\u00eames. Gr\u00e2ce \u00e0 la pratique du th\u00e9\u00e2tre, ou \u00e0 d\u2019autres activit\u00e9s artistiques, ils acqui\u00e8rent des facilit\u00e9s d\u2019expression, des capacit\u00e9s et des exp\u00e9riences qui leur seront utiles dans leur vie d\u2019adultes.<\/p>\n<h2>Cours de culture am\u00e9rindienne<\/h2>\n<p>L\u2019\u00c9cole indienne St Joseph du Dakota offre un enseignement dans des disciplines classiques comme les math\u00e9matiques, les langues ou les sciences. En tant qu\u2019\u00e9cole priv\u00e9e, nous pouvons \u00e9galement dispenser des mati\u00e8res sp\u00e9cifiques telles que les cours de culture am\u00e9rindienne, qui sont pour nos \u00e9l\u00e8ves un atout irrempla\u00e7able. Durant leurs ann\u00e9es d\u2019\u00e9cole \u00e9l\u00e9mentaire et de coll\u00e8ge, ils apprennent leur langue maternelle et d\u00e9couvrent leurs traditions et leur h\u00e9ritage culturel. Pour les lyc\u00e9ens, l\u2019enseignement de la culture am\u00e9rindienne s\u2019accompagne de devoirs \u00e0 faire \u00e0 la maison. Cette mati\u00e8re est enseign\u00e9e aux \u00e9l\u00e8ves par un membre de leur communaut\u00e9 d\u2019origine, lui-m\u00eame fortement enracin\u00e9 dans cette culture et qui consacre toute son \u00e9nergie \u00e0 aider les enfants de St Joseph \u00e0 trouver leur \u00e9quilibre par la connaissance. Par ailleurs, tous les enfants qui fr\u00e9quentent St Joseph ont la possibilit\u00e9 de participer aux groupes de danse et de tambours.<\/p>\n<p>&nbsp;<\/p>\n<p>&nbsp;<\/p>\n","protected":false},"excerpt":{"rendered":"<p>Si la culture et la formation sont au c\u0153ur des programmes p\u00e9dagogiques de l\u2019\u00c9cole indienne St Joseph du Dakota, nous nous attachons n\u00e9anmoins \u00e0 satisfaire&#8230;<\/p>\n","protected":false},"author":2,"featured_media":2985,"parent":224,"menu_order":7,"comment_status":"closed","ping_status":"closed","template":"","meta":{"_acf_changed":false,"footnotes":""},"class_list":["post-1725","page","type-page","status-publish","has-post-thumbnail","hentry"],"acf":[],"yoast_head":"<!-- This site is optimized with the Yoast SEO plugin v27.6 - https:\/\/yoast.com\/product\/yoast-seo-wordpress\/ -->\n<title>D\u00e9tente - St. Josefs Indianer Hilfswerk<\/title>\n<meta name=\"robots\" content=\"index, follow, max-snippet:-1, max-image-preview:large, max-video-preview:-1\" \/>\n<link rel=\"canonical\" href=\"https:\/\/stjosefs.wpdev.go2people.nl\/fr\/ecole\/detente\/\" \/>\n<meta property=\"og:locale\" content=\"fr_FR\" \/>\n<meta property=\"og:type\" content=\"article\" \/>\n<meta property=\"og:title\" content=\"D\u00e9tente - St. Josefs Indianer Hilfswerk\" \/>\n<meta property=\"og:description\" content=\"Si la culture et la formation sont au c\u0153ur des programmes p\u00e9dagogiques de l\u2019\u00c9cole indienne St Joseph du Dakota, nous nous attachons n\u00e9anmoins \u00e0 satisfaire...\" \/>\n<meta property=\"og:url\" content=\"https:\/\/stjosefs.wpdev.go2people.nl\/fr\/ecole\/detente\/\" \/>\n<meta property=\"og:site_name\" content=\"St. Josefs Indianer Hilfswerk\" \/>\n<meta property=\"article:modified_time\" content=\"2022-05-16T09:34:41+00:00\" \/>\n<meta property=\"og:image\" content=\"https:\/\/stjosefs.wpdev.go2people.nl\/wp-content\/uploads\/2017\/01\/D\u00e9tente.jpg\" \/>\n\t<meta property=\"og:image:width\" content=\"5184\" \/>\n\t<meta property=\"og:image:height\" content=\"3456\" \/>\n\t<meta property=\"og:image:type\" content=\"image\/jpeg\" \/>\n<meta name=\"twitter:card\" content=\"summary_large_image\" \/>\n<meta name=\"twitter:label1\" content=\"Dur\u00e9e de lecture estim\u00e9e\" \/>\n\t<meta name=\"twitter:data1\" content=\"2 minutes\" \/>\n<script type=\"application\/ld+json\" class=\"yoast-schema-graph\">{\"@context\":\"https:\\\/\\\/schema.org\",\"@graph\":[{\"@type\":\"WebPage\",\"@id\":\"https:\\\/\\\/stjosefs.wpdev.go2people.nl\\\/fr\\\/ecole\\\/detente\\\/\",\"url\":\"https:\\\/\\\/stjosefs.wpdev.go2people.nl\\\/fr\\\/ecole\\\/detente\\\/\",\"name\":\"D\u00e9tente - St. Josefs Indianer Hilfswerk\",\"isPartOf\":{\"@id\":\"https:\\\/\\\/stjosefs.wpdev.go2people.nl\\\/#website\"},\"primaryImageOfPage\":{\"@id\":\"https:\\\/\\\/stjosefs.wpdev.go2people.nl\\\/fr\\\/ecole\\\/detente\\\/#primaryimage\"},\"image\":{\"@id\":\"https:\\\/\\\/stjosefs.wpdev.go2people.nl\\\/fr\\\/ecole\\\/detente\\\/#primaryimage\"},\"thumbnailUrl\":\"https:\\\/\\\/stjosefs.wpdev.go2people.nl\\\/wp-content\\\/uploads\\\/2017\\\/01\\\/D\u00e9tente.jpg\",\"datePublished\":\"2017-01-10T12:31:17+00:00\",\"dateModified\":\"2022-05-16T09:34:41+00:00\",\"breadcrumb\":{\"@id\":\"https:\\\/\\\/stjosefs.wpdev.go2people.nl\\\/fr\\\/ecole\\\/detente\\\/#breadcrumb\"},\"inLanguage\":\"fr-FR\",\"potentialAction\":[{\"@type\":\"ReadAction\",\"target\":[\"https:\\\/\\\/stjosefs.wpdev.go2people.nl\\\/fr\\\/ecole\\\/detente\\\/\"]}]},{\"@type\":\"ImageObject\",\"inLanguage\":\"fr-FR\",\"@id\":\"https:\\\/\\\/stjosefs.wpdev.go2people.nl\\\/fr\\\/ecole\\\/detente\\\/#primaryimage\",\"url\":\"https:\\\/\\\/stjosefs.wpdev.go2people.nl\\\/wp-content\\\/uploads\\\/2017\\\/01\\\/D\u00e9tente.jpg\",\"contentUrl\":\"https:\\\/\\\/stjosefs.wpdev.go2people.nl\\\/wp-content\\\/uploads\\\/2017\\\/01\\\/D\u00e9tente.jpg\",\"width\":5184,\"height\":3456,\"caption\":\"D\u00e9tente\"},{\"@type\":\"BreadcrumbList\",\"@id\":\"https:\\\/\\\/stjosefs.wpdev.go2people.nl\\\/fr\\\/ecole\\\/detente\\\/#breadcrumb\",\"itemListElement\":[{\"@type\":\"ListItem\",\"position\":1,\"name\":\"Home\",\"item\":\"https:\\\/\\\/stjosefs.wpdev.go2people.nl\\\/fr\\\/\"},{\"@type\":\"ListItem\",\"position\":2,\"name\":\"L&rsquo;\u00e9cole\",\"item\":\"https:\\\/\\\/stjosefs.wpdev.go2people.nl\\\/fr\\\/ecole\\\/\"},{\"@type\":\"ListItem\",\"position\":3,\"name\":\"D\u00e9tente\"}]},{\"@type\":\"WebSite\",\"@id\":\"https:\\\/\\\/stjosefs.wpdev.go2people.nl\\\/#website\",\"url\":\"https:\\\/\\\/stjosefs.wpdev.go2people.nl\\\/\",\"name\":\"St. Josefs Indianer Hilfswerk\",\"description\":\"F\u00fcr eine bessere Zukunft der Ureinwohnerkinder S\u00fcddakotas\",\"potentialAction\":[{\"@type\":\"SearchAction\",\"target\":{\"@type\":\"EntryPoint\",\"urlTemplate\":\"https:\\\/\\\/stjosefs.wpdev.go2people.nl\\\/?s={search_term_string}\"},\"query-input\":{\"@type\":\"PropertyValueSpecification\",\"valueRequired\":true,\"valueName\":\"search_term_string\"}}],\"inLanguage\":\"fr-FR\"}]}<\/script>\n<!-- \/ Yoast SEO plugin. -->","yoast_head_json":{"title":"D\u00e9tente - St. Josefs Indianer Hilfswerk","robots":{"index":"index","follow":"follow","max-snippet":"max-snippet:-1","max-image-preview":"max-image-preview:large","max-video-preview":"max-video-preview:-1"},"canonical":"https:\/\/stjosefs.wpdev.go2people.nl\/fr\/ecole\/detente\/","og_locale":"fr_FR","og_type":"article","og_title":"D\u00e9tente - St. Josefs Indianer Hilfswerk","og_description":"Si la culture et la formation sont au c\u0153ur des programmes p\u00e9dagogiques de l\u2019\u00c9cole indienne St Joseph du Dakota, nous nous attachons n\u00e9anmoins \u00e0 satisfaire...","og_url":"https:\/\/stjosefs.wpdev.go2people.nl\/fr\/ecole\/detente\/","og_site_name":"St. Josefs Indianer Hilfswerk","article_modified_time":"2022-05-16T09:34:41+00:00","og_image":[{"width":5184,"height":3456,"url":"https:\/\/stjosefs.wpdev.go2people.nl\/wp-content\/uploads\/2017\/01\/D\u00e9tente.jpg","type":"image\/jpeg"}],"twitter_card":"summary_large_image","twitter_misc":{"Dur\u00e9e de lecture estim\u00e9e":"2 minutes"},"schema":{"@context":"https:\/\/schema.org","@graph":[{"@type":"WebPage","@id":"https:\/\/stjosefs.wpdev.go2people.nl\/fr\/ecole\/detente\/","url":"https:\/\/stjosefs.wpdev.go2people.nl\/fr\/ecole\/detente\/","name":"D\u00e9tente - St. Josefs Indianer Hilfswerk","isPartOf":{"@id":"https:\/\/stjosefs.wpdev.go2people.nl\/#website"},"primaryImageOfPage":{"@id":"https:\/\/stjosefs.wpdev.go2people.nl\/fr\/ecole\/detente\/#primaryimage"},"image":{"@id":"https:\/\/stjosefs.wpdev.go2people.nl\/fr\/ecole\/detente\/#primaryimage"},"thumbnailUrl":"https:\/\/stjosefs.wpdev.go2people.nl\/wp-content\/uploads\/2017\/01\/D\u00e9tente.jpg","datePublished":"2017-01-10T12:31:17+00:00","dateModified":"2022-05-16T09:34:41+00:00","breadcrumb":{"@id":"https:\/\/stjosefs.wpdev.go2people.nl\/fr\/ecole\/detente\/#breadcrumb"},"inLanguage":"fr-FR","potentialAction":[{"@type":"ReadAction","target":["https:\/\/stjosefs.wpdev.go2people.nl\/fr\/ecole\/detente\/"]}]},{"@type":"ImageObject","inLanguage":"fr-FR","@id":"https:\/\/stjosefs.wpdev.go2people.nl\/fr\/ecole\/detente\/#primaryimage","url":"https:\/\/stjosefs.wpdev.go2people.nl\/wp-content\/uploads\/2017\/01\/D\u00e9tente.jpg","contentUrl":"https:\/\/stjosefs.wpdev.go2people.nl\/wp-content\/uploads\/2017\/01\/D\u00e9tente.jpg","width":5184,"height":3456,"caption":"D\u00e9tente"},{"@type":"BreadcrumbList","@id":"https:\/\/stjosefs.wpdev.go2people.nl\/fr\/ecole\/detente\/#breadcrumb","itemListElement":[{"@type":"ListItem","position":1,"name":"Home","item":"https:\/\/stjosefs.wpdev.go2people.nl\/fr\/"},{"@type":"ListItem","position":2,"name":"L&rsquo;\u00e9cole","item":"https:\/\/stjosefs.wpdev.go2people.nl\/fr\/ecole\/"},{"@type":"ListItem","position":3,"name":"D\u00e9tente"}]},{"@type":"WebSite","@id":"https:\/\/stjosefs.wpdev.go2people.nl\/#website","url":"https:\/\/stjosefs.wpdev.go2people.nl\/","name":"St. Josefs Indianer Hilfswerk","description":"F\u00fcr eine bessere Zukunft der Ureinwohnerkinder S\u00fcddakotas","potentialAction":[{"@type":"SearchAction","target":{"@type":"EntryPoint","urlTemplate":"https:\/\/stjosefs.wpdev.go2people.nl\/?s={search_term_string}"},"query-input":{"@type":"PropertyValueSpecification","valueRequired":true,"valueName":"search_term_string"}}],"inLanguage":"fr-FR"}]}},"_links":{"self":[{"href":"https:\/\/stjosefs.wpdev.go2people.nl\/fr\/wp-json\/wp\/v2\/pages\/1725","targetHints":{"allow":["GET"]}}],"collection":[{"href":"https:\/\/stjosefs.wpdev.go2people.nl\/fr\/wp-json\/wp\/v2\/pages"}],"about":[{"href":"https:\/\/stjosefs.wpdev.go2people.nl\/fr\/wp-json\/wp\/v2\/types\/page"}],"author":[{"embeddable":true,"href":"https:\/\/stjosefs.wpdev.go2people.nl\/fr\/wp-json\/wp\/v2\/users\/2"}],"replies":[{"embeddable":true,"href":"https:\/\/stjosefs.wpdev.go2people.nl\/fr\/wp-json\/wp\/v2\/comments?post=1725"}],"version-history":[{"count":7,"href":"https:\/\/stjosefs.wpdev.go2people.nl\/fr\/wp-json\/wp\/v2\/pages\/1725\/revisions"}],"predecessor-version":[{"id":13000,"href":"https:\/\/stjosefs.wpdev.go2people.nl\/fr\/wp-json\/wp\/v2\/pages\/1725\/revisions\/13000"}],"up":[{"embeddable":true,"href":"https:\/\/stjosefs.wpdev.go2people.nl\/fr\/wp-json\/wp\/v2\/pages\/224"}],"wp:featuredmedia":[{"embeddable":true,"href":"https:\/\/stjosefs.wpdev.go2people.nl\/fr\/wp-json\/wp\/v2\/media\/2985"}],"wp:attachment":[{"href":"https:\/\/stjosefs.wpdev.go2people.nl\/fr\/wp-json\/wp\/v2\/media?parent=1725"}],"curies":[{"name":"wp","href":"https:\/\/api.w.org\/{rel}","templated":true}]}}