{"id":1722,"date":"2017-01-10T13:29:56","date_gmt":"2017-01-10T12:29:56","guid":{"rendered":"https:\/\/stjosefs.wp2.go2people.nl\/fr\/?page_id=1722"},"modified":"2022-09-29T16:16:13","modified_gmt":"2022-09-29T14:16:13","slug":"maisons-habitation","status":"publish","type":"page","link":"https:\/\/stjosefs.wpdev.go2people.nl\/fr\/ecole\/maisons-habitation\/","title":{"rendered":"Maisons d&rsquo;habitation"},"content":{"rendered":"<p class=\"intro\">Depuis 1982, nos pensionnaires sont log\u00e9s dans des unit\u00e9s de vie familiale, o\u00f9 ils trouvent un foyer s\u00e9curisant.<\/p>\n<h3><span style=\"color: #000080;\">Le meilleur accompagnement<\/span><\/h3>\n<p>Nos 20 maisons familiales accueillent chacune jusqu\u2019\u00e0 12\u00a0 jeunes sous la responsabilit\u00e9 d\u2019adultes r\u00e9f\u00e9rents. 2 enfants dorment dans chaque chambre.<br \/>\nUn grand salon et cuisine ainsi qu&rsquo;une salle de jeux offrent suffisamment d&rsquo;espace pour les r\u00e9sidents.<\/p>\n<p><a href=\"https:\/\/stjosephdudakota.fr\/wp-content\/uploads\/\/2022\/02\/Wohnhauser4.jpg\"><img loading=\"lazy\" decoding=\"async\" class=\"alignnone size-medium wp-image-12157\" src=\"https:\/\/stjosephdudakota.fr\/wp-content\/uploads\/\/2022\/02\/Wohnhauser4-300x225.jpg\" alt=\"\" width=\"300\" height=\"225\" srcset=\"https:\/\/stjosefs.wpdev.go2people.nl\/wp-content\/uploads\/2022\/02\/Wohnhauser4-300x225.jpg 300w, https:\/\/stjosefs.wpdev.go2people.nl\/wp-content\/uploads\/2022\/02\/Wohnhauser4.jpg 567w\" sizes=\"auto, (max-width: 300px) 100vw, 300px\" \/>\u00a0\u00a0\u00a0\u00a0\u00a0<\/a> <a href=\"https:\/\/stjosephdudakota.fr\/wp-content\/uploads\/\/2022\/02\/Wohnhauser3.jpg\"><img loading=\"lazy\" decoding=\"async\" class=\"alignnone size-medium wp-image-12154\" src=\"https:\/\/stjosephdudakota.fr\/wp-content\/uploads\/\/2022\/02\/Wohnhauser3-300x225.jpg\" alt=\"\" width=\"300\" height=\"225\" srcset=\"https:\/\/stjosefs.wpdev.go2people.nl\/wp-content\/uploads\/2022\/02\/Wohnhauser3-300x225.jpg 300w, https:\/\/stjosefs.wpdev.go2people.nl\/wp-content\/uploads\/2022\/02\/Wohnhauser3.jpg 568w\" sizes=\"auto, (max-width: 300px) 100vw, 300px\" \/><\/a><\/p>\n<p>Ces \u00e9ducateurs dipl\u00f4m\u00e9s, qui s\u2019occupent d\u2019eux et cr\u00e9ent les conditions n\u00e9cessaires \u00e0 une bonne int\u00e9gration sociale et au d\u00e9veloppement des capacit\u00e9s personnelles de chaque enfant, connaissent exactement leurs besoins mat\u00e9riels, affectifs et spirituels. La formation des membres de notre \u00e9quipe d\u2019encadrement fait partie int\u00e9grante de notre programme p\u00e9dagogique.<\/p>\n<p><a href=\"https:\/\/stjosephdudakota.fr\/wp-content\/uploads\/\/2022\/02\/Wohnhauser1.jpg\"><img loading=\"lazy\" decoding=\"async\" class=\"alignnone size-medium wp-image-12148\" src=\"https:\/\/stjosephdudakota.fr\/wp-content\/uploads\/\/2022\/02\/Wohnhauser1-300x200.jpg\" alt=\"\" width=\"300\" height=\"200\" srcset=\"https:\/\/stjosefs.wpdev.go2people.nl\/wp-content\/uploads\/2022\/02\/Wohnhauser1-300x200.jpg 300w, https:\/\/stjosefs.wpdev.go2people.nl\/wp-content\/uploads\/2022\/02\/Wohnhauser1.jpg 639w\" sizes=\"auto, (max-width: 300px) 100vw, 300px\" \/><\/a> \u00a0 \u00a0 \u00a0 <a href=\"https:\/\/stjosephdudakota.fr\/wp-content\/uploads\/\/2022\/02\/Wohnhauser2.jpg\"><img loading=\"lazy\" decoding=\"async\" class=\"alignnone  wp-image-12151\" src=\"https:\/\/stjosephdudakota.fr\/wp-content\/uploads\/\/2022\/02\/Wohnhauser2-200x300.jpg\" alt=\"\" width=\"134\" height=\"201\" srcset=\"https:\/\/stjosefs.wpdev.go2people.nl\/wp-content\/uploads\/2022\/02\/Wohnhauser2-200x300.jpg 200w, https:\/\/stjosefs.wpdev.go2people.nl\/wp-content\/uploads\/2022\/02\/Wohnhauser2.jpg 379w\" sizes=\"auto, (max-width: 134px) 100vw, 134px\" \/><\/a><\/p>\n<p>Nous \u00e9valuons r\u00e9guli\u00e8rement le travail qu\u2019ils accomplissent aupr\u00e8s des enfants pour nous assurer que ceux-ci b\u00e9n\u00e9ficient des meilleures conditions d\u2019accompagnement qui soient.<\/p>\n","protected":false},"excerpt":{"rendered":"<p>Depuis 1982, nos pensionnaires sont log\u00e9s dans des unit\u00e9s de vie familiale, o\u00f9 ils trouvent un foyer s\u00e9curisant. Le meilleur accompagnement Nos 20 maisons familiales&#8230;<\/p>\n","protected":false},"author":2,"featured_media":1258,"parent":224,"menu_order":8,"comment_status":"closed","ping_status":"closed","template":"","meta":{"_acf_changed":false,"footnotes":""},"class_list":["post-1722","page","type-page","status-publish","has-post-thumbnail","hentry"],"acf":[],"yoast_head":"<!-- This site is optimized with the Yoast SEO plugin v27.6 - https:\/\/yoast.com\/product\/yoast-seo-wordpress\/ -->\n<title>Maisons d&#039;habitation - St. Josefs Indianer Hilfswerk<\/title>\n<meta name=\"robots\" content=\"index, follow, max-snippet:-1, max-image-preview:large, max-video-preview:-1\" \/>\n<link rel=\"canonical\" href=\"https:\/\/stjosefs.wpdev.go2people.nl\/fr\/ecole\/maisons-habitation\/\" \/>\n<meta property=\"og:locale\" content=\"fr_FR\" \/>\n<meta property=\"og:type\" content=\"article\" \/>\n<meta property=\"og:title\" content=\"Maisons d&#039;habitation - St. Josefs Indianer Hilfswerk\" \/>\n<meta property=\"og:description\" content=\"Depuis 1982, nos pensionnaires sont log\u00e9s dans des unit\u00e9s de vie familiale, o\u00f9 ils trouvent un foyer s\u00e9curisant. Le meilleur accompagnement Nos 20 maisons familiales...\" \/>\n<meta property=\"og:url\" content=\"https:\/\/stjosefs.wpdev.go2people.nl\/fr\/ecole\/maisons-habitation\/\" \/>\n<meta property=\"og:site_name\" content=\"St. Josefs Indianer Hilfswerk\" \/>\n<meta property=\"article:modified_time\" content=\"2022-09-29T14:16:13+00:00\" \/>\n<meta property=\"og:image\" content=\"https:\/\/stjosefs.wpdev.go2people.nl\/wp-content\/uploads\/2017\/01\/Wohnh\u00e4user-e1483701943784.jpg\" \/>\n\t<meta property=\"og:image:width\" content=\"2042\" \/>\n\t<meta property=\"og:image:height\" content=\"1259\" \/>\n\t<meta property=\"og:image:type\" content=\"image\/jpeg\" \/>\n<meta name=\"twitter:card\" content=\"summary_large_image\" \/>\n<meta name=\"twitter:label1\" content=\"Dur\u00e9e de lecture estim\u00e9e\" \/>\n\t<meta name=\"twitter:data1\" content=\"2 minutes\" \/>\n<script type=\"application\/ld+json\" class=\"yoast-schema-graph\">{\"@context\":\"https:\\\/\\\/schema.org\",\"@graph\":[{\"@type\":\"WebPage\",\"@id\":\"https:\\\/\\\/stjosefs.wpdev.go2people.nl\\\/fr\\\/ecole\\\/maisons-habitation\\\/\",\"url\":\"https:\\\/\\\/stjosefs.wpdev.go2people.nl\\\/fr\\\/ecole\\\/maisons-habitation\\\/\",\"name\":\"Maisons d'habitation - St. Josefs Indianer Hilfswerk\",\"isPartOf\":{\"@id\":\"https:\\\/\\\/stjosefs.wpdev.go2people.nl\\\/#website\"},\"primaryImageOfPage\":{\"@id\":\"https:\\\/\\\/stjosefs.wpdev.go2people.nl\\\/fr\\\/ecole\\\/maisons-habitation\\\/#primaryimage\"},\"image\":{\"@id\":\"https:\\\/\\\/stjosefs.wpdev.go2people.nl\\\/fr\\\/ecole\\\/maisons-habitation\\\/#primaryimage\"},\"thumbnailUrl\":\"https:\\\/\\\/stjosefs.wpdev.go2people.nl\\\/wp-content\\\/uploads\\\/2017\\\/01\\\/Wohnh\u00e4user-e1483701943784.jpg\",\"datePublished\":\"2017-01-10T12:29:56+00:00\",\"dateModified\":\"2022-09-29T14:16:13+00:00\",\"breadcrumb\":{\"@id\":\"https:\\\/\\\/stjosefs.wpdev.go2people.nl\\\/fr\\\/ecole\\\/maisons-habitation\\\/#breadcrumb\"},\"inLanguage\":\"fr-FR\",\"potentialAction\":[{\"@type\":\"ReadAction\",\"target\":[\"https:\\\/\\\/stjosefs.wpdev.go2people.nl\\\/fr\\\/ecole\\\/maisons-habitation\\\/\"]}]},{\"@type\":\"ImageObject\",\"inLanguage\":\"fr-FR\",\"@id\":\"https:\\\/\\\/stjosefs.wpdev.go2people.nl\\\/fr\\\/ecole\\\/maisons-habitation\\\/#primaryimage\",\"url\":\"https:\\\/\\\/stjosefs.wpdev.go2people.nl\\\/wp-content\\\/uploads\\\/2017\\\/01\\\/Wohnh\u00e4user-e1483701943784.jpg\",\"contentUrl\":\"https:\\\/\\\/stjosefs.wpdev.go2people.nl\\\/wp-content\\\/uploads\\\/2017\\\/01\\\/Wohnh\u00e4user-e1483701943784.jpg\",\"width\":2042,\"height\":1259,\"caption\":\"Wohnh\u00e4user\"},{\"@type\":\"BreadcrumbList\",\"@id\":\"https:\\\/\\\/stjosefs.wpdev.go2people.nl\\\/fr\\\/ecole\\\/maisons-habitation\\\/#breadcrumb\",\"itemListElement\":[{\"@type\":\"ListItem\",\"position\":1,\"name\":\"Home\",\"item\":\"https:\\\/\\\/stjosefs.wpdev.go2people.nl\\\/fr\\\/\"},{\"@type\":\"ListItem\",\"position\":2,\"name\":\"L&rsquo;\u00e9cole\",\"item\":\"https:\\\/\\\/stjosefs.wpdev.go2people.nl\\\/fr\\\/ecole\\\/\"},{\"@type\":\"ListItem\",\"position\":3,\"name\":\"Maisons d&rsquo;habitation\"}]},{\"@type\":\"WebSite\",\"@id\":\"https:\\\/\\\/stjosefs.wpdev.go2people.nl\\\/#website\",\"url\":\"https:\\\/\\\/stjosefs.wpdev.go2people.nl\\\/\",\"name\":\"St. Josefs Indianer Hilfswerk\",\"description\":\"F\u00fcr eine bessere Zukunft der Ureinwohnerkinder S\u00fcddakotas\",\"potentialAction\":[{\"@type\":\"SearchAction\",\"target\":{\"@type\":\"EntryPoint\",\"urlTemplate\":\"https:\\\/\\\/stjosefs.wpdev.go2people.nl\\\/?s={search_term_string}\"},\"query-input\":{\"@type\":\"PropertyValueSpecification\",\"valueRequired\":true,\"valueName\":\"search_term_string\"}}],\"inLanguage\":\"fr-FR\"}]}<\/script>\n<!-- \/ Yoast SEO plugin. -->","yoast_head_json":{"title":"Maisons d'habitation - St. Josefs Indianer Hilfswerk","robots":{"index":"index","follow":"follow","max-snippet":"max-snippet:-1","max-image-preview":"max-image-preview:large","max-video-preview":"max-video-preview:-1"},"canonical":"https:\/\/stjosefs.wpdev.go2people.nl\/fr\/ecole\/maisons-habitation\/","og_locale":"fr_FR","og_type":"article","og_title":"Maisons d'habitation - St. Josefs Indianer Hilfswerk","og_description":"Depuis 1982, nos pensionnaires sont log\u00e9s dans des unit\u00e9s de vie familiale, o\u00f9 ils trouvent un foyer s\u00e9curisant. Le meilleur accompagnement Nos 20 maisons familiales...","og_url":"https:\/\/stjosefs.wpdev.go2people.nl\/fr\/ecole\/maisons-habitation\/","og_site_name":"St. Josefs Indianer Hilfswerk","article_modified_time":"2022-09-29T14:16:13+00:00","og_image":[{"width":2042,"height":1259,"url":"https:\/\/stjosefs.wpdev.go2people.nl\/wp-content\/uploads\/2017\/01\/Wohnh\u00e4user-e1483701943784.jpg","type":"image\/jpeg"}],"twitter_card":"summary_large_image","twitter_misc":{"Dur\u00e9e de lecture estim\u00e9e":"2 minutes"},"schema":{"@context":"https:\/\/schema.org","@graph":[{"@type":"WebPage","@id":"https:\/\/stjosefs.wpdev.go2people.nl\/fr\/ecole\/maisons-habitation\/","url":"https:\/\/stjosefs.wpdev.go2people.nl\/fr\/ecole\/maisons-habitation\/","name":"Maisons d'habitation - St. Josefs Indianer Hilfswerk","isPartOf":{"@id":"https:\/\/stjosefs.wpdev.go2people.nl\/#website"},"primaryImageOfPage":{"@id":"https:\/\/stjosefs.wpdev.go2people.nl\/fr\/ecole\/maisons-habitation\/#primaryimage"},"image":{"@id":"https:\/\/stjosefs.wpdev.go2people.nl\/fr\/ecole\/maisons-habitation\/#primaryimage"},"thumbnailUrl":"https:\/\/stjosefs.wpdev.go2people.nl\/wp-content\/uploads\/2017\/01\/Wohnh\u00e4user-e1483701943784.jpg","datePublished":"2017-01-10T12:29:56+00:00","dateModified":"2022-09-29T14:16:13+00:00","breadcrumb":{"@id":"https:\/\/stjosefs.wpdev.go2people.nl\/fr\/ecole\/maisons-habitation\/#breadcrumb"},"inLanguage":"fr-FR","potentialAction":[{"@type":"ReadAction","target":["https:\/\/stjosefs.wpdev.go2people.nl\/fr\/ecole\/maisons-habitation\/"]}]},{"@type":"ImageObject","inLanguage":"fr-FR","@id":"https:\/\/stjosefs.wpdev.go2people.nl\/fr\/ecole\/maisons-habitation\/#primaryimage","url":"https:\/\/stjosefs.wpdev.go2people.nl\/wp-content\/uploads\/2017\/01\/Wohnh\u00e4user-e1483701943784.jpg","contentUrl":"https:\/\/stjosefs.wpdev.go2people.nl\/wp-content\/uploads\/2017\/01\/Wohnh\u00e4user-e1483701943784.jpg","width":2042,"height":1259,"caption":"Wohnh\u00e4user"},{"@type":"BreadcrumbList","@id":"https:\/\/stjosefs.wpdev.go2people.nl\/fr\/ecole\/maisons-habitation\/#breadcrumb","itemListElement":[{"@type":"ListItem","position":1,"name":"Home","item":"https:\/\/stjosefs.wpdev.go2people.nl\/fr\/"},{"@type":"ListItem","position":2,"name":"L&rsquo;\u00e9cole","item":"https:\/\/stjosefs.wpdev.go2people.nl\/fr\/ecole\/"},{"@type":"ListItem","position":3,"name":"Maisons d&rsquo;habitation"}]},{"@type":"WebSite","@id":"https:\/\/stjosefs.wpdev.go2people.nl\/#website","url":"https:\/\/stjosefs.wpdev.go2people.nl\/","name":"St. Josefs Indianer Hilfswerk","description":"F\u00fcr eine bessere Zukunft der Ureinwohnerkinder S\u00fcddakotas","potentialAction":[{"@type":"SearchAction","target":{"@type":"EntryPoint","urlTemplate":"https:\/\/stjosefs.wpdev.go2people.nl\/?s={search_term_string}"},"query-input":{"@type":"PropertyValueSpecification","valueRequired":true,"valueName":"search_term_string"}}],"inLanguage":"fr-FR"}]}},"_links":{"self":[{"href":"https:\/\/stjosefs.wpdev.go2people.nl\/fr\/wp-json\/wp\/v2\/pages\/1722","targetHints":{"allow":["GET"]}}],"collection":[{"href":"https:\/\/stjosefs.wpdev.go2people.nl\/fr\/wp-json\/wp\/v2\/pages"}],"about":[{"href":"https:\/\/stjosefs.wpdev.go2people.nl\/fr\/wp-json\/wp\/v2\/types\/page"}],"author":[{"embeddable":true,"href":"https:\/\/stjosefs.wpdev.go2people.nl\/fr\/wp-json\/wp\/v2\/users\/2"}],"replies":[{"embeddable":true,"href":"https:\/\/stjosefs.wpdev.go2people.nl\/fr\/wp-json\/wp\/v2\/comments?post=1722"}],"version-history":[{"count":6,"href":"https:\/\/stjosefs.wpdev.go2people.nl\/fr\/wp-json\/wp\/v2\/pages\/1722\/revisions"}],"predecessor-version":[{"id":13686,"href":"https:\/\/stjosefs.wpdev.go2people.nl\/fr\/wp-json\/wp\/v2\/pages\/1722\/revisions\/13686"}],"up":[{"embeddable":true,"href":"https:\/\/stjosefs.wpdev.go2people.nl\/fr\/wp-json\/wp\/v2\/pages\/224"}],"wp:featuredmedia":[{"embeddable":true,"href":"https:\/\/stjosefs.wpdev.go2people.nl\/fr\/wp-json\/wp\/v2\/media\/1258"}],"wp:attachment":[{"href":"https:\/\/stjosefs.wpdev.go2people.nl\/fr\/wp-json\/wp\/v2\/media?parent=1722"}],"curies":[{"name":"wp","href":"https:\/\/api.w.org\/{rel}","templated":true}]}}