{"id":1710,"date":"2017-01-10T10:45:43","date_gmt":"2017-01-10T09:45:43","guid":{"rendered":"https:\/\/stjosefs.wp2.go2people.nl\/fr\/?page_id=1710"},"modified":"2022-05-16T11:33:22","modified_gmt":"2022-05-16T09:33:22","slug":"un-bibliobus-estival","status":"publish","type":"page","link":"https:\/\/stjosefs.wpdev.go2people.nl\/fr\/ecole\/un-bibliobus-estival\/","title":{"rendered":"Un bibliobus estival"},"content":{"rendered":"<p class=\"intro\">La lecture est essentielle pour le d\u00e9veloppement \u00e9ducatif d\u2019un enfant !<\/p>\n<p>Un pr\u00eat de livres gratuit pour les habitants des r\u00e9serves am\u00e9rindiennes du Dakota du Sud a \u00e9t\u00e9 mis en place.<\/p>\n<p>Malheureusement, dans de nombreux foyers des r\u00e9serves am\u00e9rindiennes du Dakota du Sud, les enfants n\u2019ont aucun livre \u00e0 leur disposition. De plus, ces communes n\u2019ont pas de biblioth\u00e8ques de pr\u00eat.<\/p>\n<p>St Joseph s\u2019associe chaque ann\u00e9e au programme RIF \u2013 Reading is fundamental (la lecture est essentielle) afin de fournir des livres aux enfants des Grandes Plaines.<br \/>\nGr\u00e2ce au soutien de RIF et d\u2019amis g\u00e9n\u00e9reux tels que vous, nos bibliobus desservent les zones les plus excentr\u00e9es des r\u00e9serves afin de pr\u00eater des livres et d\u2019autres supports de lecture aux enfants et aux adultes.<\/p>\n<p>Le bibliobus, qui circule en juin et en juillet, s\u2019installe \u00e0 proximit\u00e9 des centres de soin sans h\u00e9bergement, des terrains de jeux, des centres de distributions de repas et des parcs pour pr\u00eater des milliers de livres et d\u2019autres supports de lecture.<\/p>\n<p>&nbsp;<\/p>\n<p>&nbsp;<\/p>\n","protected":false},"excerpt":{"rendered":"<p>La lecture est essentielle pour le d\u00e9veloppement \u00e9ducatif d\u2019un enfant ! Un pr\u00eat de livres gratuit pour les habitants des r\u00e9serves am\u00e9rindiennes du Dakota du&#8230;<\/p>\n","protected":false},"author":2,"featured_media":684,"parent":224,"menu_order":6,"comment_status":"closed","ping_status":"closed","template":"","meta":{"_acf_changed":false,"footnotes":""},"class_list":["post-1710","page","type-page","status-publish","has-post-thumbnail","hentry"],"acf":[],"yoast_head":"<!-- This site is optimized with the Yoast SEO plugin v27.6 - https:\/\/yoast.com\/product\/yoast-seo-wordpress\/ -->\n<title>Un bibliobus estival - St. Josefs Indianer Hilfswerk<\/title>\n<meta name=\"robots\" content=\"index, follow, max-snippet:-1, max-image-preview:large, max-video-preview:-1\" \/>\n<link rel=\"canonical\" href=\"https:\/\/stjosefs.wpdev.go2people.nl\/fr\/ecole\/un-bibliobus-estival\/\" \/>\n<meta property=\"og:locale\" content=\"fr_FR\" \/>\n<meta property=\"og:type\" content=\"article\" \/>\n<meta property=\"og:title\" content=\"Un bibliobus estival - St. Josefs Indianer Hilfswerk\" \/>\n<meta property=\"og:description\" content=\"La lecture est essentielle pour le d\u00e9veloppement \u00e9ducatif d\u2019un enfant ! Un pr\u00eat de livres gratuit pour les habitants des r\u00e9serves am\u00e9rindiennes du Dakota du...\" \/>\n<meta property=\"og:url\" content=\"https:\/\/stjosefs.wpdev.go2people.nl\/fr\/ecole\/un-bibliobus-estival\/\" \/>\n<meta property=\"og:site_name\" content=\"St. Josefs Indianer Hilfswerk\" \/>\n<meta property=\"article:modified_time\" content=\"2022-05-16T09:33:22+00:00\" \/>\n<meta property=\"og:image\" content=\"https:\/\/stjosefs.wpdev.go2people.nl\/wp-content\/uploads\/2016\/12\/B\u00fccherbus.jpg\" \/>\n\t<meta property=\"og:image:width\" content=\"4000\" \/>\n\t<meta property=\"og:image:height\" content=\"2662\" \/>\n\t<meta property=\"og:image:type\" content=\"image\/jpeg\" \/>\n<meta name=\"twitter:card\" content=\"summary_large_image\" \/>\n<meta name=\"twitter:label1\" content=\"Dur\u00e9e de lecture estim\u00e9e\" \/>\n\t<meta name=\"twitter:data1\" content=\"1 minute\" \/>\n<script type=\"application\/ld+json\" class=\"yoast-schema-graph\">{\"@context\":\"https:\\\/\\\/schema.org\",\"@graph\":[{\"@type\":\"WebPage\",\"@id\":\"https:\\\/\\\/stjosefs.wpdev.go2people.nl\\\/fr\\\/ecole\\\/un-bibliobus-estival\\\/\",\"url\":\"https:\\\/\\\/stjosefs.wpdev.go2people.nl\\\/fr\\\/ecole\\\/un-bibliobus-estival\\\/\",\"name\":\"Un bibliobus estival - St. Josefs Indianer Hilfswerk\",\"isPartOf\":{\"@id\":\"https:\\\/\\\/stjosefs.wpdev.go2people.nl\\\/#website\"},\"primaryImageOfPage\":{\"@id\":\"https:\\\/\\\/stjosefs.wpdev.go2people.nl\\\/fr\\\/ecole\\\/un-bibliobus-estival\\\/#primaryimage\"},\"image\":{\"@id\":\"https:\\\/\\\/stjosefs.wpdev.go2people.nl\\\/fr\\\/ecole\\\/un-bibliobus-estival\\\/#primaryimage\"},\"thumbnailUrl\":\"https:\\\/\\\/stjosefs.wpdev.go2people.nl\\\/wp-content\\\/uploads\\\/2016\\\/12\\\/B\u00fccherbus.jpg\",\"datePublished\":\"2017-01-10T09:45:43+00:00\",\"dateModified\":\"2022-05-16T09:33:22+00:00\",\"breadcrumb\":{\"@id\":\"https:\\\/\\\/stjosefs.wpdev.go2people.nl\\\/fr\\\/ecole\\\/un-bibliobus-estival\\\/#breadcrumb\"},\"inLanguage\":\"fr-FR\",\"potentialAction\":[{\"@type\":\"ReadAction\",\"target\":[\"https:\\\/\\\/stjosefs.wpdev.go2people.nl\\\/fr\\\/ecole\\\/un-bibliobus-estival\\\/\"]}]},{\"@type\":\"ImageObject\",\"inLanguage\":\"fr-FR\",\"@id\":\"https:\\\/\\\/stjosefs.wpdev.go2people.nl\\\/fr\\\/ecole\\\/un-bibliobus-estival\\\/#primaryimage\",\"url\":\"https:\\\/\\\/stjosefs.wpdev.go2people.nl\\\/wp-content\\\/uploads\\\/2016\\\/12\\\/B\u00fccherbus.jpg\",\"contentUrl\":\"https:\\\/\\\/stjosefs.wpdev.go2people.nl\\\/wp-content\\\/uploads\\\/2016\\\/12\\\/B\u00fccherbus.jpg\",\"width\":4000,\"height\":2662,\"caption\":\"B\u00fccherbus\"},{\"@type\":\"BreadcrumbList\",\"@id\":\"https:\\\/\\\/stjosefs.wpdev.go2people.nl\\\/fr\\\/ecole\\\/un-bibliobus-estival\\\/#breadcrumb\",\"itemListElement\":[{\"@type\":\"ListItem\",\"position\":1,\"name\":\"Home\",\"item\":\"https:\\\/\\\/stjosefs.wpdev.go2people.nl\\\/fr\\\/\"},{\"@type\":\"ListItem\",\"position\":2,\"name\":\"L&rsquo;\u00e9cole\",\"item\":\"https:\\\/\\\/stjosefs.wpdev.go2people.nl\\\/fr\\\/ecole\\\/\"},{\"@type\":\"ListItem\",\"position\":3,\"name\":\"Un bibliobus estival\"}]},{\"@type\":\"WebSite\",\"@id\":\"https:\\\/\\\/stjosefs.wpdev.go2people.nl\\\/#website\",\"url\":\"https:\\\/\\\/stjosefs.wpdev.go2people.nl\\\/\",\"name\":\"St. Josefs Indianer Hilfswerk\",\"description\":\"F\u00fcr eine bessere Zukunft der Ureinwohnerkinder S\u00fcddakotas\",\"potentialAction\":[{\"@type\":\"SearchAction\",\"target\":{\"@type\":\"EntryPoint\",\"urlTemplate\":\"https:\\\/\\\/stjosefs.wpdev.go2people.nl\\\/?s={search_term_string}\"},\"query-input\":{\"@type\":\"PropertyValueSpecification\",\"valueRequired\":true,\"valueName\":\"search_term_string\"}}],\"inLanguage\":\"fr-FR\"}]}<\/script>\n<!-- \/ Yoast SEO plugin. -->","yoast_head_json":{"title":"Un bibliobus estival - St. Josefs Indianer Hilfswerk","robots":{"index":"index","follow":"follow","max-snippet":"max-snippet:-1","max-image-preview":"max-image-preview:large","max-video-preview":"max-video-preview:-1"},"canonical":"https:\/\/stjosefs.wpdev.go2people.nl\/fr\/ecole\/un-bibliobus-estival\/","og_locale":"fr_FR","og_type":"article","og_title":"Un bibliobus estival - St. Josefs Indianer Hilfswerk","og_description":"La lecture est essentielle pour le d\u00e9veloppement \u00e9ducatif d\u2019un enfant ! Un pr\u00eat de livres gratuit pour les habitants des r\u00e9serves am\u00e9rindiennes du Dakota du...","og_url":"https:\/\/stjosefs.wpdev.go2people.nl\/fr\/ecole\/un-bibliobus-estival\/","og_site_name":"St. Josefs Indianer Hilfswerk","article_modified_time":"2022-05-16T09:33:22+00:00","og_image":[{"width":4000,"height":2662,"url":"https:\/\/stjosefs.wpdev.go2people.nl\/wp-content\/uploads\/2016\/12\/B\u00fccherbus.jpg","type":"image\/jpeg"}],"twitter_card":"summary_large_image","twitter_misc":{"Dur\u00e9e de lecture estim\u00e9e":"1 minute"},"schema":{"@context":"https:\/\/schema.org","@graph":[{"@type":"WebPage","@id":"https:\/\/stjosefs.wpdev.go2people.nl\/fr\/ecole\/un-bibliobus-estival\/","url":"https:\/\/stjosefs.wpdev.go2people.nl\/fr\/ecole\/un-bibliobus-estival\/","name":"Un bibliobus estival - St. Josefs Indianer Hilfswerk","isPartOf":{"@id":"https:\/\/stjosefs.wpdev.go2people.nl\/#website"},"primaryImageOfPage":{"@id":"https:\/\/stjosefs.wpdev.go2people.nl\/fr\/ecole\/un-bibliobus-estival\/#primaryimage"},"image":{"@id":"https:\/\/stjosefs.wpdev.go2people.nl\/fr\/ecole\/un-bibliobus-estival\/#primaryimage"},"thumbnailUrl":"https:\/\/stjosefs.wpdev.go2people.nl\/wp-content\/uploads\/2016\/12\/B\u00fccherbus.jpg","datePublished":"2017-01-10T09:45:43+00:00","dateModified":"2022-05-16T09:33:22+00:00","breadcrumb":{"@id":"https:\/\/stjosefs.wpdev.go2people.nl\/fr\/ecole\/un-bibliobus-estival\/#breadcrumb"},"inLanguage":"fr-FR","potentialAction":[{"@type":"ReadAction","target":["https:\/\/stjosefs.wpdev.go2people.nl\/fr\/ecole\/un-bibliobus-estival\/"]}]},{"@type":"ImageObject","inLanguage":"fr-FR","@id":"https:\/\/stjosefs.wpdev.go2people.nl\/fr\/ecole\/un-bibliobus-estival\/#primaryimage","url":"https:\/\/stjosefs.wpdev.go2people.nl\/wp-content\/uploads\/2016\/12\/B\u00fccherbus.jpg","contentUrl":"https:\/\/stjosefs.wpdev.go2people.nl\/wp-content\/uploads\/2016\/12\/B\u00fccherbus.jpg","width":4000,"height":2662,"caption":"B\u00fccherbus"},{"@type":"BreadcrumbList","@id":"https:\/\/stjosefs.wpdev.go2people.nl\/fr\/ecole\/un-bibliobus-estival\/#breadcrumb","itemListElement":[{"@type":"ListItem","position":1,"name":"Home","item":"https:\/\/stjosefs.wpdev.go2people.nl\/fr\/"},{"@type":"ListItem","position":2,"name":"L&rsquo;\u00e9cole","item":"https:\/\/stjosefs.wpdev.go2people.nl\/fr\/ecole\/"},{"@type":"ListItem","position":3,"name":"Un bibliobus estival"}]},{"@type":"WebSite","@id":"https:\/\/stjosefs.wpdev.go2people.nl\/#website","url":"https:\/\/stjosefs.wpdev.go2people.nl\/","name":"St. Josefs Indianer Hilfswerk","description":"F\u00fcr eine bessere Zukunft der Ureinwohnerkinder S\u00fcddakotas","potentialAction":[{"@type":"SearchAction","target":{"@type":"EntryPoint","urlTemplate":"https:\/\/stjosefs.wpdev.go2people.nl\/?s={search_term_string}"},"query-input":{"@type":"PropertyValueSpecification","valueRequired":true,"valueName":"search_term_string"}}],"inLanguage":"fr-FR"}]}},"_links":{"self":[{"href":"https:\/\/stjosefs.wpdev.go2people.nl\/fr\/wp-json\/wp\/v2\/pages\/1710","targetHints":{"allow":["GET"]}}],"collection":[{"href":"https:\/\/stjosefs.wpdev.go2people.nl\/fr\/wp-json\/wp\/v2\/pages"}],"about":[{"href":"https:\/\/stjosefs.wpdev.go2people.nl\/fr\/wp-json\/wp\/v2\/types\/page"}],"author":[{"embeddable":true,"href":"https:\/\/stjosefs.wpdev.go2people.nl\/fr\/wp-json\/wp\/v2\/users\/2"}],"replies":[{"embeddable":true,"href":"https:\/\/stjosefs.wpdev.go2people.nl\/fr\/wp-json\/wp\/v2\/comments?post=1710"}],"version-history":[{"count":4,"href":"https:\/\/stjosefs.wpdev.go2people.nl\/fr\/wp-json\/wp\/v2\/pages\/1710\/revisions"}],"predecessor-version":[{"id":12999,"href":"https:\/\/stjosefs.wpdev.go2people.nl\/fr\/wp-json\/wp\/v2\/pages\/1710\/revisions\/12999"}],"up":[{"embeddable":true,"href":"https:\/\/stjosefs.wpdev.go2people.nl\/fr\/wp-json\/wp\/v2\/pages\/224"}],"wp:featuredmedia":[{"embeddable":true,"href":"https:\/\/stjosefs.wpdev.go2people.nl\/fr\/wp-json\/wp\/v2\/media\/684"}],"wp:attachment":[{"href":"https:\/\/stjosefs.wpdev.go2people.nl\/fr\/wp-json\/wp\/v2\/media?parent=1710"}],"curies":[{"name":"wp","href":"https:\/\/api.w.org\/{rel}","templated":true}]}}