{"id":1706,"date":"2017-01-10T10:36:18","date_gmt":"2017-01-10T09:36:18","guid":{"rendered":"https:\/\/stjosefs.wp2.go2people.nl\/fr\/?page_id=1706"},"modified":"2022-09-29T16:25:23","modified_gmt":"2022-09-29T14:25:23","slug":"campus","status":"publish","type":"page","link":"https:\/\/stjosefs.wpdev.go2people.nl\/fr\/ecole\/campus\/","title":{"rendered":"Campus"},"content":{"rendered":"<p class=\"intro\">Le campus s\u2019\u00e9tend sur 22 hectares et comprend les b\u00e2timents suivants:<\/p>\n<ul>\n<li>l&rsquo;\u00e9cole primaire<\/li>\n<li>20 maisons familiales<\/li>\n<li>le centre de loisirs<\/li>\n<li>une r\u00e9ception centrale<\/li>\n<li>les bureaux administratifs<\/li>\n<li>le mus\u00e9e et centre culturel Akta Lakota<\/li>\n<li>le centre sacr\u00e9 Hoop Tiyospaye<\/li>\n<li>la chapelle Notre-Dame des Sioux<\/li>\n<li>le centre de sant\u00e9 et de services aux familles<\/li>\n<\/ul>\n<p><a href=\"https:\/\/stjosephdudakota.fr\/wp-content\/uploads\/\/2022\/09\/HR-Campus-Map-SJF-new-logo.png\"><img loading=\"lazy\" decoding=\"async\" class=\"alignnone wp-image-13616 size-large\" src=\"https:\/\/stjosephdudakota.fr\/wp-content\/uploads\/\/2022\/09\/HR-Campus-Map-SJF-new-logo-1024x722.png\" alt=\"\" width=\"1024\" height=\"722\" srcset=\"https:\/\/stjosefs.wpdev.go2people.nl\/wp-content\/uploads\/2022\/09\/HR-Campus-Map-SJF-new-logo-1024x722.png 1024w, https:\/\/stjosefs.wpdev.go2people.nl\/wp-content\/uploads\/2022\/09\/HR-Campus-Map-SJF-new-logo-300x212.png 300w, https:\/\/stjosefs.wpdev.go2people.nl\/wp-content\/uploads\/2022\/09\/HR-Campus-Map-SJF-new-logo-768x542.png 768w, https:\/\/stjosefs.wpdev.go2people.nl\/wp-content\/uploads\/2022\/09\/HR-Campus-Map-SJF-new-logo.png 1114w\" sizes=\"auto, (max-width: 1024px) 100vw, 1024px\" \/><\/a><\/p>\n<h6>Pour agrandir les photos cliquez sur l\u2019image<\/h6>\n<p>&nbsp;<\/p>\n<p><a href=\"https:\/\/stjosephdudakota.fr\/wp-content\/uploads\/\/2019\/03\/Akta-Lakota-Museum-2019-03-20.2.jpg\"><img loading=\"lazy\" decoding=\"async\" class=\"alignnone wp-image-6856\" src=\"https:\/\/stjosephdudakota.fr\/wp-content\/uploads\/\/2019\/03\/Akta-Lakota-Museum-2019-03-20.2.jpg\" alt=\"\" width=\"600\" height=\"400\" srcset=\"https:\/\/stjosefs.wpdev.go2people.nl\/wp-content\/uploads\/2019\/03\/Akta-Lakota-Museum-2019-03-20.2.jpg 2764w, https:\/\/stjosefs.wpdev.go2people.nl\/wp-content\/uploads\/2019\/03\/Akta-Lakota-Museum-2019-03-20.2-300x200.jpg 300w, https:\/\/stjosefs.wpdev.go2people.nl\/wp-content\/uploads\/2019\/03\/Akta-Lakota-Museum-2019-03-20.2-768x512.jpg 768w, https:\/\/stjosefs.wpdev.go2people.nl\/wp-content\/uploads\/2019\/03\/Akta-Lakota-Museum-2019-03-20.2-1024x683.jpg 1024w, https:\/\/stjosefs.wpdev.go2people.nl\/wp-content\/uploads\/2019\/03\/Akta-Lakota-Museum-2019-03-20.2-1170x780.jpg 1170w\" sizes=\"auto, (max-width: 600px) 100vw, 600px\" \/><\/a><\/p>\n<p><a href=\"https:\/\/stjosephdudakota.fr\/wp-content\/uploads\/\/2019\/03\/Health-and-Family-Service-Center.png\"><img loading=\"lazy\" decoding=\"async\" class=\"alignnone wp-image-6904\" src=\"https:\/\/stjosephdudakota.fr\/wp-content\/uploads\/\/2019\/03\/Health-and-Family-Service-Center.png\" alt=\"\" width=\"600\" height=\"400\" srcset=\"https:\/\/stjosefs.wpdev.go2people.nl\/wp-content\/uploads\/2019\/03\/Health-and-Family-Service-Center.png 2592w, https:\/\/stjosefs.wpdev.go2people.nl\/wp-content\/uploads\/2019\/03\/Health-and-Family-Service-Center-300x200.png 300w, https:\/\/stjosefs.wpdev.go2people.nl\/wp-content\/uploads\/2019\/03\/Health-and-Family-Service-Center-768x512.png 768w, https:\/\/stjosefs.wpdev.go2people.nl\/wp-content\/uploads\/2019\/03\/Health-and-Family-Service-Center-1024x683.png 1024w, https:\/\/stjosefs.wpdev.go2people.nl\/wp-content\/uploads\/2019\/03\/Health-and-Family-Service-Center-1170x780.png 1170w\" sizes=\"auto, (max-width: 600px) 100vw, 600px\" \/><\/a><\/p>\n<p><a href=\"https:\/\/stjosephdudakota.fr\/wp-content\/uploads\/\/2016\/12\/our-administration-operates-from-central-offices_6140869271_o.jpg\"><img loading=\"lazy\" decoding=\"async\" class=\"alignnone wp-image-5062 size-full\" src=\"https:\/\/stjosephdudakota.fr\/wp-content\/uploads\/\/2016\/12\/our-administration-operates-from-central-offices_6140869271_o.jpg\" alt=\"\" width=\"600\" height=\"400\" srcset=\"https:\/\/stjosefs.wpdev.go2people.nl\/wp-content\/uploads\/2016\/12\/our-administration-operates-from-central-offices_6140869271_o.jpg 600w, https:\/\/stjosefs.wpdev.go2people.nl\/wp-content\/uploads\/2016\/12\/our-administration-operates-from-central-offices_6140869271_o-300x200.jpg 300w\" sizes=\"auto, (max-width: 600px) 100vw, 600px\" \/><\/a><\/p>\n<p><a href=\"https:\/\/stjosephdudakota.fr\/wp-content\/uploads\/\/2019\/03\/playground-2019-03-20.jpg\"><img loading=\"lazy\" decoding=\"async\" class=\"alignnone wp-image-6859\" src=\"https:\/\/stjosephdudakota.fr\/wp-content\/uploads\/\/2019\/03\/playground-2019-03-20.jpg\" alt=\"\" width=\"600\" height=\"400\" srcset=\"https:\/\/stjosefs.wpdev.go2people.nl\/wp-content\/uploads\/2019\/03\/playground-2019-03-20.jpg 2799w, https:\/\/stjosefs.wpdev.go2people.nl\/wp-content\/uploads\/2019\/03\/playground-2019-03-20-300x200.jpg 300w, https:\/\/stjosefs.wpdev.go2people.nl\/wp-content\/uploads\/2019\/03\/playground-2019-03-20-768x512.jpg 768w, https:\/\/stjosefs.wpdev.go2people.nl\/wp-content\/uploads\/2019\/03\/playground-2019-03-20-1024x683.jpg 1024w, https:\/\/stjosefs.wpdev.go2people.nl\/wp-content\/uploads\/2019\/03\/playground-2019-03-20-1170x780.jpg 1170w\" sizes=\"auto, (max-width: 600px) 100vw, 600px\" \/><\/a><\/p>\n<p>&nbsp;<\/p>\n<p>&nbsp;<\/p>\n","protected":false},"excerpt":{"rendered":"<p>Le campus s\u2019\u00e9tend sur 22 hectares et comprend les b\u00e2timents suivants: l&rsquo;\u00e9cole primaire 20 maisons familiales le centre de loisirs une r\u00e9ception centrale les bureaux&#8230;<\/p>\n","protected":false},"author":2,"featured_media":13609,"parent":224,"menu_order":10,"comment_status":"closed","ping_status":"closed","template":"","meta":{"_acf_changed":false,"footnotes":""},"class_list":["post-1706","page","type-page","status-publish","has-post-thumbnail","hentry"],"acf":[],"yoast_head":"<!-- This site is optimized with the Yoast SEO plugin v27.6 - https:\/\/yoast.com\/product\/yoast-seo-wordpress\/ -->\n<title>Campus - St. Josefs Indianer Hilfswerk<\/title>\n<meta name=\"robots\" content=\"index, follow, max-snippet:-1, max-image-preview:large, max-video-preview:-1\" \/>\n<link rel=\"canonical\" href=\"https:\/\/stjosefs.wpdev.go2people.nl\/fr\/ecole\/campus\/\" \/>\n<meta property=\"og:locale\" content=\"fr_FR\" \/>\n<meta property=\"og:type\" content=\"article\" \/>\n<meta property=\"og:title\" content=\"Campus - St. Josefs Indianer Hilfswerk\" \/>\n<meta property=\"og:description\" content=\"Le campus s\u2019\u00e9tend sur 22 hectares et comprend les b\u00e2timents suivants: l&rsquo;\u00e9cole primaire 20 maisons familiales le centre de loisirs une r\u00e9ception centrale les bureaux...\" \/>\n<meta property=\"og:url\" content=\"https:\/\/stjosefs.wpdev.go2people.nl\/fr\/ecole\/campus\/\" \/>\n<meta property=\"og:site_name\" content=\"St. Josefs Indianer Hilfswerk\" \/>\n<meta property=\"article:modified_time\" content=\"2022-09-29T14:25:23+00:00\" \/>\n<meta property=\"og:image\" content=\"https:\/\/stjosefs.wpdev.go2people.nl\/wp-content\/uploads\/2022\/09\/SJD_SJF-header-Arial-view-campus.jpg\" \/>\n\t<meta property=\"og:image:width\" content=\"2000\" \/>\n\t<meta property=\"og:image:height\" content=\"900\" \/>\n\t<meta property=\"og:image:type\" content=\"image\/jpeg\" \/>\n<meta name=\"twitter:card\" content=\"summary_large_image\" \/>\n<meta name=\"twitter:label1\" content=\"Dur\u00e9e de lecture estim\u00e9e\" \/>\n\t<meta name=\"twitter:data1\" content=\"2 minutes\" \/>\n<script type=\"application\/ld+json\" class=\"yoast-schema-graph\">{\"@context\":\"https:\\\/\\\/schema.org\",\"@graph\":[{\"@type\":\"WebPage\",\"@id\":\"https:\\\/\\\/stjosefs.wpdev.go2people.nl\\\/fr\\\/ecole\\\/campus\\\/\",\"url\":\"https:\\\/\\\/stjosefs.wpdev.go2people.nl\\\/fr\\\/ecole\\\/campus\\\/\",\"name\":\"Campus - St. Josefs Indianer Hilfswerk\",\"isPartOf\":{\"@id\":\"https:\\\/\\\/stjosefs.wpdev.go2people.nl\\\/#website\"},\"primaryImageOfPage\":{\"@id\":\"https:\\\/\\\/stjosefs.wpdev.go2people.nl\\\/fr\\\/ecole\\\/campus\\\/#primaryimage\"},\"image\":{\"@id\":\"https:\\\/\\\/stjosefs.wpdev.go2people.nl\\\/fr\\\/ecole\\\/campus\\\/#primaryimage\"},\"thumbnailUrl\":\"https:\\\/\\\/stjosefs.wpdev.go2people.nl\\\/wp-content\\\/uploads\\\/2022\\\/09\\\/SJD_SJF-header-Arial-view-campus.jpg\",\"datePublished\":\"2017-01-10T09:36:18+00:00\",\"dateModified\":\"2022-09-29T14:25:23+00:00\",\"breadcrumb\":{\"@id\":\"https:\\\/\\\/stjosefs.wpdev.go2people.nl\\\/fr\\\/ecole\\\/campus\\\/#breadcrumb\"},\"inLanguage\":\"fr-FR\",\"potentialAction\":[{\"@type\":\"ReadAction\",\"target\":[\"https:\\\/\\\/stjosefs.wpdev.go2people.nl\\\/fr\\\/ecole\\\/campus\\\/\"]}]},{\"@type\":\"ImageObject\",\"inLanguage\":\"fr-FR\",\"@id\":\"https:\\\/\\\/stjosefs.wpdev.go2people.nl\\\/fr\\\/ecole\\\/campus\\\/#primaryimage\",\"url\":\"https:\\\/\\\/stjosefs.wpdev.go2people.nl\\\/wp-content\\\/uploads\\\/2022\\\/09\\\/SJD_SJF-header-Arial-view-campus.jpg\",\"contentUrl\":\"https:\\\/\\\/stjosefs.wpdev.go2people.nl\\\/wp-content\\\/uploads\\\/2022\\\/09\\\/SJD_SJF-header-Arial-view-campus.jpg\",\"width\":2000,\"height\":900},{\"@type\":\"BreadcrumbList\",\"@id\":\"https:\\\/\\\/stjosefs.wpdev.go2people.nl\\\/fr\\\/ecole\\\/campus\\\/#breadcrumb\",\"itemListElement\":[{\"@type\":\"ListItem\",\"position\":1,\"name\":\"Home\",\"item\":\"https:\\\/\\\/stjosefs.wpdev.go2people.nl\\\/fr\\\/\"},{\"@type\":\"ListItem\",\"position\":2,\"name\":\"L&rsquo;\u00e9cole\",\"item\":\"https:\\\/\\\/stjosefs.wpdev.go2people.nl\\\/fr\\\/ecole\\\/\"},{\"@type\":\"ListItem\",\"position\":3,\"name\":\"Campus\"}]},{\"@type\":\"WebSite\",\"@id\":\"https:\\\/\\\/stjosefs.wpdev.go2people.nl\\\/#website\",\"url\":\"https:\\\/\\\/stjosefs.wpdev.go2people.nl\\\/\",\"name\":\"St. Josefs Indianer Hilfswerk\",\"description\":\"F\u00fcr eine bessere Zukunft der Ureinwohnerkinder S\u00fcddakotas\",\"potentialAction\":[{\"@type\":\"SearchAction\",\"target\":{\"@type\":\"EntryPoint\",\"urlTemplate\":\"https:\\\/\\\/stjosefs.wpdev.go2people.nl\\\/?s={search_term_string}\"},\"query-input\":{\"@type\":\"PropertyValueSpecification\",\"valueRequired\":true,\"valueName\":\"search_term_string\"}}],\"inLanguage\":\"fr-FR\"}]}<\/script>\n<!-- \/ Yoast SEO plugin. -->","yoast_head_json":{"title":"Campus - St. Josefs Indianer Hilfswerk","robots":{"index":"index","follow":"follow","max-snippet":"max-snippet:-1","max-image-preview":"max-image-preview:large","max-video-preview":"max-video-preview:-1"},"canonical":"https:\/\/stjosefs.wpdev.go2people.nl\/fr\/ecole\/campus\/","og_locale":"fr_FR","og_type":"article","og_title":"Campus - St. Josefs Indianer Hilfswerk","og_description":"Le campus s\u2019\u00e9tend sur 22 hectares et comprend les b\u00e2timents suivants: l&rsquo;\u00e9cole primaire 20 maisons familiales le centre de loisirs une r\u00e9ception centrale les bureaux...","og_url":"https:\/\/stjosefs.wpdev.go2people.nl\/fr\/ecole\/campus\/","og_site_name":"St. Josefs Indianer Hilfswerk","article_modified_time":"2022-09-29T14:25:23+00:00","og_image":[{"width":2000,"height":900,"url":"https:\/\/stjosefs.wpdev.go2people.nl\/wp-content\/uploads\/2022\/09\/SJD_SJF-header-Arial-view-campus.jpg","type":"image\/jpeg"}],"twitter_card":"summary_large_image","twitter_misc":{"Dur\u00e9e de lecture estim\u00e9e":"2 minutes"},"schema":{"@context":"https:\/\/schema.org","@graph":[{"@type":"WebPage","@id":"https:\/\/stjosefs.wpdev.go2people.nl\/fr\/ecole\/campus\/","url":"https:\/\/stjosefs.wpdev.go2people.nl\/fr\/ecole\/campus\/","name":"Campus - St. Josefs Indianer Hilfswerk","isPartOf":{"@id":"https:\/\/stjosefs.wpdev.go2people.nl\/#website"},"primaryImageOfPage":{"@id":"https:\/\/stjosefs.wpdev.go2people.nl\/fr\/ecole\/campus\/#primaryimage"},"image":{"@id":"https:\/\/stjosefs.wpdev.go2people.nl\/fr\/ecole\/campus\/#primaryimage"},"thumbnailUrl":"https:\/\/stjosefs.wpdev.go2people.nl\/wp-content\/uploads\/2022\/09\/SJD_SJF-header-Arial-view-campus.jpg","datePublished":"2017-01-10T09:36:18+00:00","dateModified":"2022-09-29T14:25:23+00:00","breadcrumb":{"@id":"https:\/\/stjosefs.wpdev.go2people.nl\/fr\/ecole\/campus\/#breadcrumb"},"inLanguage":"fr-FR","potentialAction":[{"@type":"ReadAction","target":["https:\/\/stjosefs.wpdev.go2people.nl\/fr\/ecole\/campus\/"]}]},{"@type":"ImageObject","inLanguage":"fr-FR","@id":"https:\/\/stjosefs.wpdev.go2people.nl\/fr\/ecole\/campus\/#primaryimage","url":"https:\/\/stjosefs.wpdev.go2people.nl\/wp-content\/uploads\/2022\/09\/SJD_SJF-header-Arial-view-campus.jpg","contentUrl":"https:\/\/stjosefs.wpdev.go2people.nl\/wp-content\/uploads\/2022\/09\/SJD_SJF-header-Arial-view-campus.jpg","width":2000,"height":900},{"@type":"BreadcrumbList","@id":"https:\/\/stjosefs.wpdev.go2people.nl\/fr\/ecole\/campus\/#breadcrumb","itemListElement":[{"@type":"ListItem","position":1,"name":"Home","item":"https:\/\/stjosefs.wpdev.go2people.nl\/fr\/"},{"@type":"ListItem","position":2,"name":"L&rsquo;\u00e9cole","item":"https:\/\/stjosefs.wpdev.go2people.nl\/fr\/ecole\/"},{"@type":"ListItem","position":3,"name":"Campus"}]},{"@type":"WebSite","@id":"https:\/\/stjosefs.wpdev.go2people.nl\/#website","url":"https:\/\/stjosefs.wpdev.go2people.nl\/","name":"St. Josefs Indianer Hilfswerk","description":"F\u00fcr eine bessere Zukunft der Ureinwohnerkinder S\u00fcddakotas","potentialAction":[{"@type":"SearchAction","target":{"@type":"EntryPoint","urlTemplate":"https:\/\/stjosefs.wpdev.go2people.nl\/?s={search_term_string}"},"query-input":{"@type":"PropertyValueSpecification","valueRequired":true,"valueName":"search_term_string"}}],"inLanguage":"fr-FR"}]}},"_links":{"self":[{"href":"https:\/\/stjosefs.wpdev.go2people.nl\/fr\/wp-json\/wp\/v2\/pages\/1706","targetHints":{"allow":["GET"]}}],"collection":[{"href":"https:\/\/stjosefs.wpdev.go2people.nl\/fr\/wp-json\/wp\/v2\/pages"}],"about":[{"href":"https:\/\/stjosefs.wpdev.go2people.nl\/fr\/wp-json\/wp\/v2\/types\/page"}],"author":[{"embeddable":true,"href":"https:\/\/stjosefs.wpdev.go2people.nl\/fr\/wp-json\/wp\/v2\/users\/2"}],"replies":[{"embeddable":true,"href":"https:\/\/stjosefs.wpdev.go2people.nl\/fr\/wp-json\/wp\/v2\/comments?post=1706"}],"version-history":[{"count":21,"href":"https:\/\/stjosefs.wpdev.go2people.nl\/fr\/wp-json\/wp\/v2\/pages\/1706\/revisions"}],"predecessor-version":[{"id":13688,"href":"https:\/\/stjosefs.wpdev.go2people.nl\/fr\/wp-json\/wp\/v2\/pages\/1706\/revisions\/13688"}],"up":[{"embeddable":true,"href":"https:\/\/stjosefs.wpdev.go2people.nl\/fr\/wp-json\/wp\/v2\/pages\/224"}],"wp:featuredmedia":[{"embeddable":true,"href":"https:\/\/stjosefs.wpdev.go2people.nl\/fr\/wp-json\/wp\/v2\/media\/13609"}],"wp:attachment":[{"href":"https:\/\/stjosefs.wpdev.go2people.nl\/fr\/wp-json\/wp\/v2\/media?parent=1706"}],"curies":[{"name":"wp","href":"https:\/\/api.w.org\/{rel}","templated":true}]}}