{"id":1682,"date":"2017-01-09T16:43:08","date_gmt":"2017-01-09T15:43:08","guid":{"rendered":"https:\/\/stjosefs.wp2.go2people.nl\/fr\/?page_id=1682"},"modified":"2022-05-16T14:15:14","modified_gmt":"2022-05-16T12:15:14","slug":"rites-et-legendes-lakotas","status":"publish","type":"page","link":"https:\/\/stjosefs.wpdev.go2people.nl\/fr\/culture-des-lakota\/rites-et-legendes-lakotas\/","title":{"rendered":"Rites et l\u00e9gendes Lakotas"},"content":{"rendered":"<p class=\"intro\">Alors que la culture am\u00e9rindienne a d\u00fb se battre pour survivre au travers des si\u00e8cles de d\u00e9placement forc\u00e9 et d\u2019assimilation, les histoires et les l\u00e9gendes pass\u00e9es de g\u00e9n\u00e9ration en g\u00e9n\u00e9ration refusent de disparaitre.<\/p>\n<p>Peut-\u00eatre est-ce d\u00fb \u00e0 leur message commun et intemporel de paix et d\u2019harmonie avec la nature et tous les \u00eatres vivants.<br \/>\nIl y a des ann\u00e9es de cela, la terre am\u00e9ricaine abritait des milliers de tribus aux diverses croyances et coutumes, vivant dans des tipis et autres formes d\u2019habitation.<\/p>\n<p>Les peuples chassaient, p\u00eachaient et cultivaient la terre, ne prenant que ce qui \u00e9tait n\u00e9cessaire et tirant le meilleur de chaque animal tu\u00e9 ou de chaque plante r\u00e9colt\u00e9e.<\/p>\n<p>Alors que les cultures et les coutumes variaient, toutes les croyances am\u00e9ricaines \u00e9taient bas\u00e9es sur une croyance commune\u2026 celle que l\u2019ensemble de l\u2019univers \u00e9tait li\u00e9 par les esprits habitant toute vie naturelle : celle des plantes, des animaux, des humains, de l\u2019eau, de l\u2019air et de la terre.<\/p>\n<p><a href=\"\/rites-et-legendes-lakotas\/\" target=\"_self\" rel=\"noopener\"><strong>Les rites et l\u00e9gendes<\/strong><\/a> qui suivent ne sont que quelques-unes parmi les nombreuses histoires et l\u00e9gendes racont\u00e9es par les tribus am\u00e9rindiennes des Plaines du Nord.<\/p>\n<h2><\/h2>\n","protected":false},"excerpt":{"rendered":"<p>Alors que la culture am\u00e9rindienne a d\u00fb se battre pour survivre au travers des si\u00e8cles de d\u00e9placement forc\u00e9 et d\u2019assimilation, les histoires et les l\u00e9gendes&#8230;<\/p>\n","protected":false},"author":2,"featured_media":2159,"parent":235,"menu_order":0,"comment_status":"closed","ping_status":"closed","template":"","meta":{"_acf_changed":false,"footnotes":""},"class_list":["post-1682","page","type-page","status-publish","has-post-thumbnail","hentry"],"acf":[],"yoast_head":"<!-- This site is optimized with the Yoast SEO plugin v27.6 - https:\/\/yoast.com\/product\/yoast-seo-wordpress\/ -->\n<title>Rites et l\u00e9gendes Lakotas - St. Josefs Indianer Hilfswerk<\/title>\n<meta name=\"robots\" content=\"index, follow, max-snippet:-1, max-image-preview:large, max-video-preview:-1\" \/>\n<link rel=\"canonical\" href=\"https:\/\/stjosefs.wpdev.go2people.nl\/fr\/culture-des-lakota\/rites-et-legendes-lakotas\/\" \/>\n<meta property=\"og:locale\" content=\"fr_FR\" \/>\n<meta property=\"og:type\" content=\"article\" \/>\n<meta property=\"og:title\" content=\"Rites et l\u00e9gendes Lakotas - St. Josefs Indianer Hilfswerk\" \/>\n<meta property=\"og:description\" content=\"Alors que la culture am\u00e9rindienne a d\u00fb se battre pour survivre au travers des si\u00e8cles de d\u00e9placement forc\u00e9 et d\u2019assimilation, les histoires et les l\u00e9gendes...\" \/>\n<meta property=\"og:url\" content=\"https:\/\/stjosefs.wpdev.go2people.nl\/fr\/culture-des-lakota\/rites-et-legendes-lakotas\/\" \/>\n<meta property=\"og:site_name\" content=\"St. Josefs Indianer Hilfswerk\" \/>\n<meta property=\"article:modified_time\" content=\"2022-05-16T12:15:14+00:00\" \/>\n<meta property=\"og:image\" content=\"https:\/\/stjosefs.wpdev.go2people.nl\/wp-content\/uploads\/2016\/12\/sagen-und-legenden.jpg\" \/>\n\t<meta property=\"og:image:width\" content=\"3200\" \/>\n\t<meta property=\"og:image:height\" content=\"2176\" \/>\n\t<meta property=\"og:image:type\" content=\"image\/jpeg\" \/>\n<meta name=\"twitter:card\" content=\"summary_large_image\" \/>\n<meta name=\"twitter:label1\" content=\"Dur\u00e9e de lecture estim\u00e9e\" \/>\n\t<meta name=\"twitter:data1\" content=\"1 minute\" \/>\n<script type=\"application\/ld+json\" class=\"yoast-schema-graph\">{\"@context\":\"https:\\\/\\\/schema.org\",\"@graph\":[{\"@type\":\"WebPage\",\"@id\":\"https:\\\/\\\/stjosefs.wpdev.go2people.nl\\\/fr\\\/culture-des-lakota\\\/rites-et-legendes-lakotas\\\/\",\"url\":\"https:\\\/\\\/stjosefs.wpdev.go2people.nl\\\/fr\\\/culture-des-lakota\\\/rites-et-legendes-lakotas\\\/\",\"name\":\"Rites et l\u00e9gendes Lakotas - St. Josefs Indianer Hilfswerk\",\"isPartOf\":{\"@id\":\"https:\\\/\\\/stjosefs.wpdev.go2people.nl\\\/#website\"},\"primaryImageOfPage\":{\"@id\":\"https:\\\/\\\/stjosefs.wpdev.go2people.nl\\\/fr\\\/culture-des-lakota\\\/rites-et-legendes-lakotas\\\/#primaryimage\"},\"image\":{\"@id\":\"https:\\\/\\\/stjosefs.wpdev.go2people.nl\\\/fr\\\/culture-des-lakota\\\/rites-et-legendes-lakotas\\\/#primaryimage\"},\"thumbnailUrl\":\"https:\\\/\\\/stjosefs.wpdev.go2people.nl\\\/wp-content\\\/uploads\\\/2016\\\/12\\\/sagen-und-legenden.jpg\",\"datePublished\":\"2017-01-09T15:43:08+00:00\",\"dateModified\":\"2022-05-16T12:15:14+00:00\",\"breadcrumb\":{\"@id\":\"https:\\\/\\\/stjosefs.wpdev.go2people.nl\\\/fr\\\/culture-des-lakota\\\/rites-et-legendes-lakotas\\\/#breadcrumb\"},\"inLanguage\":\"fr-FR\",\"potentialAction\":[{\"@type\":\"ReadAction\",\"target\":[\"https:\\\/\\\/stjosefs.wpdev.go2people.nl\\\/fr\\\/culture-des-lakota\\\/rites-et-legendes-lakotas\\\/\"]}]},{\"@type\":\"ImageObject\",\"inLanguage\":\"fr-FR\",\"@id\":\"https:\\\/\\\/stjosefs.wpdev.go2people.nl\\\/fr\\\/culture-des-lakota\\\/rites-et-legendes-lakotas\\\/#primaryimage\",\"url\":\"https:\\\/\\\/stjosefs.wpdev.go2people.nl\\\/wp-content\\\/uploads\\\/2016\\\/12\\\/sagen-und-legenden.jpg\",\"contentUrl\":\"https:\\\/\\\/stjosefs.wpdev.go2people.nl\\\/wp-content\\\/uploads\\\/2016\\\/12\\\/sagen-und-legenden.jpg\",\"width\":3200,\"height\":2176,\"caption\":\"sagen und legenden\"},{\"@type\":\"BreadcrumbList\",\"@id\":\"https:\\\/\\\/stjosefs.wpdev.go2people.nl\\\/fr\\\/culture-des-lakota\\\/rites-et-legendes-lakotas\\\/#breadcrumb\",\"itemListElement\":[{\"@type\":\"ListItem\",\"position\":1,\"name\":\"Home\",\"item\":\"https:\\\/\\\/stjosefs.wpdev.go2people.nl\\\/fr\\\/\"},{\"@type\":\"ListItem\",\"position\":2,\"name\":\"La culture lakota\",\"item\":\"https:\\\/\\\/stjosefs.wpdev.go2people.nl\\\/fr\\\/culture-des-lakota\\\/\"},{\"@type\":\"ListItem\",\"position\":3,\"name\":\"Rites et l\u00e9gendes Lakotas\"}]},{\"@type\":\"WebSite\",\"@id\":\"https:\\\/\\\/stjosefs.wpdev.go2people.nl\\\/#website\",\"url\":\"https:\\\/\\\/stjosefs.wpdev.go2people.nl\\\/\",\"name\":\"St. Josefs Indianer Hilfswerk\",\"description\":\"F\u00fcr eine bessere Zukunft der Ureinwohnerkinder S\u00fcddakotas\",\"potentialAction\":[{\"@type\":\"SearchAction\",\"target\":{\"@type\":\"EntryPoint\",\"urlTemplate\":\"https:\\\/\\\/stjosefs.wpdev.go2people.nl\\\/?s={search_term_string}\"},\"query-input\":{\"@type\":\"PropertyValueSpecification\",\"valueRequired\":true,\"valueName\":\"search_term_string\"}}],\"inLanguage\":\"fr-FR\"}]}<\/script>\n<!-- \/ Yoast SEO plugin. -->","yoast_head_json":{"title":"Rites et l\u00e9gendes Lakotas - St. Josefs Indianer Hilfswerk","robots":{"index":"index","follow":"follow","max-snippet":"max-snippet:-1","max-image-preview":"max-image-preview:large","max-video-preview":"max-video-preview:-1"},"canonical":"https:\/\/stjosefs.wpdev.go2people.nl\/fr\/culture-des-lakota\/rites-et-legendes-lakotas\/","og_locale":"fr_FR","og_type":"article","og_title":"Rites et l\u00e9gendes Lakotas - St. Josefs Indianer Hilfswerk","og_description":"Alors que la culture am\u00e9rindienne a d\u00fb se battre pour survivre au travers des si\u00e8cles de d\u00e9placement forc\u00e9 et d\u2019assimilation, les histoires et les l\u00e9gendes...","og_url":"https:\/\/stjosefs.wpdev.go2people.nl\/fr\/culture-des-lakota\/rites-et-legendes-lakotas\/","og_site_name":"St. Josefs Indianer Hilfswerk","article_modified_time":"2022-05-16T12:15:14+00:00","og_image":[{"width":3200,"height":2176,"url":"https:\/\/stjosefs.wpdev.go2people.nl\/wp-content\/uploads\/2016\/12\/sagen-und-legenden.jpg","type":"image\/jpeg"}],"twitter_card":"summary_large_image","twitter_misc":{"Dur\u00e9e de lecture estim\u00e9e":"1 minute"},"schema":{"@context":"https:\/\/schema.org","@graph":[{"@type":"WebPage","@id":"https:\/\/stjosefs.wpdev.go2people.nl\/fr\/culture-des-lakota\/rites-et-legendes-lakotas\/","url":"https:\/\/stjosefs.wpdev.go2people.nl\/fr\/culture-des-lakota\/rites-et-legendes-lakotas\/","name":"Rites et l\u00e9gendes Lakotas - St. Josefs Indianer Hilfswerk","isPartOf":{"@id":"https:\/\/stjosefs.wpdev.go2people.nl\/#website"},"primaryImageOfPage":{"@id":"https:\/\/stjosefs.wpdev.go2people.nl\/fr\/culture-des-lakota\/rites-et-legendes-lakotas\/#primaryimage"},"image":{"@id":"https:\/\/stjosefs.wpdev.go2people.nl\/fr\/culture-des-lakota\/rites-et-legendes-lakotas\/#primaryimage"},"thumbnailUrl":"https:\/\/stjosefs.wpdev.go2people.nl\/wp-content\/uploads\/2016\/12\/sagen-und-legenden.jpg","datePublished":"2017-01-09T15:43:08+00:00","dateModified":"2022-05-16T12:15:14+00:00","breadcrumb":{"@id":"https:\/\/stjosefs.wpdev.go2people.nl\/fr\/culture-des-lakota\/rites-et-legendes-lakotas\/#breadcrumb"},"inLanguage":"fr-FR","potentialAction":[{"@type":"ReadAction","target":["https:\/\/stjosefs.wpdev.go2people.nl\/fr\/culture-des-lakota\/rites-et-legendes-lakotas\/"]}]},{"@type":"ImageObject","inLanguage":"fr-FR","@id":"https:\/\/stjosefs.wpdev.go2people.nl\/fr\/culture-des-lakota\/rites-et-legendes-lakotas\/#primaryimage","url":"https:\/\/stjosefs.wpdev.go2people.nl\/wp-content\/uploads\/2016\/12\/sagen-und-legenden.jpg","contentUrl":"https:\/\/stjosefs.wpdev.go2people.nl\/wp-content\/uploads\/2016\/12\/sagen-und-legenden.jpg","width":3200,"height":2176,"caption":"sagen und legenden"},{"@type":"BreadcrumbList","@id":"https:\/\/stjosefs.wpdev.go2people.nl\/fr\/culture-des-lakota\/rites-et-legendes-lakotas\/#breadcrumb","itemListElement":[{"@type":"ListItem","position":1,"name":"Home","item":"https:\/\/stjosefs.wpdev.go2people.nl\/fr\/"},{"@type":"ListItem","position":2,"name":"La culture lakota","item":"https:\/\/stjosefs.wpdev.go2people.nl\/fr\/culture-des-lakota\/"},{"@type":"ListItem","position":3,"name":"Rites et l\u00e9gendes Lakotas"}]},{"@type":"WebSite","@id":"https:\/\/stjosefs.wpdev.go2people.nl\/#website","url":"https:\/\/stjosefs.wpdev.go2people.nl\/","name":"St. Josefs Indianer Hilfswerk","description":"F\u00fcr eine bessere Zukunft der Ureinwohnerkinder S\u00fcddakotas","potentialAction":[{"@type":"SearchAction","target":{"@type":"EntryPoint","urlTemplate":"https:\/\/stjosefs.wpdev.go2people.nl\/?s={search_term_string}"},"query-input":{"@type":"PropertyValueSpecification","valueRequired":true,"valueName":"search_term_string"}}],"inLanguage":"fr-FR"}]}},"_links":{"self":[{"href":"https:\/\/stjosefs.wpdev.go2people.nl\/fr\/wp-json\/wp\/v2\/pages\/1682","targetHints":{"allow":["GET"]}}],"collection":[{"href":"https:\/\/stjosefs.wpdev.go2people.nl\/fr\/wp-json\/wp\/v2\/pages"}],"about":[{"href":"https:\/\/stjosefs.wpdev.go2people.nl\/fr\/wp-json\/wp\/v2\/types\/page"}],"author":[{"embeddable":true,"href":"https:\/\/stjosefs.wpdev.go2people.nl\/fr\/wp-json\/wp\/v2\/users\/2"}],"replies":[{"embeddable":true,"href":"https:\/\/stjosefs.wpdev.go2people.nl\/fr\/wp-json\/wp\/v2\/comments?post=1682"}],"version-history":[{"count":9,"href":"https:\/\/stjosefs.wpdev.go2people.nl\/fr\/wp-json\/wp\/v2\/pages\/1682\/revisions"}],"predecessor-version":[{"id":13029,"href":"https:\/\/stjosefs.wpdev.go2people.nl\/fr\/wp-json\/wp\/v2\/pages\/1682\/revisions\/13029"}],"up":[{"embeddable":true,"href":"https:\/\/stjosefs.wpdev.go2people.nl\/fr\/wp-json\/wp\/v2\/pages\/235"}],"wp:featuredmedia":[{"embeddable":true,"href":"https:\/\/stjosefs.wpdev.go2people.nl\/fr\/wp-json\/wp\/v2\/media\/2159"}],"wp:attachment":[{"href":"https:\/\/stjosefs.wpdev.go2people.nl\/fr\/wp-json\/wp\/v2\/media?parent=1682"}],"curies":[{"name":"wp","href":"https:\/\/api.w.org\/{rel}","templated":true}]}}