{"id":1680,"date":"2017-01-09T16:41:08","date_gmt":"2017-01-09T15:41:08","guid":{"rendered":"https:\/\/stjosefs.wp2.go2people.nl\/fr\/?page_id=1680"},"modified":"2022-05-16T12:15:37","modified_gmt":"2022-05-16T10:15:37","slug":"la-legende-de-lattrape-reves","status":"publish","type":"page","link":"https:\/\/stjosefs.wpdev.go2people.nl\/fr\/culture-des-lakota\/la-legende-de-lattrape-reves\/","title":{"rendered":"La l\u00e9gende de l\u2019attrape r\u00eaves"},"content":{"rendered":"<p class=\"intro\">Il y a bien longtemps, lorsque le monde \u00e9tait encore r\u00e9cent, un ancien guide spirituel lakota eut une vision alors qu\u2019il \u00e9tait sur une montagne. Dans sa vision, Iktomi, l\u2019esprit farceur et grand sage, apparut sous la forme d\u2019une araign\u00e9e.<\/p>\n<p>Iktomi lui parla dans une langue sacr\u00e9e. Alors qu\u2019il parlait, Iktomi prit le cerceau de saule de l\u2019ancien, fait de plumes, de crins de chevaux, de perles et d\u2019offrandes, et commen\u00e7a \u00e0 tisser une toile.<\/p>\n<p><strong><a title=\"Brochure attrape-r\u00eaves\" href=\"https:\/\/stjosephdudakota.fr\/demande-de-brochure\/\">Recevez gratuitement la brochure de l\u2019attrape-r\u00eaves avec les instructions pour fabriquer votre propre attrape-r\u00eaves<\/a><\/strong><\/p>\n<p>Il parla \u00e0 l\u2019ancien des cycles de la vie; comment nous commen\u00e7ons notre vie en tant que b\u00e9b\u00e9s, pour ensuite passer par l\u2019enfance et l\u2019\u00e2ge adulte. Finalement, nous atteignons la vieillesse, \u00e2ge auquel les autres doivent s\u2019occuper de nous comme des enfants, compl\u00e9tant ainsi le cycle de la vie. \u00ab Mais, \u00bb dit Iktomi alors qu\u2019il continuait de tisser sa toile, \u00ab chaque \u00e9tape de la vie connait ses propres forces; des bonnes et des mauvaises. Si tu \u00e9coutes les bonnes, elles te guideront dans la bonne direction. Mais si tu \u00e9coutes les mauvaises, elles te guideront dans la mauvaise direction et risqueront de te faire du mal. Donc ces forces peuvent aider, ou interf\u00e9rer avec l\u2019harmonie de la Nature. \u00bb Alors que l\u2019araign\u00e9e parlait, elle continuait \u00e0 tisser sa toile.<\/p>\n<p>Apr\u00e8s avoir fini de parler, Iktomi donna la toile \u00e0 l\u2019ancien et lui dit, \u00ab La toile est un cercle parfait avec un trou au centre. Utilise la toile pour aider ton peuple \u00e0 atteindre ses buts, en faisant bon usage de ses id\u00e9es, ses r\u00eaves et ses visions. Si tu crois au grand esprit, la toile attrapera tes bonnes id\u00e9es et les mauvaises passeront au travers du trou. \u00bb L\u2019ancien fit part de sa vision au peuple et d\u00e9sormais, beaucoup d\u2019Indiens accrochent un attrape-r\u00eaves au-dessus de leur lit pour filtrer leurs r\u00eaves et visions. Les bons sont captur\u00e9s dans la toile de la vie et port\u00e9s par le peuple, mais le mal pr\u00e9sent dans leurs r\u00eaves tombe dans le trou au centre de la toile et disparait de leur vie. On raconte que l\u2019attrape-r\u00eaves d\u00e9tient le destin du futur.<\/p>\n","protected":false},"excerpt":{"rendered":"<p>Il y a bien longtemps, lorsque le monde \u00e9tait encore r\u00e9cent, un ancien guide spirituel lakota eut une vision alors qu\u2019il \u00e9tait sur une montagne&#8230;.<\/p>\n","protected":false},"author":2,"featured_media":2661,"parent":235,"menu_order":0,"comment_status":"closed","ping_status":"closed","template":"","meta":{"_acf_changed":false,"footnotes":""},"class_list":["post-1680","page","type-page","status-publish","has-post-thumbnail","hentry"],"acf":[],"yoast_head":"<!-- This site is optimized with the Yoast SEO plugin v27.6 - https:\/\/yoast.com\/product\/yoast-seo-wordpress\/ -->\n<title>La l\u00e9gende de l\u2019attrape r\u00eaves - St. Josefs Indianer Hilfswerk<\/title>\n<meta name=\"robots\" content=\"index, follow, max-snippet:-1, max-image-preview:large, max-video-preview:-1\" \/>\n<link rel=\"canonical\" href=\"https:\/\/stjosefs.wpdev.go2people.nl\/fr\/culture-des-lakota\/la-legende-de-lattrape-reves\/\" \/>\n<meta property=\"og:locale\" content=\"fr_FR\" \/>\n<meta property=\"og:type\" content=\"article\" \/>\n<meta property=\"og:title\" content=\"La l\u00e9gende de l\u2019attrape r\u00eaves - St. Josefs Indianer Hilfswerk\" \/>\n<meta property=\"og:description\" content=\"Il y a bien longtemps, lorsque le monde \u00e9tait encore r\u00e9cent, un ancien guide spirituel lakota eut une vision alors qu\u2019il \u00e9tait sur une montagne....\" \/>\n<meta property=\"og:url\" content=\"https:\/\/stjosefs.wpdev.go2people.nl\/fr\/culture-des-lakota\/la-legende-de-lattrape-reves\/\" \/>\n<meta property=\"og:site_name\" content=\"St. Josefs Indianer Hilfswerk\" \/>\n<meta property=\"article:modified_time\" content=\"2022-05-16T10:15:37+00:00\" \/>\n<meta property=\"og:image\" content=\"https:\/\/stjosefs.wpdev.go2people.nl\/wp-content\/uploads\/2017\/01\/La-l\u00e9gende-de-l\u2019attrape-r\u00eaves-1024x683.jpg\" \/>\n\t<meta property=\"og:image:width\" content=\"1024\" \/>\n\t<meta property=\"og:image:height\" content=\"683\" \/>\n\t<meta property=\"og:image:type\" content=\"image\/jpeg\" \/>\n<meta name=\"twitter:card\" content=\"summary_large_image\" \/>\n<meta name=\"twitter:label1\" content=\"Dur\u00e9e de lecture estim\u00e9e\" \/>\n\t<meta name=\"twitter:data1\" content=\"2 minutes\" \/>\n<script type=\"application\/ld+json\" class=\"yoast-schema-graph\">{\"@context\":\"https:\\\/\\\/schema.org\",\"@graph\":[{\"@type\":\"WebPage\",\"@id\":\"https:\\\/\\\/stjosefs.wpdev.go2people.nl\\\/fr\\\/culture-des-lakota\\\/la-legende-de-lattrape-reves\\\/\",\"url\":\"https:\\\/\\\/stjosefs.wpdev.go2people.nl\\\/fr\\\/culture-des-lakota\\\/la-legende-de-lattrape-reves\\\/\",\"name\":\"La l\u00e9gende de l\u2019attrape r\u00eaves - St. Josefs Indianer Hilfswerk\",\"isPartOf\":{\"@id\":\"https:\\\/\\\/stjosefs.wpdev.go2people.nl\\\/#website\"},\"primaryImageOfPage\":{\"@id\":\"https:\\\/\\\/stjosefs.wpdev.go2people.nl\\\/fr\\\/culture-des-lakota\\\/la-legende-de-lattrape-reves\\\/#primaryimage\"},\"image\":{\"@id\":\"https:\\\/\\\/stjosefs.wpdev.go2people.nl\\\/fr\\\/culture-des-lakota\\\/la-legende-de-lattrape-reves\\\/#primaryimage\"},\"thumbnailUrl\":\"https:\\\/\\\/stjosefs.wpdev.go2people.nl\\\/wp-content\\\/uploads\\\/2017\\\/01\\\/La-l\u00e9gende-de-l\u2019attrape-r\u00eaves.jpg\",\"datePublished\":\"2017-01-09T15:41:08+00:00\",\"dateModified\":\"2022-05-16T10:15:37+00:00\",\"breadcrumb\":{\"@id\":\"https:\\\/\\\/stjosefs.wpdev.go2people.nl\\\/fr\\\/culture-des-lakota\\\/la-legende-de-lattrape-reves\\\/#breadcrumb\"},\"inLanguage\":\"fr-FR\",\"potentialAction\":[{\"@type\":\"ReadAction\",\"target\":[\"https:\\\/\\\/stjosefs.wpdev.go2people.nl\\\/fr\\\/culture-des-lakota\\\/la-legende-de-lattrape-reves\\\/\"]}]},{\"@type\":\"ImageObject\",\"inLanguage\":\"fr-FR\",\"@id\":\"https:\\\/\\\/stjosefs.wpdev.go2people.nl\\\/fr\\\/culture-des-lakota\\\/la-legende-de-lattrape-reves\\\/#primaryimage\",\"url\":\"https:\\\/\\\/stjosefs.wpdev.go2people.nl\\\/wp-content\\\/uploads\\\/2017\\\/01\\\/La-l\u00e9gende-de-l\u2019attrape-r\u00eaves.jpg\",\"contentUrl\":\"https:\\\/\\\/stjosefs.wpdev.go2people.nl\\\/wp-content\\\/uploads\\\/2017\\\/01\\\/La-l\u00e9gende-de-l\u2019attrape-r\u00eaves.jpg\",\"width\":5760,\"height\":3840,\"caption\":\"La-l\u00e9gende-de-l\u2019attrape-r\u00eaves\"},{\"@type\":\"BreadcrumbList\",\"@id\":\"https:\\\/\\\/stjosefs.wpdev.go2people.nl\\\/fr\\\/culture-des-lakota\\\/la-legende-de-lattrape-reves\\\/#breadcrumb\",\"itemListElement\":[{\"@type\":\"ListItem\",\"position\":1,\"name\":\"Home\",\"item\":\"https:\\\/\\\/stjosefs.wpdev.go2people.nl\\\/fr\\\/\"},{\"@type\":\"ListItem\",\"position\":2,\"name\":\"La culture lakota\",\"item\":\"https:\\\/\\\/stjosefs.wpdev.go2people.nl\\\/fr\\\/culture-des-lakota\\\/\"},{\"@type\":\"ListItem\",\"position\":3,\"name\":\"La l\u00e9gende de l\u2019attrape r\u00eaves\"}]},{\"@type\":\"WebSite\",\"@id\":\"https:\\\/\\\/stjosefs.wpdev.go2people.nl\\\/#website\",\"url\":\"https:\\\/\\\/stjosefs.wpdev.go2people.nl\\\/\",\"name\":\"St. Josefs Indianer Hilfswerk\",\"description\":\"F\u00fcr eine bessere Zukunft der Ureinwohnerkinder S\u00fcddakotas\",\"potentialAction\":[{\"@type\":\"SearchAction\",\"target\":{\"@type\":\"EntryPoint\",\"urlTemplate\":\"https:\\\/\\\/stjosefs.wpdev.go2people.nl\\\/?s={search_term_string}\"},\"query-input\":{\"@type\":\"PropertyValueSpecification\",\"valueRequired\":true,\"valueName\":\"search_term_string\"}}],\"inLanguage\":\"fr-FR\"}]}<\/script>\n<!-- \/ Yoast SEO plugin. -->","yoast_head_json":{"title":"La l\u00e9gende de l\u2019attrape r\u00eaves - St. Josefs Indianer Hilfswerk","robots":{"index":"index","follow":"follow","max-snippet":"max-snippet:-1","max-image-preview":"max-image-preview:large","max-video-preview":"max-video-preview:-1"},"canonical":"https:\/\/stjosefs.wpdev.go2people.nl\/fr\/culture-des-lakota\/la-legende-de-lattrape-reves\/","og_locale":"fr_FR","og_type":"article","og_title":"La l\u00e9gende de l\u2019attrape r\u00eaves - St. Josefs Indianer Hilfswerk","og_description":"Il y a bien longtemps, lorsque le monde \u00e9tait encore r\u00e9cent, un ancien guide spirituel lakota eut une vision alors qu\u2019il \u00e9tait sur une montagne....","og_url":"https:\/\/stjosefs.wpdev.go2people.nl\/fr\/culture-des-lakota\/la-legende-de-lattrape-reves\/","og_site_name":"St. Josefs Indianer Hilfswerk","article_modified_time":"2022-05-16T10:15:37+00:00","og_image":[{"width":1024,"height":683,"url":"https:\/\/stjosefs.wpdev.go2people.nl\/wp-content\/uploads\/2017\/01\/La-l\u00e9gende-de-l\u2019attrape-r\u00eaves-1024x683.jpg","type":"image\/jpeg"}],"twitter_card":"summary_large_image","twitter_misc":{"Dur\u00e9e de lecture estim\u00e9e":"2 minutes"},"schema":{"@context":"https:\/\/schema.org","@graph":[{"@type":"WebPage","@id":"https:\/\/stjosefs.wpdev.go2people.nl\/fr\/culture-des-lakota\/la-legende-de-lattrape-reves\/","url":"https:\/\/stjosefs.wpdev.go2people.nl\/fr\/culture-des-lakota\/la-legende-de-lattrape-reves\/","name":"La l\u00e9gende de l\u2019attrape r\u00eaves - St. Josefs Indianer Hilfswerk","isPartOf":{"@id":"https:\/\/stjosefs.wpdev.go2people.nl\/#website"},"primaryImageOfPage":{"@id":"https:\/\/stjosefs.wpdev.go2people.nl\/fr\/culture-des-lakota\/la-legende-de-lattrape-reves\/#primaryimage"},"image":{"@id":"https:\/\/stjosefs.wpdev.go2people.nl\/fr\/culture-des-lakota\/la-legende-de-lattrape-reves\/#primaryimage"},"thumbnailUrl":"https:\/\/stjosefs.wpdev.go2people.nl\/wp-content\/uploads\/2017\/01\/La-l\u00e9gende-de-l\u2019attrape-r\u00eaves.jpg","datePublished":"2017-01-09T15:41:08+00:00","dateModified":"2022-05-16T10:15:37+00:00","breadcrumb":{"@id":"https:\/\/stjosefs.wpdev.go2people.nl\/fr\/culture-des-lakota\/la-legende-de-lattrape-reves\/#breadcrumb"},"inLanguage":"fr-FR","potentialAction":[{"@type":"ReadAction","target":["https:\/\/stjosefs.wpdev.go2people.nl\/fr\/culture-des-lakota\/la-legende-de-lattrape-reves\/"]}]},{"@type":"ImageObject","inLanguage":"fr-FR","@id":"https:\/\/stjosefs.wpdev.go2people.nl\/fr\/culture-des-lakota\/la-legende-de-lattrape-reves\/#primaryimage","url":"https:\/\/stjosefs.wpdev.go2people.nl\/wp-content\/uploads\/2017\/01\/La-l\u00e9gende-de-l\u2019attrape-r\u00eaves.jpg","contentUrl":"https:\/\/stjosefs.wpdev.go2people.nl\/wp-content\/uploads\/2017\/01\/La-l\u00e9gende-de-l\u2019attrape-r\u00eaves.jpg","width":5760,"height":3840,"caption":"La-l\u00e9gende-de-l\u2019attrape-r\u00eaves"},{"@type":"BreadcrumbList","@id":"https:\/\/stjosefs.wpdev.go2people.nl\/fr\/culture-des-lakota\/la-legende-de-lattrape-reves\/#breadcrumb","itemListElement":[{"@type":"ListItem","position":1,"name":"Home","item":"https:\/\/stjosefs.wpdev.go2people.nl\/fr\/"},{"@type":"ListItem","position":2,"name":"La culture lakota","item":"https:\/\/stjosefs.wpdev.go2people.nl\/fr\/culture-des-lakota\/"},{"@type":"ListItem","position":3,"name":"La l\u00e9gende de l\u2019attrape r\u00eaves"}]},{"@type":"WebSite","@id":"https:\/\/stjosefs.wpdev.go2people.nl\/#website","url":"https:\/\/stjosefs.wpdev.go2people.nl\/","name":"St. Josefs Indianer Hilfswerk","description":"F\u00fcr eine bessere Zukunft der Ureinwohnerkinder S\u00fcddakotas","potentialAction":[{"@type":"SearchAction","target":{"@type":"EntryPoint","urlTemplate":"https:\/\/stjosefs.wpdev.go2people.nl\/?s={search_term_string}"},"query-input":{"@type":"PropertyValueSpecification","valueRequired":true,"valueName":"search_term_string"}}],"inLanguage":"fr-FR"}]}},"_links":{"self":[{"href":"https:\/\/stjosefs.wpdev.go2people.nl\/fr\/wp-json\/wp\/v2\/pages\/1680","targetHints":{"allow":["GET"]}}],"collection":[{"href":"https:\/\/stjosefs.wpdev.go2people.nl\/fr\/wp-json\/wp\/v2\/pages"}],"about":[{"href":"https:\/\/stjosefs.wpdev.go2people.nl\/fr\/wp-json\/wp\/v2\/types\/page"}],"author":[{"embeddable":true,"href":"https:\/\/stjosefs.wpdev.go2people.nl\/fr\/wp-json\/wp\/v2\/users\/2"}],"replies":[{"embeddable":true,"href":"https:\/\/stjosefs.wpdev.go2people.nl\/fr\/wp-json\/wp\/v2\/comments?post=1680"}],"version-history":[{"count":6,"href":"https:\/\/stjosefs.wpdev.go2people.nl\/fr\/wp-json\/wp\/v2\/pages\/1680\/revisions"}],"predecessor-version":[{"id":13020,"href":"https:\/\/stjosefs.wpdev.go2people.nl\/fr\/wp-json\/wp\/v2\/pages\/1680\/revisions\/13020"}],"up":[{"embeddable":true,"href":"https:\/\/stjosefs.wpdev.go2people.nl\/fr\/wp-json\/wp\/v2\/pages\/235"}],"wp:featuredmedia":[{"embeddable":true,"href":"https:\/\/stjosefs.wpdev.go2people.nl\/fr\/wp-json\/wp\/v2\/media\/2661"}],"wp:attachment":[{"href":"https:\/\/stjosefs.wpdev.go2people.nl\/fr\/wp-json\/wp\/v2\/media?parent=1680"}],"curies":[{"name":"wp","href":"https:\/\/api.w.org\/{rel}","templated":true}]}}