{"id":1620,"date":"2017-01-09T15:45:13","date_gmt":"2017-01-09T14:45:13","guid":{"rendered":"https:\/\/stjosefs.wp2.go2people.nl\/fr\/?page_id=1620"},"modified":"2017-04-13T12:27:37","modified_gmt":"2017-04-13T10:27:37","slug":"education","status":"publish","type":"page","link":"https:\/\/stjosefs.wpdev.go2people.nl\/fr\/nos-enfants\/education\/","title":{"rendered":"Education"},"content":{"rendered":"<p class=\"intro\">Quand on sait que 70 % des \u00e9l\u00e8ves am\u00e9rindiens du Dakota du Sud quittent le lyc\u00e9e sans aucun dipl\u00f4me, on comprend que les Sioux Lakotas commencent leur vie adulte avec bien peu d\u2019atouts en main. L\u2019\u00c9cole Indienne St Joseph du Dakota veut faire baisser ce triste chiffre en r\u00e9affirmant l\u2019importance des \u00e9tudes sup\u00e9rieures et de la formation continue.<\/p>\n<h2>\u00c9cole \u00e9l\u00e9mentaire et coll\u00e8ge<\/h2>\n<p>Environ 200 filles et gar\u00e7ons peuvent dire de l\u2019\u00c9cole St Joseph du Dakota qu\u2019elle est leur deuxi\u00e8me foyer, leur \u00ab\u00a0maison loin de la maison \u00bb. Durant huit ann\u00e9es, les \u00e9l\u00e8ves sont scolaris\u00e9s au sein de l\u2019\u00e9cole et vivent sur le campus. Ils sont invit\u00e9s \u00e0 participer aux journ\u00e9es des m\u00e9tiers organis\u00e9es r\u00e9guli\u00e8rement sur le campus, ce qui leur permet de d\u00e9couvrir un large \u00e9ventail d\u2019orientations professionnelles possibles, tout en les renseignant sur le niveau de formation requis pour pouvoir exercer ces m\u00e9tiers. Ces rencontres font germer chez les \u00e9l\u00e8ves des id\u00e9es et des envies qui constituent une motivation d\u00e9terminante pour leur avenir.<\/p>\n<h2>Universit\u00e9<\/h2>\n<p>Les plus \u00e2g\u00e9s de nos \u00e9l\u00e8ves peuvent rencontrer des chefs d\u2019entreprise dans leur environnement professionnel. Ils ont \u00e9galement la possibilit\u00e9 d\u2019aller visiter les universit\u00e9s et les facult\u00e9s techniques des environs. Ces rencontres avec le monde du travail ou de l\u2019universit\u00e9 sont essentielles pour faire na\u00eetre en eux le d\u00e9sir de se fixer des objectifs et de surmonter les obstacles gr\u00e2ce \u00e0 l\u2019effort et \u00e0 la motivation. En soutenant l\u2019\u00c9cole St Joseph du Dakota, nos donateurs permettent \u00e0 de jeunes Am\u00e9rindiens, qu\u2019ils soient \u00e9l\u00e8ves de notre \u00e9cole ou d\u2019autres \u00e9tablissements de la r\u00e9gion, de b\u00e9n\u00e9ficier de bourses pour suivre des \u00e9tudes sup\u00e9rieures. Gr\u00e2ce \u00e0 la g\u00e9n\u00e9rosit\u00e9 de nos amis de par le monde, ce sont ainsi pr\u00e8s de 90 000 dollars qui sont offerts chaque ann\u00e9e \u00e0 des \u00e9tudiants am\u00e9rindiens sous forme de bourses. Voil\u00e0 ce qui a permis \u00e0 nombre d\u2019entre eux d\u2019obtenir des dipl\u00f4mes universitaires, et de devenir des \u00e9l\u00e9ments moteurs de leurs communaut\u00e9s d\u2019origine, o\u00f9 ils exercent maintenant les m\u00e9tiers d\u2019enseignant, de m\u00e9decin ou d\u2019infirmier !<\/p>\n<h2>Voyages culturels<\/h2>\n<p>L\u2019enseignement dispens\u00e9 en cours est le pilier du programme \u00e9ducatif dont b\u00e9n\u00e9ficient les enfants sioux lakotas au sein de l\u2019\u00c9cole St Joseph du Dakota. Cependant il est tr\u00e8s enrichissant pour les adolescents de d\u00e9couvrir le monde au-del\u00e0 des murs de la classe ; cela leur permet de surmonter un certain nombre d\u2019obstacles et de donner forme \u00e0 leurs r\u00eaves.<br \/>\nPour des raisons familiales et pratiques, il est bien rare que les adolescents am\u00e9rindiens que nous accueillons \u00e0 St Joseph, aient franchi les limites de leurs r\u00e9serves. Traverser la fronti\u00e8re du Dakota du Sud est d\u00e9j\u00e0 un \u00e9v\u00e9nement en soi pour nos jeunes gens et jeunes filles, mais d\u00e9couvrir d\u2019autres continents par-del\u00e0 les oc\u00e9ans, c\u2019est une chance qui transforme leur vie ! En soutenant notre action par vos dons, vous leur permettez de faire cette extraordinaire d\u00e9couverte du monde.<br \/>\nToutefois, voyager \u00e0 l\u2019\u00e9tranger n\u2019est pas indiqu\u00e9 pour tous les enfants qui nous sont confi\u00e9s, tant la vie de certains d\u2019entre eux a \u00e9t\u00e9 r\u00e9duite \u00e0 un environnement extr\u00eamement limit\u00e9 et parsem\u00e9e d\u2019exp\u00e9riences douloureuses. Mais comme il est important de leur donner une vision positive du monde qui les entoure, nous organisons soit des excursions d\u2019une journ\u00e9e dans de grandes villes du Dakota du Sud pour aller dans un mus\u00e9e ou un restaurant, soit des voyages de classe dans la r\u00e9gion, pour que ces enfants enrichissent leur bagage culturel et personnel. Nous permettons ainsi \u00e0 tous nos pensionnaires de comprendre qu\u2019il existe un vaste monde qui ne demande qu\u2019\u00e0 les accueillir !<\/p>\n<h2><\/h2>\n","protected":false},"excerpt":{"rendered":"<p>Quand on sait que 70 % des \u00e9l\u00e8ves am\u00e9rindiens du Dakota du Sud quittent le lyc\u00e9e sans aucun dipl\u00f4me, on comprend que les Sioux Lakotas&#8230;<\/p>\n","protected":false},"author":2,"featured_media":2964,"parent":233,"menu_order":2,"comment_status":"closed","ping_status":"closed","template":"","meta":{"_acf_changed":false,"footnotes":""},"class_list":["post-1620","page","type-page","status-publish","has-post-thumbnail","hentry"],"acf":[],"yoast_head":"<!-- This site is optimized with the Yoast SEO plugin v27.6 - https:\/\/yoast.com\/product\/yoast-seo-wordpress\/ -->\n<title>Education - St. Josefs Indianer Hilfswerk<\/title>\n<meta name=\"robots\" content=\"index, follow, max-snippet:-1, max-image-preview:large, max-video-preview:-1\" \/>\n<link rel=\"canonical\" href=\"https:\/\/stjosefs.wpdev.go2people.nl\/fr\/nos-enfants\/education\/\" \/>\n<meta property=\"og:locale\" content=\"fr_FR\" \/>\n<meta property=\"og:type\" content=\"article\" \/>\n<meta property=\"og:title\" content=\"Education - St. Josefs Indianer Hilfswerk\" \/>\n<meta property=\"og:description\" content=\"Quand on sait que 70 % des \u00e9l\u00e8ves am\u00e9rindiens du Dakota du Sud quittent le lyc\u00e9e sans aucun dipl\u00f4me, on comprend que les Sioux Lakotas...\" \/>\n<meta property=\"og:url\" content=\"https:\/\/stjosefs.wpdev.go2people.nl\/fr\/nos-enfants\/education\/\" \/>\n<meta property=\"og:site_name\" content=\"St. Josefs Indianer Hilfswerk\" \/>\n<meta property=\"article:modified_time\" content=\"2017-04-13T10:27:37+00:00\" \/>\n<meta property=\"og:image\" content=\"https:\/\/stjosefs.wpdev.go2people.nl\/wp-content\/uploads\/2017\/01\/Education-1-e1486111780767.jpg\" \/>\n\t<meta property=\"og:image:width\" content=\"5145\" \/>\n\t<meta property=\"og:image:height\" content=\"2086\" \/>\n\t<meta property=\"og:image:type\" content=\"image\/jpeg\" \/>\n<meta name=\"twitter:card\" content=\"summary_large_image\" \/>\n<meta name=\"twitter:label1\" content=\"Dur\u00e9e de lecture estim\u00e9e\" \/>\n\t<meta name=\"twitter:data1\" content=\"3 minutes\" \/>\n<script type=\"application\/ld+json\" class=\"yoast-schema-graph\">{\"@context\":\"https:\\\/\\\/schema.org\",\"@graph\":[{\"@type\":\"WebPage\",\"@id\":\"https:\\\/\\\/stjosefs.wpdev.go2people.nl\\\/fr\\\/nos-enfants\\\/education\\\/\",\"url\":\"https:\\\/\\\/stjosefs.wpdev.go2people.nl\\\/fr\\\/nos-enfants\\\/education\\\/\",\"name\":\"Education - St. Josefs Indianer Hilfswerk\",\"isPartOf\":{\"@id\":\"https:\\\/\\\/stjosefs.wpdev.go2people.nl\\\/#website\"},\"primaryImageOfPage\":{\"@id\":\"https:\\\/\\\/stjosefs.wpdev.go2people.nl\\\/fr\\\/nos-enfants\\\/education\\\/#primaryimage\"},\"image\":{\"@id\":\"https:\\\/\\\/stjosefs.wpdev.go2people.nl\\\/fr\\\/nos-enfants\\\/education\\\/#primaryimage\"},\"thumbnailUrl\":\"https:\\\/\\\/stjosefs.wpdev.go2people.nl\\\/wp-content\\\/uploads\\\/2017\\\/01\\\/Education-1-e1486111780767.jpg\",\"datePublished\":\"2017-01-09T14:45:13+00:00\",\"dateModified\":\"2017-04-13T10:27:37+00:00\",\"breadcrumb\":{\"@id\":\"https:\\\/\\\/stjosefs.wpdev.go2people.nl\\\/fr\\\/nos-enfants\\\/education\\\/#breadcrumb\"},\"inLanguage\":\"fr-FR\",\"potentialAction\":[{\"@type\":\"ReadAction\",\"target\":[\"https:\\\/\\\/stjosefs.wpdev.go2people.nl\\\/fr\\\/nos-enfants\\\/education\\\/\"]}]},{\"@type\":\"ImageObject\",\"inLanguage\":\"fr-FR\",\"@id\":\"https:\\\/\\\/stjosefs.wpdev.go2people.nl\\\/fr\\\/nos-enfants\\\/education\\\/#primaryimage\",\"url\":\"https:\\\/\\\/stjosefs.wpdev.go2people.nl\\\/wp-content\\\/uploads\\\/2017\\\/01\\\/Education-1-e1486111780767.jpg\",\"contentUrl\":\"https:\\\/\\\/stjosefs.wpdev.go2people.nl\\\/wp-content\\\/uploads\\\/2017\\\/01\\\/Education-1-e1486111780767.jpg\",\"width\":5145,\"height\":2086,\"caption\":\"Education\"},{\"@type\":\"BreadcrumbList\",\"@id\":\"https:\\\/\\\/stjosefs.wpdev.go2people.nl\\\/fr\\\/nos-enfants\\\/education\\\/#breadcrumb\",\"itemListElement\":[{\"@type\":\"ListItem\",\"position\":1,\"name\":\"Home\",\"item\":\"https:\\\/\\\/stjosefs.wpdev.go2people.nl\\\/fr\\\/\"},{\"@type\":\"ListItem\",\"position\":2,\"name\":\"Les enfants\",\"item\":\"https:\\\/\\\/stjosefs.wpdev.go2people.nl\\\/fr\\\/nos-enfants\\\/\"},{\"@type\":\"ListItem\",\"position\":3,\"name\":\"Education\"}]},{\"@type\":\"WebSite\",\"@id\":\"https:\\\/\\\/stjosefs.wpdev.go2people.nl\\\/#website\",\"url\":\"https:\\\/\\\/stjosefs.wpdev.go2people.nl\\\/\",\"name\":\"St. Josefs Indianer Hilfswerk\",\"description\":\"F\u00fcr eine bessere Zukunft der Ureinwohnerkinder S\u00fcddakotas\",\"potentialAction\":[{\"@type\":\"SearchAction\",\"target\":{\"@type\":\"EntryPoint\",\"urlTemplate\":\"https:\\\/\\\/stjosefs.wpdev.go2people.nl\\\/?s={search_term_string}\"},\"query-input\":{\"@type\":\"PropertyValueSpecification\",\"valueRequired\":true,\"valueName\":\"search_term_string\"}}],\"inLanguage\":\"fr-FR\"}]}<\/script>\n<!-- \/ Yoast SEO plugin. -->","yoast_head_json":{"title":"Education - St. Josefs Indianer Hilfswerk","robots":{"index":"index","follow":"follow","max-snippet":"max-snippet:-1","max-image-preview":"max-image-preview:large","max-video-preview":"max-video-preview:-1"},"canonical":"https:\/\/stjosefs.wpdev.go2people.nl\/fr\/nos-enfants\/education\/","og_locale":"fr_FR","og_type":"article","og_title":"Education - St. Josefs Indianer Hilfswerk","og_description":"Quand on sait que 70 % des \u00e9l\u00e8ves am\u00e9rindiens du Dakota du Sud quittent le lyc\u00e9e sans aucun dipl\u00f4me, on comprend que les Sioux Lakotas...","og_url":"https:\/\/stjosefs.wpdev.go2people.nl\/fr\/nos-enfants\/education\/","og_site_name":"St. Josefs Indianer Hilfswerk","article_modified_time":"2017-04-13T10:27:37+00:00","og_image":[{"width":5145,"height":2086,"url":"https:\/\/stjosefs.wpdev.go2people.nl\/wp-content\/uploads\/2017\/01\/Education-1-e1486111780767.jpg","type":"image\/jpeg"}],"twitter_card":"summary_large_image","twitter_misc":{"Dur\u00e9e de lecture estim\u00e9e":"3 minutes"},"schema":{"@context":"https:\/\/schema.org","@graph":[{"@type":"WebPage","@id":"https:\/\/stjosefs.wpdev.go2people.nl\/fr\/nos-enfants\/education\/","url":"https:\/\/stjosefs.wpdev.go2people.nl\/fr\/nos-enfants\/education\/","name":"Education - St. Josefs Indianer Hilfswerk","isPartOf":{"@id":"https:\/\/stjosefs.wpdev.go2people.nl\/#website"},"primaryImageOfPage":{"@id":"https:\/\/stjosefs.wpdev.go2people.nl\/fr\/nos-enfants\/education\/#primaryimage"},"image":{"@id":"https:\/\/stjosefs.wpdev.go2people.nl\/fr\/nos-enfants\/education\/#primaryimage"},"thumbnailUrl":"https:\/\/stjosefs.wpdev.go2people.nl\/wp-content\/uploads\/2017\/01\/Education-1-e1486111780767.jpg","datePublished":"2017-01-09T14:45:13+00:00","dateModified":"2017-04-13T10:27:37+00:00","breadcrumb":{"@id":"https:\/\/stjosefs.wpdev.go2people.nl\/fr\/nos-enfants\/education\/#breadcrumb"},"inLanguage":"fr-FR","potentialAction":[{"@type":"ReadAction","target":["https:\/\/stjosefs.wpdev.go2people.nl\/fr\/nos-enfants\/education\/"]}]},{"@type":"ImageObject","inLanguage":"fr-FR","@id":"https:\/\/stjosefs.wpdev.go2people.nl\/fr\/nos-enfants\/education\/#primaryimage","url":"https:\/\/stjosefs.wpdev.go2people.nl\/wp-content\/uploads\/2017\/01\/Education-1-e1486111780767.jpg","contentUrl":"https:\/\/stjosefs.wpdev.go2people.nl\/wp-content\/uploads\/2017\/01\/Education-1-e1486111780767.jpg","width":5145,"height":2086,"caption":"Education"},{"@type":"BreadcrumbList","@id":"https:\/\/stjosefs.wpdev.go2people.nl\/fr\/nos-enfants\/education\/#breadcrumb","itemListElement":[{"@type":"ListItem","position":1,"name":"Home","item":"https:\/\/stjosefs.wpdev.go2people.nl\/fr\/"},{"@type":"ListItem","position":2,"name":"Les enfants","item":"https:\/\/stjosefs.wpdev.go2people.nl\/fr\/nos-enfants\/"},{"@type":"ListItem","position":3,"name":"Education"}]},{"@type":"WebSite","@id":"https:\/\/stjosefs.wpdev.go2people.nl\/#website","url":"https:\/\/stjosefs.wpdev.go2people.nl\/","name":"St. Josefs Indianer Hilfswerk","description":"F\u00fcr eine bessere Zukunft der Ureinwohnerkinder S\u00fcddakotas","potentialAction":[{"@type":"SearchAction","target":{"@type":"EntryPoint","urlTemplate":"https:\/\/stjosefs.wpdev.go2people.nl\/?s={search_term_string}"},"query-input":{"@type":"PropertyValueSpecification","valueRequired":true,"valueName":"search_term_string"}}],"inLanguage":"fr-FR"}]}},"_links":{"self":[{"href":"https:\/\/stjosefs.wpdev.go2people.nl\/fr\/wp-json\/wp\/v2\/pages\/1620","targetHints":{"allow":["GET"]}}],"collection":[{"href":"https:\/\/stjosefs.wpdev.go2people.nl\/fr\/wp-json\/wp\/v2\/pages"}],"about":[{"href":"https:\/\/stjosefs.wpdev.go2people.nl\/fr\/wp-json\/wp\/v2\/types\/page"}],"author":[{"embeddable":true,"href":"https:\/\/stjosefs.wpdev.go2people.nl\/fr\/wp-json\/wp\/v2\/users\/2"}],"replies":[{"embeddable":true,"href":"https:\/\/stjosefs.wpdev.go2people.nl\/fr\/wp-json\/wp\/v2\/comments?post=1620"}],"version-history":[{"count":11,"href":"https:\/\/stjosefs.wpdev.go2people.nl\/fr\/wp-json\/wp\/v2\/pages\/1620\/revisions"}],"predecessor-version":[{"id":3476,"href":"https:\/\/stjosefs.wpdev.go2people.nl\/fr\/wp-json\/wp\/v2\/pages\/1620\/revisions\/3476"}],"up":[{"embeddable":true,"href":"https:\/\/stjosefs.wpdev.go2people.nl\/fr\/wp-json\/wp\/v2\/pages\/233"}],"wp:featuredmedia":[{"embeddable":true,"href":"https:\/\/stjosefs.wpdev.go2people.nl\/fr\/wp-json\/wp\/v2\/media\/2964"}],"wp:attachment":[{"href":"https:\/\/stjosefs.wpdev.go2people.nl\/fr\/wp-json\/wp\/v2\/media?parent=1620"}],"curies":[{"name":"wp","href":"https:\/\/api.w.org\/{rel}","templated":true}]}}