{"id":1616,"date":"2017-01-09T15:43:34","date_gmt":"2017-01-09T14:43:34","guid":{"rendered":"https:\/\/stjosefs.wp2.go2people.nl\/fr\/?page_id=1616"},"modified":"2017-01-27T14:31:43","modified_gmt":"2017-01-27T13:31:43","slug":"temoignages-personnels","status":"publish","type":"page","link":"https:\/\/stjosefs.wpdev.go2people.nl\/fr\/nos-enfants\/temoignages-personnels\/","title":{"rendered":"T\u00e9moignages personnels"},"content":{"rendered":"<h3>Shaylene, bacheli\u00e8re de l\u2019\u00e9cole Saint-Joseph du Dakota:<\/h3>\n<p>\u00ab\u00a0<em>Apr\u00e8s 12 ann\u00e9es pass\u00e9es \u00e0 l\u2019\u00e9cole Saint Joseph du Dakota, je vais maintenant aller \u00e0 l\u2019universit\u00e9 pour \u00e9tudier les sciences \u00e9conomiques. \u00c7a m\u2019angoisse pas mal, mais gr\u00e2ce \u00e0 la formation que j\u2019ai re\u00e7ue durant toutes mes ann\u00e9es \u00e0 Saint-Joseph, je sais que je suis pr\u00eate pour franchir cette nouvelle \u00e9tape.\u00a0\u00bb\u00a0<\/em><\/p>\n<h3>Shay, bachelier de l\u2019\u00e9cole Saint-Joseph du Dakota<\/h3>\n<p><em>\u00ab\u00a0L\u2019\u00e9cole Saint-Joseph-du-Dakota m\u2019a offert des opportunit\u00e9s formidables. J\u2019ai pu d\u00e9couvrir diff\u00e9rents horizons de notre beau pays et me familiariser avec les modes de vie les plus vari\u00e9s.\u00a0\u00bb<\/em><\/p>\n<p>&nbsp;<\/p>\n<h3>Marc, \u00e9l\u00e8ve de l\u2019\u00e9cole Saint-Joseph du Dakota<\/h3>\n<p><em>\u00ab\u00a0Maintenant que j\u2019ai un chez-moi o\u00f9 je suis en s\u00e9curit\u00e9, je peux vraiment me concentrer sur mes devoirs.\u00a0\u00bb<\/em><\/p>\n<p>&nbsp;<\/p>\n<h3>Jillian, \u00e9l\u00e8ve de l\u2019\u00e9cole Saint-Joseph-du-Dakota<\/h3>\n<p><em>\u00ab\u00a0Je suis heureuse de pouvoir suivre l\u2019enseignement religieux, d\u2019avoir la chance de faire partie de l\u2019\u00e9quipe de basket et qu\u2019on s\u2019occupe bien de moi \u00e0 l\u2019\u00e9cole Saint-Joseph.\u00a0\u00bb<\/em><\/p>\n<p>&nbsp;<\/p>\n<h3>Tony, \u00e9l\u00e8ve de l\u2019\u00e9cole Saint-Joseph-du-Dakota<\/h3>\n<p><em>\u00ab\u00a0Si Saint-Jo n\u2019existait pas, je n\u2019aurais toujours pas de toit et je serais encore trimball\u00e9 d\u2019un parent \u00e0 l\u2019autre.\u00a0\u00bb<\/em><\/p>\n<h3>JR, bachelier de l\u2019\u00e9cole Saint-Joseph-du-Dakota<\/h3>\n<p><em>\u00ab\u00a0J\u2019ai la chance incroyable de pouvoir dire que l\u2019\u00e9cole Saint-Joseph-du-Dakota a \u00e9t\u00e9 ma deuxi\u00e8me maison. Ici, tant de gens pensent que c\u2019est important que je r\u00e9ussisse \u2013 jamais je ne retrouverai un environnement aussi favorable.\u00a0\u00bb<\/em><\/p>\n<h3>Caden, \u00e9l\u00e8ve de l\u2019\u00e9cole Saint-Joseph-du-Dakota<\/h3>\n<p><em>\u00ab\u00a0Je m\u2019int\u00e9resse aux danses traditionnelles am\u00e9rindiennes. Quand j\u2019ai appris comment ces danses \u00e9taient n\u00e9es et quelle \u00e9tait leur signification historique, j\u2019ai d\u00e9cid\u00e9 de les apprendre, moi aussi. Quand je danse, j\u2019ai la sensation que le monde m\u2019appartient !\u00a0\u00bb<\/em><\/p>\n<h3>Rebecca, \u00e9l\u00e8ve de l\u2019\u00e9cole Saint-Joseph-du-Dakota<\/h3>\n<p><em>\u00ab\u00a0Ma mati\u00e8re pr\u00e9f\u00e9r\u00e9e, c\u2019est le cours de culture indienne. Nous apprenons des tas de choses, nous travaillons avec des perles et nous dansons. Moi, quand je danse, personne ne pourrait m\u2019arr\u00eater !\u00a0\u00bb <\/em><\/p>\n","protected":false},"excerpt":{"rendered":"<p>Shaylene, bacheli\u00e8re de l\u2019\u00e9cole Saint-Joseph du Dakota: \u00ab\u00a0Apr\u00e8s 12 ann\u00e9es pass\u00e9es \u00e0 l\u2019\u00e9cole Saint Joseph du Dakota, je vais maintenant aller \u00e0 l\u2019universit\u00e9 pour \u00e9tudier&#8230;<\/p>\n","protected":false},"author":2,"featured_media":1617,"parent":233,"menu_order":4,"comment_status":"closed","ping_status":"closed","template":"","meta":{"_acf_changed":false,"footnotes":""},"class_list":["post-1616","page","type-page","status-publish","has-post-thumbnail","hentry"],"acf":[],"yoast_head":"<!-- This site is optimized with the Yoast SEO plugin v27.6 - https:\/\/yoast.com\/product\/yoast-seo-wordpress\/ -->\n<title>T\u00e9moignages personnels - St. Josefs Indianer Hilfswerk<\/title>\n<meta name=\"robots\" content=\"index, follow, max-snippet:-1, max-image-preview:large, max-video-preview:-1\" \/>\n<link rel=\"canonical\" href=\"https:\/\/stjosefs.wpdev.go2people.nl\/fr\/nos-enfants\/temoignages-personnels\/\" \/>\n<meta property=\"og:locale\" content=\"fr_FR\" \/>\n<meta property=\"og:type\" content=\"article\" \/>\n<meta property=\"og:title\" content=\"T\u00e9moignages personnels - St. Josefs Indianer Hilfswerk\" \/>\n<meta property=\"og:description\" content=\"Shaylene, bacheli\u00e8re de l\u2019\u00e9cole Saint-Joseph du Dakota: \u00ab\u00a0Apr\u00e8s 12 ann\u00e9es pass\u00e9es \u00e0 l\u2019\u00e9cole Saint Joseph du Dakota, je vais maintenant aller \u00e0 l\u2019universit\u00e9 pour \u00e9tudier...\" \/>\n<meta property=\"og:url\" content=\"https:\/\/stjosefs.wpdev.go2people.nl\/fr\/nos-enfants\/temoignages-personnels\/\" \/>\n<meta property=\"og:site_name\" content=\"St. Josefs Indianer Hilfswerk\" \/>\n<meta property=\"article:modified_time\" content=\"2017-01-27T13:31:43+00:00\" \/>\n<meta property=\"og:image\" content=\"https:\/\/stjosefs.wpdev.go2people.nl\/wp-content\/uploads\/2017\/01\/Les-histoires-personnelles.jpg\" \/>\n\t<meta property=\"og:image:width\" content=\"600\" \/>\n\t<meta property=\"og:image:height\" content=\"400\" \/>\n\t<meta property=\"og:image:type\" content=\"image\/jpeg\" \/>\n<meta name=\"twitter:card\" content=\"summary_large_image\" \/>\n<meta name=\"twitter:label1\" content=\"Dur\u00e9e de lecture estim\u00e9e\" \/>\n\t<meta name=\"twitter:data1\" content=\"2 minutes\" \/>\n<script type=\"application\/ld+json\" class=\"yoast-schema-graph\">{\"@context\":\"https:\\\/\\\/schema.org\",\"@graph\":[{\"@type\":\"WebPage\",\"@id\":\"https:\\\/\\\/stjosefs.wpdev.go2people.nl\\\/fr\\\/nos-enfants\\\/temoignages-personnels\\\/\",\"url\":\"https:\\\/\\\/stjosefs.wpdev.go2people.nl\\\/fr\\\/nos-enfants\\\/temoignages-personnels\\\/\",\"name\":\"T\u00e9moignages personnels - St. Josefs Indianer Hilfswerk\",\"isPartOf\":{\"@id\":\"https:\\\/\\\/stjosefs.wpdev.go2people.nl\\\/#website\"},\"primaryImageOfPage\":{\"@id\":\"https:\\\/\\\/stjosefs.wpdev.go2people.nl\\\/fr\\\/nos-enfants\\\/temoignages-personnels\\\/#primaryimage\"},\"image\":{\"@id\":\"https:\\\/\\\/stjosefs.wpdev.go2people.nl\\\/fr\\\/nos-enfants\\\/temoignages-personnels\\\/#primaryimage\"},\"thumbnailUrl\":\"https:\\\/\\\/stjosefs.wpdev.go2people.nl\\\/wp-content\\\/uploads\\\/2017\\\/01\\\/Les-histoires-personnelles.jpg\",\"datePublished\":\"2017-01-09T14:43:34+00:00\",\"dateModified\":\"2017-01-27T13:31:43+00:00\",\"breadcrumb\":{\"@id\":\"https:\\\/\\\/stjosefs.wpdev.go2people.nl\\\/fr\\\/nos-enfants\\\/temoignages-personnels\\\/#breadcrumb\"},\"inLanguage\":\"fr-FR\",\"potentialAction\":[{\"@type\":\"ReadAction\",\"target\":[\"https:\\\/\\\/stjosefs.wpdev.go2people.nl\\\/fr\\\/nos-enfants\\\/temoignages-personnels\\\/\"]}]},{\"@type\":\"ImageObject\",\"inLanguage\":\"fr-FR\",\"@id\":\"https:\\\/\\\/stjosefs.wpdev.go2people.nl\\\/fr\\\/nos-enfants\\\/temoignages-personnels\\\/#primaryimage\",\"url\":\"https:\\\/\\\/stjosefs.wpdev.go2people.nl\\\/wp-content\\\/uploads\\\/2017\\\/01\\\/Les-histoires-personnelles.jpg\",\"contentUrl\":\"https:\\\/\\\/stjosefs.wpdev.go2people.nl\\\/wp-content\\\/uploads\\\/2017\\\/01\\\/Les-histoires-personnelles.jpg\",\"width\":600,\"height\":400},{\"@type\":\"BreadcrumbList\",\"@id\":\"https:\\\/\\\/stjosefs.wpdev.go2people.nl\\\/fr\\\/nos-enfants\\\/temoignages-personnels\\\/#breadcrumb\",\"itemListElement\":[{\"@type\":\"ListItem\",\"position\":1,\"name\":\"Home\",\"item\":\"https:\\\/\\\/stjosefs.wpdev.go2people.nl\\\/fr\\\/\"},{\"@type\":\"ListItem\",\"position\":2,\"name\":\"Les enfants\",\"item\":\"https:\\\/\\\/stjosefs.wpdev.go2people.nl\\\/fr\\\/nos-enfants\\\/\"},{\"@type\":\"ListItem\",\"position\":3,\"name\":\"T\u00e9moignages personnels\"}]},{\"@type\":\"WebSite\",\"@id\":\"https:\\\/\\\/stjosefs.wpdev.go2people.nl\\\/#website\",\"url\":\"https:\\\/\\\/stjosefs.wpdev.go2people.nl\\\/\",\"name\":\"St. Josefs Indianer Hilfswerk\",\"description\":\"F\u00fcr eine bessere Zukunft der Ureinwohnerkinder S\u00fcddakotas\",\"potentialAction\":[{\"@type\":\"SearchAction\",\"target\":{\"@type\":\"EntryPoint\",\"urlTemplate\":\"https:\\\/\\\/stjosefs.wpdev.go2people.nl\\\/?s={search_term_string}\"},\"query-input\":{\"@type\":\"PropertyValueSpecification\",\"valueRequired\":true,\"valueName\":\"search_term_string\"}}],\"inLanguage\":\"fr-FR\"}]}<\/script>\n<!-- \/ Yoast SEO plugin. -->","yoast_head_json":{"title":"T\u00e9moignages personnels - St. Josefs Indianer Hilfswerk","robots":{"index":"index","follow":"follow","max-snippet":"max-snippet:-1","max-image-preview":"max-image-preview:large","max-video-preview":"max-video-preview:-1"},"canonical":"https:\/\/stjosefs.wpdev.go2people.nl\/fr\/nos-enfants\/temoignages-personnels\/","og_locale":"fr_FR","og_type":"article","og_title":"T\u00e9moignages personnels - St. Josefs Indianer Hilfswerk","og_description":"Shaylene, bacheli\u00e8re de l\u2019\u00e9cole Saint-Joseph du Dakota: \u00ab\u00a0Apr\u00e8s 12 ann\u00e9es pass\u00e9es \u00e0 l\u2019\u00e9cole Saint Joseph du Dakota, je vais maintenant aller \u00e0 l\u2019universit\u00e9 pour \u00e9tudier...","og_url":"https:\/\/stjosefs.wpdev.go2people.nl\/fr\/nos-enfants\/temoignages-personnels\/","og_site_name":"St. Josefs Indianer Hilfswerk","article_modified_time":"2017-01-27T13:31:43+00:00","og_image":[{"width":600,"height":400,"url":"https:\/\/stjosefs.wpdev.go2people.nl\/wp-content\/uploads\/2017\/01\/Les-histoires-personnelles.jpg","type":"image\/jpeg"}],"twitter_card":"summary_large_image","twitter_misc":{"Dur\u00e9e de lecture estim\u00e9e":"2 minutes"},"schema":{"@context":"https:\/\/schema.org","@graph":[{"@type":"WebPage","@id":"https:\/\/stjosefs.wpdev.go2people.nl\/fr\/nos-enfants\/temoignages-personnels\/","url":"https:\/\/stjosefs.wpdev.go2people.nl\/fr\/nos-enfants\/temoignages-personnels\/","name":"T\u00e9moignages personnels - St. Josefs Indianer Hilfswerk","isPartOf":{"@id":"https:\/\/stjosefs.wpdev.go2people.nl\/#website"},"primaryImageOfPage":{"@id":"https:\/\/stjosefs.wpdev.go2people.nl\/fr\/nos-enfants\/temoignages-personnels\/#primaryimage"},"image":{"@id":"https:\/\/stjosefs.wpdev.go2people.nl\/fr\/nos-enfants\/temoignages-personnels\/#primaryimage"},"thumbnailUrl":"https:\/\/stjosefs.wpdev.go2people.nl\/wp-content\/uploads\/2017\/01\/Les-histoires-personnelles.jpg","datePublished":"2017-01-09T14:43:34+00:00","dateModified":"2017-01-27T13:31:43+00:00","breadcrumb":{"@id":"https:\/\/stjosefs.wpdev.go2people.nl\/fr\/nos-enfants\/temoignages-personnels\/#breadcrumb"},"inLanguage":"fr-FR","potentialAction":[{"@type":"ReadAction","target":["https:\/\/stjosefs.wpdev.go2people.nl\/fr\/nos-enfants\/temoignages-personnels\/"]}]},{"@type":"ImageObject","inLanguage":"fr-FR","@id":"https:\/\/stjosefs.wpdev.go2people.nl\/fr\/nos-enfants\/temoignages-personnels\/#primaryimage","url":"https:\/\/stjosefs.wpdev.go2people.nl\/wp-content\/uploads\/2017\/01\/Les-histoires-personnelles.jpg","contentUrl":"https:\/\/stjosefs.wpdev.go2people.nl\/wp-content\/uploads\/2017\/01\/Les-histoires-personnelles.jpg","width":600,"height":400},{"@type":"BreadcrumbList","@id":"https:\/\/stjosefs.wpdev.go2people.nl\/fr\/nos-enfants\/temoignages-personnels\/#breadcrumb","itemListElement":[{"@type":"ListItem","position":1,"name":"Home","item":"https:\/\/stjosefs.wpdev.go2people.nl\/fr\/"},{"@type":"ListItem","position":2,"name":"Les enfants","item":"https:\/\/stjosefs.wpdev.go2people.nl\/fr\/nos-enfants\/"},{"@type":"ListItem","position":3,"name":"T\u00e9moignages personnels"}]},{"@type":"WebSite","@id":"https:\/\/stjosefs.wpdev.go2people.nl\/#website","url":"https:\/\/stjosefs.wpdev.go2people.nl\/","name":"St. Josefs Indianer Hilfswerk","description":"F\u00fcr eine bessere Zukunft der Ureinwohnerkinder S\u00fcddakotas","potentialAction":[{"@type":"SearchAction","target":{"@type":"EntryPoint","urlTemplate":"https:\/\/stjosefs.wpdev.go2people.nl\/?s={search_term_string}"},"query-input":{"@type":"PropertyValueSpecification","valueRequired":true,"valueName":"search_term_string"}}],"inLanguage":"fr-FR"}]}},"_links":{"self":[{"href":"https:\/\/stjosefs.wpdev.go2people.nl\/fr\/wp-json\/wp\/v2\/pages\/1616","targetHints":{"allow":["GET"]}}],"collection":[{"href":"https:\/\/stjosefs.wpdev.go2people.nl\/fr\/wp-json\/wp\/v2\/pages"}],"about":[{"href":"https:\/\/stjosefs.wpdev.go2people.nl\/fr\/wp-json\/wp\/v2\/types\/page"}],"author":[{"embeddable":true,"href":"https:\/\/stjosefs.wpdev.go2people.nl\/fr\/wp-json\/wp\/v2\/users\/2"}],"replies":[{"embeddable":true,"href":"https:\/\/stjosefs.wpdev.go2people.nl\/fr\/wp-json\/wp\/v2\/comments?post=1616"}],"version-history":[{"count":1,"href":"https:\/\/stjosefs.wpdev.go2people.nl\/fr\/wp-json\/wp\/v2\/pages\/1616\/revisions"}],"predecessor-version":[{"id":1618,"href":"https:\/\/stjosefs.wpdev.go2people.nl\/fr\/wp-json\/wp\/v2\/pages\/1616\/revisions\/1618"}],"up":[{"embeddable":true,"href":"https:\/\/stjosefs.wpdev.go2people.nl\/fr\/wp-json\/wp\/v2\/pages\/233"}],"wp:featuredmedia":[{"embeddable":true,"href":"https:\/\/stjosefs.wpdev.go2people.nl\/fr\/wp-json\/wp\/v2\/media\/1617"}],"wp:attachment":[{"href":"https:\/\/stjosefs.wpdev.go2people.nl\/fr\/wp-json\/wp\/v2\/media?parent=1616"}],"curies":[{"name":"wp","href":"https:\/\/api.w.org\/{rel}","templated":true}]}}