{"id":1613,"date":"2017-01-09T15:40:10","date_gmt":"2017-01-09T14:40:10","guid":{"rendered":"https:\/\/stjosefs.wp2.go2people.nl\/fr\/?page_id=1613"},"modified":"2022-05-16T11:54:15","modified_gmt":"2022-05-16T09:54:15","slug":"informations","status":"publish","type":"page","link":"https:\/\/stjosefs.wpdev.go2people.nl\/fr\/nos-enfants\/informations\/","title":{"rendered":"Informations"},"content":{"rendered":"<p>Tout d\u2019abord, les \u00e9l\u00e8ves accueillis \u00e0 l\u2019\u00c9cole indienne St Joseph du Dakota doivent \u00eatre de culture am\u00e9rindienne. Ils vivent tous dans l\u2019une des 20 maisons familiales du campus, en petits groupes de 10 \u00e0 12 camarades.<br \/>\nCes enfants ont de la chance d\u2019avoir eu une place, car plus d\u2019une centaine d\u2019autres petits Am\u00e9rindiens sont sur notre liste d\u2019attente. Nos plus jeunes pensionnaires ont six ans ; les plus \u00e2g\u00e9s vont au lyc\u00e9e.<\/p>\n<h2>Le profil de nos nouveaux arrivants<\/h2>\n<p>Le profil de nos nouveaux arrivants correspond en g\u00e9n\u00e9ral aux caract\u00e9ristiques suivantes:<\/p>\n<ul>\n<li>22% proviennent de la r\u00e9serve de Lower Brule<\/li>\n<li>20% de celle de Rosebud<\/li>\n<li>15% de celles de Crow Creek ou de Pine Ridge.\u00a0Tous sont issus de familles d\u00e9munies.<\/li>\n<li>Tous sont issus de familles d\u00e9favoris\u00e9es.<\/li>\n<li>48% sont de confession catholique, 24% de confession \u00e9piscopale.<\/li>\n<\/ul>\n<p>Le suicide est un fl\u00e9au qui frappe de plein fouet la jeunesse am\u00e9rindienne, avec un taux trois fois sup\u00e9rieur au chiffre national pour cette tranche d\u2019\u00e2ge.<\/p>\n<p>Ils sont de plus en plus expos\u00e9s \u00e0 la consommation de drogue et d\u2019alcool, et \u00e0 la d\u00e9linquance en bande. Ces conduites \u00e0 risque, ainsi que d\u2019autres, sont fr\u00e9quentes dans les r\u00e9serves. Elles d\u00e9truisent les familles et mobilisent des aides financi\u00e8res qui pourraient servir \u00e0 d\u2019autres causes urgentes.<\/p>\n<p>&nbsp;<\/p>\n","protected":false},"excerpt":{"rendered":"<p>Tout d\u2019abord, les \u00e9l\u00e8ves accueillis \u00e0 l\u2019\u00c9cole indienne St Joseph du Dakota doivent \u00eatre de culture am\u00e9rindienne. Ils vivent tous dans l\u2019une des 20 maisons&#8230;<\/p>\n","protected":false},"author":2,"featured_media":911,"parent":233,"menu_order":0,"comment_status":"closed","ping_status":"closed","template":"","meta":{"_acf_changed":false,"footnotes":""},"class_list":["post-1613","page","type-page","status-publish","has-post-thumbnail","hentry"],"acf":[],"yoast_head":"<!-- This site is optimized with the Yoast SEO plugin v27.6 - https:\/\/yoast.com\/product\/yoast-seo-wordpress\/ -->\n<title>Informations - St. Josefs Indianer Hilfswerk<\/title>\n<meta name=\"robots\" content=\"index, follow, max-snippet:-1, max-image-preview:large, max-video-preview:-1\" \/>\n<link rel=\"canonical\" href=\"https:\/\/stjosefs.wpdev.go2people.nl\/fr\/nos-enfants\/informations\/\" \/>\n<meta property=\"og:locale\" content=\"fr_FR\" \/>\n<meta property=\"og:type\" content=\"article\" \/>\n<meta property=\"og:title\" content=\"Informations - St. Josefs Indianer Hilfswerk\" \/>\n<meta property=\"og:description\" content=\"Tout d\u2019abord, les \u00e9l\u00e8ves accueillis \u00e0 l\u2019\u00c9cole indienne St Joseph du Dakota doivent \u00eatre de culture am\u00e9rindienne. Ils vivent tous dans l\u2019une des 20 maisons...\" \/>\n<meta property=\"og:url\" content=\"https:\/\/stjosefs.wpdev.go2people.nl\/fr\/nos-enfants\/informations\/\" \/>\n<meta property=\"og:site_name\" content=\"St. Josefs Indianer Hilfswerk\" \/>\n<meta property=\"article:modified_time\" content=\"2022-05-16T09:54:15+00:00\" \/>\n<meta property=\"og:image\" content=\"https:\/\/stjosefs.wpdev.go2people.nl\/wp-content\/uploads\/2016\/11\/Erfahrungsbericht-einer-Spenderin-\u00fcber-den-Besuch-der-St.-Josefs-Indianerschule-e1485182528827.jpg\" \/>\n\t<meta property=\"og:image:width\" content=\"2042\" \/>\n\t<meta property=\"og:image:height\" content=\"1031\" \/>\n\t<meta property=\"og:image:type\" content=\"image\/jpeg\" \/>\n<meta name=\"twitter:card\" content=\"summary_large_image\" \/>\n<meta name=\"twitter:label1\" content=\"Dur\u00e9e de lecture estim\u00e9e\" \/>\n\t<meta name=\"twitter:data1\" content=\"1 minute\" \/>\n<script type=\"application\/ld+json\" class=\"yoast-schema-graph\">{\"@context\":\"https:\\\/\\\/schema.org\",\"@graph\":[{\"@type\":\"WebPage\",\"@id\":\"https:\\\/\\\/stjosefs.wpdev.go2people.nl\\\/fr\\\/nos-enfants\\\/informations\\\/\",\"url\":\"https:\\\/\\\/stjosefs.wpdev.go2people.nl\\\/fr\\\/nos-enfants\\\/informations\\\/\",\"name\":\"Informations - St. Josefs Indianer Hilfswerk\",\"isPartOf\":{\"@id\":\"https:\\\/\\\/stjosefs.wpdev.go2people.nl\\\/#website\"},\"primaryImageOfPage\":{\"@id\":\"https:\\\/\\\/stjosefs.wpdev.go2people.nl\\\/fr\\\/nos-enfants\\\/informations\\\/#primaryimage\"},\"image\":{\"@id\":\"https:\\\/\\\/stjosefs.wpdev.go2people.nl\\\/fr\\\/nos-enfants\\\/informations\\\/#primaryimage\"},\"thumbnailUrl\":\"https:\\\/\\\/stjosefs.wpdev.go2people.nl\\\/wp-content\\\/uploads\\\/2016\\\/11\\\/Erfahrungsbericht-einer-Spenderin-\u00fcber-den-Besuch-der-St.-Josefs-Indianerschule-e1485182528827.jpg\",\"datePublished\":\"2017-01-09T14:40:10+00:00\",\"dateModified\":\"2022-05-16T09:54:15+00:00\",\"breadcrumb\":{\"@id\":\"https:\\\/\\\/stjosefs.wpdev.go2people.nl\\\/fr\\\/nos-enfants\\\/informations\\\/#breadcrumb\"},\"inLanguage\":\"fr-FR\",\"potentialAction\":[{\"@type\":\"ReadAction\",\"target\":[\"https:\\\/\\\/stjosefs.wpdev.go2people.nl\\\/fr\\\/nos-enfants\\\/informations\\\/\"]}]},{\"@type\":\"ImageObject\",\"inLanguage\":\"fr-FR\",\"@id\":\"https:\\\/\\\/stjosefs.wpdev.go2people.nl\\\/fr\\\/nos-enfants\\\/informations\\\/#primaryimage\",\"url\":\"https:\\\/\\\/stjosefs.wpdev.go2people.nl\\\/wp-content\\\/uploads\\\/2016\\\/11\\\/Erfahrungsbericht-einer-Spenderin-\u00fcber-den-Besuch-der-St.-Josefs-Indianerschule-e1485182528827.jpg\",\"contentUrl\":\"https:\\\/\\\/stjosefs.wpdev.go2people.nl\\\/wp-content\\\/uploads\\\/2016\\\/11\\\/Erfahrungsbericht-einer-Spenderin-\u00fcber-den-Besuch-der-St.-Josefs-Indianerschule-e1485182528827.jpg\",\"width\":2042,\"height\":1031,\"caption\":\"Erfahrungsbericht einer Spenderin \u00fcber den Besuch der St. Josefs Indianerschule\"},{\"@type\":\"BreadcrumbList\",\"@id\":\"https:\\\/\\\/stjosefs.wpdev.go2people.nl\\\/fr\\\/nos-enfants\\\/informations\\\/#breadcrumb\",\"itemListElement\":[{\"@type\":\"ListItem\",\"position\":1,\"name\":\"Home\",\"item\":\"https:\\\/\\\/stjosefs.wpdev.go2people.nl\\\/fr\\\/\"},{\"@type\":\"ListItem\",\"position\":2,\"name\":\"Les enfants\",\"item\":\"https:\\\/\\\/stjosefs.wpdev.go2people.nl\\\/fr\\\/nos-enfants\\\/\"},{\"@type\":\"ListItem\",\"position\":3,\"name\":\"Informations\"}]},{\"@type\":\"WebSite\",\"@id\":\"https:\\\/\\\/stjosefs.wpdev.go2people.nl\\\/#website\",\"url\":\"https:\\\/\\\/stjosefs.wpdev.go2people.nl\\\/\",\"name\":\"St. Josefs Indianer Hilfswerk\",\"description\":\"F\u00fcr eine bessere Zukunft der Ureinwohnerkinder S\u00fcddakotas\",\"potentialAction\":[{\"@type\":\"SearchAction\",\"target\":{\"@type\":\"EntryPoint\",\"urlTemplate\":\"https:\\\/\\\/stjosefs.wpdev.go2people.nl\\\/?s={search_term_string}\"},\"query-input\":{\"@type\":\"PropertyValueSpecification\",\"valueRequired\":true,\"valueName\":\"search_term_string\"}}],\"inLanguage\":\"fr-FR\"}]}<\/script>\n<!-- \/ Yoast SEO plugin. -->","yoast_head_json":{"title":"Informations - St. Josefs Indianer Hilfswerk","robots":{"index":"index","follow":"follow","max-snippet":"max-snippet:-1","max-image-preview":"max-image-preview:large","max-video-preview":"max-video-preview:-1"},"canonical":"https:\/\/stjosefs.wpdev.go2people.nl\/fr\/nos-enfants\/informations\/","og_locale":"fr_FR","og_type":"article","og_title":"Informations - St. Josefs Indianer Hilfswerk","og_description":"Tout d\u2019abord, les \u00e9l\u00e8ves accueillis \u00e0 l\u2019\u00c9cole indienne St Joseph du Dakota doivent \u00eatre de culture am\u00e9rindienne. Ils vivent tous dans l\u2019une des 20 maisons...","og_url":"https:\/\/stjosefs.wpdev.go2people.nl\/fr\/nos-enfants\/informations\/","og_site_name":"St. Josefs Indianer Hilfswerk","article_modified_time":"2022-05-16T09:54:15+00:00","og_image":[{"width":2042,"height":1031,"url":"https:\/\/stjosefs.wpdev.go2people.nl\/wp-content\/uploads\/2016\/11\/Erfahrungsbericht-einer-Spenderin-\u00fcber-den-Besuch-der-St.-Josefs-Indianerschule-e1485182528827.jpg","type":"image\/jpeg"}],"twitter_card":"summary_large_image","twitter_misc":{"Dur\u00e9e de lecture estim\u00e9e":"1 minute"},"schema":{"@context":"https:\/\/schema.org","@graph":[{"@type":"WebPage","@id":"https:\/\/stjosefs.wpdev.go2people.nl\/fr\/nos-enfants\/informations\/","url":"https:\/\/stjosefs.wpdev.go2people.nl\/fr\/nos-enfants\/informations\/","name":"Informations - St. Josefs Indianer Hilfswerk","isPartOf":{"@id":"https:\/\/stjosefs.wpdev.go2people.nl\/#website"},"primaryImageOfPage":{"@id":"https:\/\/stjosefs.wpdev.go2people.nl\/fr\/nos-enfants\/informations\/#primaryimage"},"image":{"@id":"https:\/\/stjosefs.wpdev.go2people.nl\/fr\/nos-enfants\/informations\/#primaryimage"},"thumbnailUrl":"https:\/\/stjosefs.wpdev.go2people.nl\/wp-content\/uploads\/2016\/11\/Erfahrungsbericht-einer-Spenderin-\u00fcber-den-Besuch-der-St.-Josefs-Indianerschule-e1485182528827.jpg","datePublished":"2017-01-09T14:40:10+00:00","dateModified":"2022-05-16T09:54:15+00:00","breadcrumb":{"@id":"https:\/\/stjosefs.wpdev.go2people.nl\/fr\/nos-enfants\/informations\/#breadcrumb"},"inLanguage":"fr-FR","potentialAction":[{"@type":"ReadAction","target":["https:\/\/stjosefs.wpdev.go2people.nl\/fr\/nos-enfants\/informations\/"]}]},{"@type":"ImageObject","inLanguage":"fr-FR","@id":"https:\/\/stjosefs.wpdev.go2people.nl\/fr\/nos-enfants\/informations\/#primaryimage","url":"https:\/\/stjosefs.wpdev.go2people.nl\/wp-content\/uploads\/2016\/11\/Erfahrungsbericht-einer-Spenderin-\u00fcber-den-Besuch-der-St.-Josefs-Indianerschule-e1485182528827.jpg","contentUrl":"https:\/\/stjosefs.wpdev.go2people.nl\/wp-content\/uploads\/2016\/11\/Erfahrungsbericht-einer-Spenderin-\u00fcber-den-Besuch-der-St.-Josefs-Indianerschule-e1485182528827.jpg","width":2042,"height":1031,"caption":"Erfahrungsbericht einer Spenderin \u00fcber den Besuch der St. Josefs Indianerschule"},{"@type":"BreadcrumbList","@id":"https:\/\/stjosefs.wpdev.go2people.nl\/fr\/nos-enfants\/informations\/#breadcrumb","itemListElement":[{"@type":"ListItem","position":1,"name":"Home","item":"https:\/\/stjosefs.wpdev.go2people.nl\/fr\/"},{"@type":"ListItem","position":2,"name":"Les enfants","item":"https:\/\/stjosefs.wpdev.go2people.nl\/fr\/nos-enfants\/"},{"@type":"ListItem","position":3,"name":"Informations"}]},{"@type":"WebSite","@id":"https:\/\/stjosefs.wpdev.go2people.nl\/#website","url":"https:\/\/stjosefs.wpdev.go2people.nl\/","name":"St. Josefs Indianer Hilfswerk","description":"F\u00fcr eine bessere Zukunft der Ureinwohnerkinder S\u00fcddakotas","potentialAction":[{"@type":"SearchAction","target":{"@type":"EntryPoint","urlTemplate":"https:\/\/stjosefs.wpdev.go2people.nl\/?s={search_term_string}"},"query-input":{"@type":"PropertyValueSpecification","valueRequired":true,"valueName":"search_term_string"}}],"inLanguage":"fr-FR"}]}},"_links":{"self":[{"href":"https:\/\/stjosefs.wpdev.go2people.nl\/fr\/wp-json\/wp\/v2\/pages\/1613","targetHints":{"allow":["GET"]}}],"collection":[{"href":"https:\/\/stjosefs.wpdev.go2people.nl\/fr\/wp-json\/wp\/v2\/pages"}],"about":[{"href":"https:\/\/stjosefs.wpdev.go2people.nl\/fr\/wp-json\/wp\/v2\/types\/page"}],"author":[{"embeddable":true,"href":"https:\/\/stjosefs.wpdev.go2people.nl\/fr\/wp-json\/wp\/v2\/users\/2"}],"replies":[{"embeddable":true,"href":"https:\/\/stjosefs.wpdev.go2people.nl\/fr\/wp-json\/wp\/v2\/comments?post=1613"}],"version-history":[{"count":9,"href":"https:\/\/stjosefs.wpdev.go2people.nl\/fr\/wp-json\/wp\/v2\/pages\/1613\/revisions"}],"predecessor-version":[{"id":13008,"href":"https:\/\/stjosefs.wpdev.go2people.nl\/fr\/wp-json\/wp\/v2\/pages\/1613\/revisions\/13008"}],"up":[{"embeddable":true,"href":"https:\/\/stjosefs.wpdev.go2people.nl\/fr\/wp-json\/wp\/v2\/pages\/233"}],"wp:featuredmedia":[{"embeddable":true,"href":"https:\/\/stjosefs.wpdev.go2people.nl\/fr\/wp-json\/wp\/v2\/media\/911"}],"wp:attachment":[{"href":"https:\/\/stjosefs.wpdev.go2people.nl\/fr\/wp-json\/wp\/v2\/media?parent=1613"}],"curies":[{"name":"wp","href":"https:\/\/api.w.org\/{rel}","templated":true}]}}