{"id":15419,"date":"2023-08-30T11:22:28","date_gmt":"2023-08-30T09:22:28","guid":{"rendered":"https:\/\/stjosefs.de\/?page_id=15419"},"modified":"2023-09-01T10:30:53","modified_gmt":"2023-09-01T08:30:53","slug":"aidez-les-enfants-lakota","status":"publish","type":"page","link":"https:\/\/stjosefs.wpdev.go2people.nl\/fr\/demande-de-brochure\/aidez-les-enfants-lakota\/","title":{"rendered":"Aidez les enfants lakota !"},"content":{"rendered":"<h1>Aidez les enfants lakota\u00a0!<\/h1>\n<p>Les Indiens sioux lakota sont fiers de leur culture. C&rsquo;est le fondement de ce qu&rsquo;ils sont. Mais cette culture dispara\u00eet peu \u00e0 peu. Trop d\u2019Am\u00e9rindiens perdent leur identit\u00e9&#8230; Vous voulez en savoir plus sur la culture sioux lakota ?<\/p>\n<p>La spiritualit\u00e9 est une composante essentielle du mode de vie traditionnel des Sioux Lakota. Wak\u021f\u00e1\u014b T\u021f\u00e1\u014bka &#8211; le Grand Esprit &#8211; est c\u00e9l\u00e9br\u00e9 pour tout ce qui existe sur Terre.<br \/>\nLa culture sioux lakota est empreinte de fiert\u00e9, d&rsquo;honneur et de dignit\u00e9. <img loading=\"lazy\" decoding=\"async\" class=\"alignnone wp-image-8225 size-medium\" src=\"https:\/\/stjosephdudakota.fr\/wp-content\/uploads\/\/2019\/11\/SJF-Packshot_Spiritualite_600x400px-300x200.jpg\" alt=\"Spiritualite\" width=\"300\" height=\"200\" srcset=\"https:\/\/stjosefs.wpdev.go2people.nl\/wp-content\/uploads\/2019\/11\/SJF-Packshot_Spiritualite_600x400px-300x200.jpg 300w, https:\/\/stjosefs.wpdev.go2people.nl\/wp-content\/uploads\/2019\/11\/SJF-Packshot_Spiritualite_600x400px.jpg 600w\" sizes=\"auto, (max-width: 300px) 100vw, 300px\" \/><\/p>\n<p>Cette brochure de 10 pages vous permettra de mieux comprendre la spiritualit\u00e9 sioux lakota.<br \/>\n<strong>Compl\u00e9tez les informations ci-contre pour t\u00e9l\u00e9charger gratuitement cette brochure.<\/strong><\/p>\n<p>Pour en savoir plus sur la fa\u00e7on dont la culture ancestrale sioux lakota peut enrichir votre vie, t\u00e9l\u00e9chargez notre brochure \u00ab\u00a0Spiritualit\u00e9\u00a0\u00bb.<\/p>\n","protected":false},"excerpt":{"rendered":"<p>Aidez les enfants lakota\u00a0! Les Indiens sioux lakota sont fiers de leur culture. C&rsquo;est le fondement de ce qu&rsquo;ils sont. Mais cette culture dispara\u00eet peu&#8230;<\/p>\n","protected":false},"author":2,"featured_media":8216,"parent":2600,"menu_order":0,"comment_status":"closed","ping_status":"closed","template":"page-templates\/page-landingspage.php","meta":{"_acf_changed":false,"footnotes":""},"class_list":["post-15419","page","type-page","status-publish","has-post-thumbnail","hentry"],"acf":[],"yoast_head":"<!-- This site is optimized with the Yoast SEO plugin v27.6 - https:\/\/yoast.com\/product\/yoast-seo-wordpress\/ -->\n<title>Aidez les enfants lakota ! - St. Josefs Indianer Hilfswerk<\/title>\n<meta name=\"description\" content=\"Demandez ici la brochure gratuite \u00ab Spiritualit\u00e9 \u00bb. La spiritualit\u00e9 est une composante essentielle du mode de vie traditionnel des Indiens lakota.\" \/>\n<meta name=\"robots\" content=\"index, follow, max-snippet:-1, max-image-preview:large, max-video-preview:-1\" \/>\n<link rel=\"canonical\" href=\"https:\/\/stjosefs.wpdev.go2people.nl\/fr\/demande-de-brochure\/aidez-les-enfants-lakota\/\" \/>\n<meta property=\"og:locale\" content=\"fr_FR\" \/>\n<meta property=\"og:type\" content=\"article\" \/>\n<meta property=\"og:title\" content=\"Demandez ici la brochure gratuite \u00ab Spiritualit\u00e9 \u00bb\" \/>\n<meta property=\"og:description\" content=\"La spiritualit\u00e9 est une composante essentielle du mode de vie traditionnel des indiens lakotas. Wakan Tanka - le grand Esprit - est remerci\u00e9 pour tout ce qui existe sur la Terre. La culture lakota est empreinte de fiert\u00e9, d&#039;honneur et de dignit\u00e9. Profond\u00e9ment enracin\u00e9s dans les croyances, ces \u00e9l\u00e9ments sont entretenus en toute humilit\u00e9 par de sinc\u00e8res pri\u00e8res.\" \/>\n<meta property=\"og:url\" content=\"https:\/\/stjosefs.wpdev.go2people.nl\/fr\/demande-de-brochure\/aidez-les-enfants-lakota\/\" \/>\n<meta property=\"og:site_name\" content=\"St. Josefs Indianer Hilfswerk\" \/>\n<meta property=\"article:modified_time\" content=\"2023-09-01T08:30:53+00:00\" \/>\n<meta property=\"og:image\" content=\"https:\/\/stjosefs.wpdev.go2people.nl\/wp-content\/uploads\/2018\/08\/shutterstock_1067368883.jpg\" \/>\n\t<meta property=\"og:image:width\" content=\"2260\" \/>\n\t<meta property=\"og:image:height\" content=\"1825\" \/>\n\t<meta property=\"og:image:type\" content=\"image\/jpeg\" \/>\n<meta name=\"twitter:card\" content=\"summary_large_image\" \/>\n<meta name=\"twitter:label1\" content=\"Dur\u00e9e de lecture estim\u00e9e\" \/>\n\t<meta name=\"twitter:data1\" content=\"1 minute\" \/>\n<script type=\"application\/ld+json\" class=\"yoast-schema-graph\">{\"@context\":\"https:\\\/\\\/schema.org\",\"@graph\":[{\"@type\":\"WebPage\",\"@id\":\"https:\\\/\\\/stjosefs.wpdev.go2people.nl\\\/fr\\\/demande-de-brochure\\\/aidez-les-enfants-lakota\\\/\",\"url\":\"https:\\\/\\\/stjosefs.wpdev.go2people.nl\\\/fr\\\/demande-de-brochure\\\/aidez-les-enfants-lakota\\\/\",\"name\":\"Aidez les enfants lakota ! - St. Josefs Indianer Hilfswerk\",\"isPartOf\":{\"@id\":\"https:\\\/\\\/stjosefs.wpdev.go2people.nl\\\/#website\"},\"primaryImageOfPage\":{\"@id\":\"https:\\\/\\\/stjosefs.wpdev.go2people.nl\\\/fr\\\/demande-de-brochure\\\/aidez-les-enfants-lakota\\\/#primaryimage\"},\"image\":{\"@id\":\"https:\\\/\\\/stjosefs.wpdev.go2people.nl\\\/fr\\\/demande-de-brochure\\\/aidez-les-enfants-lakota\\\/#primaryimage\"},\"thumbnailUrl\":\"https:\\\/\\\/stjosefs.wpdev.go2people.nl\\\/wp-content\\\/uploads\\\/2019\\\/11\\\/SJF-Header-visual_Spiritualite_1980x660px.jpg\",\"datePublished\":\"2023-08-30T09:22:28+00:00\",\"dateModified\":\"2023-09-01T08:30:53+00:00\",\"description\":\"Demandez ici la brochure gratuite \u00ab Spiritualit\u00e9 \u00bb. La spiritualit\u00e9 est une composante essentielle du mode de vie traditionnel des Indiens lakota.\",\"breadcrumb\":{\"@id\":\"https:\\\/\\\/stjosefs.wpdev.go2people.nl\\\/fr\\\/demande-de-brochure\\\/aidez-les-enfants-lakota\\\/#breadcrumb\"},\"inLanguage\":\"fr-FR\",\"potentialAction\":[{\"@type\":\"ReadAction\",\"target\":[\"https:\\\/\\\/stjosefs.wpdev.go2people.nl\\\/fr\\\/demande-de-brochure\\\/aidez-les-enfants-lakota\\\/\"]}]},{\"@type\":\"ImageObject\",\"inLanguage\":\"fr-FR\",\"@id\":\"https:\\\/\\\/stjosefs.wpdev.go2people.nl\\\/fr\\\/demande-de-brochure\\\/aidez-les-enfants-lakota\\\/#primaryimage\",\"url\":\"https:\\\/\\\/stjosefs.wpdev.go2people.nl\\\/wp-content\\\/uploads\\\/2019\\\/11\\\/SJF-Header-visual_Spiritualite_1980x660px.jpg\",\"contentUrl\":\"https:\\\/\\\/stjosefs.wpdev.go2people.nl\\\/wp-content\\\/uploads\\\/2019\\\/11\\\/SJF-Header-visual_Spiritualite_1980x660px.jpg\",\"width\":1980,\"height\":660,\"caption\":\"Spiritualite\"},{\"@type\":\"BreadcrumbList\",\"@id\":\"https:\\\/\\\/stjosefs.wpdev.go2people.nl\\\/fr\\\/demande-de-brochure\\\/aidez-les-enfants-lakota\\\/#breadcrumb\",\"itemListElement\":[{\"@type\":\"ListItem\",\"position\":1,\"name\":\"Home\",\"item\":\"https:\\\/\\\/stjosefs.wpdev.go2people.nl\\\/fr\\\/\"},{\"@type\":\"ListItem\",\"position\":2,\"name\":\"Demande de brochure\",\"item\":\"https:\\\/\\\/stjosefs.wpdev.go2people.nl\\\/fr\\\/demande-de-brochure\\\/\"},{\"@type\":\"ListItem\",\"position\":3,\"name\":\"Aidez les enfants lakota !\"}]},{\"@type\":\"WebSite\",\"@id\":\"https:\\\/\\\/stjosefs.wpdev.go2people.nl\\\/#website\",\"url\":\"https:\\\/\\\/stjosefs.wpdev.go2people.nl\\\/\",\"name\":\"St. Josefs Indianer Hilfswerk\",\"description\":\"F\u00fcr eine bessere Zukunft der Ureinwohnerkinder S\u00fcddakotas\",\"potentialAction\":[{\"@type\":\"SearchAction\",\"target\":{\"@type\":\"EntryPoint\",\"urlTemplate\":\"https:\\\/\\\/stjosefs.wpdev.go2people.nl\\\/?s={search_term_string}\"},\"query-input\":{\"@type\":\"PropertyValueSpecification\",\"valueRequired\":true,\"valueName\":\"search_term_string\"}}],\"inLanguage\":\"fr-FR\"}]}<\/script>\n<!-- \/ Yoast SEO plugin. -->","yoast_head_json":{"title":"Aidez les enfants lakota ! - St. Josefs Indianer Hilfswerk","description":"Demandez ici la brochure gratuite \u00ab Spiritualit\u00e9 \u00bb. La spiritualit\u00e9 est une composante essentielle du mode de vie traditionnel des Indiens lakota.","robots":{"index":"index","follow":"follow","max-snippet":"max-snippet:-1","max-image-preview":"max-image-preview:large","max-video-preview":"max-video-preview:-1"},"canonical":"https:\/\/stjosefs.wpdev.go2people.nl\/fr\/demande-de-brochure\/aidez-les-enfants-lakota\/","og_locale":"fr_FR","og_type":"article","og_title":"Demandez ici la brochure gratuite \u00ab Spiritualit\u00e9 \u00bb","og_description":"La spiritualit\u00e9 est une composante essentielle du mode de vie traditionnel des indiens lakotas. Wakan Tanka - le grand Esprit - est remerci\u00e9 pour tout ce qui existe sur la Terre. La culture lakota est empreinte de fiert\u00e9, d'honneur et de dignit\u00e9. Profond\u00e9ment enracin\u00e9s dans les croyances, ces \u00e9l\u00e9ments sont entretenus en toute humilit\u00e9 par de sinc\u00e8res pri\u00e8res.","og_url":"https:\/\/stjosefs.wpdev.go2people.nl\/fr\/demande-de-brochure\/aidez-les-enfants-lakota\/","og_site_name":"St. Josefs Indianer Hilfswerk","article_modified_time":"2023-09-01T08:30:53+00:00","og_image":[{"width":2260,"height":1825,"url":"https:\/\/stjosefs.wpdev.go2people.nl\/wp-content\/uploads\/2018\/08\/shutterstock_1067368883.jpg","type":"image\/jpeg"}],"twitter_card":"summary_large_image","twitter_misc":{"Dur\u00e9e de lecture estim\u00e9e":"1 minute"},"schema":{"@context":"https:\/\/schema.org","@graph":[{"@type":"WebPage","@id":"https:\/\/stjosefs.wpdev.go2people.nl\/fr\/demande-de-brochure\/aidez-les-enfants-lakota\/","url":"https:\/\/stjosefs.wpdev.go2people.nl\/fr\/demande-de-brochure\/aidez-les-enfants-lakota\/","name":"Aidez les enfants lakota ! - St. Josefs Indianer Hilfswerk","isPartOf":{"@id":"https:\/\/stjosefs.wpdev.go2people.nl\/#website"},"primaryImageOfPage":{"@id":"https:\/\/stjosefs.wpdev.go2people.nl\/fr\/demande-de-brochure\/aidez-les-enfants-lakota\/#primaryimage"},"image":{"@id":"https:\/\/stjosefs.wpdev.go2people.nl\/fr\/demande-de-brochure\/aidez-les-enfants-lakota\/#primaryimage"},"thumbnailUrl":"https:\/\/stjosefs.wpdev.go2people.nl\/wp-content\/uploads\/2019\/11\/SJF-Header-visual_Spiritualite_1980x660px.jpg","datePublished":"2023-08-30T09:22:28+00:00","dateModified":"2023-09-01T08:30:53+00:00","description":"Demandez ici la brochure gratuite \u00ab Spiritualit\u00e9 \u00bb. La spiritualit\u00e9 est une composante essentielle du mode de vie traditionnel des Indiens lakota.","breadcrumb":{"@id":"https:\/\/stjosefs.wpdev.go2people.nl\/fr\/demande-de-brochure\/aidez-les-enfants-lakota\/#breadcrumb"},"inLanguage":"fr-FR","potentialAction":[{"@type":"ReadAction","target":["https:\/\/stjosefs.wpdev.go2people.nl\/fr\/demande-de-brochure\/aidez-les-enfants-lakota\/"]}]},{"@type":"ImageObject","inLanguage":"fr-FR","@id":"https:\/\/stjosefs.wpdev.go2people.nl\/fr\/demande-de-brochure\/aidez-les-enfants-lakota\/#primaryimage","url":"https:\/\/stjosefs.wpdev.go2people.nl\/wp-content\/uploads\/2019\/11\/SJF-Header-visual_Spiritualite_1980x660px.jpg","contentUrl":"https:\/\/stjosefs.wpdev.go2people.nl\/wp-content\/uploads\/2019\/11\/SJF-Header-visual_Spiritualite_1980x660px.jpg","width":1980,"height":660,"caption":"Spiritualite"},{"@type":"BreadcrumbList","@id":"https:\/\/stjosefs.wpdev.go2people.nl\/fr\/demande-de-brochure\/aidez-les-enfants-lakota\/#breadcrumb","itemListElement":[{"@type":"ListItem","position":1,"name":"Home","item":"https:\/\/stjosefs.wpdev.go2people.nl\/fr\/"},{"@type":"ListItem","position":2,"name":"Demande de brochure","item":"https:\/\/stjosefs.wpdev.go2people.nl\/fr\/demande-de-brochure\/"},{"@type":"ListItem","position":3,"name":"Aidez les enfants lakota !"}]},{"@type":"WebSite","@id":"https:\/\/stjosefs.wpdev.go2people.nl\/#website","url":"https:\/\/stjosefs.wpdev.go2people.nl\/","name":"St. Josefs Indianer Hilfswerk","description":"F\u00fcr eine bessere Zukunft der Ureinwohnerkinder S\u00fcddakotas","potentialAction":[{"@type":"SearchAction","target":{"@type":"EntryPoint","urlTemplate":"https:\/\/stjosefs.wpdev.go2people.nl\/?s={search_term_string}"},"query-input":{"@type":"PropertyValueSpecification","valueRequired":true,"valueName":"search_term_string"}}],"inLanguage":"fr-FR"}]}},"_links":{"self":[{"href":"https:\/\/stjosefs.wpdev.go2people.nl\/fr\/wp-json\/wp\/v2\/pages\/15419","targetHints":{"allow":["GET"]}}],"collection":[{"href":"https:\/\/stjosefs.wpdev.go2people.nl\/fr\/wp-json\/wp\/v2\/pages"}],"about":[{"href":"https:\/\/stjosefs.wpdev.go2people.nl\/fr\/wp-json\/wp\/v2\/types\/page"}],"author":[{"embeddable":true,"href":"https:\/\/stjosefs.wpdev.go2people.nl\/fr\/wp-json\/wp\/v2\/users\/2"}],"replies":[{"embeddable":true,"href":"https:\/\/stjosefs.wpdev.go2people.nl\/fr\/wp-json\/wp\/v2\/comments?post=15419"}],"version-history":[{"count":5,"href":"https:\/\/stjosefs.wpdev.go2people.nl\/fr\/wp-json\/wp\/v2\/pages\/15419\/revisions"}],"predecessor-version":[{"id":15480,"href":"https:\/\/stjosefs.wpdev.go2people.nl\/fr\/wp-json\/wp\/v2\/pages\/15419\/revisions\/15480"}],"up":[{"embeddable":true,"href":"https:\/\/stjosefs.wpdev.go2people.nl\/fr\/wp-json\/wp\/v2\/pages\/2600"}],"wp:featuredmedia":[{"embeddable":true,"href":"https:\/\/stjosefs.wpdev.go2people.nl\/fr\/wp-json\/wp\/v2\/media\/8216"}],"wp:attachment":[{"href":"https:\/\/stjosefs.wpdev.go2people.nl\/fr\/wp-json\/wp\/v2\/media?parent=15419"}],"curies":[{"name":"wp","href":"https:\/\/api.w.org\/{rel}","templated":true}]}}