{"id":15381,"date":"2023-08-29T13:53:00","date_gmt":"2023-08-29T11:53:00","guid":{"rendered":"https:\/\/stjosefs.de\/?page_id=15381"},"modified":"2023-09-01T09:55:14","modified_gmt":"2023-09-01T07:55:14","slug":"soutenez-les-enfants","status":"publish","type":"page","link":"https:\/\/stjosefs.wpdev.go2people.nl\/fr\/soutenez-les-enfants\/","title":{"rendered":"Soutenez la pr\u00e9servation de la culture sioux lakota"},"content":{"rendered":"<h2>Montrez votre soutien \u00e0 la pr\u00e9servation de la culture sioux lakota<\/h2>\n<p>Les enfants sioux lakota ont besoin de votre aide pour sauver leur culture !<\/p>\n<p>Leur riche patrimoine est aujourd&rsquo;hui menac\u00e9 d&rsquo;extinction. En perdant leurs racines ancestrales, ils risquent de perdre leur identit\u00e9 culturelle&#8230;<\/p>\n<p>Montrez votre soutien si vous pensez que la culture sioux lakota doit \u00eatre pr\u00e9serv\u00e9e pour les enfants am\u00e9rindiens et les g\u00e9n\u00e9rations futures. Nous devons tout mettre en \u0153uvre pour emp\u00eacher la culture sioux lakota de dispara\u00eetre.<\/p>\n<p>Soutenez l\u2019\u00c9cole indienne St Joseph du Dakota dans cette mission urgente de pr\u00e9servation de la culture sioux lakota.<\/p>\n<p>Par votre geste et votre int\u00e9r\u00eat, vous pouvez aider les enfants Am\u00e9rindiens pr\u00e9server leur identit\u00e9.<\/p>\n<p><strong>Oui, je souscris maintenant !<\/strong><\/p>\n<p>&nbsp;<\/p>\n<p>&nbsp;<\/p>\n","protected":false},"excerpt":{"rendered":"<p>Montrez votre soutien \u00e0 la pr\u00e9servation de la culture sioux lakota Les enfants sioux lakota ont besoin de votre aide pour sauver leur culture !&#8230;<\/p>\n","protected":false},"author":2,"featured_media":15433,"parent":0,"menu_order":0,"comment_status":"closed","ping_status":"closed","template":"page-templates\/page-landingspage.php","meta":{"_acf_changed":false,"footnotes":""},"class_list":["post-15381","page","type-page","status-publish","has-post-thumbnail","hentry"],"acf":[],"yoast_head":"<!-- This site is optimized with the Yoast SEO plugin v27.6 - https:\/\/yoast.com\/product\/yoast-seo-wordpress\/ -->\n<title>Soutenez la pr\u00e9servation de la culture sioux lakota - St. Josefs Indianer Hilfswerk<\/title>\n<meta name=\"robots\" content=\"index, follow, max-snippet:-1, max-image-preview:large, max-video-preview:-1\" \/>\n<link rel=\"canonical\" href=\"https:\/\/stjosefs.wpdev.go2people.nl\/fr\/soutenez-les-enfants\/\" \/>\n<meta property=\"og:locale\" content=\"fr_FR\" \/>\n<meta property=\"og:type\" content=\"article\" \/>\n<meta property=\"og:title\" content=\"Demande de brochure \u00ab\u00a0L&#039;attrape-r\u00eaves \u00bb\" \/>\n<meta property=\"og:description\" content=\"L\u2019attrape-r\u00eaves am\u00e9rindien est traditionnellement confectionn\u00e9 de fa\u00e7on artisanale...\" \/>\n<meta property=\"og:url\" content=\"https:\/\/stjosefs.wpdev.go2people.nl\/fr\/soutenez-les-enfants\/\" \/>\n<meta property=\"og:site_name\" content=\"St. Josefs Indianer Hilfswerk\" \/>\n<meta property=\"article:modified_time\" content=\"2023-09-01T07:55:14+00:00\" \/>\n<meta property=\"og:image\" content=\"https:\/\/stjosefs.wpdev.go2people.nl\/wp-content\/uploads\/2022\/07\/SJD_SJF-P1-FB-post-brochure-Dreamcatcher.jpg\" \/>\n\t<meta property=\"og:image:width\" content=\"1080\" \/>\n\t<meta property=\"og:image:height\" content=\"1080\" \/>\n\t<meta property=\"og:image:type\" content=\"image\/jpeg\" \/>\n<meta name=\"twitter:card\" content=\"summary_large_image\" \/>\n<meta name=\"twitter:title\" content=\"Demande de brochure \u00ab\u00a0L&#039;attrape-r\u00eaves \u00bb\" \/>\n<meta name=\"twitter:description\" content=\"L\u2019attrape-r\u00eaves am\u00e9rindien est traditionnellement confectionn\u00e9 de fa\u00e7on artisanale...\" \/>\n<meta name=\"twitter:image\" content=\"https:\/\/stjosefs.wpdev.go2people.nl\/wp-content\/uploads\/2022\/07\/SJD_SJF-P1-FB-post-brochure-Dreamcatcher.jpg\" \/>\n<meta name=\"twitter:label1\" content=\"Dur\u00e9e de lecture estim\u00e9e\" \/>\n\t<meta name=\"twitter:data1\" content=\"1 minute\" \/>\n<script type=\"application\/ld+json\" class=\"yoast-schema-graph\">{\"@context\":\"https:\\\/\\\/schema.org\",\"@graph\":[{\"@type\":\"WebPage\",\"@id\":\"https:\\\/\\\/stjosefs.wpdev.go2people.nl\\\/fr\\\/soutenez-les-enfants\\\/\",\"url\":\"https:\\\/\\\/stjosefs.wpdev.go2people.nl\\\/fr\\\/soutenez-les-enfants\\\/\",\"name\":\"Soutenez la pr\u00e9servation de la culture sioux lakota - St. Josefs Indianer Hilfswerk\",\"isPartOf\":{\"@id\":\"https:\\\/\\\/stjosefs.wpdev.go2people.nl\\\/#website\"},\"primaryImageOfPage\":{\"@id\":\"https:\\\/\\\/stjosefs.wpdev.go2people.nl\\\/fr\\\/soutenez-les-enfants\\\/#primaryimage\"},\"image\":{\"@id\":\"https:\\\/\\\/stjosefs.wpdev.go2people.nl\\\/fr\\\/soutenez-les-enfants\\\/#primaryimage\"},\"thumbnailUrl\":\"https:\\\/\\\/stjosefs.wpdev.go2people.nl\\\/wp-content\\\/uploads\\\/2023\\\/08\\\/E2311SJF_Fase-2-3-scaled.jpg\",\"datePublished\":\"2023-08-29T11:53:00+00:00\",\"dateModified\":\"2023-09-01T07:55:14+00:00\",\"breadcrumb\":{\"@id\":\"https:\\\/\\\/stjosefs.wpdev.go2people.nl\\\/fr\\\/soutenez-les-enfants\\\/#breadcrumb\"},\"inLanguage\":\"fr-FR\",\"potentialAction\":[{\"@type\":\"ReadAction\",\"target\":[\"https:\\\/\\\/stjosefs.wpdev.go2people.nl\\\/fr\\\/soutenez-les-enfants\\\/\"]}]},{\"@type\":\"ImageObject\",\"inLanguage\":\"fr-FR\",\"@id\":\"https:\\\/\\\/stjosefs.wpdev.go2people.nl\\\/fr\\\/soutenez-les-enfants\\\/#primaryimage\",\"url\":\"https:\\\/\\\/stjosefs.wpdev.go2people.nl\\\/wp-content\\\/uploads\\\/2023\\\/08\\\/E2311SJF_Fase-2-3-scaled.jpg\",\"contentUrl\":\"https:\\\/\\\/stjosefs.wpdev.go2people.nl\\\/wp-content\\\/uploads\\\/2023\\\/08\\\/E2311SJF_Fase-2-3-scaled.jpg\",\"width\":2560,\"height\":1152},{\"@type\":\"BreadcrumbList\",\"@id\":\"https:\\\/\\\/stjosefs.wpdev.go2people.nl\\\/fr\\\/soutenez-les-enfants\\\/#breadcrumb\",\"itemListElement\":[{\"@type\":\"ListItem\",\"position\":1,\"name\":\"Home\",\"item\":\"https:\\\/\\\/stjosefs.wpdev.go2people.nl\\\/fr\\\/\"},{\"@type\":\"ListItem\",\"position\":2,\"name\":\"Soutenez la pr\u00e9servation de la culture sioux lakota\"}]},{\"@type\":\"WebSite\",\"@id\":\"https:\\\/\\\/stjosefs.wpdev.go2people.nl\\\/#website\",\"url\":\"https:\\\/\\\/stjosefs.wpdev.go2people.nl\\\/\",\"name\":\"St. Josefs Indianer Hilfswerk\",\"description\":\"F\u00fcr eine bessere Zukunft der Ureinwohnerkinder S\u00fcddakotas\",\"potentialAction\":[{\"@type\":\"SearchAction\",\"target\":{\"@type\":\"EntryPoint\",\"urlTemplate\":\"https:\\\/\\\/stjosefs.wpdev.go2people.nl\\\/?s={search_term_string}\"},\"query-input\":{\"@type\":\"PropertyValueSpecification\",\"valueRequired\":true,\"valueName\":\"search_term_string\"}}],\"inLanguage\":\"fr-FR\"}]}<\/script>\n<!-- \/ Yoast SEO plugin. -->","yoast_head_json":{"title":"Soutenez la pr\u00e9servation de la culture sioux lakota - St. Josefs Indianer Hilfswerk","robots":{"index":"index","follow":"follow","max-snippet":"max-snippet:-1","max-image-preview":"max-image-preview:large","max-video-preview":"max-video-preview:-1"},"canonical":"https:\/\/stjosefs.wpdev.go2people.nl\/fr\/soutenez-les-enfants\/","og_locale":"fr_FR","og_type":"article","og_title":"Demande de brochure \u00ab\u00a0L'attrape-r\u00eaves \u00bb","og_description":"L\u2019attrape-r\u00eaves am\u00e9rindien est traditionnellement confectionn\u00e9 de fa\u00e7on artisanale...","og_url":"https:\/\/stjosefs.wpdev.go2people.nl\/fr\/soutenez-les-enfants\/","og_site_name":"St. Josefs Indianer Hilfswerk","article_modified_time":"2023-09-01T07:55:14+00:00","og_image":[{"width":1080,"height":1080,"url":"https:\/\/stjosefs.wpdev.go2people.nl\/wp-content\/uploads\/2022\/07\/SJD_SJF-P1-FB-post-brochure-Dreamcatcher.jpg","type":"image\/jpeg"}],"twitter_card":"summary_large_image","twitter_title":"Demande de brochure \u00ab\u00a0L'attrape-r\u00eaves \u00bb","twitter_description":"L\u2019attrape-r\u00eaves am\u00e9rindien est traditionnellement confectionn\u00e9 de fa\u00e7on artisanale...","twitter_image":"https:\/\/stjosefs.wpdev.go2people.nl\/wp-content\/uploads\/2022\/07\/SJD_SJF-P1-FB-post-brochure-Dreamcatcher.jpg","twitter_misc":{"Dur\u00e9e de lecture estim\u00e9e":"1 minute"},"schema":{"@context":"https:\/\/schema.org","@graph":[{"@type":"WebPage","@id":"https:\/\/stjosefs.wpdev.go2people.nl\/fr\/soutenez-les-enfants\/","url":"https:\/\/stjosefs.wpdev.go2people.nl\/fr\/soutenez-les-enfants\/","name":"Soutenez la pr\u00e9servation de la culture sioux lakota - St. Josefs Indianer Hilfswerk","isPartOf":{"@id":"https:\/\/stjosefs.wpdev.go2people.nl\/#website"},"primaryImageOfPage":{"@id":"https:\/\/stjosefs.wpdev.go2people.nl\/fr\/soutenez-les-enfants\/#primaryimage"},"image":{"@id":"https:\/\/stjosefs.wpdev.go2people.nl\/fr\/soutenez-les-enfants\/#primaryimage"},"thumbnailUrl":"https:\/\/stjosefs.wpdev.go2people.nl\/wp-content\/uploads\/2023\/08\/E2311SJF_Fase-2-3-scaled.jpg","datePublished":"2023-08-29T11:53:00+00:00","dateModified":"2023-09-01T07:55:14+00:00","breadcrumb":{"@id":"https:\/\/stjosefs.wpdev.go2people.nl\/fr\/soutenez-les-enfants\/#breadcrumb"},"inLanguage":"fr-FR","potentialAction":[{"@type":"ReadAction","target":["https:\/\/stjosefs.wpdev.go2people.nl\/fr\/soutenez-les-enfants\/"]}]},{"@type":"ImageObject","inLanguage":"fr-FR","@id":"https:\/\/stjosefs.wpdev.go2people.nl\/fr\/soutenez-les-enfants\/#primaryimage","url":"https:\/\/stjosefs.wpdev.go2people.nl\/wp-content\/uploads\/2023\/08\/E2311SJF_Fase-2-3-scaled.jpg","contentUrl":"https:\/\/stjosefs.wpdev.go2people.nl\/wp-content\/uploads\/2023\/08\/E2311SJF_Fase-2-3-scaled.jpg","width":2560,"height":1152},{"@type":"BreadcrumbList","@id":"https:\/\/stjosefs.wpdev.go2people.nl\/fr\/soutenez-les-enfants\/#breadcrumb","itemListElement":[{"@type":"ListItem","position":1,"name":"Home","item":"https:\/\/stjosefs.wpdev.go2people.nl\/fr\/"},{"@type":"ListItem","position":2,"name":"Soutenez la pr\u00e9servation de la culture sioux lakota"}]},{"@type":"WebSite","@id":"https:\/\/stjosefs.wpdev.go2people.nl\/#website","url":"https:\/\/stjosefs.wpdev.go2people.nl\/","name":"St. Josefs Indianer Hilfswerk","description":"F\u00fcr eine bessere Zukunft der Ureinwohnerkinder S\u00fcddakotas","potentialAction":[{"@type":"SearchAction","target":{"@type":"EntryPoint","urlTemplate":"https:\/\/stjosefs.wpdev.go2people.nl\/?s={search_term_string}"},"query-input":{"@type":"PropertyValueSpecification","valueRequired":true,"valueName":"search_term_string"}}],"inLanguage":"fr-FR"}]}},"_links":{"self":[{"href":"https:\/\/stjosefs.wpdev.go2people.nl\/fr\/wp-json\/wp\/v2\/pages\/15381","targetHints":{"allow":["GET"]}}],"collection":[{"href":"https:\/\/stjosefs.wpdev.go2people.nl\/fr\/wp-json\/wp\/v2\/pages"}],"about":[{"href":"https:\/\/stjosefs.wpdev.go2people.nl\/fr\/wp-json\/wp\/v2\/types\/page"}],"author":[{"embeddable":true,"href":"https:\/\/stjosefs.wpdev.go2people.nl\/fr\/wp-json\/wp\/v2\/users\/2"}],"replies":[{"embeddable":true,"href":"https:\/\/stjosefs.wpdev.go2people.nl\/fr\/wp-json\/wp\/v2\/comments?post=15381"}],"version-history":[{"count":11,"href":"https:\/\/stjosefs.wpdev.go2people.nl\/fr\/wp-json\/wp\/v2\/pages\/15381\/revisions"}],"predecessor-version":[{"id":15469,"href":"https:\/\/stjosefs.wpdev.go2people.nl\/fr\/wp-json\/wp\/v2\/pages\/15381\/revisions\/15469"}],"wp:featuredmedia":[{"embeddable":true,"href":"https:\/\/stjosefs.wpdev.go2people.nl\/fr\/wp-json\/wp\/v2\/media\/15433"}],"wp:attachment":[{"href":"https:\/\/stjosefs.wpdev.go2people.nl\/fr\/wp-json\/wp\/v2\/media?parent=15381"}],"curies":[{"name":"wp","href":"https:\/\/api.w.org\/{rel}","templated":true}]}}