{"id":15369,"date":"2023-08-29T12:27:28","date_gmt":"2023-08-29T10:27:28","guid":{"rendered":"https:\/\/stjosefs.de\/?page_id=15369"},"modified":"2023-09-01T10:11:31","modified_gmt":"2023-09-01T08:11:31","slug":"sauvez-la-culture","status":"publish","type":"page","link":"https:\/\/stjosefs.wpdev.go2people.nl\/fr\/sauvez-la-culture\/","title":{"rendered":"Sauvez la culture sioux lakota !"},"content":{"rendered":"<h3><strong>Les enfants Sioux Lakota ont besoin de votre aide pour sauver leur culture !<\/strong><\/h3>\n<p>Leur riche patrimoine est aujourd&rsquo;hui menac\u00e9 d&rsquo;extinction. En perdant leurs racines ancestrales, ils risquent de perdre leur identit\u00e9 !<\/p>\n<p>L\u2019\u00c9cole indienne St Joseph du Dakota met tout en \u0153uvre pour enseigner \u00e0 plus de 200 \u00e9l\u00e8ves la langue, la culture et les traditions sioux lakota.<\/p>\n<p>Gr\u00e2ce \u00e0 votre aide, l&rsquo;\u00e9cole pourra continuer \u00e0 organiser des cours et ateliers sp\u00e9cifiques tout au long de leur scolarit\u00e9, afin de pr\u00e9server la culture sioux lakota.<\/p>\n<p><strong>Sauvez la culture sioux lakota ! <\/strong><strong>Faites un don d\u00e8s aujourd&rsquo;hui !\u00a0<\/strong><\/p>\n<p>&nbsp;<\/p>\n","protected":false},"excerpt":{"rendered":"<p>Les enfants Sioux Lakota ont besoin de votre aide pour sauver leur culture ! Leur riche patrimoine est aujourd&rsquo;hui menac\u00e9 d&rsquo;extinction. En perdant leurs racines&#8230;<\/p>\n","protected":false},"author":2,"featured_media":15370,"parent":0,"menu_order":0,"comment_status":"closed","ping_status":"closed","template":"page-templates\/page-landingspage.php","meta":{"_acf_changed":false,"footnotes":""},"class_list":["post-15369","page","type-page","status-publish","has-post-thumbnail","hentry"],"acf":[],"yoast_head":"<!-- This site is optimized with the Yoast SEO plugin v27.6 - https:\/\/yoast.com\/product\/yoast-seo-wordpress\/ -->\n<title>Sauvez la culture sioux lakota ! - St. Josefs Indianer Hilfswerk<\/title>\n<meta name=\"description\" content=\"Aidez-nous \u00e0 transformer la vie d&#039;un enfant sioux lakota gr\u00e2ce \u00e0 l&#039;\u00e9ducation !\" \/>\n<meta name=\"robots\" content=\"index, follow, max-snippet:-1, max-image-preview:large, max-video-preview:-1\" \/>\n<link rel=\"canonical\" href=\"https:\/\/stjosefs.wpdev.go2people.nl\/fr\/sauvez-la-culture\/\" \/>\n<meta property=\"og:locale\" content=\"fr_FR\" \/>\n<meta property=\"og:type\" content=\"article\" \/>\n<meta property=\"og:title\" content=\"Alerte sur la situation financi\u00e8re \u2013 Les enfants ont plus que jamais besoin de votre aide !\" \/>\n<meta property=\"og:description\" content=\"Aidez-nous \u00e0 transformer la vie d&#039;un enfant sioux lakota gr\u00e2ce \u00e0 l&#039;\u00e9ducation !\" \/>\n<meta property=\"og:url\" content=\"https:\/\/stjosefs.wpdev.go2people.nl\/fr\/sauvez-la-culture\/\" \/>\n<meta property=\"og:site_name\" content=\"St. Josefs Indianer Hilfswerk\" \/>\n<meta property=\"article:modified_time\" content=\"2023-09-01T08:11:31+00:00\" \/>\n<meta property=\"og:image\" content=\"https:\/\/stjosefs.wpdev.go2people.nl\/wp-content\/uploads\/2023\/07\/Header-Donationpage-3958x1146-1-scaled.jpg\" \/>\n\t<meta property=\"og:image:width\" content=\"2560\" \/>\n\t<meta property=\"og:image:height\" content=\"741\" \/>\n\t<meta property=\"og:image:type\" content=\"image\/jpeg\" \/>\n<meta name=\"twitter:card\" content=\"summary_large_image\" \/>\n<meta name=\"twitter:title\" content=\"Alerte sur la situation financi\u00e8re \u2013 Les enfants ont plus que jamais besoin de votre aide !\" \/>\n<meta name=\"twitter:image\" content=\"https:\/\/stjosefs.wpdev.go2people.nl\/wp-content\/uploads\/2023\/07\/Header-Donationpage-3958x1146-1-scaled.jpg\" \/>\n<meta name=\"twitter:label1\" content=\"Dur\u00e9e de lecture estim\u00e9e\" \/>\n\t<meta name=\"twitter:data1\" content=\"1 minute\" \/>\n<script type=\"application\/ld+json\" class=\"yoast-schema-graph\">{\"@context\":\"https:\\\/\\\/schema.org\",\"@graph\":[{\"@type\":\"WebPage\",\"@id\":\"https:\\\/\\\/stjosefs.wpdev.go2people.nl\\\/fr\\\/sauvez-la-culture\\\/\",\"url\":\"https:\\\/\\\/stjosefs.wpdev.go2people.nl\\\/fr\\\/sauvez-la-culture\\\/\",\"name\":\"Sauvez la culture sioux lakota ! - St. Josefs Indianer Hilfswerk\",\"isPartOf\":{\"@id\":\"https:\\\/\\\/stjosefs.wpdev.go2people.nl\\\/#website\"},\"primaryImageOfPage\":{\"@id\":\"https:\\\/\\\/stjosefs.wpdev.go2people.nl\\\/fr\\\/sauvez-la-culture\\\/#primaryimage\"},\"image\":{\"@id\":\"https:\\\/\\\/stjosefs.wpdev.go2people.nl\\\/fr\\\/sauvez-la-culture\\\/#primaryimage\"},\"thumbnailUrl\":\"https:\\\/\\\/stjosefs.wpdev.go2people.nl\\\/wp-content\\\/uploads\\\/2023\\\/08\\\/E2311SJF_Fase-3_Donation.png\",\"datePublished\":\"2023-08-29T10:27:28+00:00\",\"dateModified\":\"2023-09-01T08:11:31+00:00\",\"description\":\"Aidez-nous \u00e0 transformer la vie d'un enfant sioux lakota gr\u00e2ce \u00e0 l'\u00e9ducation !\",\"breadcrumb\":{\"@id\":\"https:\\\/\\\/stjosefs.wpdev.go2people.nl\\\/fr\\\/sauvez-la-culture\\\/#breadcrumb\"},\"inLanguage\":\"fr-FR\",\"potentialAction\":[{\"@type\":\"ReadAction\",\"target\":[\"https:\\\/\\\/stjosefs.wpdev.go2people.nl\\\/fr\\\/sauvez-la-culture\\\/\"]}]},{\"@type\":\"ImageObject\",\"inLanguage\":\"fr-FR\",\"@id\":\"https:\\\/\\\/stjosefs.wpdev.go2people.nl\\\/fr\\\/sauvez-la-culture\\\/#primaryimage\",\"url\":\"https:\\\/\\\/stjosefs.wpdev.go2people.nl\\\/wp-content\\\/uploads\\\/2023\\\/08\\\/E2311SJF_Fase-3_Donation.png\",\"contentUrl\":\"https:\\\/\\\/stjosefs.wpdev.go2people.nl\\\/wp-content\\\/uploads\\\/2023\\\/08\\\/E2311SJF_Fase-3_Donation.png\",\"width\":2667,\"height\":1200},{\"@type\":\"BreadcrumbList\",\"@id\":\"https:\\\/\\\/stjosefs.wpdev.go2people.nl\\\/fr\\\/sauvez-la-culture\\\/#breadcrumb\",\"itemListElement\":[{\"@type\":\"ListItem\",\"position\":1,\"name\":\"Home\",\"item\":\"https:\\\/\\\/stjosefs.wpdev.go2people.nl\\\/fr\\\/\"},{\"@type\":\"ListItem\",\"position\":2,\"name\":\"Sauvez la culture sioux lakota !\"}]},{\"@type\":\"WebSite\",\"@id\":\"https:\\\/\\\/stjosefs.wpdev.go2people.nl\\\/#website\",\"url\":\"https:\\\/\\\/stjosefs.wpdev.go2people.nl\\\/\",\"name\":\"St. Josefs Indianer Hilfswerk\",\"description\":\"F\u00fcr eine bessere Zukunft der Ureinwohnerkinder S\u00fcddakotas\",\"potentialAction\":[{\"@type\":\"SearchAction\",\"target\":{\"@type\":\"EntryPoint\",\"urlTemplate\":\"https:\\\/\\\/stjosefs.wpdev.go2people.nl\\\/?s={search_term_string}\"},\"query-input\":{\"@type\":\"PropertyValueSpecification\",\"valueRequired\":true,\"valueName\":\"search_term_string\"}}],\"inLanguage\":\"fr-FR\"}]}<\/script>\n<!-- \/ Yoast SEO plugin. -->","yoast_head_json":{"title":"Sauvez la culture sioux lakota ! - St. Josefs Indianer Hilfswerk","description":"Aidez-nous \u00e0 transformer la vie d'un enfant sioux lakota gr\u00e2ce \u00e0 l'\u00e9ducation !","robots":{"index":"index","follow":"follow","max-snippet":"max-snippet:-1","max-image-preview":"max-image-preview:large","max-video-preview":"max-video-preview:-1"},"canonical":"https:\/\/stjosefs.wpdev.go2people.nl\/fr\/sauvez-la-culture\/","og_locale":"fr_FR","og_type":"article","og_title":"Alerte sur la situation financi\u00e8re \u2013 Les enfants ont plus que jamais besoin de votre aide !","og_description":"Aidez-nous \u00e0 transformer la vie d'un enfant sioux lakota gr\u00e2ce \u00e0 l'\u00e9ducation !","og_url":"https:\/\/stjosefs.wpdev.go2people.nl\/fr\/sauvez-la-culture\/","og_site_name":"St. Josefs Indianer Hilfswerk","article_modified_time":"2023-09-01T08:11:31+00:00","og_image":[{"width":2560,"height":741,"url":"https:\/\/stjosefs.wpdev.go2people.nl\/wp-content\/uploads\/2023\/07\/Header-Donationpage-3958x1146-1-scaled.jpg","type":"image\/jpeg"}],"twitter_card":"summary_large_image","twitter_title":"Alerte sur la situation financi\u00e8re \u2013 Les enfants ont plus que jamais besoin de votre aide !","twitter_image":"https:\/\/stjosefs.wpdev.go2people.nl\/wp-content\/uploads\/2023\/07\/Header-Donationpage-3958x1146-1-scaled.jpg","twitter_misc":{"Dur\u00e9e de lecture estim\u00e9e":"1 minute"},"schema":{"@context":"https:\/\/schema.org","@graph":[{"@type":"WebPage","@id":"https:\/\/stjosefs.wpdev.go2people.nl\/fr\/sauvez-la-culture\/","url":"https:\/\/stjosefs.wpdev.go2people.nl\/fr\/sauvez-la-culture\/","name":"Sauvez la culture sioux lakota ! - St. Josefs Indianer Hilfswerk","isPartOf":{"@id":"https:\/\/stjosefs.wpdev.go2people.nl\/#website"},"primaryImageOfPage":{"@id":"https:\/\/stjosefs.wpdev.go2people.nl\/fr\/sauvez-la-culture\/#primaryimage"},"image":{"@id":"https:\/\/stjosefs.wpdev.go2people.nl\/fr\/sauvez-la-culture\/#primaryimage"},"thumbnailUrl":"https:\/\/stjosefs.wpdev.go2people.nl\/wp-content\/uploads\/2023\/08\/E2311SJF_Fase-3_Donation.png","datePublished":"2023-08-29T10:27:28+00:00","dateModified":"2023-09-01T08:11:31+00:00","description":"Aidez-nous \u00e0 transformer la vie d'un enfant sioux lakota gr\u00e2ce \u00e0 l'\u00e9ducation !","breadcrumb":{"@id":"https:\/\/stjosefs.wpdev.go2people.nl\/fr\/sauvez-la-culture\/#breadcrumb"},"inLanguage":"fr-FR","potentialAction":[{"@type":"ReadAction","target":["https:\/\/stjosefs.wpdev.go2people.nl\/fr\/sauvez-la-culture\/"]}]},{"@type":"ImageObject","inLanguage":"fr-FR","@id":"https:\/\/stjosefs.wpdev.go2people.nl\/fr\/sauvez-la-culture\/#primaryimage","url":"https:\/\/stjosefs.wpdev.go2people.nl\/wp-content\/uploads\/2023\/08\/E2311SJF_Fase-3_Donation.png","contentUrl":"https:\/\/stjosefs.wpdev.go2people.nl\/wp-content\/uploads\/2023\/08\/E2311SJF_Fase-3_Donation.png","width":2667,"height":1200},{"@type":"BreadcrumbList","@id":"https:\/\/stjosefs.wpdev.go2people.nl\/fr\/sauvez-la-culture\/#breadcrumb","itemListElement":[{"@type":"ListItem","position":1,"name":"Home","item":"https:\/\/stjosefs.wpdev.go2people.nl\/fr\/"},{"@type":"ListItem","position":2,"name":"Sauvez la culture sioux lakota !"}]},{"@type":"WebSite","@id":"https:\/\/stjosefs.wpdev.go2people.nl\/#website","url":"https:\/\/stjosefs.wpdev.go2people.nl\/","name":"St. Josefs Indianer Hilfswerk","description":"F\u00fcr eine bessere Zukunft der Ureinwohnerkinder S\u00fcddakotas","potentialAction":[{"@type":"SearchAction","target":{"@type":"EntryPoint","urlTemplate":"https:\/\/stjosefs.wpdev.go2people.nl\/?s={search_term_string}"},"query-input":{"@type":"PropertyValueSpecification","valueRequired":true,"valueName":"search_term_string"}}],"inLanguage":"fr-FR"}]}},"_links":{"self":[{"href":"https:\/\/stjosefs.wpdev.go2people.nl\/fr\/wp-json\/wp\/v2\/pages\/15369","targetHints":{"allow":["GET"]}}],"collection":[{"href":"https:\/\/stjosefs.wpdev.go2people.nl\/fr\/wp-json\/wp\/v2\/pages"}],"about":[{"href":"https:\/\/stjosefs.wpdev.go2people.nl\/fr\/wp-json\/wp\/v2\/types\/page"}],"author":[{"embeddable":true,"href":"https:\/\/stjosefs.wpdev.go2people.nl\/fr\/wp-json\/wp\/v2\/users\/2"}],"replies":[{"embeddable":true,"href":"https:\/\/stjosefs.wpdev.go2people.nl\/fr\/wp-json\/wp\/v2\/comments?post=15369"}],"version-history":[{"count":4,"href":"https:\/\/stjosefs.wpdev.go2people.nl\/fr\/wp-json\/wp\/v2\/pages\/15369\/revisions"}],"predecessor-version":[{"id":15475,"href":"https:\/\/stjosefs.wpdev.go2people.nl\/fr\/wp-json\/wp\/v2\/pages\/15369\/revisions\/15475"}],"wp:featuredmedia":[{"embeddable":true,"href":"https:\/\/stjosefs.wpdev.go2people.nl\/fr\/wp-json\/wp\/v2\/media\/15370"}],"wp:attachment":[{"href":"https:\/\/stjosefs.wpdev.go2people.nl\/fr\/wp-json\/wp\/v2\/media?parent=15369"}],"curies":[{"name":"wp","href":"https:\/\/api.w.org\/{rel}","templated":true}]}}